{"id":3328,"date":"2021-10-22T15:20:03","date_gmt":"2021-10-22T18:20:03","guid":{"rendered":"https:\/\/wp.ufpel.edu.br\/ri\/?page_id=3328"},"modified":"2026-02-20T14:43:31","modified_gmt":"2026-02-20T17:43:31","slug":"tcc","status":"publish","type":"page","link":"https:\/\/wp.ufpel.edu.br\/ri\/tcc\/","title":{"rendered":"Trabalho de Conclus\u00e3o de Curso &#8211; TCC"},"content":{"rendered":"<p><b>CRONOGRAMA:<\/b><\/p>\n<p><a href=\"https:\/\/wp.ufpel.edu.br\/ri\/files\/2025\/12\/TCC-2025-2-Cronograma-de-Entrega-2.pdf\">TCC 2025 II Cronograma de Entrega<\/a><\/p>\n<p><b>SOBRE TRABALHO DE CONCLUS\u00c3O DE CURSO &#8211; TCC<\/b><\/p>\n<p style=\"text-align: justify;\">O Trabalho de Conclus\u00e3o de Curso (TCC) \u00e9 um componente curricular obrigat\u00f3rio na forma\u00e7\u00e3o acad\u00eamica em Rela\u00e7\u00f5es Internacionais, assim como para a obten\u00e7\u00e3o do t\u00edtulo de Bacharel ao final do curso.<\/p>\n<p style=\"text-align: justify;\">Para cursar o TCC, \u00e9 preciso cumprir com os pr\u00e9-requisitos previstos Projeto Pedag\u00f3gico de Curso (<span class=\"v1gmail-v1contentpasted1\">disciplinas \u00a0obrigat\u00f3rias at\u00e9 o semestre em que s\u00e3o ministradas).\u00a0<\/span><\/p>\n<p style=\"text-align: justify;\">No curso de RI da UFPel, o TCC \u00e9 desenvolvido na forma de um artigo cient\u00edfico ao longo de dois semestres:<\/p>\n<p style=\"text-align: justify;\">No TCC 1 (06740062), cada estudante desenvolve e executa os fundamentos do seu projeto de pesquisa diretamente com o(a) Professor(a) Orientador(a). \u00c9 avaliado por notas e controle de frequ\u00eancia pelo Professor(a) Orientador(a).<\/p>\n<p style=\"text-align: justify;\">No TCC 2 (06740063), cada estudante executa, finaliza e entrega a pesquisa resultante do processo de orienta\u00e7\u00e3o, no formato de um artigo cient\u00edfico. O artigo e a apresenta\u00e7\u00e3o ser\u00e3o avaliado pela Banca Examinadora (professor(a) orientador(a) + coorientador, se houver + mais dois membros) nomeada por Portaria Interna do Colegiado.<\/p>\n<p style=\"text-align: justify;\">O artigo finalizado deve conter entre 25 a 30 laudas ao total (m\u00ednimo 8 mil palavras e m\u00e1ximo de 10 mil palavras). Em caso de d\u00favidas, consulte o Ap\u00eandice\u00a0 IV\u00a0<span class=\"v1gmail-v1contentpasted4\">(p.155-169),\u00a0<\/span>do Projeto Pedag\u00f3gico\u00a0de Curso\u00a0de 2021.<\/p>\n<hr \/>\n<p><strong>FORMUL\u00c1RIOS<\/strong><\/p>\n<p><span style=\"color: #0000ff;\"><a style=\"color: #0000ff;\" href=\"https:\/\/wp.ufpel.edu.br\/ri\/files\/2020\/04\/Termo-de-aceite_Orienta\u00e7\u00e3o-de-TCC-1.doc\">Termo de aceite de orienta\u00e7\u00e3o de TCC I<\/a><\/span><\/p>\n<p><span style=\"color: #0000ff;\"><a style=\"color: #0000ff;\" href=\"https:\/\/wp.ufpel.edu.br\/ri\/files\/2022\/08\/Termo-de-Aceite-TCC-II.doc\">Termo de Aceite TCC II<\/a><\/span><\/p>\n<p><a href=\"https:\/\/wp.ufpel.edu.br\/ri\/files\/2025\/08\/Termo-TCC-e-TCCP.docx\">Termo de entrega para a Biblioteca<\/a><\/p>\n<p><span style=\"color: #0000ff;\"><a style=\"color: #0000ff;\" href=\"https:\/\/wp.ufpel.edu.br\/ri\/files\/2023\/05\/Formulario-de-autorizacao-de-entrega-de-TCC.docx\">Formul\u00e1rio de autoriza\u00e7\u00e3o de entrega de TCC<\/a><\/span><\/p>\n<p><span style=\"color: #0000ff;\"><a style=\"color: #0000ff;\" href=\"https:\/\/wp.ufpel.edu.br\/ri\/files\/2023\/10\/Modelo-Parecer-TCC-II.docx\">Modelo Parecer TCC II\u00a0<\/a><\/span><\/p>\n<hr \/>\n<p><strong>ORIENTA\u00c7\u00d5ES PARA ELABORA\u00c7\u00c3O<\/strong><\/p>\n<p><span style=\"color: #0000ff;\"><a style=\"color: #0000ff;\" href=\"https:\/\/wp.ufpel.edu.br\/ri\/files\/2024\/07\/Modelo-TCC-Artigo.docx\">Modelo TCC &#8211; Artigo<\/a><\/span><\/p>\n<p><span style=\"color: #0000ff;\"><a style=\"color: #0000ff;\" href=\"https:\/\/wp.ufpel.edu.br\/direito\/files\/2025\/09\/Manual-de-Normas-da-UFPEL.pdf\">Normatiza\u00e7\u00e3o de cita\u00e7\u00f5es e refer\u00eancias conforme a ABNT<\/a><\/span><\/p>\n","protected":false},"excerpt":{"rendered":"<p>CRONOGRAMA: TCC 2025 II Cronograma de Entrega SOBRE TRABALHO DE CONCLUS\u00c3O DE CURSO &#8211; TCC O Trabalho de Conclus\u00e3o de Curso (TCC) \u00e9 um componente curricular obrigat\u00f3rio na forma\u00e7\u00e3o acad\u00eamica em Rela\u00e7\u00f5es Internacionais, assim como para a obten\u00e7\u00e3o do t\u00edtulo de Bacharel ao final do curso. Para cursar o TCC, \u00e9 preciso cumprir com os [&hellip;]<\/p>\n","protected":false},"author":194,"featured_media":0,"parent":0,"menu_order":0,"comment_status":"closed","ping_status":"closed","template":"","meta":{"footnotes":""},"class_list":["post-3328","page","type-page","status-publish","hentry"],"jetpack_sharing_enabled":true,"_links":{"self":[{"href":"https:\/\/wp.ufpel.edu.br\/ri\/wp-json\/wp\/v2\/pages\/3328","targetHints":{"allow":["GET"]}}],"collection":[{"href":"https:\/\/wp.ufpel.edu.br\/ri\/wp-json\/wp\/v2\/pages"}],"about":[{"href":"https:\/\/wp.ufpel.edu.br\/ri\/wp-json\/wp\/v2\/types\/page"}],"author":[{"embeddable":true,"href":"https:\/\/wp.ufpel.edu.br\/ri\/wp-json\/wp\/v2\/users\/194"}],"replies":[{"embeddable":true,"href":"https:\/\/wp.ufpel.edu.br\/ri\/wp-json\/wp\/v2\/comments?post=3328"}],"version-history":[{"count":5,"href":"https:\/\/wp.ufpel.edu.br\/ri\/wp-json\/wp\/v2\/pages\/3328\/revisions"}],"predecessor-version":[{"id":5898,"href":"https:\/\/wp.ufpel.edu.br\/ri\/wp-json\/wp\/v2\/pages\/3328\/revisions\/5898"}],"wp:attachment":[{"href":"https:\/\/wp.ufpel.edu.br\/ri\/wp-json\/wp\/v2\/media?parent=3328"}],"curies":[{"name":"wp","href":"https:\/\/api.w.org\/{rel}","templated":true}]}}