{"id":2909,"date":"2021-07-08T14:05:41","date_gmt":"2021-07-08T17:05:41","guid":{"rendered":"https:\/\/wp.ufpel.edu.br\/ri\/?page_id=2909"},"modified":"2024-10-27T00:04:41","modified_gmt":"2024-10-27T03:04:41","slug":"portarias-tcc","status":"publish","type":"page","link":"https:\/\/wp.ufpel.edu.br\/ri\/portarias-tcc\/","title":{"rendered":"Portarias"},"content":{"rendered":"<p style=\"text-align: justify;\">Portarias dos Trabalhos de Conclus\u00e3o de Curso (TCC) encaminhados \u00e0s bancas avaliadoras no curso de Rela\u00e7\u00f5es Internacionais. Os artigos cient\u00edficos est\u00e3o dispon\u00edveis (resumos ou na \u00edntegra, a depender da autoriza\u00e7\u00e3o) para consulta no <a href=\"https:\/\/pergamum.ufpel.edu.br\/pergamum\/biblioteca\/\">Sistema Pergamum da UFPel.<\/a> .<\/p>\n<p><strong>2024\/1 <\/strong><\/p>\n<p><a href=\"https:\/\/wp.ufpel.edu.br\/ri\/files\/2024\/10\/SEI_UFPel-2797391-Portaria-Interna.pdf\">\u00a0Portaria <\/a><\/p>\n<p><strong>2023\/2<\/strong><\/p>\n<p><a href=\"https:\/\/wp.ufpel.edu.br\/ri\/files\/2024\/03\/Portaria-TCC-2023-2.pdf\">Portaria<\/a><\/p>\n<p><span style=\"background-color: #ffffff; color: #000000;\"><strong>2023\/1<\/strong><\/span><\/p>\n<p><a href=\"https:\/\/wp.ufpel.edu.br\/ri\/files\/2023\/12\/Portaria.pdf\">Portaria<\/a><\/p>\n<p><strong><span style=\"color: #000000;\">2022\/2<\/span><\/strong><\/p>\n<p><a href=\"https:\/\/wp.ufpel.edu.br\/ri\/files\/2023\/11\/Portaria-3.pdf\">Portaria<\/a><\/p>\n<p><strong><span style=\"color: #000000;\">2022\/1<\/span><\/strong><\/p>\n<p><a href=\"https:\/\/wp.ufpel.edu.br\/ri\/files\/2023\/11\/Portaria-2.pdf\">Portaria<\/a><\/p>\n<p><strong><span style=\"color: #000000;\">2021\/2<\/span><\/strong><\/p>\n<p><a href=\"https:\/\/wp.ufpel.edu.br\/ri\/files\/2023\/11\/Portaria-1.pdf\">Portaria<\/a><\/p>\n<p><span style=\"color: #000000;\"><strong>2021\/1<\/strong><\/span><\/p>\n<p><a href=\"https:\/\/wp.ufpel.edu.br\/ri\/files\/2023\/11\/Portaria.pdf\">Portaria<\/a><\/p>\n<p><span style=\"color: #000000;\"><strong>2020\/2<\/strong><\/span><\/p>\n<p><a href=\"https:\/\/wp.ufpel.edu.br\/ri\/files\/2021\/07\/Portaria.pdf\">Portaria<\/a><\/p>\n<p><span style=\"color: #000000;\"><strong>2020\/1<\/strong><\/span><\/p>\n<p><a href=\"https:\/\/wp.ufpel.edu.br\/ri\/files\/2021\/07\/Portaria-1.pdf\">Portaria<\/a><\/p>\n<p><span style=\"background-color: #ffffff; color: #000000;\"><strong>2020\/1<\/strong><\/span><\/p>\n<p><a href=\"https:\/\/wp.ufpel.edu.br\/ri\/files\/2021\/07\/Portaria-4.pdf\">Portaria<\/a><\/p>\n<p><span style=\"color: #000000;\"><strong>2020\/1<\/strong><\/span><\/p>\n<p><a href=\"https:\/\/wp.ufpel.edu.br\/ri\/files\/2021\/07\/Portaria-5.pdf\">Portaria<\/a><\/p>\n<p><span style=\"color: #000000;\"><strong>2019\/2\u00a0<\/strong><\/span><\/p>\n<p><a href=\"https:\/\/wp.ufpel.edu.br\/ri\/files\/2021\/07\/Portaria-2.pdf\">Portaria<\/a><\/p>\n<p><span style=\"color: #000000;\"><strong>2019\/1<\/strong><\/span><\/p>\n<p><a href=\"https:\/\/wp.ufpel.edu.br\/ri\/files\/2021\/07\/Portaria-3.pdf\">Portaria<\/a><\/p>\n","protected":false},"excerpt":{"rendered":"<p>Portarias dos Trabalhos de Conclus\u00e3o de Curso (TCC) encaminhados \u00e0s bancas avaliadoras no curso de Rela\u00e7\u00f5es Internacionais. Os artigos cient\u00edficos est\u00e3o dispon\u00edveis (resumos ou na \u00edntegra, a depender da autoriza\u00e7\u00e3o) para consulta no Sistema Pergamum da UFPel. . 2024\/1 \u00a0Portaria 2023\/2 Portaria 2023\/1 Portaria 2022\/2 Portaria 2022\/1 Portaria 2021\/2 Portaria 2021\/1 Portaria 2020\/2 Portaria 2020\/1 [&hellip;]<\/p>\n","protected":false},"author":194,"featured_media":0,"parent":0,"menu_order":0,"comment_status":"closed","ping_status":"closed","template":"","meta":{"footnotes":""},"class_list":["post-2909","page","type-page","status-publish","hentry"],"jetpack_sharing_enabled":true,"_links":{"self":[{"href":"https:\/\/wp.ufpel.edu.br\/ri\/wp-json\/wp\/v2\/pages\/2909","targetHints":{"allow":["GET"]}}],"collection":[{"href":"https:\/\/wp.ufpel.edu.br\/ri\/wp-json\/wp\/v2\/pages"}],"about":[{"href":"https:\/\/wp.ufpel.edu.br\/ri\/wp-json\/wp\/v2\/types\/page"}],"author":[{"embeddable":true,"href":"https:\/\/wp.ufpel.edu.br\/ri\/wp-json\/wp\/v2\/users\/194"}],"replies":[{"embeddable":true,"href":"https:\/\/wp.ufpel.edu.br\/ri\/wp-json\/wp\/v2\/comments?post=2909"}],"version-history":[{"count":16,"href":"https:\/\/wp.ufpel.edu.br\/ri\/wp-json\/wp\/v2\/pages\/2909\/revisions"}],"predecessor-version":[{"id":5421,"href":"https:\/\/wp.ufpel.edu.br\/ri\/wp-json\/wp\/v2\/pages\/2909\/revisions\/5421"}],"wp:attachment":[{"href":"https:\/\/wp.ufpel.edu.br\/ri\/wp-json\/wp\/v2\/media?parent=2909"}],"curies":[{"name":"wp","href":"https:\/\/api.w.org\/{rel}","templated":true}]}}