{"id":2806,"date":"2021-06-21T14:54:07","date_gmt":"2021-06-21T17:54:07","guid":{"rendered":"https:\/\/wp.ufpel.edu.br\/ri\/?page_id=2806"},"modified":"2021-06-21T14:54:07","modified_gmt":"2021-06-21T17:54:07","slug":"representacao-discente","status":"publish","type":"page","link":"https:\/\/wp.ufpel.edu.br\/ri\/curso\/representacao-discente\/","title":{"rendered":"Representa\u00e7\u00e3o Discente"},"content":{"rendered":"<p><strong>Diret\u00f3rio Acad\u00eamico<\/strong><\/p>\n<p>O Diret\u00f3rio Acad\u00eamico \u00e9 a entidade representativa dos estudantes do Curso de Rela\u00e7\u00f5es Internacionais. Al\u00e9m da promo\u00e7\u00e3o e defesa dos interesses discentes, articula estrat\u00e9gias para a mobiliza\u00e7\u00e3o e integra\u00e7\u00e3o da classe estudantil enquanto potenciais agentes de transforma\u00e7\u00e3o da realidade. <u><\/u><\/p>\n<p>&nbsp;<\/p>\n<hr \/>\n<p><strong>Associa\u00e7\u00e3o Acad\u00eamica e Atl\u00e9tica (AAA)<\/strong><\/p>\n","protected":false},"excerpt":{"rendered":"<p>Diret\u00f3rio Acad\u00eamico O Diret\u00f3rio Acad\u00eamico \u00e9 a entidade representativa dos estudantes do Curso de Rela\u00e7\u00f5es Internacionais. Al\u00e9m da promo\u00e7\u00e3o e defesa dos interesses discentes, articula estrat\u00e9gias para a mobiliza\u00e7\u00e3o e integra\u00e7\u00e3o da classe estudantil enquanto potenciais agentes de transforma\u00e7\u00e3o da realidade. &nbsp; Associa\u00e7\u00e3o Acad\u00eamica e Atl\u00e9tica (AAA)<\/p>\n","protected":false},"author":194,"featured_media":0,"parent":13,"menu_order":0,"comment_status":"closed","ping_status":"closed","template":"","meta":{"footnotes":""},"class_list":["post-2806","page","type-page","status-publish","hentry"],"jetpack_sharing_enabled":true,"_links":{"self":[{"href":"https:\/\/wp.ufpel.edu.br\/ri\/wp-json\/wp\/v2\/pages\/2806","targetHints":{"allow":["GET"]}}],"collection":[{"href":"https:\/\/wp.ufpel.edu.br\/ri\/wp-json\/wp\/v2\/pages"}],"about":[{"href":"https:\/\/wp.ufpel.edu.br\/ri\/wp-json\/wp\/v2\/types\/page"}],"author":[{"embeddable":true,"href":"https:\/\/wp.ufpel.edu.br\/ri\/wp-json\/wp\/v2\/users\/194"}],"replies":[{"embeddable":true,"href":"https:\/\/wp.ufpel.edu.br\/ri\/wp-json\/wp\/v2\/comments?post=2806"}],"version-history":[{"count":1,"href":"https:\/\/wp.ufpel.edu.br\/ri\/wp-json\/wp\/v2\/pages\/2806\/revisions"}],"predecessor-version":[{"id":2808,"href":"https:\/\/wp.ufpel.edu.br\/ri\/wp-json\/wp\/v2\/pages\/2806\/revisions\/2808"}],"up":[{"embeddable":true,"href":"https:\/\/wp.ufpel.edu.br\/ri\/wp-json\/wp\/v2\/pages\/13"}],"wp:attachment":[{"href":"https:\/\/wp.ufpel.edu.br\/ri\/wp-json\/wp\/v2\/media?parent=2806"}],"curies":[{"name":"wp","href":"https:\/\/api.w.org\/{rel}","templated":true}]}}