{"id":2493,"date":"2021-03-10T17:43:22","date_gmt":"2021-03-10T20:43:22","guid":{"rendered":"https:\/\/wp.ufpel.edu.br\/ri\/?page_id=2493"},"modified":"2026-05-06T14:45:17","modified_gmt":"2026-05-06T17:45:17","slug":"atividades-complementares-e-atividades-curriculares-em-extensao","status":"publish","type":"page","link":"https:\/\/wp.ufpel.edu.br\/ri\/atividades-complementares-e-atividades-curriculares-em-extensao\/","title":{"rendered":"Atividades Complementares e Atividades Curriculares em Extens\u00e3o"},"content":{"rendered":"<p><span style=\"color: #000000;\">A Legisla\u00e7\u00e3o e as Diretrizes Curriculares Nacionais estabelecem as exig\u00eancias sobre as Atividades de Forma\u00e7\u00e3o Complementar e de Forma\u00e7\u00e3o Extensionista a serem cumpridas por cada curso.<\/span><\/p>\n<p><span style=\"color: #000000;\">No Curso de Bacharelado em Rela\u00e7\u00f5es Internacionais da UFPel recomenda-se que, ao longo do curso, cada estudante busque engajar-se em atividades que permitam comprovar as seguintes exig\u00eancias:<\/span><\/p>\n<p><span style=\"color: #000000;\"><span class=\"v1gmail-v1contentpasted0\"><b>a) 210 horas<\/b><\/span><span class=\"v1gmail-v1contentpasted0\">\u00a0<b>de\u00a0<\/b><\/span><strong>Atividades Complementares (06740065):\u00a0<\/strong><span class=\"v1gmail-v1contentpasted0\">devidamente comprovadas, em atividades de ensino, pesquisa ou extens\u00e3o (nesse caso, como ouvintes em atividades de extens\u00e3o, por ex.). A rela\u00e7\u00e3o das atividades que podem ser integralizadas est\u00e1 dispon\u00edvel no PPC 2021, na p. 44.\u00a0<\/span><\/span><\/p>\n<p>Comprovantes devem ser enviados via Cobalto: <strong>Aluno -&gt; Cadastros -&gt; Solicita\u00e7\u00e3o de atividades complementares<\/strong><\/p>\n<p><span style=\"color: #000000;\"><strong>b) 270 horas de Atividades Curriculares em Extens\u00e3o (06740089):<\/strong>\u00a0como\u00a0<strong>MEMBROS DE EQUIPE\u00a0<\/strong>em<strong> papel\u00a0ATIVO<\/strong>\u00a0<strong>(colaboradores, organizadores, ministrantes, etc.)<\/strong> de\u00a0projetos ou a\u00e7\u00f5es de extens\u00e3o universit\u00e1ria (na UFPel ou outras institui\u00e7\u00f5es de ensino superior no Brasil ou n\u00e3o).\u00a0Conforme disposto na Resolu\u00e7\u00e3o COCEPE n. 06, de 20 de dezembro de 2020 e suas altera\u00e7\u00f5es:<\/span><\/p>\n<p><span style=\"color: #000000;\">I . Atividades Curriculares em Extens\u00e3o (ACE) s\u00e3o aquelas nas quais <strong>o aluno atua como membro da equipe e agente da atividade extensionista<\/strong>:<\/span><\/p>\n<p><span style=\"color: #000000;\">a) As ACEs <strong>realizadas pelo aluno na UFPel<\/strong> devem estar cadastradas no sistema Projetos Unificados\/Cobalto como a\u00e7\u00f5es ou projetos com \u00eanfase em Extens\u00e3o.\u00a0<\/span><\/p>\n<p><span style=\"color: #000000;\">b) As ACEs r<strong>ealizadas em\u00a0outra institui\u00e7\u00e3o de ensino superior, nacional ou n\u00e3o<\/strong>, devem ser validadas pela Coordena\u00e7\u00e3o do Curso, observando, necessariamente, <strong>a a\u00e7\u00e3o desempenhada pelo aluno<\/strong> e a efetiva caracteriza\u00e7\u00e3o como extens\u00e3o.<\/span><\/p>\n<p><span style=\"color: #000000;\">Maiores informa\u00e7\u00f5es sobre a forma\u00e7\u00e3o em extens\u00e3o podem ser consultadas no PPC 2021, na p. 45.\u00a0 \u00a0 \u00a0 \u00a0 \u00a0<\/span><\/p>\n<p><span style=\"color: #0000ff;\"><a style=\"color: #0000ff;\" href=\"https:\/\/wp.ufpel.edu.br\/ri\/files\/2023\/11\/Requerimento-ACurriculares-em-Extensao-06740089.docx\">Requerimento Atividades Curriculares de Extens\u00e3o<\/a><\/span><b> <\/b><\/p>\n<p><span class=\"v1gmail-v1contentpasted0\" style=\"color: #0000ff;\"><b><span style=\"color: #000000;\">O requerimento e os comprovantes devem ser agrupados em um \u00fanico arquivo PDF. <\/span><\/b><\/span><\/p>\n<p><span class=\"v1gmail-v1contentpasted0\" style=\"color: #0000ff;\"><b><span style=\"color: #000000;\">O arquivo PDF final, resultante da jun\u00e7\u00e3o dos documentos, deve ser assinado e enviado para ri@ufpel.edu.br<\/span><\/b><\/span><\/p>\n<p><span class=\"v1gmail-v1contentpasted0\" style=\"color: #0000ff;\"><b><span style=\"color: #000000;\"><br \/>\n<\/span><\/b><\/span><span class=\"v1gmail-v1contentpasted0\" style=\"color: #0000ff;\"><b>TR\u00c2MITE:<\/b><\/span><\/p>\n<p><span style=\"color: #000000;\"><span class=\"v1gmail-v1contentpasted0\">A integraliza\u00e7\u00e3o das atividades complementares ocorre somente no final do\u00a0<\/span><strong>8\u00ba semestre do curso,\u00a0<\/strong><strong>em datas que s\u00e3o comunicadas pelo Colegiado de Curso.<\/strong><b><\/b><\/span><\/p>\n<p><span class=\"v1gmail-v1contentpasted0\" style=\"color: #000000;\">1. A Secretaria de curso informa pelo sistema Cobalto, no final do semestre, o prazo para envio do Formul\u00e1rio ou Requerimento das Atividades Complementares dos(as) prov\u00e1veis formandos(as) no curso.\u00a0<\/span><\/p>\n<p><span class=\"v1gmail-v1contentpasted0\" style=\"color: #000000;\">2. O\/A estudante realiza o preenchimento dos formul\u00e1rios e envia juntamente com os Certificados e\/ou demais documentos comprobat\u00f3rios (no formato pdf), para o e-mail\u00a0<a style=\"color: #000000;\" href=\"mailto:ri@ufpel.edu.br\" rel=\"noreferrer\">ri@ufpel.edu.br<\/a>.\u00a0<\/span><\/p>\n<p><span class=\"v1gmail-v1contentpasted0\" style=\"color: #000000;\">3. O Colegiado nomeia uma Comiss\u00e3o especial que avaliar\u00e1 a documenta\u00e7\u00e3o, e se o m\u00ednimo de horas for cumprido, a Secretaria\u00a0 encaminha para a CRA o pedido de registro das horas no hist\u00f3rico do estudante.<\/span><\/p>\n","protected":false},"excerpt":{"rendered":"<p>A Legisla\u00e7\u00e3o e as Diretrizes Curriculares Nacionais estabelecem as exig\u00eancias sobre as Atividades de Forma\u00e7\u00e3o Complementar e de Forma\u00e7\u00e3o Extensionista a serem cumpridas por cada curso. No Curso de Bacharelado em Rela\u00e7\u00f5es Internacionais da UFPel recomenda-se que, ao longo do curso, cada estudante busque engajar-se em atividades que permitam comprovar as seguintes exig\u00eancias: a) 210 [&hellip;]<\/p>\n","protected":false},"author":194,"featured_media":0,"parent":0,"menu_order":0,"comment_status":"closed","ping_status":"closed","template":"","meta":{"footnotes":""},"class_list":["post-2493","page","type-page","status-publish","hentry"],"jetpack_sharing_enabled":true,"_links":{"self":[{"href":"https:\/\/wp.ufpel.edu.br\/ri\/wp-json\/wp\/v2\/pages\/2493","targetHints":{"allow":["GET"]}}],"collection":[{"href":"https:\/\/wp.ufpel.edu.br\/ri\/wp-json\/wp\/v2\/pages"}],"about":[{"href":"https:\/\/wp.ufpel.edu.br\/ri\/wp-json\/wp\/v2\/types\/page"}],"author":[{"embeddable":true,"href":"https:\/\/wp.ufpel.edu.br\/ri\/wp-json\/wp\/v2\/users\/194"}],"replies":[{"embeddable":true,"href":"https:\/\/wp.ufpel.edu.br\/ri\/wp-json\/wp\/v2\/comments?post=2493"}],"version-history":[{"count":4,"href":"https:\/\/wp.ufpel.edu.br\/ri\/wp-json\/wp\/v2\/pages\/2493\/revisions"}],"predecessor-version":[{"id":5959,"href":"https:\/\/wp.ufpel.edu.br\/ri\/wp-json\/wp\/v2\/pages\/2493\/revisions\/5959"}],"wp:attachment":[{"href":"https:\/\/wp.ufpel.edu.br\/ri\/wp-json\/wp\/v2\/media?parent=2493"}],"curies":[{"name":"wp","href":"https:\/\/api.w.org\/{rel}","templated":true}]}}