{"id":24,"date":"2013-07-23T14:41:08","date_gmt":"2013-07-23T17:41:08","guid":{"rendered":"https:\/\/wp.ufpel.edu.br\/ri\/?page_id=24"},"modified":"2025-10-24T10:37:10","modified_gmt":"2025-10-24T13:37:10","slug":"docentes","status":"publish","type":"page","link":"https:\/\/wp.ufpel.edu.br\/ri\/docentes\/","title":{"rendered":"Corpo Docente"},"content":{"rendered":"<h3><img class=\"aligncenter wp-image-4893\" src=\"https:\/\/wp.ufpel.edu.br\/ri\/files\/2023\/11\/Marca-vertical-Graduacao-Relacoes-Internacionais-Bacharelado-01.png\" alt=\"\" width=\"200\" height=\"207\" srcset=\"https:\/\/wp.ufpel.edu.br\/ri\/files\/2023\/11\/Marca-vertical-Graduacao-Relacoes-Internacionais-Bacharelado-01.png 417w, https:\/\/wp.ufpel.edu.br\/ri\/files\/2023\/11\/Marca-vertical-Graduacao-Relacoes-Internacionais-Bacharelado-01-387x400.png 387w\" sizes=\"(max-width: 200px) 100vw, 200px\" \/><\/h3>\n<hr \/>\n<h3 style=\"text-align: center;\"><strong>Docentes vinculados ao Colegiado do curso de Rela\u00e7\u00f5es Internacionais<\/strong><\/h3>\n<hr \/>\n<h3>Prof. Ant\u00f4nio Carlos Martins da Cruz<\/h3>\n<p style=\"text-align: justify;\"><strong>Doutor em Economia, Unicamp<\/strong><\/p>\n<p style=\"text-align: justify;\"><span style=\"font-size: 10pt;\"><strong>Lattes:<\/strong> <a href=\"http:\/\/lattes.cnpq.br\/0882476817524002\">http:\/\/lattes.cnpq.br\/0882476817524002<\/a><\/span><br \/>\n<span style=\"font-size: 10pt;\"><strong>Institucional:<\/strong> <a href=\"https:\/\/institucional.ufpel.edu.br\/servidores\/id\/26706\">https:\/\/institucional.ufpel.edu.br\/servidores\/id\/26706<\/a><\/span><br \/>\n<span style=\"font-weight: 400; font-size: 10pt;\"><strong>E-mail:<\/strong> antonioccruz@uol.com.br<\/span><\/p>\n<p style=\"text-align: justify;\"><span style=\"font-weight: 400;\">Doutor em Economia Aplicada pelo Instituto de Economia da Universidade Estadual de Campinas (UNICAMP) (2006) &#8211; com est\u00e1gio de doutorado na Faculdade de Ci\u00eancias Econ\u00f4micas da Universidade de Buenos Aires (UBA) (2004). Pesquisador\/extensionista do N\u00facleo Interdisciplinar de Tecnologias Sociais e Economia Solid\u00e1ria (Tecsol-UFPel). Temas de interesse: mercado\u00a0 de trabalho, economia solid\u00e1ria, incuba\u00e7\u00e3o de empreendimentos econ\u00f4micos associativos, qualifica\u00e7\u00e3o profissional e desenvolvimento local.\u00a0<\/span><\/p>\n<hr \/>\n<h3 style=\"text-align: justify;\"><b>Prof. Bruno Ricardo Viana Sadeck dos Santos &#8211; afastado<\/b><\/h3>\n<p style=\"text-align: justify;\"><strong>Doutor em Ci\u00eancia Pol\u00edtica, UFRGS<\/strong><\/p>\n<p style=\"text-align: justify;\"><span style=\"font-size: 10pt;\"><strong>Lattes<\/strong>: <a href=\"http:\/\/lattes.cnpq.br\/4903586823158464\">http:\/\/lattes.cnpq.br\/4903586823158464<\/a><\/span><br \/>\n<span style=\"font-size: 10pt;\"><strong>Institucional:<\/strong> <a href=\"https:\/\/institucional.ufpel.edu.br\/servidores\/id\/28602\">https:\/\/institucional.ufpel.edu.br\/servidores\/id\/28602<\/a><\/span><br \/>\n<span style=\"font-size: 10pt;\"><strong>E-mail: <\/strong>bsadeck@gmail.com<\/span><\/p>\n<p style=\"text-align: justify;\">Doutor em Ci\u00eancia Pol\u00edtica pela Universidade Federal do Rio Grande do Sul &#8211; UFRGS (2014) na linha de Pol\u00edtica Internacional. \u00c1rea de interesse:\u00a0 Ci\u00eancia Pol\u00edtica e Rela\u00e7\u00f5es Internacionais, com \u00eanfase em Federalismo, Coopera\u00e7\u00e3o Internacional, Sistemas Eleitorais, Pol\u00edtica Internacional, Integra\u00e7\u00e3o Regional, Estudos fronteiri\u00e7os e desenvolvimento regional.<\/p>\n<hr \/>\n<h3 style=\"text-align: justify;\"><b>Prof. Charles Pennaforte<\/b><\/h3>\n<p style=\"text-align: justify;\"><strong>Doutor em Rela\u00e7\u00f5es Internacionais. Universidad Nacional de La Plata (Argentina)<\/strong><\/p>\n<p style=\"text-align: justify;\"><span style=\"font-size: 10pt;\"><strong>Lattes<\/strong>: <a href=\"http:\/\/lattes.cnpq.br\/4693010325406199\">http:\/\/lattes.cnpq.br\/4693010325406199<\/a><\/span><br \/>\n<span style=\"font-size: 10pt;\"><strong>Institucional:<\/strong> <a href=\"https:\/\/institucional.ufpel.edu.br\/servidores\/id\/154837\">https:\/\/institucional.ufpel.edu.br\/servidores\/id\/154837<\/a><\/span><br \/>\n<span style=\"font-weight: 400; font-size: 10pt;\"><strong>E-mail<\/strong>: charles.pennaforte@ufpel.edu.br<\/span><\/p>\n<p style=\"text-align: justify;\"><span style=\"font-weight: 400;\">Doutor em Rela\u00e7\u00f5es Internacionais pela Universidad Nacional de La Plata\/Argentina (2013). P\u00f3s-doutor em Integra\u00e7\u00e3o da Am\u00e9rica Latina pelo Programa de P\u00f3s-Gradua\u00e7\u00e3o em Am\u00e9rica Latina\/USP (2015). Professor permanente do Programa de P\u00f3s-Gradua\u00e7\u00e3o em Hist\u00f3ria da Universidade Federal de Pelotas (RS). Coordena o Grupo de Pesquisa CNPq Geopol\u00edtica &amp; Mercosul (GeoMercosul) e o Laborat\u00f3rio de Geopol\u00edtica, Rela\u00e7\u00f5es Internacionais e Movimentos Antissist\u00eamicos (LabGRIMA). Seus temas de interesse s\u00e3o: Geopol\u00edtica, Pol\u00edtica Externa Brasileira, Integra\u00e7\u00e3o Regional, Hist\u00f3ria Latino-Americana Contempor\u00e2nea, Movimentos Antissist\u00eamicos e\u00a0 An\u00e1lise dos Sistemas-Mundo.\u00a0<\/span><\/p>\n<hr \/>\n<h4 style=\"text-align: justify;\"><b>Prof. F\u00e1bio Amaro Silveira Duval <\/b><\/h4>\n<p style=\"text-align: justify;\"><strong>Doutor em Rela\u00e7\u00f5es Internacionais, UnB<\/strong><\/p>\n<p style=\"text-align: justify;\"><span style=\"font-size: 10pt;\"><strong>Lattes<\/strong>: <a href=\"http:\/\/lattes.cnpq.br\/7021856930308615\">http:\/\/lattes.cnpq.br\/7021856930308615<\/a><\/span><br \/>\n<span style=\"font-size: 10pt;\"><strong>Institucional:<\/strong> <a href=\"https:\/\/institucional.ufpel.edu.br\/servidores\/id\/139216\">https:\/\/institucional.ufpel.edu.br\/servidores\/id\/139216<\/a><\/span><br \/>\n<span style=\"font-weight: 400; font-size: 10pt;\"><strong>E-mail<\/strong>: fasduval@terra.com.br<\/span><\/p>\n<p style=\"text-align: justify;\"><span style=\"font-weight: 400;\">Doutor em Rela\u00e7\u00f5es Internacionais pelo Instituto de Rela\u00e7\u00f5es Internacionais da Universidade de Bras\u00edlia (2014), com doutorado sandu\u00edche no Centre of Latin American Studies da Universidade de Cambridge, Reino Unido.\u00a0 \u00c1reas de interesse: Direito e Rela\u00e7\u00f5es Internacionais.\u00a0<\/span><\/p>\n<hr \/>\n<h3 style=\"text-align: justify;\"><b>Prof.\u00aa Fernanda de Moura Fernandes<\/b><\/h3>\n<p style=\"text-align: justify;\"><strong>Doutora em Rela\u00e7\u00f5es Internacionais, UnB<\/strong><\/p>\n<p style=\"text-align: justify;\"><span style=\"font-size: 10pt;\"><strong>Lattes<\/strong>: <a href=\"http:\/\/lattes.cnpq.br\/2668530303802893\">http:\/\/lattes.cnpq.br\/2668530303802893<\/a><\/span><br \/>\n<span style=\"font-size: 10pt;\"><strong>Institucional:<\/strong> <a href=\"https:\/\/institucional.ufpel.edu.br\/servidores\/id\/140992\">https:\/\/institucional.ufpel.edu.br\/servidores\/id\/140992<\/a><\/span><br \/>\n<span style=\"font-size: 10pt;\"><strong>E-mail: <\/strong>fernandamestrel@gmail.com<\/span><\/p>\n<p style=\"text-align: justify;\"><span style=\"font-weight: 400;\">Doutora em Rela\u00e7\u00f5es Internacionais pela Universidade de Bras\u00edlia (2015).\u00a0 Professora Adjunta no curso de Rela\u00e7\u00f5es Internacionais da UFPel. Membro da Associa\u00e7\u00e3o Brasileira de Rela\u00e7\u00f5es Internacionais (ABRI). Membro de Comiss\u00e3o Especial no tema de governan\u00e7a transfronteiri\u00e7a e rela\u00e7\u00f5es internacionais na Ag\u00eancia de Desenvolvimento da Bacia da Lagoa Mirim (ALM<\/span><span style=\"font-weight: 400;\">).<\/span><span style=\"font-weight: 400;\"> Suas \u00e1reas de interesse s\u00e3o: Hist\u00f3ria da Pol\u00edtica Exterior Brasileira, Pol\u00edtica Externa Brasileira Contempor\u00e2nea, Governan\u00e7a e gest\u00e3o de recursos h\u00eddricos transfronteiri\u00e7os.\u00a0<\/span><\/p>\n<hr \/>\n<h3 style=\"text-align: justify;\"><b>Prof.\u00aa Luciana Maria de Arag\u00e3o Ballestrin<\/b><\/h3>\n<p style=\"text-align: justify;\"><strong>Doutora em Ci\u00eancia Pol\u00edtica, UFMG<\/strong><\/p>\n<p style=\"text-align: justify;\"><span style=\"font-size: 10pt;\"><strong>Lattes<\/strong>: http:\/\/lattes.cnpq.br\/2569489556331547<\/span><br \/>\n<span style=\"font-size: 10pt;\"><strong>Institucional:\u00a0<\/strong><a href=\"https:\/\/institucional.ufpel.edu.br\/servidores\/id\/63997\">https:\/\/institucional.ufpel.edu.br\/servidores\/id\/63997<\/a><\/span><br \/>\n<span style=\"font-weight: 400; font-size: 10pt;\"><strong>E-mail<\/strong>: luciana.ballestrin@ufpel.edu.<wbr \/>br<\/span><\/p>\n<p style=\"text-align: justify;\"><span style=\"font-weight: 400;\">Doutora em Ci\u00eancia Pol\u00edtica pela Universidade Federal de Minas Gerais (2010). Membra permanente do Programa de P\u00f3s-Gradua\u00e7\u00e3o em Ci\u00eancia Pol\u00edtica da Universidade Federal de Pelotas, da Diretoria da Associa\u00e7\u00e3o Brasileira de Ci\u00eancia Pol\u00edtica (ABCP) (2018-2020) e da coordena\u00e7\u00e3o da \u00e1rea de investiga\u00e7\u00e3o de Teoria Pol\u00edtica da Associa\u00e7\u00e3o Latino-americana de Ci\u00eancia Pol\u00edtica (ALACIP). Tem experi\u00eancia na \u00e1rea de Ci\u00eancia Pol\u00edtica, com \u00eanfase nas \u00e1reas: Teoria Pol\u00edtica Contempor\u00e2nea (Democr\u00e1tica e P\u00f3s-colonial), Sociedade Civil e Viol\u00eancia, Sociedade Civil Global e Controle de Armas.\u00a0<\/span><\/p>\n<hr \/>\n<h3 style=\"text-align: justify;\"><b>Prof.\u00aa Maria de F\u00e1tima Bento Ribeiro <\/b><\/h3>\n<p style=\"text-align: justify;\"><strong>Doutora em Hist\u00f3ria, Unicamp<\/strong><\/p>\n<p style=\"text-align: justify;\"><span style=\"font-size: 10pt;\"><strong>Lattes<\/strong>: <a href=\"http:\/\/lattes.cnpq.br\/0180388827878343\">http:\/\/lattes.cnpq.br\/0180388827878343<\/a><\/span><br \/>\n<span style=\"font-size: 10pt;\"><strong>Institucional: <\/strong><a href=\"https:\/\/institucional.ufpel.edu.br\/servidores\/id\/24501\">https:\/\/institucional.ufpel.edu.br\/servidores\/id\/24501<\/a><\/span><br \/>\n<span style=\"font-weight: 400; font-size: 10pt;\"><strong>E-mail: <\/strong>mfabento@hotmail.com<\/span><\/p>\n<p style=\"text-align: justify;\">Doutora em Hist\u00f3ria na \u00e1rea de Pol\u00edtica, Mem\u00f3ria e Cidade, pela Universidade Estadual de Campinas\/UNICAMP, Professora Associada da Universidade Federal de Pelotas\/UFPEL, no curso de bacharelado em Rela\u00e7\u00f5es Internacionais.Foi membro da comiss\u00e3o de implanta\u00e7\u00e3o dos Cursos de bacharelado em Produ\u00e7\u00e3o e Pol\u00edtica Cultural, Gest\u00e3o do Turismo e Hist\u00f3ria da Universidade Federal do Pampa\/UNIPAMPA. Mestre em Hist\u00f3ria na \u00e1rea de Hist\u00f3ria Social, pela Pontif\u00edcia Universidade Cat\u00f3lica de S\u00e3o Paulo\/PUC\/SP. Gradua\u00e7\u00e3o em Licenciatura Plena Em Hist\u00f3ria pela Universidade Federal de Pelotas (1989), gradua\u00e7\u00e3o em Licenciatura em Estudos Sociais pela Universidade Federal de Pelotas (1986). Foi diretora da Universidade Federal do Pampa &#8211; Campus Jaguar\u00e3o(2008\/2011). Foi professora adjunta no curso de Hist\u00f3ria da Universidade Estadual do Oeste do Paran\u00e1\/Unioeste(1995\/2008).Tem experi\u00eancia na \u00e1rea de Hist\u00f3ria, com \u00eanfase em Cultura, Poder, Fronteiras atuando principalmente nos seguintes temas: Culturas, cidades, fronteiras, mem\u00f3ria, g\u00eanero , patrim\u00f4nio cultural, pol\u00edticas culturais.<\/p>\n<hr \/>\n<h3>Prof. Rafael Assump\u00e7\u00e3o Rocha<\/h3>\n<p><strong>Doutor em Rela\u00e7\u00f5es Internacionais, UnB<\/strong><\/p>\n<p><span style=\"font-size: 10pt;\"><strong>Lattes<\/strong>: <a href=\"http:\/\/lattes.cnpq.br\/7888199211674120\">\u00a0http:\/\/lattes.cnpq.br\/7888199211674120<\/a><\/span><br \/>\n<span style=\"font-size: 10pt;\"><strong>Institucional<\/strong>: <a href=\"https:\/\/institucional.ufpel.edu.br\/servidores\/id\/215049\">https:\/\/institucional.ufpel.edu.br\/servidores\/id\/215049 <\/a><\/span><br \/>\n<span style=\"font-size: 10pt;\"><strong>Email<\/strong>: rocha.rafael@ufpel.edu.br<\/span><\/p>\n<p>Doutor em Rela\u00e7\u00f5es Internacionais pelo Instituto de Rela\u00e7\u00f5es Internacionais da Universidade de Bras\u00edlia (2017); Mestre em Rela\u00e7\u00f5es Internacionais pela Universidade Federal de Santa Catarina (2013); Mestre em Estudos Estrat\u00e9gicos e Rela\u00e7\u00f5es Internacionais pela Universidade de Paris XIII (2005); Bacharel em Rela\u00e7\u00f5es Internacionais pelo Centro Universit\u00e1rio Curitiba (2003). Temas de interesse: Seguran\u00e7a Internacional, quest\u00f5es humanit\u00e1rias e coopera\u00e7\u00e3o internacional.<\/p>\n<hr \/>\n<h3 style=\"text-align: justify;\"><b>Prof.\u00aa Silvana Schimanski <\/b><b style=\"color: revert;\">&#8211; afastada<\/b><\/h3>\n<p style=\"text-align: justify;\"><strong>Doutora em Rela\u00e7\u00f5es Internacionais, UnB<\/strong><\/p>\n<p style=\"text-align: justify;\"><span style=\"font-size: 10pt;\"><strong>Lattes<\/strong>: <a href=\"http:\/\/lattes.cnpq.br\/4078982331052479\">http:\/\/lattes.cnpq.br\/4078982331052479<\/a><\/span><br \/>\n<span style=\"font-size: 10pt;\"><strong>Institucional<\/strong>: <a href=\"https:\/\/institucional.ufpel.edu.br\/servidores\/id\/175004\">https:\/\/institucional.ufpel.edu.br\/servidores\/id\/175004<\/a><\/span><br \/>\n<span style=\"font-size: 10pt;\"><strong>E-mail<\/strong>: silvana.schimanski@ufpel.edu.br<\/span><\/p>\n<p style=\"text-align: justify;\"><span style=\"font-weight: 400;\">Doutora em Rela\u00e7\u00f5es Internacionais pela Universidade de Bras\u00edlia\/UNB\u00a0 (2016). Doutorado com est\u00e1gio no Institut de Hautes \u00c9tudes Internationales et du D\u00e9veloppement &#8211; IHEID (Graduate Institute of International and Development Studies). <\/span><span style=\"font-weight: 400;\">Coordena o grupo de pesquisa CNPq Genint-Grupo de Pesquisas e Estudos em Negocia\u00e7\u00f5es Internacionais, da UFPel. <\/span><span style=\"font-weight: 400;\">\u00a0\u00c1reas de interesse:\u00a0 Rela\u00e7\u00f5es Internacionais (Multilaterais, Bilaterais e Regionais) e Negocia\u00e7\u00f5es Internacionais. <\/span><span style=\"font-weight: 400;\">Rela\u00e7\u00f5es Comerciais Internacionais e Organiza\u00e7\u00e3o Mundial do Com\u00e9rcio. Negocia\u00e7\u00f5es no \u00e2mbito das Organiza\u00e7\u00e3o das Na\u00e7\u00f5es Unidas e outros arranjos internacionais. Negocia\u00e7\u00f5es no \u00e2mbito do com\u00e9rcio exterior.<strong>\u00a0<\/strong><\/span><\/p>\n<hr \/>\n<h3 style=\"text-align: justify;\"><b>Prof. William Daldegan de Freitas<\/b><\/h3>\n<p style=\"text-align: justify;\"><strong>Doutor em Rela\u00e7\u00f5es Internacionais, San Tiago Dantas &#8211; UNESP\/ UNICAMP\/ PUC SP<\/strong><\/p>\n<p style=\"text-align: justify;\"><span style=\"font-size: 10pt;\"><strong>Lattes<\/strong>: <a href=\"http:\/\/lattes.cnpq.br\/3818113775634102\">http:\/\/lattes.cnpq.br\/3818113775634102<\/a><\/span><br \/>\n<span style=\"font-size: 10pt;\"><strong>Institucional:<\/strong> <a href=\"https:\/\/institucional.ufpel.edu.br\/servidores\/id\/176275\">https:\/\/institucional.ufpel.edu.br\/servidores\/id\/176275<\/a><\/span><br \/>\n<span style=\"font-weight: 400; font-size: 10pt;\"><strong>E-mail:<\/strong> william.daldegan@ufpel.edu.br<\/span><\/p>\n<p style=\"text-align: justify;\"><span style=\"font-weight: 400;\">Doutor em Rela\u00e7\u00f5es Internacionais pelo Programa de P\u00f3s-Gradua\u00e7\u00e3o San Tiago Dantas (UNESP\/UNICAMP\/PUC-SP) (2019). Coordena o Grupo de Pesquisa CNPq &#8220;Economia, Pol\u00edtica e Desenvolvimento Internacional&#8221; (UFPel) e pesquisador do Grupo de Pesquisa CNPq &#8220;Moeda, Finan\u00e7as e Desenvolvimento&#8221; (PUC SP). Membro da Associa\u00e7\u00e3o Brasileira de Rela\u00e7\u00f5es Internacionais (ABRI) e da Rede Brasileira de Estudos da China (RBChina). Seus temas de interesse s\u00e3o: Economia Pol\u00edtica Internacional, Desenvolvimento Internacional, Negocia\u00e7\u00f5es Internacionais.\u00a0<\/span><\/p>\n<hr \/>\n<h3 style=\"text-align: justify;\"><strong>Prof. Leonardo Agrello Madruga &#8211; Professor Substituto<\/strong><\/h3>\n<p style=\"text-align: justify;\"><strong>Doutor em Rela\u00e7\u00f5es Internacionais, PUC-MG\u00a0<\/strong><\/p>\n<p><span style=\"font-size: 10pt;\"><strong>Lattes<\/strong>: <a href=\"http:\/\/lattes.cnpq.br\/4209041760985548\">http:\/\/lattes.cnpq.br\/4209041760985548<\/a><\/span><br \/>\n<span style=\"font-size: 10pt;\"><strong>Institucional:<\/strong> <a href=\"https:\/\/institucional.ufpel.edu.br\/servidores\/id\/10158\">https:\/\/institucional.ufpel.edu.br\/servidores\/id\/10158<\/a><\/span><br \/>\n<span style=\"font-size: 10pt;\"><strong>E-mail:<\/strong> leonardoamadruga@gmail.com\u00a0<\/span><\/p>\n<p style=\"text-align: justify;\">Doutor em Rela\u00e7\u00f5es Internacionais pela PUC-MG (2024). Possui gradua\u00e7\u00e3o em Direito pela Universidade Cat\u00f3lica de Pelotas (2013) e em Rela\u00e7\u00f5es Internacionais pela Universidade Federal de Pelotas (2016). Mestre em Rela\u00e7\u00f5es Internacionais no Programa de P\u00f3s-Gradua\u00e7\u00e3o Stricto Sensu da Pontif\u00edcia Universidade Cat\u00f3lica de Minas Gerais (2019).<\/p>\n<hr \/>\n<h3 style=\"text-align: justify;\"><strong>Prof. Luan Correa Brum &#8211; Professor Substituto<\/strong><\/h3>\n<p style=\"text-align: justify;\"><strong>Mestre em Rela\u00e7\u00f5es Internacionais, UFU\u00a0<\/strong><\/p>\n<p><span style=\"font-size: 10pt;\"><strong>Lattes<\/strong>: <a href=\"http:\/\/lattes.cnpq.br\/3760251782631296\">http:\/\/lattes.cnpq.br\/3760251782631296<\/a><\/span><br \/>\n<span style=\"font-size: 10pt;\"><strong>Institucional:<\/strong> <a href=\"https:\/\/institucional.ufpel.edu.br\/servidores\/id\/22745\">https:\/\/institucional.ufpel.edu.br\/servidores\/id\/22745<\/a>2<\/span><br \/>\n<span style=\"font-size: 10pt;\"><strong>E-mail: <\/strong>luan.brum@ufpel.edu.br<\/span><\/p>\n<p style=\"text-align: justify;\">Mestre pelo Programa de P\u00f3s-Gradua\u00e7\u00e3o em Rela\u00e7\u00f5es Internacionais pela Universidade Federal de Uberl\u00e2ndia (PPGRI-UFU). Doutorando do Programa de P\u00f3s-Gradua\u00e7\u00e3o em Rela\u00e7\u00f5es Internacionais da Universidade Federal de Santa Catarina (PPGRI-UFSC), com parte do doutorado realizado na Josef Korbel School of International Studies, University of Denver. Atualmente integra o grupo de pesquisa vinculado ao GEPPIC\/CNPq (Grupo de Pesquisa em Estudos Estrat\u00e9gicos e Pol\u00edtica Internacional Contempor\u00e2nea) &#8211; O Poder das Ideias e a Forma\u00e7\u00e3o de Institutos Liberais na Am\u00e9rica Latina. Possui como interesses centrais de pesquisa: Teoria das Rela\u00e7\u00f5es Internacionais; Pol\u00edtica Externa dos Estados Unidos para a Am\u00e9rica Latina e Central; Hegemonia dos EUA; Neoliberalismo e a atua\u00e7\u00e3o dos Institutos Liberais.<\/p>\n","protected":false},"excerpt":{"rendered":"<p>Docentes vinculados ao Colegiado do curso de Rela\u00e7\u00f5es Internacionais Prof. Ant\u00f4nio Carlos Martins da Cruz Doutor em Economia, Unicamp Lattes: http:\/\/lattes.cnpq.br\/0882476817524002 Institucional: https:\/\/institucional.ufpel.edu.br\/servidores\/id\/26706 E-mail: antonioccruz@uol.com.br Doutor em Economia Aplicada pelo Instituto de Economia da Universidade Estadual de Campinas (UNICAMP) (2006) &#8211; com est\u00e1gio de doutorado na Faculdade de Ci\u00eancias Econ\u00f4micas da Universidade de Buenos Aires [&hellip;]<\/p>\n","protected":false},"author":194,"featured_media":0,"parent":0,"menu_order":2,"comment_status":"closed","ping_status":"closed","template":"","meta":{"footnotes":""},"class_list":["post-24","page","type-page","status-publish","hentry"],"jetpack_sharing_enabled":true,"_links":{"self":[{"href":"https:\/\/wp.ufpel.edu.br\/ri\/wp-json\/wp\/v2\/pages\/24","targetHints":{"allow":["GET"]}}],"collection":[{"href":"https:\/\/wp.ufpel.edu.br\/ri\/wp-json\/wp\/v2\/pages"}],"about":[{"href":"https:\/\/wp.ufpel.edu.br\/ri\/wp-json\/wp\/v2\/types\/page"}],"author":[{"embeddable":true,"href":"https:\/\/wp.ufpel.edu.br\/ri\/wp-json\/wp\/v2\/users\/194"}],"replies":[{"embeddable":true,"href":"https:\/\/wp.ufpel.edu.br\/ri\/wp-json\/wp\/v2\/comments?post=24"}],"version-history":[{"count":5,"href":"https:\/\/wp.ufpel.edu.br\/ri\/wp-json\/wp\/v2\/pages\/24\/revisions"}],"predecessor-version":[{"id":5823,"href":"https:\/\/wp.ufpel.edu.br\/ri\/wp-json\/wp\/v2\/pages\/24\/revisions\/5823"}],"wp:attachment":[{"href":"https:\/\/wp.ufpel.edu.br\/ri\/wp-json\/wp\/v2\/media?parent=24"}],"curies":[{"name":"wp","href":"https:\/\/api.w.org\/{rel}","templated":true}]}}