{"id":22,"date":"2022-08-29T14:38:24","date_gmt":"2022-08-29T17:38:24","guid":{"rendered":"https:\/\/wp.ufpel.edu.br\/ri\/?page_id=22"},"modified":"2025-02-21T15:17:41","modified_gmt":"2025-02-21T18:17:41","slug":"coordenacao","status":"publish","type":"page","link":"https:\/\/wp.ufpel.edu.br\/ri\/coordenacao\/","title":{"rendered":"Coordena\u00e7\u00e3o"},"content":{"rendered":"<p><img class=\"aligncenter wp-image-4893\" src=\"https:\/\/wp.ufpel.edu.br\/ri\/files\/2023\/11\/Marca-vertical-Graduacao-Relacoes-Internacionais-Bacharelado-01.png\" alt=\"\" width=\"200\" height=\"207\" srcset=\"https:\/\/wp.ufpel.edu.br\/ri\/files\/2023\/11\/Marca-vertical-Graduacao-Relacoes-Internacionais-Bacharelado-01.png 417w, https:\/\/wp.ufpel.edu.br\/ri\/files\/2023\/11\/Marca-vertical-Graduacao-Relacoes-Internacionais-Bacharelado-01-387x400.png 387w\" sizes=\"(max-width: 200px) 100vw, 200px\" \/><\/p>\n<hr \/>\n<h3 style=\"text-align: center;\">Coordena\u00e7\u00e3o do curso de Rela\u00e7\u00f5es Internacionais<\/h3>\n<hr \/>\n<div><span style=\"color: #808080; font-size: 10pt;\">COORDENADORA DE CURSO DE GRADUA\u00c7\u00c3O<\/span><\/div>\n<div><a href=\"https:\/\/institucional.ufpel.edu.br\/servidores\/id\/175004\">SILVANA SCHIMANSKI<\/a><\/div>\n<div><\/div>\n<div><span style=\"color: #808080; font-size: 10pt;\">COORDENADOR SUBSTITUTO<\/span><\/div>\n<div><a href=\"https:\/\/institucional.ufpel.edu.br\/servidores\/id\/154837\">CHARLES PENNAFORTE<\/a><\/div>\n<p><span style=\"font-size: 10pt; color: #808080;\">PORTARIAS DE NOMEA\u00c7\u00c3O<\/span><br \/>\n<a href=\"https:\/\/sippag.ufpel.edu.br\/portarias\/visualizar\/?ano=2023&amp;numero=1652&amp;hash=748f3b191f34e682483ee2cef468794e&amp;pk=1966\">Coordena\u00e7\u00e3o de curso<\/a><br \/>\n<a href=\"https:\/\/sippag.ufpel.edu.br\/portarias\/visualizar\/?ano=2023&amp;numero=1575&amp;hash=2d4e5472fcc1ba9fb896218bbb765dc6&amp;pk=1891\">Substituto eventual<\/a><\/p>\n<p><span style=\"font-size: 10pt; color: #808080;\">CONTATO<\/span><br \/>\n<span style=\"color: #000000;\"><a style=\"color: #000000;\" href=\"ri@ufpel.edu.br\">ri@ufpel.edu.br<\/a><\/span><\/p>\n<p><span style=\"font-size: 10pt; color: #808080;\">PLANO DE A\u00c7\u00c3O DA COORDENA\u00c7\u00c3O 2023-2025<\/span><br \/>\n<span style=\"background-color: #ffffff; color: #333333;\"><a style=\"background-color: #ffffff; color: #333333;\" href=\"https:\/\/wp.ufpel.edu.br\/ri\/files\/2024\/02\/2023-2025-Plano-de-trabalho-do-Coordenador.pdf\">2023 &#8211; 2025 Plano de trabalho do Coordenador<\/a><\/span><\/p>\n<hr \/>\n<p><span style=\"font-size: 10pt; color: #808080;\">COORDENA\u00c7\u00d5ES ANTERIORES<\/span><\/p>\n<p><a href=\"https:\/\/wp.ufpel.edu.br\/ri\/files\/2025\/02\/Mandatos-das-Coordenacoes-de-Curso-RI.docx.pdf\">Mandatos das Coordena\u00e7\u00f5es de Curso RI <\/a>2010 a 2025<\/p>\n","protected":false},"excerpt":{"rendered":"<p>Coordena\u00e7\u00e3o do curso de Rela\u00e7\u00f5es Internacionais COORDENADORA DE CURSO DE GRADUA\u00c7\u00c3O SILVANA SCHIMANSKI COORDENADOR SUBSTITUTO CHARLES PENNAFORTE PORTARIAS DE NOMEA\u00c7\u00c3O Coordena\u00e7\u00e3o de curso Substituto eventual CONTATO ri@ufpel.edu.br PLANO DE A\u00c7\u00c3O DA COORDENA\u00c7\u00c3O 2023-2025 2023 &#8211; 2025 Plano de trabalho do Coordenador COORDENA\u00c7\u00d5ES ANTERIORES Mandatos das Coordena\u00e7\u00f5es de Curso RI 2010 a 2025<\/p>\n","protected":false},"author":194,"featured_media":0,"parent":0,"menu_order":6,"comment_status":"closed","ping_status":"closed","template":"","meta":{"footnotes":""},"class_list":["post-22","page","type-page","status-publish","hentry"],"jetpack_sharing_enabled":true,"_links":{"self":[{"href":"https:\/\/wp.ufpel.edu.br\/ri\/wp-json\/wp\/v2\/pages\/22","targetHints":{"allow":["GET"]}}],"collection":[{"href":"https:\/\/wp.ufpel.edu.br\/ri\/wp-json\/wp\/v2\/pages"}],"about":[{"href":"https:\/\/wp.ufpel.edu.br\/ri\/wp-json\/wp\/v2\/types\/page"}],"author":[{"embeddable":true,"href":"https:\/\/wp.ufpel.edu.br\/ri\/wp-json\/wp\/v2\/users\/194"}],"replies":[{"embeddable":true,"href":"https:\/\/wp.ufpel.edu.br\/ri\/wp-json\/wp\/v2\/comments?post=22"}],"version-history":[{"count":60,"href":"https:\/\/wp.ufpel.edu.br\/ri\/wp-json\/wp\/v2\/pages\/22\/revisions"}],"predecessor-version":[{"id":5570,"href":"https:\/\/wp.ufpel.edu.br\/ri\/wp-json\/wp\/v2\/pages\/22\/revisions\/5570"}],"wp:attachment":[{"href":"https:\/\/wp.ufpel.edu.br\/ri\/wp-json\/wp\/v2\/media?parent=22"}],"curies":[{"name":"wp","href":"https:\/\/api.w.org\/{rel}","templated":true}]}}