{"id":1620,"date":"2020-07-17T09:26:43","date_gmt":"2020-07-17T12:26:43","guid":{"rendered":"https:\/\/wp.ufpel.edu.br\/ri\/?page_id=1620"},"modified":"2025-07-01T23:25:50","modified_gmt":"2025-07-02T02:25:50","slug":"egressos","status":"publish","type":"page","link":"https:\/\/wp.ufpel.edu.br\/ri\/egressos\/","title":{"rendered":"Egressos"},"content":{"rendered":"<p><img class=\"aligncenter wp-image-4893\" src=\"https:\/\/wp.ufpel.edu.br\/ri\/files\/2023\/11\/Marca-vertical-Graduacao-Relacoes-Internacionais-Bacharelado-01.png\" alt=\"\" width=\"200\" height=\"207\" srcset=\"https:\/\/wp.ufpel.edu.br\/ri\/files\/2023\/11\/Marca-vertical-Graduacao-Relacoes-Internacionais-Bacharelado-01.png 417w, https:\/\/wp.ufpel.edu.br\/ri\/files\/2023\/11\/Marca-vertical-Graduacao-Relacoes-Internacionais-Bacharelado-01-387x400.png 387w\" sizes=\"(max-width: 200px) 100vw, 200px\" \/><\/p>\n<p style=\"font-weight: 400;\">O Curso de RI da UFPel possui v\u00e1rias turmas formadas. Veja os nomes dos Egressos <strong><span style=\"color: #0000ff;\"><a style=\"color: #0000ff;\" href=\"https:\/\/institucional.ufpel.edu.br\/cursos\/cod\/6800#egressos\">aqui.<\/a><\/span><\/strong><\/p>\n<p style=\"font-weight: 400; text-align: justify;\">A UFPel possui uma pol\u00edtica institucional de acompanhamento dos egressos, por meio do Portal do Egresso (<span style=\"color: #0000ff;\"><a style=\"color: #0000ff;\" href=\"http:\/\/wp.ufpel.edu.br\/egresso\" data-saferedirecturl=\"https:\/\/www.google.com\/url?q=http:\/\/wp.ufpel.edu.br\/egresso&amp;source=gmail&amp;ust=1595713648372000&amp;usg=AFQjCNEjArBUlqpaUzrGLnc-9EEjFDvqjw\">http:\/\/wp.ufpel.edu.br\/egresso<\/a><\/span>). Se voc\u00ea \u00e9 egresso do Curso, mantenha seu cadastro atualizado e continue participando das atividades do Curso. O Portal do Egresso \u00e9 uma a\u00e7\u00e3o da\u00a0Pr\u00f3-Reitoria de Planejamento, por meio da\u00a0Coordena\u00e7\u00e3o de Regula\u00e7\u00e3o e Acompanhamento\u00a0(CORAC), com o apoio do\u00a0N\u00facleo de Informa\u00e7\u00f5es Institucionais\u00a0(NINFI).<\/p>\n<p style=\"font-weight: 400;\">Acesse os <span style=\"color: #0000ff;\"><a style=\"color: #0000ff;\" href=\"https:\/\/wp.ufpel.edu.br\/ri\/files\/2021\/09\/Egressos-Dados-Gerais.pdf\">Dados Gerais da pesquisa com egressos (2010-2020)<\/a><\/span><b style=\"font-weight: 400;\">, <\/b>realizada no \u00e2mbito do Projeto RI UFPel 10 anos. Neste link est\u00e1 dispon\u00edvel <a href=\"https:\/\/wp.ufpel.edu.br\/ri\/files\/2025\/02\/2021-Relatorio-Tecnico-Pesquisa-com-Egressos.pdf\">Relatorio T\u00e9cnico da Pesquisa com Egressos completo.<\/a><\/p>\n<p style=\"font-weight: 400;\">No \u00e2mbito do mesmo projeto, o curso promove rodas de conversa entre os egressos e discentes acerca do campo de forma\u00e7\u00e3o. Saiba mais:<\/p>\n<p><img class=\"wp-image-4963 alignleft\" src=\"https:\/\/wp.ufpel.edu.br\/ri\/files\/2023\/11\/II-Roda-de-Conversa.jpeg\" alt=\"\" width=\"353\" height=\"353\" srcset=\"https:\/\/wp.ufpel.edu.br\/ri\/files\/2023\/11\/II-Roda-de-Conversa.jpeg 1080w, https:\/\/wp.ufpel.edu.br\/ri\/files\/2023\/11\/II-Roda-de-Conversa-400x400.jpeg 400w, https:\/\/wp.ufpel.edu.br\/ri\/files\/2023\/11\/II-Roda-de-Conversa-1024x1024.jpeg 1024w, https:\/\/wp.ufpel.edu.br\/ri\/files\/2023\/11\/II-Roda-de-Conversa-200x200.jpeg 200w, https:\/\/wp.ufpel.edu.br\/ri\/files\/2023\/11\/II-Roda-de-Conversa-768x768.jpeg 768w\" sizes=\"(max-width: 353px) 100vw, 353px\" \/><\/p>\n<p><img class=\"wp-image-4964 alignleft\" src=\"https:\/\/wp.ufpel.edu.br\/ri\/files\/2023\/11\/II-Roda-de-Conversa.jpg\" alt=\"\" width=\"351\" height=\"351\" srcset=\"https:\/\/wp.ufpel.edu.br\/ri\/files\/2023\/11\/II-Roda-de-Conversa.jpg 1080w, https:\/\/wp.ufpel.edu.br\/ri\/files\/2023\/11\/II-Roda-de-Conversa-400x400.jpg 400w, https:\/\/wp.ufpel.edu.br\/ri\/files\/2023\/11\/II-Roda-de-Conversa-1024x1024.jpg 1024w, https:\/\/wp.ufpel.edu.br\/ri\/files\/2023\/11\/II-Roda-de-Conversa-200x200.jpg 200w, https:\/\/wp.ufpel.edu.br\/ri\/files\/2023\/11\/II-Roda-de-Conversa-768x768.jpg 768w\" sizes=\"(max-width: 351px) 100vw, 351px\" \/><\/p>\n<p>&nbsp;<\/p>\n<p>&nbsp;<\/p>\n<p>&nbsp;<\/p>\n<p>&nbsp;<\/p>\n<p>&nbsp;<\/p>\n<p>&nbsp;<\/p>\n<p>&nbsp;<\/p>\n<p>&nbsp;<\/p>\n<p>&nbsp;<\/p>\n<p>&nbsp;<\/p>\n<p><img class=\"wp-image-4965 alignleft\" src=\"https:\/\/wp.ufpel.edu.br\/ri\/files\/2023\/11\/III-Roda-de-Conversa.jpeg\" alt=\"\" width=\"352\" height=\"352\" srcset=\"https:\/\/wp.ufpel.edu.br\/ri\/files\/2023\/11\/III-Roda-de-Conversa.jpeg 1080w, https:\/\/wp.ufpel.edu.br\/ri\/files\/2023\/11\/III-Roda-de-Conversa-400x400.jpeg 400w, https:\/\/wp.ufpel.edu.br\/ri\/files\/2023\/11\/III-Roda-de-Conversa-1024x1024.jpeg 1024w, https:\/\/wp.ufpel.edu.br\/ri\/files\/2023\/11\/III-Roda-de-Conversa-200x200.jpeg 200w, https:\/\/wp.ufpel.edu.br\/ri\/files\/2023\/11\/III-Roda-de-Conversa-768x768.jpeg 768w\" sizes=\"(max-width: 352px) 100vw, 352px\" \/><\/p>\n<p><img class=\"wp-image-4966 alignleft\" src=\"https:\/\/wp.ufpel.edu.br\/ri\/files\/2023\/11\/IV-Roda-de-Conversa.jpeg\" alt=\"\" width=\"275\" height=\"389\" srcset=\"https:\/\/wp.ufpel.edu.br\/ri\/files\/2023\/11\/IV-Roda-de-Conversa.jpeg 1131w, https:\/\/wp.ufpel.edu.br\/ri\/files\/2023\/11\/IV-Roda-de-Conversa-283x400.jpeg 283w, https:\/\/wp.ufpel.edu.br\/ri\/files\/2023\/11\/IV-Roda-de-Conversa-724x1024.jpeg 724w, https:\/\/wp.ufpel.edu.br\/ri\/files\/2023\/11\/IV-Roda-de-Conversa-768x1086.jpeg 768w, https:\/\/wp.ufpel.edu.br\/ri\/files\/2023\/11\/IV-Roda-de-Conversa-1086x1536.jpeg 1086w\" sizes=\"(max-width: 275px) 100vw, 275px\" \/><\/p>\n<p>&nbsp;<\/p>\n<p>&nbsp;<\/p>\n<p>&nbsp;<\/p>\n<p>&nbsp;<\/p>\n<p>&nbsp;<\/p>\n<p>&nbsp;<\/p>\n<p>&nbsp;<\/p>\n<p>&nbsp;<\/p>\n<p>&nbsp;<\/p>\n<p>&nbsp;<\/p>\n<p>&nbsp;<\/p>\n<p><a href=\"https:\/\/wp.ufpel.edu.br\/ri\/files\/2024\/09\/WhatsApp-Image-2024-09-03-at-4.24.40-PM.jpeg\"><img class=\"wp-image-5281 alignleft\" src=\"https:\/\/wp.ufpel.edu.br\/ri\/files\/2024\/09\/WhatsApp-Image-2024-09-03-at-4.24.40-PM-320x400.jpeg\" alt=\"\" width=\"431\" height=\"539\" srcset=\"https:\/\/wp.ufpel.edu.br\/ri\/files\/2024\/09\/WhatsApp-Image-2024-09-03-at-4.24.40-PM-320x400.jpeg 320w, https:\/\/wp.ufpel.edu.br\/ri\/files\/2024\/09\/WhatsApp-Image-2024-09-03-at-4.24.40-PM-819x1024.jpeg 819w, https:\/\/wp.ufpel.edu.br\/ri\/files\/2024\/09\/WhatsApp-Image-2024-09-03-at-4.24.40-PM-768x960.jpeg 768w, https:\/\/wp.ufpel.edu.br\/ri\/files\/2024\/09\/WhatsApp-Image-2024-09-03-at-4.24.40-PM.jpeg 1024w\" sizes=\"(max-width: 431px) 100vw, 431px\" \/><\/a><\/p>\n","protected":false},"excerpt":{"rendered":"<p>O Curso de RI da UFPel possui v\u00e1rias turmas formadas. Veja os nomes dos Egressos aqui. A UFPel possui uma pol\u00edtica institucional de acompanhamento dos egressos, por meio do Portal do Egresso (http:\/\/wp.ufpel.edu.br\/egresso). Se voc\u00ea \u00e9 egresso do Curso, mantenha seu cadastro atualizado e continue participando das atividades do Curso. O Portal do Egresso \u00e9 [&hellip;]<\/p>\n","protected":false},"author":194,"featured_media":0,"parent":0,"menu_order":0,"comment_status":"closed","ping_status":"closed","template":"","meta":{"footnotes":""},"class_list":["post-1620","page","type-page","status-publish","hentry"],"jetpack_sharing_enabled":true,"_links":{"self":[{"href":"https:\/\/wp.ufpel.edu.br\/ri\/wp-json\/wp\/v2\/pages\/1620","targetHints":{"allow":["GET"]}}],"collection":[{"href":"https:\/\/wp.ufpel.edu.br\/ri\/wp-json\/wp\/v2\/pages"}],"about":[{"href":"https:\/\/wp.ufpel.edu.br\/ri\/wp-json\/wp\/v2\/types\/page"}],"author":[{"embeddable":true,"href":"https:\/\/wp.ufpel.edu.br\/ri\/wp-json\/wp\/v2\/users\/194"}],"replies":[{"embeddable":true,"href":"https:\/\/wp.ufpel.edu.br\/ri\/wp-json\/wp\/v2\/comments?post=1620"}],"version-history":[{"count":18,"href":"https:\/\/wp.ufpel.edu.br\/ri\/wp-json\/wp\/v2\/pages\/1620\/revisions"}],"predecessor-version":[{"id":5699,"href":"https:\/\/wp.ufpel.edu.br\/ri\/wp-json\/wp\/v2\/pages\/1620\/revisions\/5699"}],"wp:attachment":[{"href":"https:\/\/wp.ufpel.edu.br\/ri\/wp-json\/wp\/v2\/media?parent=1620"}],"curies":[{"name":"wp","href":"https:\/\/api.w.org\/{rel}","templated":true}]}}