{"id":1543,"date":"2020-07-06T16:49:02","date_gmt":"2020-07-06T19:49:02","guid":{"rendered":"https:\/\/wp.ufpel.edu.br\/ri\/?page_id=1543"},"modified":"2023-12-12T10:47:44","modified_gmt":"2023-12-12T13:47:44","slug":"estagios-nao-obrigatorios","status":"publish","type":"page","link":"https:\/\/wp.ufpel.edu.br\/ri\/estagios-nao-obrigatorios\/","title":{"rendered":"Est\u00e1gios n\u00e3o-obrigat\u00f3rios"},"content":{"rendered":"<p><a href=\"https:\/\/wp.ufpel.edu.br\/ri\/files\/2023\/01\/IMG-20210701-WA0015.jpg\"><img class=\"aligncenter size-medium wp-image-4433\" src=\"https:\/\/wp.ufpel.edu.br\/ri\/files\/2023\/01\/IMG-20210701-WA0015-400x400.jpg\" alt=\"\" width=\"400\" height=\"400\" srcset=\"https:\/\/wp.ufpel.edu.br\/ri\/files\/2023\/01\/IMG-20210701-WA0015-400x400.jpg 400w, https:\/\/wp.ufpel.edu.br\/ri\/files\/2023\/01\/IMG-20210701-WA0015-1024x1024.jpg 1024w, https:\/\/wp.ufpel.edu.br\/ri\/files\/2023\/01\/IMG-20210701-WA0015-200x200.jpg 200w, https:\/\/wp.ufpel.edu.br\/ri\/files\/2023\/01\/IMG-20210701-WA0015-768x768.jpg 768w, https:\/\/wp.ufpel.edu.br\/ri\/files\/2023\/01\/IMG-20210701-WA0015-100x100.jpg 100w, https:\/\/wp.ufpel.edu.br\/ri\/files\/2023\/01\/IMG-20210701-WA0015-600x600.jpg 600w, https:\/\/wp.ufpel.edu.br\/ri\/files\/2023\/01\/IMG-20210701-WA0015.jpg 1080w\" sizes=\"(max-width: 400px) 100vw, 400px\" \/><\/a><\/p>\n<p style=\"font-weight: 400;\">No Brasil, a Lei 11788, de 25 de setembro de 2008, \u00a0disp\u00f5e sobre os est\u00e1gios realizados por estudantes. De acordo com o previsto em seu \u00a0Art. 1\u00ba, \u201co est\u00e1gio \u00e9 ato educativo escolar supervisionado, desenvolvido no ambiente de trabalho, que visa \u00e0 prepara\u00e7\u00e3o para o trabalho produtivo dos educandos, na modalidade profissional de jovens e adultos&#8221; (BRASIL, 2008).<\/p>\n<p style=\"font-weight: 400;\">Embora a lei (bem como outros instrumentos da UFPel) considerem o est\u00e1gio curricular obrigat\u00f3rio e n\u00e3o-obrigat\u00f3rio, o Projeto Pedag\u00f3gico do Curso de Rela\u00e7\u00f5es Internacionais prev\u00ea somente a realiza\u00e7\u00e3o de est\u00e1gios n\u00e3o-obrigat\u00f3rios. De acordo com a Lei, o est\u00e1gio n\u00e3o-obrigat\u00f3rio \u00e9 \u00a0\u201c[&#8230;] desenvolvido como atividade opcional, acrescida \u00e0 carga hor\u00e1ria regular e obrigat\u00f3ria&#8221; (BRASIL, 2008).<\/p>\n<p>O est\u00e1gio n\u00e3o-obrigat\u00f3rio \u00e9 normatizado na UFPel pelos seguintes instrumentos:<\/p>\n<ul>\n<li><span style=\"color: #0000ff;\"><a style=\"color: #0000ff;\" href=\"https:\/\/wp.ufpel.edu.br\/ri\/files\/2020\/07\/RESOLU\u00c7\u00c3O-n\u00ba-04-DE-08-DE-JUNHO-DE-2009.pdf\">RESOLU\u00c7\u00c3O n\u00ba 04 DE 08 DE JUNHO DE 2009<\/a>\u00a0<\/span><\/li>\n<li><span style=\"color: #0000ff;\"><a style=\"color: #0000ff;\" href=\"https:\/\/wp.ufpel.edu.br\/ri\/files\/2020\/04\/Regulamento-Ensino-de-Graduacao.pdf\">Regulamento do Ensino de Gradua\u00e7\u00e3o UFPel<\/a>\u00a0<\/span><\/li>\n<\/ul>\n<p>Esta modalidade incentiva primeiro contato dos discentes com a atua\u00e7\u00e3o profissional.\u00a0 Conforme previsto na Resolu\u00e7\u00e3o n\u00ba 04\/2009 e no Regulamento do Ensino de Gradua\u00e7\u00e3o, o <strong>Termo de Compromisso<\/strong> \u00e9 o instrumento jur\u00eddico que torna oficial o acordo celebrado entre o estagi\u00e1rio (discente), a parte concedente e a institui\u00e7\u00e3o de ensino, no qual s\u00e3o definidas as condi\u00e7\u00f5es de realiza\u00e7\u00e3o do est\u00e1gio.<\/p>\n<hr \/>\n<h4><strong>DOCUMENTOS NECESS\u00c1RIOS PARA A OFICIALIZA\u00c7\u00c3O DO EST\u00c1GIO N\u00c3O-OBRIGAT\u00d3RIO:<\/strong><\/h4>\n<ul>\n<li><span style=\"color: #0000ff;\"><a style=\"color: #0000ff;\" href=\"https:\/\/wp.ufpel.edu.br\/ri\/files\/2020\/07\/Termo-de-Compromisso-UFPel-como-INSTITUICAO-DE-ENSINO.doc\">Termo de Compromisso UFPel como INSTITUI\u00c7\u00c3O DE ENSINO<\/a><\/span><\/li>\n<li><span style=\"color: #0000ff;\"><a style=\"color: #0000ff;\" href=\"https:\/\/wp.ufpel.edu.br\/ri\/files\/2020\/07\/Plano-de-est\u00e1gio-RI.doc\">Plano de Atividades de est\u00e1gio n\u00e3o-obrigat\u00f3rio<\/a><\/span><\/li>\n<li><span style=\"color: #0000ff;\"><a style=\"color: #0000ff;\" href=\"https:\/\/wp.ufpel.edu.br\/ri\/files\/2020\/07\/Termo-Aditivo-TCE-1.doc\">Termo Aditivo (somente em caso de renova\u00e7\u00e3o)<\/a><\/span><\/li>\n<li><span style=\"color: #0000ff;\"><a style=\"color: #0000ff;\" href=\"https:\/\/wp.ufpel.edu.br\/ri\/files\/2020\/08\/Relatorio-de-Atividades.doc\">Relat\u00f3rio de Atividades<\/a><\/span> (a ser enviado pelo aluno para o professor\/a orientador\/a a cada 6 meses)<br \/>\n<hr \/>\n<\/li>\n<\/ul>\n<h4><strong>TR\u00c2MITE:<\/strong><\/h4>\n<ol>\n<li style=\"text-align: justify;\">Estudante envia os documentos (Termo de compromisso e Plano de atividades) devidamente assinados pelo(a) estagi\u00e1rio(a) e pela institui\u00e7\u00e3o concedente. \u00c9 importante inserir o nome do(a) professor(a) orientador (a).<\/li>\n<li style=\"text-align: justify;\">Coordenador(a) submete para o Colegiado, para ci\u00eancia e depois assina e devolve para o(a) estagi\u00e1rio(a). O procedimento \u00e9 feito em aproximadamente cinco dias \u00fateis.<\/li>\n<li style=\"text-align: justify;\">A Secretaria abre um processo no SEI, com acompanhamento especial, com o Orientador(a) e o CG RI como interessados.<\/li>\n<li style=\"text-align: justify;\">A cada seis (6) meses, o(a) estagi\u00e1rio (a) dever\u00e1 entregar um relat\u00f3rio de atividades para o professor(a) orientador(a).<br \/>\n<hr \/>\n<\/li>\n<\/ol>\n<h4>DOCUMENTOS NECESS\u00c1RIOS PARA O DESLIGAMENTO OU ENCERRAMENTO DO EST\u00c1GIO N\u00c3O-OBRIGAT\u00d3RIO:<\/h4>\n<ul>\n<li style=\"text-align: justify;\">RELAT\u00d3RIO DE ATIVIDADES (Assinado por todas as partes antes de ser submetido ao colegiado);<\/li>\n<li style=\"text-align: justify;\">TERMO DE DISTRATO DE COMPROMISSO REFERENTE A EST\u00c1GIO N\u00c3O OBRIGAT\u00d3RIO (assinado por todas as partes antes de ser submetido ao colegiado). <a style=\"color: #0000ff;\" href=\"https:\/\/wp.ufpel.edu.br\/ri\/files\/2022\/02\/Termo-de-Distrato.docx\">Termo de Distrato &#8211; Dowload (.DOCX)<\/a><\/li>\n<\/ul>\n","protected":false},"excerpt":{"rendered":"<p>No Brasil, a Lei 11788, de 25 de setembro de 2008, \u00a0disp\u00f5e sobre os est\u00e1gios realizados por estudantes. De acordo com o previsto em seu \u00a0Art. 1\u00ba, \u201co est\u00e1gio \u00e9 ato educativo escolar supervisionado, desenvolvido no ambiente de trabalho, que visa \u00e0 prepara\u00e7\u00e3o para o trabalho produtivo dos educandos, na modalidade profissional de jovens e [&hellip;]<\/p>\n","protected":false},"author":194,"featured_media":0,"parent":0,"menu_order":0,"comment_status":"closed","ping_status":"closed","template":"","meta":{"footnotes":""},"class_list":["post-1543","page","type-page","status-publish","hentry"],"jetpack_sharing_enabled":true,"_links":{"self":[{"href":"https:\/\/wp.ufpel.edu.br\/ri\/wp-json\/wp\/v2\/pages\/1543","targetHints":{"allow":["GET"]}}],"collection":[{"href":"https:\/\/wp.ufpel.edu.br\/ri\/wp-json\/wp\/v2\/pages"}],"about":[{"href":"https:\/\/wp.ufpel.edu.br\/ri\/wp-json\/wp\/v2\/types\/page"}],"author":[{"embeddable":true,"href":"https:\/\/wp.ufpel.edu.br\/ri\/wp-json\/wp\/v2\/users\/194"}],"replies":[{"embeddable":true,"href":"https:\/\/wp.ufpel.edu.br\/ri\/wp-json\/wp\/v2\/comments?post=1543"}],"version-history":[{"count":38,"href":"https:\/\/wp.ufpel.edu.br\/ri\/wp-json\/wp\/v2\/pages\/1543\/revisions"}],"predecessor-version":[{"id":5026,"href":"https:\/\/wp.ufpel.edu.br\/ri\/wp-json\/wp\/v2\/pages\/1543\/revisions\/5026"}],"wp:attachment":[{"href":"https:\/\/wp.ufpel.edu.br\/ri\/wp-json\/wp\/v2\/media?parent=1543"}],"curies":[{"name":"wp","href":"https:\/\/api.w.org\/{rel}","templated":true}]}}