{"id":1534,"date":"2020-07-06T14:47:32","date_gmt":"2020-07-06T17:47:32","guid":{"rendered":"https:\/\/wp.ufpel.edu.br\/ri\/?page_id=1534"},"modified":"2023-11-17T17:39:04","modified_gmt":"2023-11-17T20:39:04","slug":"legislacoes-e-documentos","status":"publish","type":"page","link":"https:\/\/wp.ufpel.edu.br\/ri\/legislacoes-e-documentos\/","title":{"rendered":"Legisla\u00e7\u00f5es e Documentos"},"content":{"rendered":"<p><strong>Diretrizes Curriculares Nacionais (DCNs) para o curso de gradua\u00e7\u00e3o em Rela\u00e7\u00f5es Internacionais<\/strong><\/p>\n<p><span style=\"color: #0000ff;\"><a style=\"color: #0000ff;\" href=\"http:\/\/portal.mec.gov.br\/docman\/outubro-2017-pdf\/73651-rces004-17-pdf\/file\"> RESOLU\u00c7\u00c3O N \u00ba 4, DE 4 DE OUTUBRO DE 2017<\/a><\/span><\/p>\n<hr \/>\n<p><strong>Exame Nacional de Desempenho dos Estudantes (ENADE)<\/strong>\u00a0<strong>para o curso de gradua\u00e7\u00e3o em Rela\u00e7\u00f5es Internacionais<\/strong><\/p>\n<p><span style=\"color: #0000ff;\"><a style=\"color: #0000ff;\" href=\"http:\/\/download.inep.gov.br\/educacao_superior\/enade\/legislacao\/2015\/relacoes_internacionais_portaria_inep_n242_10062015.pdf\">Portaria Inep n\u00ba 242, de 10 de junho de 2015<\/a><\/span><\/p>\n<hr \/>\n<p><strong>Regulamento de Ensino de Gradua\u00e7\u00e3o da UFPel &#8211; <\/strong>Trata de todos os aspectos envolvidos na vida acad\u00eamica na gradua\u00e7\u00e3o, entre eles: formas de ingresso, transfer\u00eancias, reop\u00e7\u00f5es, matr\u00edculas, mobilidade, equival\u00eancia, aproveitamento de disciplinas, regime domiciliar, frequ\u00eancias, est\u00e1gios, avalia\u00e7\u00f5es, cola\u00e7\u00e3o de grau, diplomas, entre outros.<\/p>\n<p><span style=\"color: #0000ff;\"><a style=\"color: #0000ff;\" href=\"https:\/\/wp.ufpel.edu.br\/ri\/files\/2020\/04\/Regulamento-Ensino-de-Graduacao.pdf\">Regulamento do Ensino de Gradua\u00e7\u00e3o UFPel<\/a><\/span><\/p>\n<hr \/>\n<p><strong>Projeto Pedag\u00f3gico do Curso (PPC)\u00a0 &#8211;<\/strong> Define os princ\u00edpios filos\u00f3ficos, pol\u00edticos, pedag\u00f3gicos, administrativos e t\u00e9cnicos que orientam a forma\u00e7\u00e3o humana\/cidad\u00e3 e profissional dos acad\u00eamicos, compreendendo a gest\u00e3o democr\u00e1tica dos cursos, em conson\u00e2ncia com as Diretrizes Curriculares Nacionais (DCNs), o Regimento Geral da UFPel, o PDI\/UFPel, o PPI\/UFPel e o Regulamento do Ensino de Gradua\u00e7\u00e3o da UFPel, al\u00e9m de outras diretrizes e legisla\u00e7\u00f5es pertinentes \u00e0s diferentes forma\u00e7\u00f5es profissionais.<\/p>\n<p><span style=\"color: #0000ff;\"><a style=\"color: #0000ff;\" href=\"https:\/\/wp.ufpel.edu.br\/ri\/files\/2021\/10\/PPC-RI-MAIO-2021-Versao-final.pdf\">PPC RI 2021<\/a><\/span><\/p>\n<p><span style=\"color: #0000ff;\"><a style=\"color: #0000ff;\" href=\"https:\/\/wp.ufpel.edu.br\/ri\/files\/2020\/12\/PPC-RI-2020-_ABRIL.pdf\">PPC RI 2010 (com ajuste na carga hor\u00e1ria) <\/a><\/span><\/p>\n","protected":false},"excerpt":{"rendered":"<p>Diretrizes Curriculares Nacionais (DCNs) para o curso de gradua\u00e7\u00e3o em Rela\u00e7\u00f5es Internacionais RESOLU\u00c7\u00c3O N \u00ba 4, DE 4 DE OUTUBRO DE 2017 Exame Nacional de Desempenho dos Estudantes (ENADE)\u00a0para o curso de gradua\u00e7\u00e3o em Rela\u00e7\u00f5es Internacionais Portaria Inep n\u00ba 242, de 10 de junho de 2015 Regulamento de Ensino de Gradua\u00e7\u00e3o da UFPel &#8211; Trata [&hellip;]<\/p>\n","protected":false},"author":194,"featured_media":0,"parent":0,"menu_order":0,"comment_status":"closed","ping_status":"closed","template":"","meta":{"footnotes":""},"class_list":["post-1534","page","type-page","status-publish","hentry"],"jetpack_sharing_enabled":true,"_links":{"self":[{"href":"https:\/\/wp.ufpel.edu.br\/ri\/wp-json\/wp\/v2\/pages\/1534","targetHints":{"allow":["GET"]}}],"collection":[{"href":"https:\/\/wp.ufpel.edu.br\/ri\/wp-json\/wp\/v2\/pages"}],"about":[{"href":"https:\/\/wp.ufpel.edu.br\/ri\/wp-json\/wp\/v2\/types\/page"}],"author":[{"embeddable":true,"href":"https:\/\/wp.ufpel.edu.br\/ri\/wp-json\/wp\/v2\/users\/194"}],"replies":[{"embeddable":true,"href":"https:\/\/wp.ufpel.edu.br\/ri\/wp-json\/wp\/v2\/comments?post=1534"}],"version-history":[{"count":21,"href":"https:\/\/wp.ufpel.edu.br\/ri\/wp-json\/wp\/v2\/pages\/1534\/revisions"}],"predecessor-version":[{"id":4987,"href":"https:\/\/wp.ufpel.edu.br\/ri\/wp-json\/wp\/v2\/pages\/1534\/revisions\/4987"}],"wp:attachment":[{"href":"https:\/\/wp.ufpel.edu.br\/ri\/wp-json\/wp\/v2\/media?parent=1534"}],"curies":[{"name":"wp","href":"https:\/\/api.w.org\/{rel}","templated":true}]}}