{"id":1176,"date":"2020-05-14T16:00:07","date_gmt":"2020-05-14T19:00:07","guid":{"rendered":"https:\/\/wp.ufpel.edu.br\/ri\/?page_id=1176"},"modified":"2025-01-24T21:37:36","modified_gmt":"2025-01-25T00:37:36","slug":"informacoes-gerais","status":"publish","type":"page","link":"https:\/\/wp.ufpel.edu.br\/ri\/informacoes-gerais\/","title":{"rendered":"Informa\u00e7\u00f5es gerais"},"content":{"rendered":"<p style=\"text-align: center;\"><img class=\"aligncenter wp-image-4893\" src=\"https:\/\/wp.ufpel.edu.br\/ri\/files\/2023\/11\/Marca-vertical-Graduacao-Relacoes-Internacionais-Bacharelado-01.png\" alt=\"\" width=\"200\" height=\"207\" srcset=\"https:\/\/wp.ufpel.edu.br\/ri\/files\/2023\/11\/Marca-vertical-Graduacao-Relacoes-Internacionais-Bacharelado-01.png 417w, https:\/\/wp.ufpel.edu.br\/ri\/files\/2023\/11\/Marca-vertical-Graduacao-Relacoes-Internacionais-Bacharelado-01-387x400.png 387w\" sizes=\"(max-width: 200px) 100vw, 200px\" \/><\/p>\n<p style=\"text-align: justify;\"><span style=\"font-weight: 400;\">O curso de gradua\u00e7\u00e3o em <strong>Rela\u00e7\u00f5es Internacionais<\/strong> da Universidade Federal de Pelotas (UFPel) foi criado no ano de 2010. Vincula-se atualmente ao Instituto de Filosofia, Sociologia e Pol\u00edtica (IFISP).\u00a0 De 2010 a 2013, o curso esteve vinculado \u00e0 Pr\u00f3-reitoria de Gradua\u00e7\u00e3o. Em 2013, foi alocado no Centro de Integra\u00e7\u00e3o do Mercosul (CIM), quando este se converteu em uma unidade acad\u00eamica da UFPel. Em 2019, foi realocado para o IFISP devido \u00e0\u00a0 afinidade epistemol\u00f3gica e te\u00f3rica das Rela\u00e7\u00f5es Internacionais com os demais cursos desta unidade.\u00a0<\/span><\/p>\n<p style=\"text-align: justify;\"><span style=\"font-weight: 400;\">O ingresso acad\u00eamico ocorre anualmente, por meio do SISU\/ENEM, PAVE; reop\u00e7\u00e3o e reop\u00e7\u00e3o compuls\u00f3ria; Processo Seletivo Complementar, transfer\u00eancia volunt\u00e1ria, portador de diploma de curso superior, regime especial e vagas para cotas de a\u00e7\u00f5es \u00e9tnico-afirmativas. <\/span><span style=\"font-weight: 400;\">O curso tem dura\u00e7\u00e3o de quatro anos, <\/span><span style=\"font-weight: 400;\">\u00e9<\/span><span style=\"font-weight: 400;\"> organizado por semestre<\/span><span style=\"font-weight: 400;\">s<\/span><span style=\"font-weight: 400;\"> e <\/span><span style=\"font-weight: 400;\">as<\/span><span style=\"font-weight: 400;\">\u00a0 disciplinas <\/span><span style=\"font-weight: 400;\">s\u00e3o<\/span><span style=\"font-weight: 400;\"> ofertadas anualmente. As aulas s\u00e3o presenciais no per\u00edodo noturno<\/span><span style=\"font-weight: 400;\">,<\/span> \u00e0 exce\u00e7\u00e3o das <span style=\"font-weight: 400;\">disciplinas optativas que poder\u00e3o ser<\/span><span style=\"font-weight: 400;\">\u00a0ofertadas <\/span><span style=\"font-weight: 400;\">no per\u00edodo vespertino.\u00a0<\/span><\/p>\n<p>Confira o fluxograma do Curso no link abaixo:<\/p>\n<p><span style=\"color: #0000ff;\"><a style=\"color: #0000ff;\" href=\"https:\/\/wp.ufpel.edu.br\/ri\/files\/2023\/06\/Grade-Curricular-Relacoes-Internacionais.pdf\">Grade Curricular &#8211; Rela\u00e7\u00f5es Internacionais<\/a><\/span><\/p>\n<p>Para saber mais sobre o curso e a atua\u00e7\u00e3o profissional na \u00e1rea de Rela\u00e7\u00f5es Internacionais, assista ao v\u00eddeo abaixo:<\/p>\n<p>&nbsp;<\/p>\n<div style=\"width: 1920px;\" class=\"wp-video\"><video class=\"wp-video-shortcode\" id=\"video-1176-1\" width=\"1920\" height=\"1080\" preload=\"metadata\" controls=\"controls\"><source type=\"video\/mp4\" src=\"https:\/\/wp.ufpel.edu.br\/ri\/files\/2021\/12\/RELACOES-INTERNACIONAIS-UFPEL-1.mp4?_=1\" \/><a href=\"https:\/\/wp.ufpel.edu.br\/ri\/files\/2021\/12\/RELACOES-INTERNACIONAIS-UFPEL-1.mp4\">https:\/\/wp.ufpel.edu.br\/ri\/files\/2021\/12\/RELACOES-INTERNACIONAIS-UFPEL-1.mp4<\/a><\/video><\/div>\n<p>&nbsp;<\/p>\n<p style=\"text-align: center;\"><span style=\"font-weight: 400;\"><strong>Atos Regulat\u00f3rios<\/strong>\u00a0<\/span><\/p>\n<p style=\"text-align: center;\"><span style=\"font-weight: 400;\">Cria\u00e7\u00e3o do Curso &#8211; <a href=\"https:\/\/wp.ufpel.edu.br\/ri\/files\/2025\/01\/Portaria-Gabinete-da-Reitoria-1827.pdf\">Portaria-Gabinete-da-Reitoria-1827<\/a> de 23 de novembro de 2012.<\/span><\/p>\n<p style=\"text-align: center;\"><span style=\"font-weight: 400;\">Reconhecimento de Curso &#8211;\u00a0 Portaria n\u00ba 70 de 29\/01\/2015. Publicada no D.O.U. de 30\/01\/2015.<\/span><\/p>\n<p style=\"text-align: center;\"><span style=\"font-weight: 400;\">Renova\u00e7\u00e3o do Reconhecimento de Curso &#8211; Portaria n\u00ba 272 de 03\/04\/2017. Publicada na Se\u00e7\u00e3o 1, p\u00e1gina 129 do D.O.U de 04\/04\/2017<\/span><span style=\"font-weight: 400;\">.<\/span><\/p>\n<p style=\"text-align: center;\">Renova\u00e7\u00e3o do Reconhecimento de Curso &#8211; Portaria n\u00ba 949 de 30\/08\/2021. Publicada na Se\u00e7\u00e3o 1, p\u00e1gina 56 do D.O.U de 31\/08\/2021. \u00a0<a href=\"https:\/\/wp.ufpel.edu.br\/ri\/files\/2025\/01\/Portaria-949-da-Renovacao-Reconhecimento-MEC.pdf\">Portaria 949 da Renova\u00e7\u00e3o Reconhecimento MEC<\/a><\/p>\n","protected":false},"excerpt":{"rendered":"<p>O curso de gradua\u00e7\u00e3o em Rela\u00e7\u00f5es Internacionais da Universidade Federal de Pelotas (UFPel) foi criado no ano de 2010. Vincula-se atualmente ao Instituto de Filosofia, Sociologia e Pol\u00edtica (IFISP).\u00a0 De 2010 a 2013, o curso esteve vinculado \u00e0 Pr\u00f3-reitoria de Gradua\u00e7\u00e3o. Em 2013, foi alocado no Centro de Integra\u00e7\u00e3o do Mercosul (CIM), quando este se [&hellip;]<\/p>\n","protected":false},"author":194,"featured_media":0,"parent":0,"menu_order":0,"comment_status":"closed","ping_status":"closed","template":"","meta":{"footnotes":""},"class_list":["post-1176","page","type-page","status-publish","hentry"],"jetpack_sharing_enabled":true,"_links":{"self":[{"href":"https:\/\/wp.ufpel.edu.br\/ri\/wp-json\/wp\/v2\/pages\/1176","targetHints":{"allow":["GET"]}}],"collection":[{"href":"https:\/\/wp.ufpel.edu.br\/ri\/wp-json\/wp\/v2\/pages"}],"about":[{"href":"https:\/\/wp.ufpel.edu.br\/ri\/wp-json\/wp\/v2\/types\/page"}],"author":[{"embeddable":true,"href":"https:\/\/wp.ufpel.edu.br\/ri\/wp-json\/wp\/v2\/users\/194"}],"replies":[{"embeddable":true,"href":"https:\/\/wp.ufpel.edu.br\/ri\/wp-json\/wp\/v2\/comments?post=1176"}],"version-history":[{"count":21,"href":"https:\/\/wp.ufpel.edu.br\/ri\/wp-json\/wp\/v2\/pages\/1176\/revisions"}],"predecessor-version":[{"id":5547,"href":"https:\/\/wp.ufpel.edu.br\/ri\/wp-json\/wp\/v2\/pages\/1176\/revisions\/5547"}],"wp:attachment":[{"href":"https:\/\/wp.ufpel.edu.br\/ri\/wp-json\/wp\/v2\/media?parent=1176"}],"curies":[{"name":"wp","href":"https:\/\/api.w.org\/{rel}","templated":true}]}}