{"id":1031,"date":"2020-04-12T21:51:40","date_gmt":"2020-04-13T00:51:40","guid":{"rendered":"https:\/\/wp.ufpel.edu.br\/ri\/?page_id=1031"},"modified":"2023-11-13T18:08:03","modified_gmt":"2023-11-13T21:08:03","slug":"representacao-estudantil","status":"publish","type":"page","link":"https:\/\/wp.ufpel.edu.br\/ri\/representacao-estudantil\/","title":{"rendered":"Representa\u00e7\u00e3o Estudantil"},"content":{"rendered":"<p>Na Universidade Federal de Pelotas (UFPel), as atividades da representa\u00e7\u00e3o estudantil est\u00e3o previstas tanto no Estatuto da Universidade (T\u00edtulo XII, Corpo Discente, Art. 127-130), quanto no Regimento Geral da Universidade (T\u00edtulo XII, do Corpo Discente, Art. 295 e 297).\u00a0O curso de Rela\u00e7\u00f5es Internacionais da UFPel possui as seguintes Institui\u00e7\u00f5es de Representa\u00e7\u00e3o:<\/p>\n<p><strong>Diret\u00f3rio Acad\u00eamico<\/strong><\/p>\n<div style=\"text-align: justify;\">O Diret\u00f3rio Acad\u00eamico \u00e9 a entidade representativa dos estudantes do Curso de Rela\u00e7\u00f5es Internacionais. Participa das reuni\u00f5es de colegiado de curso, atuando como interlocutor entre o colegiado e os discentes do curso, com direito a voto. Al\u00e9m da promo\u00e7\u00e3o e defesa dos interesses discentes, articula estrat\u00e9gias para a mobiliza\u00e7\u00e3o e integra\u00e7\u00e3o da classe estudantil enquanto potenciais agentes de transforma\u00e7\u00e3o da realidade.<\/div>\n<div>\n<p><span style=\"color: #0000ff;\"><a style=\"color: #0000ff;\" href=\"https:\/\/wp.ufpel.edu.br\/ri\/files\/2021\/06\/Estatuto-do-Diretorio-Academico.pdf\">Estatuto do Diret\u00f3rio Acad\u00eamico<\/a><\/span><\/p>\n<hr \/>\n<p class=\"x_x_x_MsoNormal\"><b>Associa\u00e7\u00e3o Atl\u00e9tica\u00a0<\/b><\/p>\n<p class=\"x_x_x_MsoNormal\">\u00c9 uma organiza\u00e7\u00e3o estudantil cujas fun\u00e7\u00f5es b\u00e1sicas s\u00e3o a administra\u00e7\u00e3o, integra\u00e7\u00e3o e representa\u00e7\u00e3o dos cursos de gradua\u00e7\u00e3o em jogos universit\u00e1rios, em atividades socioculturais e solid\u00e1rias . Ela \u00e9 respons\u00e1vel pela forma\u00e7\u00e3o de equipes, organiza\u00e7\u00e3o de competi\u00e7\u00f5es e participa\u00e7\u00e3o em jogos universit\u00e1rios.<\/p>\n<p><strong>Associa\u00e7\u00e3o Atl\u00e9tica de Rela\u00e7\u00f5es Internacionais &#8211; AARI &#8211; N\u00f3rdica<\/strong><\/p>\n<\/div>\n<p><span style=\"color: #0000ff;\"><a style=\"color: #0000ff;\" href=\"https:\/\/wp.ufpel.edu.br\/ri\/files\/2021\/06\/Estatuto-Nordica-2021.pdf\">Estatuto N\u00f3rdica 2021<\/a><\/span><\/p>\n","protected":false},"excerpt":{"rendered":"<p>Na Universidade Federal de Pelotas (UFPel), as atividades da representa\u00e7\u00e3o estudantil est\u00e3o previstas tanto no Estatuto da Universidade (T\u00edtulo XII, Corpo Discente, Art. 127-130), quanto no Regimento Geral da Universidade (T\u00edtulo XII, do Corpo Discente, Art. 295 e 297).\u00a0O curso de Rela\u00e7\u00f5es Internacionais da UFPel possui as seguintes Institui\u00e7\u00f5es de Representa\u00e7\u00e3o: Diret\u00f3rio Acad\u00eamico O Diret\u00f3rio [&hellip;]<\/p>\n","protected":false},"author":194,"featured_media":0,"parent":0,"menu_order":0,"comment_status":"closed","ping_status":"closed","template":"","meta":{"footnotes":""},"class_list":["post-1031","page","type-page","status-publish","hentry"],"jetpack_sharing_enabled":true,"_links":{"self":[{"href":"https:\/\/wp.ufpel.edu.br\/ri\/wp-json\/wp\/v2\/pages\/1031","targetHints":{"allow":["GET"]}}],"collection":[{"href":"https:\/\/wp.ufpel.edu.br\/ri\/wp-json\/wp\/v2\/pages"}],"about":[{"href":"https:\/\/wp.ufpel.edu.br\/ri\/wp-json\/wp\/v2\/types\/page"}],"author":[{"embeddable":true,"href":"https:\/\/wp.ufpel.edu.br\/ri\/wp-json\/wp\/v2\/users\/194"}],"replies":[{"embeddable":true,"href":"https:\/\/wp.ufpel.edu.br\/ri\/wp-json\/wp\/v2\/comments?post=1031"}],"version-history":[{"count":18,"href":"https:\/\/wp.ufpel.edu.br\/ri\/wp-json\/wp\/v2\/pages\/1031\/revisions"}],"predecessor-version":[{"id":4930,"href":"https:\/\/wp.ufpel.edu.br\/ri\/wp-json\/wp\/v2\/pages\/1031\/revisions\/4930"}],"wp:attachment":[{"href":"https:\/\/wp.ufpel.edu.br\/ri\/wp-json\/wp\/v2\/media?parent=1031"}],"curies":[{"name":"wp","href":"https:\/\/api.w.org\/{rel}","templated":true}]}}