{"id":1020,"date":"2020-04-12T21:42:10","date_gmt":"2020-04-13T00:42:10","guid":{"rendered":"https:\/\/wp.ufpel.edu.br\/ri\/?page_id=1020"},"modified":"2021-04-20T13:39:12","modified_gmt":"2021-04-20T16:39:12","slug":"vida-academica-na-ufpel","status":"publish","type":"page","link":"https:\/\/wp.ufpel.edu.br\/ri\/vida-academica-na-ufpel\/","title":{"rendered":"Vida acad\u00eamica na UFPel"},"content":{"rendered":"<p><span style=\"color: #0000ff\"><a style=\"color: #0000ff\" href=\"https:\/\/wp.ufpel.edu.br\/ri\/files\/2020\/06\/Guia-do-Estudante-UFPel_2020_rev12.pdf\">Guia do Estudante da UFPel 2020<\/a><\/span><\/p>\n<p><span style=\"color: #0000ff\"><a style=\"color: #0000ff\" href=\"https:\/\/wp.ufpel.edu.br\/nate\/files\/2020\/09\/GUIA_ESTUDANTIL.pdf\">Guia Estudantil do e-AULA 2021<\/a><\/span><\/p>\n<hr \/>\n<p><span style=\"background-color: #ffffff\"><strong><span style=\"color: #00ccff\">Sistema COBALTO <\/span>&#8211;\u00a0<\/strong><\/span>Disponibiliza informa\u00e7\u00f5es pertinentes \u00e0 vida acad\u00eamica estudantil, como: avalia\u00e7\u00f5es e notas, frequ\u00eancia, hist\u00f3rico, hor\u00e1rios das disciplinas, matr\u00edcula e mensagens institucionais.<\/p>\n<p>Permite tamb\u00e9m a consulta ao card\u00e1pio do Restaurante Universit\u00e1rio (RU), \u00e0 previs\u00e3o do tempo e ao transporte de apoio.<\/p>\n<p>O acesso ao Cobalto \u00e9 realizado mediante login (CPF do\/a estudante) e senha (gerada pelo sistema). Anote e guarde sua senha. Mantenha seu e-mail atualizado no sistema.<\/p>\n<p>Site: <span style=\"background-color: #ffffff\"><span style=\"color: #0000ff\"><a style=\"background-color: #ffffff;color: #0000ff\" href=\"https:\/\/cobalto.ufpel.edu.br\/\">https:\/\/cobalto.ufpel.edu.br<\/a><\/span><strong><br \/>\n<\/strong><\/span><\/p>\n<hr \/>\n<p><span style=\"color: #00ccff\"><strong>Portal institucional da UFPel\u00a0<span style=\"color: #000000\">&#8211;<\/span>\u00a0<\/strong><\/span>Permite a consulta de informa\u00e7\u00f5es acad\u00eamicas e administrativas da institui\u00e7\u00e3o, colocando \u00e0 disposi\u00e7\u00e3o dados atualizados de todos os cursos (em todos os n\u00edveis),\u00a0 disciplinas ofertadas, projetos, unidades e servidores.<\/p>\n<p>Site: <span style=\"color: #0000ff\"><a style=\"color: #0000ff\" href=\"https:\/\/institucional.ufpel.edu.br\/\">https:\/\/institucional.ufpel.edu.br\/<\/a><\/span><\/p>\n<hr \/>\n<p><span style=\"background-color: #ffffff\"><strong><span style=\"color: #00ccff\">Pr\u00f3-Reitoria de Assuntos Estudantis (PRAE)<\/span> &#8211;\u00a0 <\/strong>Respons\u00e1vel pela <strong>a<\/strong><\/span><strong>ssist\u00eancia estudantil<\/strong>, tamb\u00e9m atua na promo\u00e7\u00e3o de pol\u00edticas mais amplas de inclus\u00e3o e perman\u00eancia dos\/as estudantes na UFPel, voltadas n\u00e3o s\u00f3 para o apoio financeiro, mas para o apoio psicossocial e a\u00e7\u00f5es destinada \u00e0s quest\u00f5es de g\u00eanero e etnia.<\/p>\n<p>Site:\u00a0<span style=\"background-color: #ffffff;color: #0000ff\"><a style=\"background-color: #ffffff;color: #0000ff\" href=\"https:\/\/wp.ufpel.edu.br\/prae\/\">https:\/\/wp.ufpel.edu.br\/prae\/<\/a><\/span><\/p>\n<hr \/>\n<p><span style=\"background-color: #ffffff\"><strong><span style=\"color: #00ccff\">Coordena\u00e7\u00e3o de Rela\u00e7\u00f5es Internacionais (CRinter)<\/span> &#8211;\u00a0 <\/strong>Respons\u00e1vel pela promo\u00e7\u00e3o da <strong>mobilidade acad\u00eamica nacional e internacional<\/strong> na UFPel.<\/span><\/p>\n<p>Site: <span style=\"background-color: #ffffff;color: #0000ff\"><a style=\"background-color: #ffffff;color: #0000ff\" href=\"https:\/\/wp.ufpel.edu.br\/crinter\/\">https:\/\/wp.ufpel.edu.br\/crinter\/<\/a><\/span><\/p>\n","protected":false},"excerpt":{"rendered":"<p>Guia do Estudante da UFPel 2020 Guia Estudantil do e-AULA 2021 Sistema COBALTO &#8211;\u00a0Disponibiliza informa\u00e7\u00f5es pertinentes \u00e0 vida acad\u00eamica estudantil, como: avalia\u00e7\u00f5es e notas, frequ\u00eancia, hist\u00f3rico, hor\u00e1rios das disciplinas, matr\u00edcula e mensagens institucionais. Permite tamb\u00e9m a consulta ao card\u00e1pio do Restaurante Universit\u00e1rio (RU), \u00e0 previs\u00e3o do tempo e ao transporte de apoio. O acesso ao [&hellip;]<\/p>\n","protected":false},"author":194,"featured_media":0,"parent":0,"menu_order":0,"comment_status":"closed","ping_status":"closed","template":"","meta":{"footnotes":""},"class_list":["post-1020","page","type-page","status-publish","hentry"],"jetpack_sharing_enabled":true,"_links":{"self":[{"href":"https:\/\/wp.ufpel.edu.br\/ri\/wp-json\/wp\/v2\/pages\/1020","targetHints":{"allow":["GET"]}}],"collection":[{"href":"https:\/\/wp.ufpel.edu.br\/ri\/wp-json\/wp\/v2\/pages"}],"about":[{"href":"https:\/\/wp.ufpel.edu.br\/ri\/wp-json\/wp\/v2\/types\/page"}],"author":[{"embeddable":true,"href":"https:\/\/wp.ufpel.edu.br\/ri\/wp-json\/wp\/v2\/users\/194"}],"replies":[{"embeddable":true,"href":"https:\/\/wp.ufpel.edu.br\/ri\/wp-json\/wp\/v2\/comments?post=1020"}],"version-history":[{"count":25,"href":"https:\/\/wp.ufpel.edu.br\/ri\/wp-json\/wp\/v2\/pages\/1020\/revisions"}],"predecessor-version":[{"id":2638,"href":"https:\/\/wp.ufpel.edu.br\/ri\/wp-json\/wp\/v2\/pages\/1020\/revisions\/2638"}],"wp:attachment":[{"href":"https:\/\/wp.ufpel.edu.br\/ri\/wp-json\/wp\/v2\/media?parent=1020"}],"curies":[{"name":"wp","href":"https:\/\/api.w.org\/{rel}","templated":true}]}}