{"id":71,"date":"2025-04-27T13:52:10","date_gmt":"2025-04-27T16:52:10","guid":{"rendered":"https:\/\/wp.ufpel.edu.br\/revistamosaico\/?page_id=71"},"modified":"2026-03-10T07:47:44","modified_gmt":"2026-03-10T10:47:44","slug":"formulario-de-submissoes","status":"publish","type":"page","link":"https:\/\/wp.ufpel.edu.br\/revistamosaico\/formulario-de-submissoes\/","title":{"rendered":"Formul\u00e1rio de Submiss\u00f5es"},"content":{"rendered":"<p><a href=\"https:\/\/forms.gle\/gaioMUHHieM66aLEA\">Formul\u00e1rio de submiss\u00e3o &#8211; Revista Mosaico: processos criativos em m\u00fasica e em artes do som. v.2. 2025. (ENCERRADO)<\/a><\/p>\n<p><a href=\"https:\/\/forms.gle\/n9Jqr9DaqMR33ZKa6\">Formul\u00e1rio de submiss\u00e3o &#8211; Revista Mosaico: processos criativos em m\u00fasica e em artes do som. v.3. 2026.<\/a><\/p>\n","protected":false},"excerpt":{"rendered":"<p>Formul\u00e1rio de submiss\u00e3o &#8211; Revista Mosaico: processos criativos em m\u00fasica e em artes do som. v.2. 2025. (ENCERRADO) Formul\u00e1rio de submiss\u00e3o &#8211; Revista Mosaico: processos criativos em m\u00fasica e em artes do som. v.3. 2026.<\/p>\n","protected":false},"author":1447,"featured_media":0,"parent":0,"menu_order":0,"comment_status":"closed","ping_status":"closed","template":"","meta":{"footnotes":""},"class_list":["post-71","page","type-page","status-publish","hentry"],"_links":{"self":[{"href":"https:\/\/wp.ufpel.edu.br\/revistamosaico\/wp-json\/wp\/v2\/pages\/71","targetHints":{"allow":["GET"]}}],"collection":[{"href":"https:\/\/wp.ufpel.edu.br\/revistamosaico\/wp-json\/wp\/v2\/pages"}],"about":[{"href":"https:\/\/wp.ufpel.edu.br\/revistamosaico\/wp-json\/wp\/v2\/types\/page"}],"author":[{"embeddable":true,"href":"https:\/\/wp.ufpel.edu.br\/revistamosaico\/wp-json\/wp\/v2\/users\/1447"}],"replies":[{"embeddable":true,"href":"https:\/\/wp.ufpel.edu.br\/revistamosaico\/wp-json\/wp\/v2\/comments?post=71"}],"version-history":[{"count":3,"href":"https:\/\/wp.ufpel.edu.br\/revistamosaico\/wp-json\/wp\/v2\/pages\/71\/revisions"}],"predecessor-version":[{"id":229,"href":"https:\/\/wp.ufpel.edu.br\/revistamosaico\/wp-json\/wp\/v2\/pages\/71\/revisions\/229"}],"wp:attachment":[{"href":"https:\/\/wp.ufpel.edu.br\/revistamosaico\/wp-json\/wp\/v2\/media?parent=71"}],"curies":[{"name":"wp","href":"https:\/\/api.w.org\/{rel}","templated":true}]}}