{"id":70,"date":"2025-04-27T13:52:10","date_gmt":"2025-04-27T16:52:10","guid":{"rendered":"https:\/\/wp.ufpel.edu.br\/revistamosaico\/?page_id=70"},"modified":"2026-04-08T07:27:17","modified_gmt":"2026-04-08T10:27:17","slug":"volumes","status":"publish","type":"page","link":"https:\/\/wp.ufpel.edu.br\/revistamosaico\/volumes\/","title":{"rendered":"Volumes"},"content":{"rendered":"<p><strong>2026, V. 3<\/strong><\/p>\n<p><img loading=\"lazy\" decoding=\"async\" class=\"alignnone size-medium wp-image-225\" src=\"https:\/\/wp.ufpel.edu.br\/revistamosaico\/files\/2026\/02\/Revista-vol-3-283x400.png\" alt=\"\" width=\"283\" height=\"400\" srcset=\"https:\/\/wp.ufpel.edu.br\/revistamosaico\/files\/2026\/02\/Revista-vol-3-283x400.png 283w, https:\/\/wp.ufpel.edu.br\/revistamosaico\/files\/2026\/02\/Revista-vol-3-724x1024.png 724w, https:\/\/wp.ufpel.edu.br\/revistamosaico\/files\/2026\/02\/Revista-vol-3-768x1086.png 768w, https:\/\/wp.ufpel.edu.br\/revistamosaico\/files\/2026\/02\/Revista-vol-3-1086x1536.png 1086w, https:\/\/wp.ufpel.edu.br\/revistamosaico\/files\/2026\/02\/Revista-vol-3-212x300.png 212w, https:\/\/wp.ufpel.edu.br\/revistamosaico\/files\/2026\/02\/Revista-vol-3.png 1414w\" sizes=\"auto, (max-width: 283px) 100vw, 283px\" \/><\/p>\n<p><strong>Artigos<\/strong><\/p>\n<p><a href=\"https:\/\/wp.ufpel.edu.br\/revistamosaico\/files\/2026\/04\/TunAma-Tuna-Universitaria-da-Amazonia-um-Laboratorio-de-Pratica-Musical-e-a-Indissociabilidade-entre-Ensino-Pesquisa-e-Extensao-na-Universidade-Brasileira.pdf\">Duarte, A. J., Fiel, C. R. T., da Costa, B. R., Monteiro, J. A. da S., Souza, T. da C., Silva, E. I. O. P., &amp; Pereira, G. da S. (2026). TunAma &#8211; Tuna Universit\u00e1ria da Amaz\u00f4nia: um Laborat\u00f3rio de Pr\u00e1tica Musical e a Indissociabilidade entre Ensino, Pesquisa e Extens\u00e3o na Universidade Brasileira. In Revista Mosaico: processos criativos em m\u00fasica e em artes do som (Vol. 3, N\u00famero 1, p. 1\u201329). Revista Mosaico: processos criativos em m\u00fasica e em artes do som.\u00a0https:\/\/doi.org\/10.5281\/zenodo.19374419<\/a><\/p>\n<p><strong>Partituras<br \/>\n<\/strong><\/p>\n<p>Informa\u00e7\u00f5es em breve.<\/p>\n<p>&nbsp;<\/p>\n<p>&nbsp;<\/p>\n<p><strong>2025, V. 2<\/strong><\/p>\n<p><img loading=\"lazy\" decoding=\"async\" class=\"alignnone wp-image-127\" src=\"https:\/\/wp.ufpel.edu.br\/revistamosaico\/files\/2025\/05\/Revista-vol-2-283x400.jpg\" alt=\"Capa, 2025, V. 2\" width=\"255\" height=\"360\" srcset=\"https:\/\/wp.ufpel.edu.br\/revistamosaico\/files\/2025\/05\/Revista-vol-2-283x400.jpg 283w, https:\/\/wp.ufpel.edu.br\/revistamosaico\/files\/2025\/05\/Revista-vol-2-724x1024.jpg 724w, https:\/\/wp.ufpel.edu.br\/revistamosaico\/files\/2025\/05\/Revista-vol-2-768x1086.jpg 768w, https:\/\/wp.ufpel.edu.br\/revistamosaico\/files\/2025\/05\/Revista-vol-2-1086x1536.jpg 1086w, https:\/\/wp.ufpel.edu.br\/revistamosaico\/files\/2025\/05\/Revista-vol-2-212x300.jpg 212w, https:\/\/wp.ufpel.edu.br\/revistamosaico\/files\/2025\/05\/Revista-vol-2.jpg 1414w\" sizes=\"auto, (max-width: 255px) 100vw, 255px\" \/><\/p>\n<p><strong>Artigos<br \/>\n<\/strong><\/p>\n<p><a href=\"https:\/\/wp.ufpel.edu.br\/revistamosaico\/files\/2025\/06\/Happening-gesto-e-processo-criativo-revisao-de-literatura-e-relatos-de-experiencias-imersivas-no-happening-Arrudeia-2024-de-Jonatas-Pereira.pdf\">Pereira, J., &amp; Oliveira, E. (2025). Happening, gesto e processo criativo: revis\u00e3o de literatura e relatos de experi\u00eancias imersivas no happening &#8220;Arrudeia&#8221; (2025), de Jonatas Pereira. In Revista Mosaico: processos criativos em m\u00fasica e em artes do som (Vol. 2, N\u00famero 1, p. 47\u201362). Revista Mosaico: processos criativos em m\u00fasica e em artes do som. https:\/\/doi.org\/10.5281\/zenodo.15584395<\/a><\/p>\n<p><a href=\"https:\/\/wp.ufpel.edu.br\/revistamosaico\/files\/2025\/07\/A-plasticidade-do-som-como-elemento-composicional-comentario-sobre-o-Duo-para-Oboe-e-Fagote-2025-de-Homero-Augusto-3.pdf\">Sousa, H. A. de A. (2025). A plasticidade do som como elemento composicional: coment\u00e1rio sobre o Duo para Obo\u00e9 e Fagote (2025), de Homero Augusto. In: Revista mosaico: processos criativos em m\u00fasica e em artes do som (Vol. 2, N\u00famero 1, p. 63\u201385. Revista Mosaico: processos criativos em m\u00fasica e em artes do som. https:\/\/10.5281\/zenodo.15799042<\/a><\/p>\n<p><a href=\"https:\/\/wp.ufpel.edu.br\/revistamosaico\/files\/2025\/07\/Cafe-sem-Compromisso.pdf\">Barbosa, L. M., &amp; Nazario, L. da C. (2025). &#8220;Caf\u00e9 sem compromisso&#8221;: uma perspectiva etnomusicol\u00f3gica sobre a criatividade como suporte ao enfrentamento do c\u00e2ncer. In Revista Mosaico: processos criativos em m\u00fasica e em artes do som (Vol. 2, N\u00famero 1, p. 197\u2013207). Revista Mosaico: processos criativos em m\u00fasica e em artes do som. https:\/\/doi.org\/10.5281\/zenodo.16461801<\/a><\/p>\n<p><a href=\"https:\/\/wp.ufpel.edu.br\/revistamosaico\/files\/2025\/07\/Revisao-de-literatura-e-estudo-dos-referenciais-para-a-composicao-audiovisual-A-dor-e-o-silencio-do-infinito-2026-de-Brenda-Bastos.pdf\">Lopes Bastos, B. N., &amp; Oliveira, E. (2025). Revis\u00e3o de literatura e estudo dos referenciais para a composi\u00e7\u00e3o audiovisual A dor e o sil\u00eancio do infinito (2026), de Brenda Bastos. In Revista Mosaico: processos criativos em m\u00fasica e em artes do som (Vol. 2, N\u00famero 1, p. 208\u2013225). Revista Mosaico: processos criativos em m\u00fasica e em artes do som. https:\/\/doi.org\/10.5281\/zenodo.16154019<\/a><\/p>\n<p><a href=\"https:\/\/wp.ufpel.edu.br\/revistamosaico\/files\/2025\/08\/Arvore-de-Identidades-processo-criativo-de-uma-instalacao-sonora-inserida-em-um-espetaculo-de-teatro.pdf\">Pratagy, L., &amp; Siqueira, F. (2025). \u00c1rvore de Identidades: processo criativo de uma instala\u00e7\u00e3o sonora inserida em um espet\u00e1culo de teatro. In Revista Mosaico: processos criativos em m\u00fasica e em artes do som (Vol. 2, N\u00famero 1, p. 264\u2013286). Revista Mosaico: processos criativos em m\u00fasica e em artes do som. https:\/\/doi.org\/10.5281\/zenodo.16743857<\/a><\/p>\n<p><a href=\"https:\/\/wp.ufpel.edu.br\/revistamosaico\/files\/2025\/08\/A-flauta-doce-na-contemporaneidade-a-paisagem-sonora-como-elemento-de-criacao-e-expressao-artistica-na-pratica-de-flauta-doce-na-educacao-basica-1.pdf\">da Silva, J. P. M. (2025). A flauta doce na contemporaneidade: a paisagem sonora como elemento de cria\u00e7\u00e3o e express\u00e3o art\u00edstica na pr\u00e1tica de flauta doce na educa\u00e7\u00e3o b\u00e1sica. In Revista Mosaico: processos criativos em m\u00fasica e em artes do som (Vol. 2, N\u00famero 1, p. 287\u2013307). Revista Mosaico: processos criativos em m\u00fasica e em artes do som. https:\/\/doi.org\/10.5281\/zenodo.16753518<\/a><\/p>\n<p><a href=\"https:\/\/wp.ufpel.edu.br\/revistamosaico\/files\/2025\/08\/Entre-sons-e-saberes.pdf\">De Carvalho, S. L., &amp; Fonseca, M. P. (2025). Entre sons e saberes: O papel do pedagogo em integrar a m\u00fasica nos anos iniciais do ensino fundamental. In Revista Mosaico: processos criativos em m\u00fasica e em artes do som (Vol. 2, N\u00famero 1, p. 318\u2013349). Zenodo. https:\/\/doi.org\/10.5281\/zenodo.16943657<\/a><\/p>\n<p><a href=\"https:\/\/wp.ufpel.edu.br\/revistamosaico\/files\/2025\/08\/A-milonga-atraves-do-violao-solista.pdf\">Vargas, F. Z., &amp; de Freitas, T. C. (2025). A milonga atrav\u00e9s do viol\u00e3o solista: um estudo comparativo entre tr\u00eas pe\u00e7as. In Revista Mosaico: processos criativos em m\u00fasica e em artes do som (Vol. 2, N\u00famero 1, p. 350\u2013384). Revista Mosaico: processos criativos em m\u00fasica e em artes do som. https:\/\/doi.org\/10.5281\/zenodo.16962702<\/a><\/p>\n<p><a href=\"https:\/\/wp.ufpel.edu.br\/revistamosaico\/files\/2025\/09\/Estrategias-de-Revitalizacao-para-a-Musica-Eletroacustica-Dialogo-entre-Pure-Data-Affordances-e-a-Percepcao-Performatica-1.pdf\">Gomes, E., Becke, G., Dalagna, G., &amp; Duarte, A. (2025). Estrat\u00e9gias de Revitaliza\u00e7\u00e3o para a M\u00fasica Eletroac\u00fastica: Di\u00e1logo entre Pure Data, Affordances e a Percep\u00e7\u00e3o Perform\u00e1tica (Vol. 2, N\u00famero 1, p. 385\u2013419). Revista Mosaico: processos criativos em m\u00fasica e em artes do som. https:\/\/doi.org\/10.5281\/zenodo.17066085<\/a><\/p>\n<p><strong>Partituras<br \/>\n<\/strong><\/p>\n<p><a href=\"https:\/\/wp.ufpel.edu.br\/revistamosaico\/files\/2025\/05\/German-1.pdf\">Gras, G. E. (2025). Da \u00c2nsia \u00e0 Ira e Complac\u00eancia (2021-22), de Germ\u00e1n E. Gras. Revista mosaico: processos criativos em m\u00fasica e em artes do som, 2(1), 1\u201321. https:\/\/doi.org\/10.5281\/zenodo.15554152<\/a><\/p>\n<p><a href=\"https:\/\/wp.ufpel.edu.br\/revistamosaico\/files\/2025\/05\/Thiago-P.pdf\">Perdig\u00e3o, T. (2025). Solitudes (2024). In Revista Mosaico: processos criativos em m\u00fasica e em artes do som (Vol. 2, N\u00famero 1, p. 22\u201336). Revista Mosaico: processos criativos em m\u00fasica e em artes do som.\u00a0https:\/\/doi.org\/10.5281\/zenodo.15554219<\/a><\/p>\n<p><a href=\"https:\/\/wp.ufpel.edu.br\/revistamosaico\/files\/2025\/06\/E.-Oliveira-1.pdf\">Oliveira, E. (2025). Three little pictures on a teabag (2023). In Revista Mosaico: processos criativos em m\u00fasica e em artes do som (Vol. 2, N\u00famero 1, p. 37\u201345). Revista Mosaico: processos criativos em m\u00fasica e em artes do som.\u00a0https:\/\/doi.org\/10.5281\/zenodo.15588576<\/a><\/p>\n<p><a href=\"https:\/\/wp.ufpel.edu.br\/revistamosaico\/files\/2025\/07\/Marcelo-F.-Placido-2016.pdf\">Fernandes, M. A. (2025). Pl\u00e1cido (2016). In: Revista Mosaico: processos criativos em m\u00fasica e em artes do som (Vol. 2, N\u00famero 1, p. 86\u2013174). Revista Mosaico: processos criativos em m\u00fasica e em artes do som. https:\/\/doi.org\/10.5281\/zenodo.15798387<\/a><\/p>\n<p><a href=\"https:\/\/wp.ufpel.edu.br\/revistamosaico\/files\/2025\/07\/Miniatura-n2.pdf\">Zambiazzi, R. (2025). Miniatura n\u00ba 2 (2024), de Rafael Zambiazzi. In Revista Mosaico: processos criativos em m\u00fasica e em artes do som (Vol. 2, N\u00famero 1, p. 175\u2013177). Revista Mosaico: processos criativos em m\u00fasica e em artes do som. https:\/\/doi.org\/10.5281\/zenodo.15878641<\/a><\/p>\n<p><a href=\"https:\/\/wp.ufpel.edu.br\/revistamosaico\/files\/2025\/07\/Adagio-in-D-1.pdf\">Zambiazzi, R. (2025). Adagio in D (2024), de Rafael Zambiazzi. In Revista Mosaico: processos criativos em m\u00fasica e em artes do som (Vol. 2, N\u00famero 1, p. 178\u2013191). Revista Mosaico: processos criativos em m\u00fasica e em artes do som. https:\/\/doi.org\/10.5281\/zenodo.15878663<\/a><\/p>\n<p><a href=\"https:\/\/wp.ufpel.edu.br\/revistamosaico\/files\/2025\/07\/Chuva-de-Verao.pdf\">Zambiazzi, R. (2025). Chuva de Ver\u00e3o (2022), de Rafael Zambiazzi. In Revista Mosaico: processos criativos em m\u00fasica e em artes do som (Vol. 2, N\u00famero 1, p. 192\u2013196). Revista Mosaico: processos criativos em m\u00fasica e em artes do som. https:\/\/doi.org\/10.5281\/zenodo.15878710<\/a><\/p>\n<p><a href=\"https:\/\/wp.ufpel.edu.br\/revistamosaico\/files\/2025\/08\/Trumpet-loops.pdf\">Gomes, E., &amp; Duarte, A. J. (2025). Trumpet-loops (2018). In Revista Mosaico: processos criativos em m\u00fasica e em artes do som (Vol. 2, N\u00famero 1, p. 226\u2013263). Revista Mosaico: processos criativos em m\u00fasica e em artes do som. https:\/\/doi.org\/10.5281\/zenodo.16707456<\/a><\/p>\n<p><a href=\"https:\/\/wp.ufpel.edu.br\/revistamosaico\/files\/2025\/08\/Dedalo-Revista-Mosaico-final-1.pdf\">Coelho, A. (2025). D\u00e9dalo em Devaneio (2025). In Revista Mosaico: processos criativos em m\u00fasica e em artes do som (Vol. 2, N\u00famero 1, p. 308\u2013317). Revista Mosaico: processos criativos em m\u00fasica e em artes do som. https:\/\/doi.org\/10.5281\/zenodo.16915729<\/a><\/p>\n<p><strong>2024, V.1, n\u00ba 3 &#8211; Dossi\u00ea dos Artistas: Claudio Vitale e Cristian Vitale<\/strong><\/p>\n<p><img loading=\"lazy\" decoding=\"async\" class=\"alignnone size-medium wp-image-128\" src=\"https:\/\/wp.ufpel.edu.br\/revistamosaico\/files\/2025\/05\/Revista-vol-1-Dossie-dos-artistas-283x400.jpg\" alt=\"\" width=\"283\" height=\"400\" srcset=\"https:\/\/wp.ufpel.edu.br\/revistamosaico\/files\/2025\/05\/Revista-vol-1-Dossie-dos-artistas-283x400.jpg 283w, https:\/\/wp.ufpel.edu.br\/revistamosaico\/files\/2025\/05\/Revista-vol-1-Dossie-dos-artistas-724x1024.jpg 724w, https:\/\/wp.ufpel.edu.br\/revistamosaico\/files\/2025\/05\/Revista-vol-1-Dossie-dos-artistas-768x1086.jpg 768w, https:\/\/wp.ufpel.edu.br\/revistamosaico\/files\/2025\/05\/Revista-vol-1-Dossie-dos-artistas-1086x1536.jpg 1086w, https:\/\/wp.ufpel.edu.br\/revistamosaico\/files\/2025\/05\/Revista-vol-1-Dossie-dos-artistas-212x300.jpg 212w, https:\/\/wp.ufpel.edu.br\/revistamosaico\/files\/2025\/05\/Revista-vol-1-Dossie-dos-artistas.jpg 1414w\" sizes=\"auto, (max-width: 283px) 100vw, 283px\" \/><\/p>\n<p><a href=\"https:\/\/drive.google.com\/file\/d\/1UMFlYEuSjgl2BV0GG1C5fnTUdh2qeYPE\/view?usp=sharing\">Oliveira, E., Crozetta Zomer, A. L., &amp; Vitale, C. H. (2024). Revista Mosaico: processos criativos em m\u00fasica e em artes do som. Dossi\u00ea dos Artistas: Claudio Vitale e Cristian Vitale. V.1, n\u00ba. 03. Bel\u00e9m, 2024. In Revista Mosaico: processos criativos em m\u00fasica e em artes do som (Vol. 1, N\u00famero 3, p. 1\u201364). Elder Oliveira. https:\/\/doi.org\/10.5281\/zenodo.13924334<\/a><\/p>\n<p><strong>2024, V.1, n\u00ba 2 &#8211; Dossi\u00ea de Artigos: Especializa\u00e7\u00e3o Lato Sensu em Processos Criativos &#8211; Composi\u00e7\u00e3o e Performance, Universidade Federal do Par\u00e1<\/strong><\/p>\n<p><img loading=\"lazy\" decoding=\"async\" class=\"alignnone size-medium wp-image-130\" src=\"https:\/\/wp.ufpel.edu.br\/revistamosaico\/files\/2025\/05\/Revista-vol-1-Dossie-de-artigos-283x400.jpg\" alt=\"\" width=\"283\" height=\"400\" srcset=\"https:\/\/wp.ufpel.edu.br\/revistamosaico\/files\/2025\/05\/Revista-vol-1-Dossie-de-artigos-283x400.jpg 283w, https:\/\/wp.ufpel.edu.br\/revistamosaico\/files\/2025\/05\/Revista-vol-1-Dossie-de-artigos-724x1024.jpg 724w, https:\/\/wp.ufpel.edu.br\/revistamosaico\/files\/2025\/05\/Revista-vol-1-Dossie-de-artigos-768x1086.jpg 768w, https:\/\/wp.ufpel.edu.br\/revistamosaico\/files\/2025\/05\/Revista-vol-1-Dossie-de-artigos-1086x1536.jpg 1086w, https:\/\/wp.ufpel.edu.br\/revistamosaico\/files\/2025\/05\/Revista-vol-1-Dossie-de-artigos-212x300.jpg 212w, https:\/\/wp.ufpel.edu.br\/revistamosaico\/files\/2025\/05\/Revista-vol-1-Dossie-de-artigos.jpg 1414w\" sizes=\"auto, (max-width: 283px) 100vw, 283px\" \/><\/p>\n<p><a href=\"https:\/\/drive.google.com\/file\/d\/1F0vTjV_q-qwq7TPumIWpx840gRl8vUuQ\/view?usp=sharing\">Oliveira, E., &amp; Crozetta Zomer, A. L. (2024). Revista Mosaico: processos criativos em m\u00fasica e em artes do som. Dossi\u00ea de Artigos: Especializa\u00e7\u00e3o Lato Sensu em Processos Criativos, composi\u00e7\u00e3o e performance. V.1, n\u00ba. 02. Bel\u00e9m, 2024. In Revista Mosaico: processos criativos em m\u00fasica e em artes do som (Vol. 1, N\u00famero 2, p. 1\u2013237). Elder Oliveira. https:\/\/doi.org\/10.5281\/zenodo.13916648<\/a><\/p>\n<p><strong>2024, V.1, n\u00ba 1 &#8211; Dossi\u00ea de Partituras: Especializa\u00e7\u00e3o Lato Sensu em Processos Criativos &#8211; Composi\u00e7\u00e3o e Performance, Universidade Federal do Par\u00e1<\/strong><\/p>\n<p><img loading=\"lazy\" decoding=\"async\" class=\"alignnone size-medium wp-image-129\" src=\"https:\/\/wp.ufpel.edu.br\/revistamosaico\/files\/2025\/05\/Revista-vol-1-Partituras-283x400.jpg\" alt=\"\" width=\"283\" height=\"400\" srcset=\"https:\/\/wp.ufpel.edu.br\/revistamosaico\/files\/2025\/05\/Revista-vol-1-Partituras-283x400.jpg 283w, https:\/\/wp.ufpel.edu.br\/revistamosaico\/files\/2025\/05\/Revista-vol-1-Partituras-724x1024.jpg 724w, https:\/\/wp.ufpel.edu.br\/revistamosaico\/files\/2025\/05\/Revista-vol-1-Partituras-768x1086.jpg 768w, https:\/\/wp.ufpel.edu.br\/revistamosaico\/files\/2025\/05\/Revista-vol-1-Partituras-1086x1536.jpg 1086w, https:\/\/wp.ufpel.edu.br\/revistamosaico\/files\/2025\/05\/Revista-vol-1-Partituras-212x300.jpg 212w, https:\/\/wp.ufpel.edu.br\/revistamosaico\/files\/2025\/05\/Revista-vol-1-Partituras.jpg 1414w\" sizes=\"auto, (max-width: 283px) 100vw, 283px\" \/><\/p>\n<p><a href=\"https:\/\/drive.google.com\/file\/d\/1lo8IdvassYCiUkrstSQwhljt6qyi1Isv\/view?usp=drive_link\">Oliveira, E., &amp; Crozetta Zomer, A. L. (2024). Revista Mosaico: processos criativos em m\u00fasica e em artes do som. Dissi\u00ea de Partituras Especializa\u00e7\u00e3o em Processos Criativos &#8211; Composi\u00e7\u00e3o e Performance. V.1. 2024. In Revista Mosaico: processos criativos em m\u00fasica e em artes do som (Vol. 1, N\u00famero 1, p. 1\u2013102). Elder Oliveira. https:\/\/doi.org\/10.5281\/zenodo.13904631<\/a><\/p>\n<p><strong>2024, V.1, n\u00ba 1\u00a0<\/strong><\/p>\n<p><img loading=\"lazy\" decoding=\"async\" class=\"alignnone size-medium wp-image-131\" src=\"https:\/\/wp.ufpel.edu.br\/revistamosaico\/files\/2025\/05\/Revista-vol-1-piloto-283x400.jpg\" alt=\"\" width=\"283\" height=\"400\" srcset=\"https:\/\/wp.ufpel.edu.br\/revistamosaico\/files\/2025\/05\/Revista-vol-1-piloto-283x400.jpg 283w, https:\/\/wp.ufpel.edu.br\/revistamosaico\/files\/2025\/05\/Revista-vol-1-piloto-724x1024.jpg 724w, https:\/\/wp.ufpel.edu.br\/revistamosaico\/files\/2025\/05\/Revista-vol-1-piloto-768x1086.jpg 768w, https:\/\/wp.ufpel.edu.br\/revistamosaico\/files\/2025\/05\/Revista-vol-1-piloto-1086x1536.jpg 1086w, https:\/\/wp.ufpel.edu.br\/revistamosaico\/files\/2025\/05\/Revista-vol-1-piloto-212x300.jpg 212w, https:\/\/wp.ufpel.edu.br\/revistamosaico\/files\/2025\/05\/Revista-vol-1-piloto.jpg 1414w\" sizes=\"auto, (max-width: 283px) 100vw, 283px\" \/><\/p>\n<p><a href=\"https:\/\/drive.google.com\/file\/d\/1mcSGU1S9LpeSmUVayFeJjkoBLxy6J3Sw\/view?usp=drive_link\">Oliveira, E., &amp; Crozetta Zomer, A. L. (2024). Revista Mosaico: processos criativos em m\u00fasica e em artes do som, v. 1. Bel\u00e9m, 2024. In Revista Mosaico: processos criativos em m\u00fasica e em artes do som (Vol. 1, N\u00famero 1, p. 1\u2013194). Elder Oliveira. https:\/\/doi.org\/10.5281\/zenodo.13904086<\/a><\/p>\n","protected":false},"excerpt":{"rendered":"<p>2026, V. 3 Artigos Duarte, A. J., Fiel, C. R. T., da Costa, B. R., Monteiro, J. A. da S., Souza, T. da C., Silva, E. I. O. P., &amp; Pereira, G. da S. (2026). TunAma &#8211; Tuna Universit\u00e1ria da Amaz\u00f4nia: um Laborat\u00f3rio de Pr\u00e1tica Musical e a Indissociabilidade entre Ensino, Pesquisa e Extens\u00e3o na&#8230; <\/p>\n<div class=\"link-more\"><a href=\"https:\/\/wp.ufpel.edu.br\/revistamosaico\/volumes\/\">Leia mais<\/a><\/div>\n","protected":false},"author":1447,"featured_media":0,"parent":0,"menu_order":0,"comment_status":"closed","ping_status":"closed","template":"","meta":{"footnotes":""},"class_list":["post-70","page","type-page","status-publish","hentry"],"_links":{"self":[{"href":"https:\/\/wp.ufpel.edu.br\/revistamosaico\/wp-json\/wp\/v2\/pages\/70","targetHints":{"allow":["GET"]}}],"collection":[{"href":"https:\/\/wp.ufpel.edu.br\/revistamosaico\/wp-json\/wp\/v2\/pages"}],"about":[{"href":"https:\/\/wp.ufpel.edu.br\/revistamosaico\/wp-json\/wp\/v2\/types\/page"}],"author":[{"embeddable":true,"href":"https:\/\/wp.ufpel.edu.br\/revistamosaico\/wp-json\/wp\/v2\/users\/1447"}],"replies":[{"embeddable":true,"href":"https:\/\/wp.ufpel.edu.br\/revistamosaico\/wp-json\/wp\/v2\/comments?post=70"}],"version-history":[{"count":4,"href":"https:\/\/wp.ufpel.edu.br\/revistamosaico\/wp-json\/wp\/v2\/pages\/70\/revisions"}],"predecessor-version":[{"id":231,"href":"https:\/\/wp.ufpel.edu.br\/revistamosaico\/wp-json\/wp\/v2\/pages\/70\/revisions\/231"}],"wp:attachment":[{"href":"https:\/\/wp.ufpel.edu.br\/revistamosaico\/wp-json\/wp\/v2\/media?parent=70"}],"curies":[{"name":"wp","href":"https:\/\/api.w.org\/{rel}","templated":true}]}}