{"id":29,"date":"2025-04-27T13:41:01","date_gmt":"2025-04-27T16:41:01","guid":{"rendered":"https:\/\/wp.ufpel.edu.br\/revistamosaico\/?page_id=29"},"modified":"2025-04-27T14:00:53","modified_gmt":"2025-04-27T17:00:53","slug":"plagio-licenca-e-copyright","status":"publish","type":"page","link":"https:\/\/wp.ufpel.edu.br\/revistamosaico\/plagio-licenca-e-copyright\/","title":{"rendered":"Pl\u00e1gio, Licen\u00e7a e Copyright"},"content":{"rendered":"<p>&nbsp;<\/p>\n<div class=\"container\">\n<div class=\"row-fluid\">\n<div id=\"content\" class=\"span9 internas\">\n<section id=\"content-section\">\n<div class=\"row-fluid\">\n<div class=\"item-pageeditoria-d pagina-editoria\">\n<h1 class=\"western\"><b>Pl\u00e1gio<\/b><\/h1>\n<p class=\"western\" align=\"justify\">A\u00a0<i>Revista\u00a0Mosaico: processos criativos em m\u00fasica e em artes do som<\/i>\u00a0usa o\u00a0software\u00a0<i>Similarity Check<\/i>, da\u00a0<i>Crossref<\/i>\u00a0para detec\u00e7\u00e3o de pl\u00e1gio. Se o pl\u00e1gio for detectado, o processo de avalia\u00e7\u00e3o ser\u00e1 suspenso em definitivo.<\/p>\n<h1 class=\"western\"><b>Licen\u00e7a e Copyright<\/b><\/h1>\n<p class=\"western\" align=\"justify\">A\u00a0<i>Revista\u00a0Mosaico: processos criativos em m\u00fasica e em artes do som<\/i>\u00a0est\u00e1\u00a0licenciada sob uma licen\u00e7a\u00a0<u><a href=\"https:\/\/creativecommons.org\/licenses\/by\/4.0\/legalcode.pt\" target=\"CC-BY\">CC-BY<\/a><\/u>.\u00a0Os textos podem ser copiados, adaptados e redistribu\u00eddos em qualquer meio ou formato, desde que os cr\u00e9ditos sejam dados de forma apropriada.<\/p>\n<\/div>\n<\/div>\n<\/section>\n<\/div>\n<\/div>\n<\/div>\n<p>&nbsp;<\/p>\n<footer>\n<div class=\"footer-atalhos\">\n<div class=\"container\"><\/div>\n<\/div>\n<\/footer>\n","protected":false},"excerpt":{"rendered":"<p>&nbsp; Pl\u00e1gio A\u00a0Revista\u00a0Mosaico: processos criativos em m\u00fasica e em artes do som\u00a0usa o\u00a0software\u00a0Similarity Check, da\u00a0Crossref\u00a0para detec\u00e7\u00e3o de pl\u00e1gio. Se o pl\u00e1gio for detectado, o processo de avalia\u00e7\u00e3o ser\u00e1 suspenso em definitivo. Licen\u00e7a e Copyright A\u00a0Revista\u00a0Mosaico: processos criativos em m\u00fasica e em artes do som\u00a0est\u00e1\u00a0licenciada sob uma licen\u00e7a\u00a0CC-BY.\u00a0Os textos podem ser copiados, adaptados e redistribu\u00eddos em&#8230; <\/p>\n<div class=\"link-more\"><a href=\"https:\/\/wp.ufpel.edu.br\/revistamosaico\/plagio-licenca-e-copyright\/\">Leia mais<\/a><\/div>\n","protected":false},"author":1447,"featured_media":0,"parent":0,"menu_order":0,"comment_status":"closed","ping_status":"closed","template":"","meta":{"footnotes":""},"class_list":["post-29","page","type-page","status-publish","hentry"],"_links":{"self":[{"href":"https:\/\/wp.ufpel.edu.br\/revistamosaico\/wp-json\/wp\/v2\/pages\/29","targetHints":{"allow":["GET"]}}],"collection":[{"href":"https:\/\/wp.ufpel.edu.br\/revistamosaico\/wp-json\/wp\/v2\/pages"}],"about":[{"href":"https:\/\/wp.ufpel.edu.br\/revistamosaico\/wp-json\/wp\/v2\/types\/page"}],"author":[{"embeddable":true,"href":"https:\/\/wp.ufpel.edu.br\/revistamosaico\/wp-json\/wp\/v2\/users\/1447"}],"replies":[{"embeddable":true,"href":"https:\/\/wp.ufpel.edu.br\/revistamosaico\/wp-json\/wp\/v2\/comments?post=29"}],"version-history":[{"count":3,"href":"https:\/\/wp.ufpel.edu.br\/revistamosaico\/wp-json\/wp\/v2\/pages\/29\/revisions"}],"predecessor-version":[{"id":96,"href":"https:\/\/wp.ufpel.edu.br\/revistamosaico\/wp-json\/wp\/v2\/pages\/29\/revisions\/96"}],"wp:attachment":[{"href":"https:\/\/wp.ufpel.edu.br\/revistamosaico\/wp-json\/wp\/v2\/media?parent=29"}],"curies":[{"name":"wp","href":"https:\/\/api.w.org\/{rel}","templated":true}]}}