{"id":27,"date":"2025-04-27T13:41:01","date_gmt":"2025-04-27T16:41:01","guid":{"rendered":"https:\/\/wp.ufpel.edu.br\/revistamosaico\/?page_id=27"},"modified":"2025-04-27T13:59:39","modified_gmt":"2025-04-27T16:59:39","slug":"taxas","status":"publish","type":"page","link":"https:\/\/wp.ufpel.edu.br\/revistamosaico\/taxas\/","title":{"rendered":"Taxas"},"content":{"rendered":"<p>A Revista n\u00e3o cobra taxas para a submiss\u00e3o ou publica\u00e7\u00e3o dos textos, tampouco pelos processos de avalia\u00e7\u00e3o, revis\u00e3o ou\u00a0<i>download.<\/i><\/p>\n","protected":false},"excerpt":{"rendered":"<p>A Revista n\u00e3o cobra taxas para a submiss\u00e3o ou publica\u00e7\u00e3o dos textos, tampouco pelos processos de avalia\u00e7\u00e3o, revis\u00e3o ou\u00a0download.<\/p>\n","protected":false},"author":1447,"featured_media":0,"parent":0,"menu_order":0,"comment_status":"closed","ping_status":"closed","template":"","meta":{"footnotes":""},"class_list":["post-27","page","type-page","status-publish","hentry"],"_links":{"self":[{"href":"https:\/\/wp.ufpel.edu.br\/revistamosaico\/wp-json\/wp\/v2\/pages\/27","targetHints":{"allow":["GET"]}}],"collection":[{"href":"https:\/\/wp.ufpel.edu.br\/revistamosaico\/wp-json\/wp\/v2\/pages"}],"about":[{"href":"https:\/\/wp.ufpel.edu.br\/revistamosaico\/wp-json\/wp\/v2\/types\/page"}],"author":[{"embeddable":true,"href":"https:\/\/wp.ufpel.edu.br\/revistamosaico\/wp-json\/wp\/v2\/users\/1447"}],"replies":[{"embeddable":true,"href":"https:\/\/wp.ufpel.edu.br\/revistamosaico\/wp-json\/wp\/v2\/comments?post=27"}],"version-history":[{"count":2,"href":"https:\/\/wp.ufpel.edu.br\/revistamosaico\/wp-json\/wp\/v2\/pages\/27\/revisions"}],"predecessor-version":[{"id":92,"href":"https:\/\/wp.ufpel.edu.br\/revistamosaico\/wp-json\/wp\/v2\/pages\/27\/revisions\/92"}],"wp:attachment":[{"href":"https:\/\/wp.ufpel.edu.br\/revistamosaico\/wp-json\/wp\/v2\/media?parent=27"}],"curies":[{"name":"wp","href":"https:\/\/api.w.org\/{rel}","templated":true}]}}