{"id":26,"date":"2025-04-27T13:41:01","date_gmt":"2025-04-27T16:41:01","guid":{"rendered":"https:\/\/wp.ufpel.edu.br\/revistamosaico\/?page_id=26"},"modified":"2025-04-27T13:59:22","modified_gmt":"2025-04-27T16:59:22","slug":"etica","status":"publish","type":"page","link":"https:\/\/wp.ufpel.edu.br\/revistamosaico\/etica\/","title":{"rendered":"\u00c9tica"},"content":{"rendered":"<h1 class=\"western\"><b>Declara\u00e7\u00e3o de \u00e9tica e de boas pr\u00e1ticas de publica\u00e7\u00e3o<\/b><\/h1>\n<ol>\n<li>\n<p align=\"justify\">Todos(as) os(as) envolvidos(as) no processo de publica\u00e7\u00e3o da\u00a0Revista x\u00a0devem seguir as normas listadas abaixo, baseadas no \u201cCode of Conduct and Best Practice Guidelines for Journal Editors of the Committee on Publication Ethics\u201d \u2013 COPE\u00a0(dispon\u00edveis em\u00a0<u><a href=\"http:\/\/publicationethics.org\/\" target=\"http:\/\/publicationethics.org\/\">http:\/\/publicationethics.org\/<\/a><\/u>).<\/p>\n<\/li>\n<li>\n<p align=\"justify\">Pesquisas envolvendo seres humanos devem estar em acordo com as normas de \u00e9tica em pesquisa vigentes. Recomenda-se incluir no artigo o n\u00famero do CAAE.<\/p>\n<\/li>\n<\/ol>\n<p class=\"western\"><a name=\"_Toc164112899\"><\/a><b>Responsabilidades do corpo editorial<\/b><b>:<\/b><\/p>\n<ol>\n<li>\n<p align=\"justify\">Contribuir para o desenvolvimento, seria\u00e7\u00e3o e boa gest\u00e3o da revista;<\/p>\n<\/li>\n<li>\n<p align=\"justify\">Atuar como divulgadores e fomentadores da revista;<\/p>\n<\/li>\n<li>\n<p align=\"justify\">Auxiliar o(a) editor(a) nas decis\u00f5es sobre a revista.<\/p>\n<\/li>\n<\/ol>\n<p class=\"western\" align=\"justify\"><a name=\"_Toc164112900\"><\/a><b>Responsabilidades do editor<\/b><b>:<\/b><\/p>\n<ol>\n<li>\n<p align=\"justify\">Decidir sobre a publica\u00e7\u00e3o dos manuscritos submetidos, com base nas pol\u00edticas da revista;<\/p>\n<\/li>\n<li>\n<p align=\"justify\">Assegurar que todos os processos de avalia\u00e7\u00e3o e publica\u00e7\u00e3o respeitem os requisitos legais em mat\u00e9ria de difama\u00e7\u00e3o, viola\u00e7\u00e3o de direitos de autor e pl\u00e1gio;<\/p>\n<\/li>\n<li>\n<p align=\"justify\">Informar os(as) autores(as) e pareceristas sobre os processos de revis\u00e3o pelos pares;<\/p>\n<\/li>\n<li>\n<p align=\"justify\">Avaliar os manuscritos exclusivamente com base no seu m\u00e9rito acad\u00eamico e intelectual, independentemente da nacionalidade dos(as) autores(as), ou de sua etnia, convic\u00e7\u00e3o pol\u00edtica, sexo, orienta\u00e7\u00e3o sexual, idade, religi\u00e3o ou classe social;<\/p>\n<\/li>\n<li>\n<p align=\"justify\">Assegurar uma avalia\u00e7\u00e3o justa e imparcial dos resultados por parte dos pares;<\/p>\n<\/li>\n<li>\n<p align=\"justify\">Assegurar a sele\u00e7\u00e3o de pareceristas adequados;<\/p>\n<\/li>\n<li>\n<p align=\"justify\">Assegurar que as identidades dos(as) pareceristas sejam protegidas, a menos que eles(as) expressem o desejo de realizar uma avalia\u00e7\u00e3o aberta;<\/p>\n<\/li>\n<li>\n<p align=\"justify\">Enviar os coment\u00e1rios dos(as) pareceristas aos(\u00e0s) autores(as) na \u00edntegra, a menos que contenham coment\u00e1rios ofensivos ou difamat\u00f3rios;<\/p>\n<\/li>\n<li>\n<p align=\"justify\">Acompanhar o desempenho dos(as) pareceristas e tomar medidas para garantir que este seja de alto padr\u00e3o;<\/p>\n<\/li>\n<li>\n<p align=\"justify\">Identificar novos(as) pareceristas potenciais e deixar de convidar pareceristas que produzam consistentemente revis\u00f5es descorteses, de m\u00e1 qualidade ou com atraso;<\/p>\n<\/li>\n<li>\n<p align=\"justify\">Garantir que a base de dados de pareceristas reflita a comunidade e adicionar novos nomes sempre que necess\u00e1rio;<\/p>\n<\/li>\n<li>\n<p align=\"justify\">Publicar corre\u00e7\u00f5es, esclarecimentos, retrata\u00e7\u00f5es e desculpas sempre que necess\u00e1rio;<\/p>\n<\/li>\n<li>\n<p align=\"justify\">Tomar medidas em caso de suspeita de m\u00e1 conduta relativa a um manuscrito submetido ou publicado. Nestes casos, seguimos os fluxogramas da COPE, dispon\u00edveis em\u00a0\u00a0<u><a href=\"http:\/\/publicationethics.org\/files\/Full%20set%20of%20flowcharts.pdf\" target=\"_blank\" rel=\"noopener noreferrer\">http:\/\/publicationethics.org\/files\/Full%20set%20of%20flowcharts.pdf<\/a><\/u>;<\/p>\n<\/li>\n<li>\n<p align=\"justify\">Consultar os(as) membros do conselho editorial periodicamente para pedir suas opini\u00f5es sobre o funcionamento da revista e inform\u00e1-los(as) de quaisquer mudan\u00e7as nas pol\u00edticas de revistas e identificar desafios futuros.<\/p>\n<\/li>\n<\/ol>\n<p class=\"western\"><a name=\"_Toc164112901\"><\/a><b>Responsabilidades dos(as) autores(as)<\/b><b>:<\/b><\/p>\n<ol>\n<li>\n<p align=\"justify\">Assumir completa responsabilidade sobre o conte\u00fado do artigo;<\/p>\n<\/li>\n<li>\n<p align=\"justify\">Participar dos processos de avalia\u00e7\u00e3o;<\/p>\n<\/li>\n<li>\n<p align=\"justify\">Assegurar que todos(as) os(as) coautores(as) listados(as) tenham participado da pesquisa de forma significativa, e de que h\u00e1 consenso entre todos(as) os(as) coautores(as) na aprova\u00e7\u00e3o da vers\u00e3o final e em sua submiss\u00e3o;<\/p>\n<\/li>\n<li>\n<p align=\"justify\">Assegurar que o manuscrito n\u00e3o tenha sido submetido a mais de uma publica\u00e7\u00e3o ao mesmo tempo, e que o manuscrito n\u00e3o tenha sido publicado em outro peri\u00f3dico;<\/p>\n<\/li>\n<li>\n<p align=\"justify\">Assegurar que obras ou trechos de obras de outros(as) autores(as), contribuidores(as) e fontes tenham sido creditados e referenciados de forma apropriada;<\/p>\n<\/li>\n<li>\n<p align=\"justify\">Notificar o(a) editor(a) se for detectado qualquer erro ou imprecis\u00e3o no trabalho publicado, e nesses casos cooperar para providenciar retrata\u00e7\u00e3o ou corre\u00e7\u00e3o;<\/p>\n<\/li>\n<li>\n<p align=\"justify\">Os(As) autores(as) devem estar cientes de que o pl\u00e1gio de qualquer forma constitui um comportamento anti\u00e9tico inaceit\u00e1vel.<\/p>\n<\/li>\n<li>\n<p align=\"justify\">As responsabilidades dos(as)\u00a0avaliadores(as)\u00a0s\u00e3o:<\/p>\n<\/li>\n<li>\n<p align=\"justify\">Auxiliar o(a) editor(a) a tomar decis\u00f5es editoriais;<\/p>\n<\/li>\n<li>\n<p align=\"justify\">Auxiliar o(a) autor(a) na melhoria do manuscrito;<\/p>\n<\/li>\n<li>\n<p align=\"justify\">Notificar o(a) editor(a) caso n\u00e3o se sintam qualificados(as) para revisar o manuscrito, ou se eles(as) t\u00eam alguma informa\u00e7\u00e3o sobre a identidade do(a) autor(a) no caso de uma avalia\u00e7\u00e3o cega;<\/p>\n<\/li>\n<li>\n<p align=\"justify\">Manter a confidencialidade de quaisquer informa\u00e7\u00f5es ou ideias obtidas atrav\u00e9s de revis\u00e3o por pares;<\/p>\n<\/li>\n<li>\n<p align=\"justify\">Informar o(a) editor(a) se tiver conhecimento de viola\u00e7\u00e3o de direitos autorais e\/ou pl\u00e1gio por parte do(a) autor(a);<\/p>\n<\/li>\n<li>\n<p align=\"justify\">Avaliar manuscritos baseados em conte\u00fado sem considerar a nacionalidade dos(as) autores(as), ou sua etnia, cren\u00e7as pol\u00edticas, sexo, orienta\u00e7\u00e3o sexual, idade, religi\u00e3o ou classe social;<\/p>\n<\/li>\n<li>\n<p align=\"justify\">Recusar-se a fazer a avalia\u00e7\u00e3o se tiverem conflitos de interesses resultantes de rela\u00e7\u00f5es competitivas, colaborativas ou outras, ou conex\u00f5es com qualquer dos(as) autores(as) ou institui\u00e7\u00f5es ligadas aos artigos.<\/p>\n<\/li>\n<\/ol>\n","protected":false},"excerpt":{"rendered":"<p>Declara\u00e7\u00e3o de \u00e9tica e de boas pr\u00e1ticas de publica\u00e7\u00e3o Todos(as) os(as) envolvidos(as) no processo de publica\u00e7\u00e3o da\u00a0Revista x\u00a0devem seguir as normas listadas abaixo, baseadas no \u201cCode of Conduct and Best Practice Guidelines for Journal Editors of the Committee on Publication Ethics\u201d \u2013 COPE\u00a0(dispon\u00edveis em\u00a0http:\/\/publicationethics.org\/). Pesquisas envolvendo seres humanos devem estar em acordo com as normas&#8230; <\/p>\n<div class=\"link-more\"><a href=\"https:\/\/wp.ufpel.edu.br\/revistamosaico\/etica\/\">Leia mais<\/a><\/div>\n","protected":false},"author":1447,"featured_media":0,"parent":0,"menu_order":0,"comment_status":"closed","ping_status":"closed","template":"","meta":{"footnotes":""},"class_list":["post-26","page","type-page","status-publish","hentry"],"_links":{"self":[{"href":"https:\/\/wp.ufpel.edu.br\/revistamosaico\/wp-json\/wp\/v2\/pages\/26","targetHints":{"allow":["GET"]}}],"collection":[{"href":"https:\/\/wp.ufpel.edu.br\/revistamosaico\/wp-json\/wp\/v2\/pages"}],"about":[{"href":"https:\/\/wp.ufpel.edu.br\/revistamosaico\/wp-json\/wp\/v2\/types\/page"}],"author":[{"embeddable":true,"href":"https:\/\/wp.ufpel.edu.br\/revistamosaico\/wp-json\/wp\/v2\/users\/1447"}],"replies":[{"embeddable":true,"href":"https:\/\/wp.ufpel.edu.br\/revistamosaico\/wp-json\/wp\/v2\/comments?post=26"}],"version-history":[{"count":2,"href":"https:\/\/wp.ufpel.edu.br\/revistamosaico\/wp-json\/wp\/v2\/pages\/26\/revisions"}],"predecessor-version":[{"id":91,"href":"https:\/\/wp.ufpel.edu.br\/revistamosaico\/wp-json\/wp\/v2\/pages\/26\/revisions\/91"}],"wp:attachment":[{"href":"https:\/\/wp.ufpel.edu.br\/revistamosaico\/wp-json\/wp\/v2\/media?parent=26"}],"curies":[{"name":"wp","href":"https:\/\/api.w.org\/{rel}","templated":true}]}}