{"id":25,"date":"2025-04-27T13:41:01","date_gmt":"2025-04-27T16:41:01","guid":{"rendered":"https:\/\/wp.ufpel.edu.br\/revistamosaico\/?page_id=25"},"modified":"2025-04-27T13:58:56","modified_gmt":"2025-04-27T16:58:56","slug":"politica-de-acesso","status":"publish","type":"page","link":"https:\/\/wp.ufpel.edu.br\/revistamosaico\/politica-de-acesso\/","title":{"rendered":"Pol\u00edtica de acesso"},"content":{"rendered":"<p>Esta revista oferece acesso livre imediato ao seu conte\u00fado, seguindo o princ\u00edpio de que disponibilizar gratuitamente o conhecimento cient\u00edfico ao p\u00fablico proporciona maior democratiza\u00e7\u00e3o mundial do conhecimento. Os(As) usu\u00e1rios(as) podem ler, fazer\u00a0download, copiar, distribuir, imprimir, pesquisar ou referenciar o texto integral dos artigos, sem solicitar autoriza\u00e7\u00e3o pr\u00e9via dos(as) editores(as) ou autores(as). Essa pol\u00edtica est\u00e1 de acordo com a defini\u00e7\u00e3o de acesso aberto BOAI \u201cBudapest Open Access Initiative\u201d.<\/p>\n","protected":false},"excerpt":{"rendered":"<p>Esta revista oferece acesso livre imediato ao seu conte\u00fado, seguindo o princ\u00edpio de que disponibilizar gratuitamente o conhecimento cient\u00edfico ao p\u00fablico proporciona maior democratiza\u00e7\u00e3o mundial do conhecimento. Os(As) usu\u00e1rios(as) podem ler, fazer\u00a0download, copiar, distribuir, imprimir, pesquisar ou referenciar o texto integral dos artigos, sem solicitar autoriza\u00e7\u00e3o pr\u00e9via dos(as) editores(as) ou autores(as). Essa pol\u00edtica est\u00e1 de&#8230; <\/p>\n<div class=\"link-more\"><a href=\"https:\/\/wp.ufpel.edu.br\/revistamosaico\/politica-de-acesso\/\">Leia mais<\/a><\/div>\n","protected":false},"author":1447,"featured_media":0,"parent":0,"menu_order":0,"comment_status":"closed","ping_status":"closed","template":"","meta":{"footnotes":""},"class_list":["post-25","page","type-page","status-publish","hentry"],"_links":{"self":[{"href":"https:\/\/wp.ufpel.edu.br\/revistamosaico\/wp-json\/wp\/v2\/pages\/25","targetHints":{"allow":["GET"]}}],"collection":[{"href":"https:\/\/wp.ufpel.edu.br\/revistamosaico\/wp-json\/wp\/v2\/pages"}],"about":[{"href":"https:\/\/wp.ufpel.edu.br\/revistamosaico\/wp-json\/wp\/v2\/types\/page"}],"author":[{"embeddable":true,"href":"https:\/\/wp.ufpel.edu.br\/revistamosaico\/wp-json\/wp\/v2\/users\/1447"}],"replies":[{"embeddable":true,"href":"https:\/\/wp.ufpel.edu.br\/revistamosaico\/wp-json\/wp\/v2\/comments?post=25"}],"version-history":[{"count":2,"href":"https:\/\/wp.ufpel.edu.br\/revistamosaico\/wp-json\/wp\/v2\/pages\/25\/revisions"}],"predecessor-version":[{"id":90,"href":"https:\/\/wp.ufpel.edu.br\/revistamosaico\/wp-json\/wp\/v2\/pages\/25\/revisions\/90"}],"wp:attachment":[{"href":"https:\/\/wp.ufpel.edu.br\/revistamosaico\/wp-json\/wp\/v2\/media?parent=25"}],"curies":[{"name":"wp","href":"https:\/\/api.w.org\/{rel}","templated":true}]}}