{"id":24,"date":"2025-04-27T13:41:01","date_gmt":"2025-04-27T16:41:01","guid":{"rendered":"https:\/\/wp.ufpel.edu.br\/revistamosaico\/?page_id=24"},"modified":"2025-04-27T13:58:37","modified_gmt":"2025-04-27T16:58:37","slug":"periodicidade","status":"publish","type":"page","link":"https:\/\/wp.ufpel.edu.br\/revistamosaico\/periodicidade\/","title":{"rendered":"Periodicidade"},"content":{"rendered":"<p class=\"western\" align=\"justify\">Publica\u00e7\u00e3o eletr\u00f4nica (online), seriada e anual.<\/p>\n<p class=\"western\" align=\"justify\">A revista trabalha no sistema de publica\u00e7\u00e3o cont\u00ednua.<\/p>\n<p class=\"western\" align=\"justify\">A\u00a0<i>Revista\u00a0Mosaico: processos criativos em m\u00fasica e em artes do som<\/i>\u00a0\u00a0recebe artigos em fluxo cont\u00ednuo e, a partir do vol. 1 (2024), autoriza a publica\u00e7\u00e3o de dossi\u00eas tem\u00e1ticos que seguem chamadas de trabalhos e calend\u00e1rios de publica\u00e7\u00e3o espec\u00edficos.<\/p>\n","protected":false},"excerpt":{"rendered":"<p>Publica\u00e7\u00e3o eletr\u00f4nica (online), seriada e anual. A revista trabalha no sistema de publica\u00e7\u00e3o cont\u00ednua. A\u00a0Revista\u00a0Mosaico: processos criativos em m\u00fasica e em artes do som\u00a0\u00a0recebe artigos em fluxo cont\u00ednuo e, a partir do vol. 1 (2024), autoriza a publica\u00e7\u00e3o de dossi\u00eas tem\u00e1ticos que seguem chamadas de trabalhos e calend\u00e1rios de publica\u00e7\u00e3o espec\u00edficos.<\/p>\n","protected":false},"author":1447,"featured_media":0,"parent":0,"menu_order":0,"comment_status":"closed","ping_status":"closed","template":"","meta":{"footnotes":""},"class_list":["post-24","page","type-page","status-publish","hentry"],"_links":{"self":[{"href":"https:\/\/wp.ufpel.edu.br\/revistamosaico\/wp-json\/wp\/v2\/pages\/24","targetHints":{"allow":["GET"]}}],"collection":[{"href":"https:\/\/wp.ufpel.edu.br\/revistamosaico\/wp-json\/wp\/v2\/pages"}],"about":[{"href":"https:\/\/wp.ufpel.edu.br\/revistamosaico\/wp-json\/wp\/v2\/types\/page"}],"author":[{"embeddable":true,"href":"https:\/\/wp.ufpel.edu.br\/revistamosaico\/wp-json\/wp\/v2\/users\/1447"}],"replies":[{"embeddable":true,"href":"https:\/\/wp.ufpel.edu.br\/revistamosaico\/wp-json\/wp\/v2\/comments?post=24"}],"version-history":[{"count":2,"href":"https:\/\/wp.ufpel.edu.br\/revistamosaico\/wp-json\/wp\/v2\/pages\/24\/revisions"}],"predecessor-version":[{"id":89,"href":"https:\/\/wp.ufpel.edu.br\/revistamosaico\/wp-json\/wp\/v2\/pages\/24\/revisions\/89"}],"wp:attachment":[{"href":"https:\/\/wp.ufpel.edu.br\/revistamosaico\/wp-json\/wp\/v2\/media?parent=24"}],"curies":[{"name":"wp","href":"https:\/\/api.w.org\/{rel}","templated":true}]}}