{"id":22,"date":"2025-04-27T13:41:01","date_gmt":"2025-04-27T16:41:01","guid":{"rendered":"https:\/\/wp.ufpel.edu.br\/revistamosaico\/?page_id=22"},"modified":"2026-03-02T08:02:56","modified_gmt":"2026-03-02T11:02:56","slug":"consultores-ad-hoc","status":"publish","type":"page","link":"https:\/\/wp.ufpel.edu.br\/revistamosaico\/consultores-ad-hoc\/","title":{"rendered":"Consultores ad hoc"},"content":{"rendered":"<h3><strong>A<\/strong><\/h3>\n<p>Alex Damasceno (Universidade Federal do Par\u00e1)<br \/>\nAlexsander Jorge Duarte (Universidade Federal do Par\u00e1)<br \/>\nAlu\u00edsio Coelho Barros (Universidade Federal de Pelotas)<br \/>\nAnselmo Guerra (Universidade Federal de Goi\u00e1s)<br \/>\nAdriana Valente Azulay (Universidade Federal do Par\u00e1)<br \/>\nAndr\u00e9s Duarte Loza (Universidad Nacional de La Plata)<br \/>\nAna Zeferina Ferreira Maio (Universidade Federal do Rio Grande)<br \/>\n\u00c1ureo DeFreitas (Universidade Federal do Par\u00e1)<\/p>\n<h3><strong>C<\/strong><\/h3>\n<p>Cristina Palmese (Universidad Europea de Madrid)<br \/>\nCibele Palopoli (Universidade Cat\u00f3lica de Santos)<br \/>\nC\u00e9lio Roberto Eyng (Universidade do Oeste do Paran\u00e1)<br \/>\nCesar Lignelli (Universidade de Bras\u00edlia)<\/p>\n<h3><strong>D<\/strong><\/h3>\n<p>Daniel Paes de Barros (Universidade Federal de Lavras)<\/p>\n<h3><strong>E<\/strong><\/h3>\n<p>Eduardo Frigatti (Universidade Maria Curie-Sk\u0142odowska)<br \/>\nEduardo Hector Ferraro (Universidade do Vale do Itaja\u00ed)<br \/>\nElder Gomes da Silva (Universidade Federal do Acre)<\/p>\n<h3><strong>F<\/strong><\/h3>\n<p>Filipe Cunha Monteiro Lopes (Instituto Polit\u00e9cnico do Porto)<br \/>\nFelipe de Almeida Ribeiro (Universidade Estadual do Paran\u00e1)<\/p>\n<h3><strong>G<\/strong><\/h3>\n<p>Germano Gastal Mayer (Universidade Federal de Pelotas)<br \/>\nGizele Ruiz Silva (Universidade Federal do Rio Grande)<br \/>\nGuilherme Parolin (Universidade Federal de Pelotas)<br \/>\nGerson Rios Leme (Universidade Federal de Pelotas)<\/p>\n<h3><strong>H<\/strong><\/h3>\n<p>Helena Maria da Silva Santana (Universidade de Aveiro)<\/p>\n<h3><strong>I<\/strong><\/h3>\n<p>Ivan Risafi de Pontes (Universidade Federal do Par\u00e1)<br \/>\nIsabel Bonat Hirsch (Universidade Federal de Pelotas)<br \/>\nIsabel Nogueira (Universidade Federal do Rio Grande do Sul)<br \/>\nIsis de Melo Molinari Antunes (Universidade Federal do Par\u00e1)<br \/>\nIsabel Soveral (Universidade de Aveiro)<\/p>\n<h3><strong>J<\/strong><\/h3>\n<p>James Corr\u00eaa (Universidade Federal de Pelotas)<br \/>\nJonathan Guimar\u00e3es e Miranda (Universidade Federal do Par\u00e1)<br \/>\nJos\u00e9 Daniel Telles dos Santos (Universidade Federal do Pampa)<br \/>\nJose Luis Carles Arribas (Universidade Aut\u00f3noma de Madrid)<br \/>\nJean Pscheidt (Universidade Estadual do Paran\u00e1)<br \/>\nJos\u00e9 Maria Carvalho Bezerra (Universidade Federal do Par\u00e1)<\/p>\n<h3><strong>L<\/strong><\/h3>\n<p>Liliam Cristina Barros Cohen (Universidade Federal do Par\u00e1)<br \/>\nLarissa Latif (Universidade Federal do Par\u00e1)<br \/>\nLeandro Gumboski (Instituto Federal do Paran\u00e1)<br \/>\nLuciano Costa Nazario (Universidade Federal do Rio Grande &#8211; FURG)<br \/>\nLucian Jos\u00e9 de Souza Costa e Costa (Universidade do Estado do Par\u00e1)<\/p>\n<h3><strong>M<\/strong><\/h3>\n<p>Maria do Ros\u00e1rio Correia Pereira Pestana (Universidade de Aveiro)<br \/>\nMarisa Ponce de Le\u00f3n (Universidade de Aveiro)<\/p>\n<h3><strong>O<\/strong><\/h3>\n<p>Orlando Maneschy (Universidade Federal do Par\u00e1)<\/p>\n<h3><strong>P<\/strong><\/h3>\n<p>Paula Corr\u00eaa Henning (Universidade Federal do Rio Grande)<br \/>\nPatr\u00edcia Pederiva (Universidade de Bras\u00edlia)<\/p>\n<h3><strong>R<\/strong><\/h3>\n<p>Rafael Henrique Soares Velloso (Universidade Federal de Pelotas &#8211; UFPel)<br \/>\nRicardo Harada Ono (Universidade Federal do Par\u00e1)<br \/>\nRog\u00e9rio Tavares Constante (Universidade Federal do Rio de Janeiro)<br \/>\nRodrigo Barchi (Universidade de Sorocaba)<br \/>\nRenata Coutinho Correia<br \/>\nRafaela Alc\u00e2ntara Barata (PPGArtes &#8211; UFPA)<\/p>\n<h3><strong>S<\/strong><\/h3>\n<p>Sara Carvalho Aires Pereira (Universidade de Aveiro)<br \/>\nSonia Maria Moraes Chada (Universidade Federal do Par\u00e1)<\/p>\n","protected":false},"excerpt":{"rendered":"<p>A Alex Damasceno (Universidade Federal do Par\u00e1) Alexsander Jorge Duarte (Universidade Federal do Par\u00e1) Alu\u00edsio Coelho Barros (Universidade Federal de Pelotas) Anselmo Guerra (Universidade Federal de Goi\u00e1s) Adriana Valente Azulay (Universidade Federal do Par\u00e1) Andr\u00e9s Duarte Loza (Universidad Nacional de La Plata) Ana Zeferina Ferreira Maio (Universidade Federal do Rio Grande) \u00c1ureo DeFreitas (Universidade Federal&#8230; <\/p>\n<div class=\"link-more\"><a href=\"https:\/\/wp.ufpel.edu.br\/revistamosaico\/consultores-ad-hoc\/\">Leia mais<\/a><\/div>\n","protected":false},"author":1447,"featured_media":0,"parent":0,"menu_order":0,"comment_status":"closed","ping_status":"closed","template":"","meta":{"footnotes":""},"class_list":["post-22","page","type-page","status-publish","hentry"],"_links":{"self":[{"href":"https:\/\/wp.ufpel.edu.br\/revistamosaico\/wp-json\/wp\/v2\/pages\/22","targetHints":{"allow":["GET"]}}],"collection":[{"href":"https:\/\/wp.ufpel.edu.br\/revistamosaico\/wp-json\/wp\/v2\/pages"}],"about":[{"href":"https:\/\/wp.ufpel.edu.br\/revistamosaico\/wp-json\/wp\/v2\/types\/page"}],"author":[{"embeddable":true,"href":"https:\/\/wp.ufpel.edu.br\/revistamosaico\/wp-json\/wp\/v2\/users\/1447"}],"replies":[{"embeddable":true,"href":"https:\/\/wp.ufpel.edu.br\/revistamosaico\/wp-json\/wp\/v2\/comments?post=22"}],"version-history":[{"count":4,"href":"https:\/\/wp.ufpel.edu.br\/revistamosaico\/wp-json\/wp\/v2\/pages\/22\/revisions"}],"predecessor-version":[{"id":228,"href":"https:\/\/wp.ufpel.edu.br\/revistamosaico\/wp-json\/wp\/v2\/pages\/22\/revisions\/228"}],"wp:attachment":[{"href":"https:\/\/wp.ufpel.edu.br\/revistamosaico\/wp-json\/wp\/v2\/media?parent=22"}],"curies":[{"name":"wp","href":"https:\/\/api.w.org\/{rel}","templated":true}]}}