{"id":20,"date":"2025-04-27T13:41:01","date_gmt":"2025-04-27T16:41:01","guid":{"rendered":"https:\/\/wp.ufpel.edu.br\/revistamosaico\/?page_id=20"},"modified":"2025-04-27T13:56:47","modified_gmt":"2025-04-27T16:56:47","slug":"apresentacao","status":"publish","type":"page","link":"https:\/\/wp.ufpel.edu.br\/revistamosaico\/apresentacao\/","title":{"rendered":"Apresenta\u00e7\u00e3o"},"content":{"rendered":"<p class=\"western\" align=\"justify\">Criada em 2024, a\u00a0<i>Revista\u00a0Mosaico: processos criativos em m\u00fasica e em artes do som<\/i>\u00a0(ISSN 2966-2311) \u00e9 uma publica\u00e7\u00e3o seriada anual, cujo objetivo \u00e9 divulgar a pluralidade do conhecimento em\u00a0<u>processos art\u00edstico-musicais<\/u>, considerados aspectos de cunho pr\u00e1tico, te\u00f3rico, hist\u00f3rico, pol\u00edtico, cultural e\/ou interdisciplinar \u2014 sempre encorajando o desenvolvimento de novas perspectivas metodol\u00f3gicas e criativas. Por constituir o peri\u00f3dico cient\u00edfico do Grupo de Pesquisa Arte Sonora, tem como foco principal compor um panorama dos resultados mais representativos da pesquisa em art\u00edstica e musical no Brasil.<\/p>\n<p class=\"western\" align=\"justify\">A<i>\u00a0Revista\u00a0Mosaico: processos criativos em m\u00fasica e em artes do som<\/i>\u00a0 est\u00e1 aberta a colabora\u00e7\u00f5es do Brasil e do exterior. Atualmente, \u00e9 veiculada em formato eletr\u00f4nico (online).<\/p>\n","protected":false},"excerpt":{"rendered":"<p>Criada em 2024, a\u00a0Revista\u00a0Mosaico: processos criativos em m\u00fasica e em artes do som\u00a0(ISSN 2966-2311) \u00e9 uma publica\u00e7\u00e3o seriada anual, cujo objetivo \u00e9 divulgar a pluralidade do conhecimento em\u00a0processos art\u00edstico-musicais, considerados aspectos de cunho pr\u00e1tico, te\u00f3rico, hist\u00f3rico, pol\u00edtico, cultural e\/ou interdisciplinar \u2014 sempre encorajando o desenvolvimento de novas perspectivas metodol\u00f3gicas e criativas. Por constituir o peri\u00f3dico&#8230; <\/p>\n<div class=\"link-more\"><a href=\"https:\/\/wp.ufpel.edu.br\/revistamosaico\/apresentacao\/\">Leia mais<\/a><\/div>\n","protected":false},"author":1447,"featured_media":0,"parent":0,"menu_order":0,"comment_status":"closed","ping_status":"closed","template":"","meta":{"footnotes":""},"class_list":["post-20","page","type-page","status-publish","hentry"],"_links":{"self":[{"href":"https:\/\/wp.ufpel.edu.br\/revistamosaico\/wp-json\/wp\/v2\/pages\/20","targetHints":{"allow":["GET"]}}],"collection":[{"href":"https:\/\/wp.ufpel.edu.br\/revistamosaico\/wp-json\/wp\/v2\/pages"}],"about":[{"href":"https:\/\/wp.ufpel.edu.br\/revistamosaico\/wp-json\/wp\/v2\/types\/page"}],"author":[{"embeddable":true,"href":"https:\/\/wp.ufpel.edu.br\/revistamosaico\/wp-json\/wp\/v2\/users\/1447"}],"replies":[{"embeddable":true,"href":"https:\/\/wp.ufpel.edu.br\/revistamosaico\/wp-json\/wp\/v2\/comments?post=20"}],"version-history":[{"count":2,"href":"https:\/\/wp.ufpel.edu.br\/revistamosaico\/wp-json\/wp\/v2\/pages\/20\/revisions"}],"predecessor-version":[{"id":85,"href":"https:\/\/wp.ufpel.edu.br\/revistamosaico\/wp-json\/wp\/v2\/pages\/20\/revisions\/85"}],"wp:attachment":[{"href":"https:\/\/wp.ufpel.edu.br\/revistamosaico\/wp-json\/wp\/v2\/media?parent=20"}],"curies":[{"name":"wp","href":"https:\/\/api.w.org\/{rel}","templated":true}]}}