{"id":19,"date":"2025-04-27T13:41:01","date_gmt":"2025-04-27T16:41:01","guid":{"rendered":"https:\/\/wp.ufpel.edu.br\/revistamosaico\/?page_id=19"},"modified":"2025-04-28T07:40:43","modified_gmt":"2025-04-28T10:40:43","slug":"geral","status":"publish","type":"page","link":"https:\/\/wp.ufpel.edu.br\/revistamosaico\/geral\/","title":{"rendered":"Geral"},"content":{"rendered":"<p><a href=\"https:\/\/wp.ufpel.edu.br\/revistamosaico\/apresentacao\/\">Apresenta\u00e7\u00e3o<\/a><br \/>\n<a href=\"https:\/\/wp.ufpel.edu.br\/revistamosaico\/equipe-editorial\/\">Equipe editorial<\/a><br \/>\n<a href=\"https:\/\/wp.ufpel.edu.br\/revistamosaico\/consultores-ad-hoc\/\">Consultores ad hoc<\/a><br \/>\n<a href=\"https:\/\/wp.ufpel.edu.br\/revistamosaico\/avaliacao\/\">Avalia\u00e7\u00e3o<\/a><br \/>\n<a href=\"https:\/\/wp.ufpel.edu.br\/revistamosaico\/periodicidade\/\">Periodicidade<\/a><br \/>\n<a href=\"https:\/\/wp.ufpel.edu.br\/revistamosaico\/politica-de-acesso\/\">Pol\u00edticas de acesso<\/a><br \/>\n<a href=\"https:\/\/wp.ufpel.edu.br\/revistamosaico\/etica\/\">\u00c9tica<\/a><br \/>\n<a href=\"https:\/\/wp.ufpel.edu.br\/revistamosaico\/taxas\/\">Taxas<\/a><br \/>\n<a href=\"https:\/\/wp.ufpel.edu.br\/revistamosaico\/indexacao\/\">Indexa\u00e7\u00e3o<\/a><br \/>\n<a href=\"https:\/\/wp.ufpel.edu.br\/revistamosaico\/plagio-licenca-e-copyright\/\">Pl\u00e1gio, Licen\u00e7a e Copyright<\/a><\/p>\n","protected":false},"excerpt":{"rendered":"<p>Apresenta\u00e7\u00e3o Equipe editorial Consultores ad hoc Avalia\u00e7\u00e3o Periodicidade Pol\u00edticas de acesso \u00c9tica Taxas Indexa\u00e7\u00e3o Pl\u00e1gio, Licen\u00e7a e Copyright<\/p>\n","protected":false},"author":1447,"featured_media":0,"parent":0,"menu_order":0,"comment_status":"closed","ping_status":"closed","template":"","meta":{"footnotes":""},"class_list":["post-19","page","type-page","status-publish","hentry"],"_links":{"self":[{"href":"https:\/\/wp.ufpel.edu.br\/revistamosaico\/wp-json\/wp\/v2\/pages\/19","targetHints":{"allow":["GET"]}}],"collection":[{"href":"https:\/\/wp.ufpel.edu.br\/revistamosaico\/wp-json\/wp\/v2\/pages"}],"about":[{"href":"https:\/\/wp.ufpel.edu.br\/revistamosaico\/wp-json\/wp\/v2\/types\/page"}],"author":[{"embeddable":true,"href":"https:\/\/wp.ufpel.edu.br\/revistamosaico\/wp-json\/wp\/v2\/users\/1447"}],"replies":[{"embeddable":true,"href":"https:\/\/wp.ufpel.edu.br\/revistamosaico\/wp-json\/wp\/v2\/comments?post=19"}],"version-history":[{"count":3,"href":"https:\/\/wp.ufpel.edu.br\/revistamosaico\/wp-json\/wp\/v2\/pages\/19\/revisions"}],"predecessor-version":[{"id":107,"href":"https:\/\/wp.ufpel.edu.br\/revistamosaico\/wp-json\/wp\/v2\/pages\/19\/revisions\/107"}],"wp:attachment":[{"href":"https:\/\/wp.ufpel.edu.br\/revistamosaico\/wp-json\/wp\/v2\/media?parent=19"}],"curies":[{"name":"wp","href":"https:\/\/api.w.org\/{rel}","templated":true}]}}