{"id":24,"date":"2026-04-22T13:43:41","date_gmt":"2026-04-22T16:43:41","guid":{"rendered":"https:\/\/wp.ufpel.edu.br\/revistainiciacao\/?page_id=24"},"modified":"2026-04-24T09:13:38","modified_gmt":"2026-04-24T12:13:38","slug":"sobre-o-projeto-revista-iniciacao","status":"publish","type":"page","link":"https:\/\/wp.ufpel.edu.br\/revistainiciacao\/sobre-o-projeto-revista-iniciacao\/","title":{"rendered":"Sobre o Projeto Revista IniciA\u00e7\u00e3o"},"content":{"rendered":"<p>Divulga\u00e7\u00e3o da produ\u00e7\u00e3o do conhecimento cient\u00edfico de estudantes da gradua\u00e7\u00e3o e da p\u00f3s gradua\u00e7\u00e3o do CCSO, atrav\u00e9s de uma revista eletr\u00f4nica com pesquisas direcionadas para a comunidade em geral, atendendo a uma das quatro diretrizes abalizadas pela Pol\u00edtica Nacional de Extens\u00e3o universit\u00e1ria, que \u00e9 a intera\u00e7\u00e3o dial\u00f3gica da comunidade acad\u00eamica com a sociedade por meio da troca de conhecimentos, da participa\u00e7\u00e3o e do contato com as quest\u00f5es complexas contempor\u00e2neas presentes no contexto social, resultado de textos produzidos em sala de aula por alunos do CCSO e disponibilizados \u00e0 comunidade atrav\u00e9s da revista eletr\u00f4nica.<\/p>\n","protected":false},"excerpt":{"rendered":"<p>Divulga\u00e7\u00e3o da produ\u00e7\u00e3o do conhecimento cient\u00edfico de estudantes da gradua\u00e7\u00e3o e da p\u00f3s gradua\u00e7\u00e3o do CCSO, atrav\u00e9s de uma revista eletr\u00f4nica com pesquisas direcionadas para a comunidade em geral, atendendo a uma das quatro diretrizes abalizadas pela Pol\u00edtica Nacional de Extens\u00e3o universit\u00e1ria, que \u00e9 a intera\u00e7\u00e3o dial\u00f3gica da comunidade acad\u00eamica com a sociedade por meio [&hellip;]<\/p>\n","protected":false},"author":1571,"featured_media":0,"parent":0,"menu_order":0,"comment_status":"closed","ping_status":"closed","template":"","meta":{"footnotes":""},"class_list":["post-24","page","type-page","status-publish","hentry"],"_links":{"self":[{"href":"https:\/\/wp.ufpel.edu.br\/revistainiciacao\/wp-json\/wp\/v2\/pages\/24","targetHints":{"allow":["GET"]}}],"collection":[{"href":"https:\/\/wp.ufpel.edu.br\/revistainiciacao\/wp-json\/wp\/v2\/pages"}],"about":[{"href":"https:\/\/wp.ufpel.edu.br\/revistainiciacao\/wp-json\/wp\/v2\/types\/page"}],"author":[{"embeddable":true,"href":"https:\/\/wp.ufpel.edu.br\/revistainiciacao\/wp-json\/wp\/v2\/users\/1571"}],"replies":[{"embeddable":true,"href":"https:\/\/wp.ufpel.edu.br\/revistainiciacao\/wp-json\/wp\/v2\/comments?post=24"}],"version-history":[{"count":2,"href":"https:\/\/wp.ufpel.edu.br\/revistainiciacao\/wp-json\/wp\/v2\/pages\/24\/revisions"}],"predecessor-version":[{"id":40,"href":"https:\/\/wp.ufpel.edu.br\/revistainiciacao\/wp-json\/wp\/v2\/pages\/24\/revisions\/40"}],"wp:attachment":[{"href":"https:\/\/wp.ufpel.edu.br\/revistainiciacao\/wp-json\/wp\/v2\/media?parent=24"}],"curies":[{"name":"wp","href":"https:\/\/api.w.org\/{rel}","templated":true}]}}