{"id":59,"date":"2014-04-25T10:58:54","date_gmt":"2014-04-25T13:58:54","guid":{"rendered":"https:\/\/wp.ufpel.edu.br\/residuos\/?page_id=59"},"modified":"2015-05-26T14:24:33","modified_gmt":"2015-05-26T17:24:33","slug":"projeto","status":"publish","type":"page","link":"https:\/\/wp.ufpel.edu.br\/residuos\/projeto\/","title":{"rendered":"PROGRAMA"},"content":{"rendered":"<h4 style=\"text-align: left\"><\/h4>\n<h4><span style=\"color: #000000\">O objetivo geral do Programa de Desenvolvimento de Planos Integrados de res\u00edduos s\u00f3lidos \u00e9 introduzir um pensamento sist\u00eamico, interdisciplinar, incorporando conhecimentos necess\u00e1rios para a elabora\u00e7\u00e3o dos referidos planos, bem como expressar a import\u00e2ncia das a\u00e7\u00f5es de elabora\u00e7\u00e3o do plano integrado de res\u00edduos s\u00f3lidos na qualidade de vida das comunidades.<\/span><\/h4>\n<h4><span style=\"color: #000000\">Dessa forma, o Programa busca atrav\u00e9s da capacita\u00e7\u00e3o de t\u00e9cnicos municipais\u00a0formar\u00a0multiplicadores do conhecimento, transmitindo tecnologia de coleta, acondicionamento, tratamento e destino final dos res\u00edduos.<\/span><\/h4>\n<h4 style=\"text-align: left\"><\/h4>\n","protected":false},"excerpt":{"rendered":"<p>O objetivo geral do Programa de Desenvolvimento de Planos Integrados de res\u00edduos s\u00f3lidos \u00e9 introduzir um pensamento sist\u00eamico, interdisciplinar, incorporando conhecimentos necess\u00e1rios para a elabora\u00e7\u00e3o dos referidos planos, bem como expressar a import\u00e2ncia das a\u00e7\u00f5es de elabora\u00e7\u00e3o do plano integrado de res\u00edduos s\u00f3lidos na qualidade de vida das comunidades. Dessa forma, o Programa busca atrav\u00e9s &hellip; <\/p>\n<p><a class=\"more-link btn\" href=\"https:\/\/wp.ufpel.edu.br\/residuos\/projeto\/\">Continue lendo<\/a><\/p>\n","protected":false},"author":380,"featured_media":0,"parent":0,"menu_order":0,"comment_status":"closed","ping_status":"closed","template":"","meta":{"footnotes":""},"class_list":["post-59","page","type-page","status-publish","hentry","nodate","item-wrap"],"_links":{"self":[{"href":"https:\/\/wp.ufpel.edu.br\/residuos\/wp-json\/wp\/v2\/pages\/59","targetHints":{"allow":["GET"]}}],"collection":[{"href":"https:\/\/wp.ufpel.edu.br\/residuos\/wp-json\/wp\/v2\/pages"}],"about":[{"href":"https:\/\/wp.ufpel.edu.br\/residuos\/wp-json\/wp\/v2\/types\/page"}],"author":[{"embeddable":true,"href":"https:\/\/wp.ufpel.edu.br\/residuos\/wp-json\/wp\/v2\/users\/380"}],"replies":[{"embeddable":true,"href":"https:\/\/wp.ufpel.edu.br\/residuos\/wp-json\/wp\/v2\/comments?post=59"}],"version-history":[{"count":6,"href":"https:\/\/wp.ufpel.edu.br\/residuos\/wp-json\/wp\/v2\/pages\/59\/revisions"}],"predecessor-version":[{"id":178,"href":"https:\/\/wp.ufpel.edu.br\/residuos\/wp-json\/wp\/v2\/pages\/59\/revisions\/178"}],"wp:attachment":[{"href":"https:\/\/wp.ufpel.edu.br\/residuos\/wp-json\/wp\/v2\/media?parent=59"}],"curies":[{"name":"wp","href":"https:\/\/api.w.org\/{rel}","templated":true}]}}