{"id":29,"date":"2014-04-23T11:52:40","date_gmt":"2014-04-23T14:52:40","guid":{"rendered":"https:\/\/wp.ufpel.edu.br\/residuos\/?page_id=29"},"modified":"2014-04-28T10:05:17","modified_gmt":"2014-04-28T13:05:17","slug":"arquivos","status":"publish","type":"page","link":"https:\/\/wp.ufpel.edu.br\/residuos\/arquivos\/","title":{"rendered":"ARQUIVOS"},"content":{"rendered":"<p><strong><em>NORMAS, LEGISLA\u00c7\u00c3O E TERMOS APLIC\u00c1VEIS<\/p>\n<p><\/em><\/strong><\/p>\n<p style=\"color: #444444\">Dentre os par\u00e2metros a serem analisados quanto a gest\u00e3o de res\u00edduos s\u00f3lidos, destacam-se algumas diretrizes que devem ser consultadas e adotadas na pr\u00e1tica, como: Normas da Associa\u00e7\u00e3o Brasileira de Normas T\u00e9cnicas (ABNT), Lei Federal de Saneamento B\u00e1sico, Resolu\u00e7\u00f5es do Conselho Nacional do Meio Ambiente (CONAMA), Pol\u00edtica Nacional de Res\u00edduos S\u00f3lidos, Plano Nacional de Res\u00edduos S\u00f3lidos, Planos Estaduais e Municipais.<\/p>\n<p><a href=\"https:\/\/wp.ufpel.edu.br\/residuos\/files\/2014\/04\/NBR-10004-2004-Classifica\u00e7\u00e3o-de-Res\u00edduos-S\u00f3lidos.pdf\" target=\"_blank\">Norma da ABNT \u2013 NBR 10004<\/a> &#8211; Res\u00edduos s\u00f3lidos \u2013 Classifica\u00e7\u00e3o;<\/p>\n<p><a href=\"https:\/\/wp.ufpel.edu.br\/residuos\/files\/2014\/04\/ABNT-NBR-10005-Lixiviacao-de-Residuos.pdf\" target=\"_blank\">Norma da ABNT \u2013 NBR 10005<\/a> \u2013 Lixivia\u00e7\u00e3o de res\u00edduos \u2013 Procedimento;<\/p>\n<p><a href=\"https:\/\/wp.ufpel.edu.br\/residuos\/files\/2014\/04\/nbr-10007-amostragem-de-resc3adduos-sc3b3lidos.pdf\" target=\"_blank\">Norma da ABNT \u2013 NBR 10007<\/a> \u2013 Amostragem de res\u00edduos \u2013 Procedimentos;<\/p>\n<p><a href=\"https:\/\/wp.ufpel.edu.br\/residuos\/files\/2014\/04\/nbr-12235-1992-armazenamento-de-res\u00edduos-s\u00f3lidos-perigosos.pdf\" target=\"_blank\">Norma da ABNT \u2013 NBR 12235\u00a0e\u00a0NBR 1183<\/a> \u2013 Procedimentos para o armazenamento de res\u00edduos s\u00f3lidos perigosos;<\/p>\n<p><a href=\"https:\/\/wp.ufpel.edu.br\/residuos\/files\/2014\/04\/NBR-12808-1993-Res\u00edduos-de-servi\u00e7os-de-sa\u00fade.pdf\" target=\"_blank\">Norma da ABNT \u2013 NBR 12808<\/a> \u2013 Res\u00edduos de servi\u00e7os de sa\u00fade \u2013 Classifica\u00e7\u00e3o;<\/p>\n<p><a href=\"https:\/\/wp.ufpel.edu.br\/residuos\/files\/2014\/04\/nbr-12809-manuseio-de-residuos-de-servico-de-saude.pdf\" target=\"_blank\">Norma da ABNT \u2013 NBR 12809<\/a> \u2013 Manuseio de res\u00edduos de servi\u00e7os de sa\u00fade \u2013 Procedimento;<\/p>\n<p><a href=\"https:\/\/wp.ufpel.edu.br\/residuos\/files\/2014\/04\/NBR-12810-1993-Coleta-de-res\u00edduos-de-servi\u00e7os-de-sa\u00fade.pdf\" target=\"_blank\">Norma da ABNT \u2013 NBR 12810<\/a> \u2013 Coleta de res\u00edduos de sa\u00fade \u2013 Procedimento;<\/p>\n<p><a href=\"https:\/\/wp.ufpel.edu.br\/residuos\/files\/2014\/04\/Abnt-Nbr-13221-Transporte-Terrestre-De-Residuos.pdf\" target=\"_blank\">Norma da ABNT \u2013 NBR 13221<\/a> \u2013 Transporte terrestre de res\u00edduos;<\/p>\n<p style=\"color: #444444\"><a href=\"http:\/\/www.planalto.gov.br\/ccivil_03\/_ato2004-2006\/2005\/lei\/l11107.htm\" target=\"_blank\">Lei Federal N\u00b0 11.107, de 06 de abril de 2005<\/a>: Disp\u00f5e sobre normas gerais de contrata\u00e7\u00e3o de cons\u00f3rcios p\u00fablicos e d\u00e1 outras provid\u00eancias.<\/p>\n<p style=\"color: #444444\"><a href=\"http:\/\/www.planalto.gov.br\/ccivil_03\/_ato2007-2010\/2007\/lei\/l11445.htm\" target=\"_blank\">Lei Federal N\u00b0 11.445, de 5 de janeiro de 2007<\/a>: Estabelece diretrizes nacionais para o saneamento b\u00e1sico;<\/p>\n<p style=\"color: #444444\"><a href=\"http:\/\/www.planalto.gov.br\/ccivil_03\/_ato2007-2010\/2009\/lei\/l12187.htm\" target=\"_blank\">Lei Federal N\u00b0 12.187, de 29 de dezembro de 2009<\/a>: Institui a Pol\u00edtica Nacional sobre Mudan\u00e7a do Clima &#8211; PNMC e d\u00e1 outras provid\u00eancias.<\/p>\n<p style=\"color: #444444\"><a href=\"http:\/\/www.planalto.gov.br\/ccivil_03\/_ato2007-2010\/2010\/lei\/l12305.htm\" target=\"_blank\">Lei Federal N\u00b0 12.305, de 2 de agosto de 2010<\/a>: Institui a Pol\u00edtica Nacional de Res\u00edduos S\u00f3lidos;<\/p>\n<p style=\"color: #444444\">\n<a href=\"https:\/\/wp.ufpel.edu.br\/residuos\/files\/2014\/04\/CONAMA_RES_CONS_1993_005.pdf\" target=\"_blank\">Resolu\u00e7\u00e3o CONAMA N\u00ba 05\/1993<\/a>: Disp\u00f5e sobre os res\u00edduos s\u00f3lidos gerados em portos, aeroportos, terminais ferrovi\u00e1rios e rodovi\u00e1rios e estabelecimentos prestadores de servi\u00e7o de sa\u00fade;<\/p>\n<p style=\"color: #444444\"><a href=\"https:\/\/wp.ufpel.edu.br\/residuos\/files\/2014\/04\/res0688.pdf\" target=\"_blank\">Resolu\u00e7\u00e3o CONAMA N\u00ba 06\/1988<\/a>: Disp\u00f5e sobre a gera\u00e7\u00e3o de res\u00edduos na atividade industrial;<\/p>\n<p style=\"color: #444444\"><a href=\"http:\/\/www.mma.gov.br\/port\/conama\/legiabre.cfm?codlegi=134\" target=\"_blank\">Resolu\u00e7\u00e3o CONAMA N\u00ba 09\/1993<\/a>: Recolhimento e destina\u00e7\u00e3o adequada de \u00f3leos lubrificantes;<\/p>\n<p style=\"color: #444444\"><a href=\"http:\/\/www.mma.gov.br\/port\/conama\/legiabre.cfm?codlegi=257\" target=\"_blank\">Resolu\u00e7\u00e3o CONAMA N\u00ba 257\/1999<\/a>: Disp\u00f5e sobre a destina\u00e7\u00e3o final de pilhas e bateria;<\/p>\n<p style=\"color: #444444\"><a href=\"https:\/\/wp.ufpel.edu.br\/residuos\/files\/2014\/04\/CONAMA_RES_CONS_2001_275.pdf\" target=\"_blank\">Resolu\u00e7\u00e3o CONAMA N\u00ba 275\/2001<\/a>: Estabelece o c\u00f3digo de cores para diferentes tipos de res\u00edduos;<\/p>\n<p style=\"color: #444444\"><a href=\"https:\/\/wp.ufpel.edu.br\/residuos\/files\/2014\/04\/CONAMA_RES_CONS_2002_313.pdf\" target=\"_blank\">Resolu\u00e7\u00e3o CONAMA N\u00ba 313\/2002<\/a>: Invent\u00e1rio Nacional de Res\u00edduos S\u00f3lidos Industriais;<\/p>\n<p style=\"color: #444444\"><a href=\"https:\/\/wp.ufpel.edu.br\/residuos\/files\/2014\/04\/CONAMA_RES_CONS_2005_358.pdf\" target=\"_blank\">Resolu\u00e7\u00e3o CONAMA N\u00ba 358\/2005<\/a>: Tratamento e disposi\u00e7\u00e3o final de res\u00edduos de servi\u00e7os de sa\u00fade;<\/p>\n<p style=\"color: #444444\">\n<p style=\"color: #444444\">\n<p style=\"color: #444444\">\n<p style=\"color: #444444\"><a href=\"https:\/\/wp.ufpel.edu.br\/residuos\/files\/2014\/04\/Termo_de_Referencia_Saneamento_Basico.pdf\" target=\"_blank\">Termo de Refer\u00eancia para Elabora\u00e7\u00e3o de Plano Municipal de Saneamento B\u00e1sico (PMSB). Governo do Estado do Rio Grande do Sul.<\/a><\/p>\n","protected":false},"excerpt":{"rendered":"<p>NORMAS, LEGISLA\u00c7\u00c3O E TERMOS APLIC\u00c1VEIS Dentre os par\u00e2metros a serem analisados quanto a gest\u00e3o de res\u00edduos s\u00f3lidos, destacam-se algumas diretrizes que devem ser consultadas e adotadas na pr\u00e1tica, como: Normas da Associa\u00e7\u00e3o Brasileira de Normas T\u00e9cnicas (ABNT), Lei Federal de Saneamento B\u00e1sico, Resolu\u00e7\u00f5es do Conselho Nacional do Meio Ambiente (CONAMA), Pol\u00edtica Nacional de Res\u00edduos S\u00f3lidos, &hellip; <\/p>\n<p><a class=\"more-link btn\" href=\"https:\/\/wp.ufpel.edu.br\/residuos\/arquivos\/\">Continue lendo<\/a><\/p>\n","protected":false},"author":380,"featured_media":0,"parent":0,"menu_order":0,"comment_status":"closed","ping_status":"closed","template":"","meta":{"footnotes":""},"class_list":["post-29","page","type-page","status-publish","hentry","nodate","item-wrap"],"_links":{"self":[{"href":"https:\/\/wp.ufpel.edu.br\/residuos\/wp-json\/wp\/v2\/pages\/29","targetHints":{"allow":["GET"]}}],"collection":[{"href":"https:\/\/wp.ufpel.edu.br\/residuos\/wp-json\/wp\/v2\/pages"}],"about":[{"href":"https:\/\/wp.ufpel.edu.br\/residuos\/wp-json\/wp\/v2\/types\/page"}],"author":[{"embeddable":true,"href":"https:\/\/wp.ufpel.edu.br\/residuos\/wp-json\/wp\/v2\/users\/380"}],"replies":[{"embeddable":true,"href":"https:\/\/wp.ufpel.edu.br\/residuos\/wp-json\/wp\/v2\/comments?post=29"}],"version-history":[{"count":3,"href":"https:\/\/wp.ufpel.edu.br\/residuos\/wp-json\/wp\/v2\/pages\/29\/revisions"}],"predecessor-version":[{"id":83,"href":"https:\/\/wp.ufpel.edu.br\/residuos\/wp-json\/wp\/v2\/pages\/29\/revisions\/83"}],"wp:attachment":[{"href":"https:\/\/wp.ufpel.edu.br\/residuos\/wp-json\/wp\/v2\/media?parent=29"}],"curies":[{"name":"wp","href":"https:\/\/api.w.org\/{rel}","templated":true}]}}