{"id":7,"date":"2015-03-26T11:50:16","date_gmt":"2015-03-26T14:50:16","guid":{"rendered":"https:\/\/wp.ufpel.edu.br\/residenciavet\/?page_id=7"},"modified":"2016-03-15T01:07:35","modified_gmt":"2016-03-15T04:07:35","slug":"downloads-documentos","status":"publish","type":"page","link":"https:\/\/wp.ufpel.edu.br\/residenciavet\/downloads-documentos\/","title":{"rendered":"Downloads Documentos"},"content":{"rendered":"<h3><\/h3>\n<hr \/>\n<h3><\/h3>\n<h3><a href=\"https:\/\/wp.ufpel.edu.br\/residenciavet\/downloads-documentos\/coordenacao-de-area\/\">Coordenadores de \u00c1reas<\/a><\/h3>\n<hr \/>\n<h3><\/h3>\n<h3><a href=\"https:\/\/wp.ufpel.edu.br\/residenciavet\/downloads-documentos\/residentes\/ \u200e\">Residentes\u00a0em Medicina Veterin\u00e1ria<\/a><\/h3>\n<hr \/>\n<h3><\/h3>\n<h3><a href=\"https:\/\/wp.ufpel.edu.br\/residenciavet\/files\/2015\/03\/Calend\u00e1rio-Resid\u00eancia-2016.pdf\" rel=\"\">Calend\u00e1rio Resid\u00eancia Veterin\u00e1ria 2016<\/a><\/h3>\n<hr \/>\n<h3><\/h3>\n<h3><a href=\"https:\/\/wp.ufpel.edu.br\/residenciavet\/files\/2015\/03\/Calend\u00e1rioATs-Qualif-2016.pdf\" rel=\"\">Calend\u00e1rio ATs-Previs\u00f5es de Qualifica\u00e7\u00f5es e Defesas de Projetos-2016<\/a><\/h3>\n","protected":false},"excerpt":{"rendered":"<p>Coordenadores de \u00c1reas Residentes\u00a0em Medicina Veterin\u00e1ria Calend\u00e1rio Resid\u00eancia Veterin\u00e1ria 2016 Calend\u00e1rio ATs-Previs\u00f5es de Qualifica\u00e7\u00f5es e Defesas de Projetos-2016<\/p>\n","protected":false},"author":500,"featured_media":0,"parent":0,"menu_order":0,"comment_status":"closed","ping_status":"closed","template":"","meta":{"footnotes":""},"class_list":["post-7","page","type-page","status-publish","hentry"],"jetpack_sharing_enabled":true,"_links":{"self":[{"href":"https:\/\/wp.ufpel.edu.br\/residenciavet\/wp-json\/wp\/v2\/pages\/7","targetHints":{"allow":["GET"]}}],"collection":[{"href":"https:\/\/wp.ufpel.edu.br\/residenciavet\/wp-json\/wp\/v2\/pages"}],"about":[{"href":"https:\/\/wp.ufpel.edu.br\/residenciavet\/wp-json\/wp\/v2\/types\/page"}],"author":[{"embeddable":true,"href":"https:\/\/wp.ufpel.edu.br\/residenciavet\/wp-json\/wp\/v2\/users\/500"}],"replies":[{"embeddable":true,"href":"https:\/\/wp.ufpel.edu.br\/residenciavet\/wp-json\/wp\/v2\/comments?post=7"}],"version-history":[{"count":14,"href":"https:\/\/wp.ufpel.edu.br\/residenciavet\/wp-json\/wp\/v2\/pages\/7\/revisions"}],"predecessor-version":[{"id":409,"href":"https:\/\/wp.ufpel.edu.br\/residenciavet\/wp-json\/wp\/v2\/pages\/7\/revisions\/409"}],"wp:attachment":[{"href":"https:\/\/wp.ufpel.edu.br\/residenciavet\/wp-json\/wp\/v2\/media?parent=7"}],"curies":[{"name":"wp","href":"https:\/\/api.w.org\/{rel}","templated":true}]}}