{"id":56,"date":"2015-03-30T01:15:21","date_gmt":"2015-03-30T04:15:21","guid":{"rendered":"https:\/\/wp.ufpel.edu.br\/residenciavet\/?page_id=56"},"modified":"2015-04-20T02:23:17","modified_gmt":"2015-04-20T05:23:17","slug":"links-uteis","status":"publish","type":"page","link":"https:\/\/wp.ufpel.edu.br\/residenciavet\/links-uteis\/","title":{"rendered":"Links"},"content":{"rendered":"<h4><a href=\"http:\/\/portal.mec.gov.br\/index.php?option=com_content&amp;id=12501&amp;Itemid=813\">Comiss\u00e3o Nacional de Resid\u00eancia Multiprofissional em Sa\u00fade &#8211; CNMRS<\/a><\/h4>\n<table style=\"height: 249px\" width=\"460\">\n<tbody>\n<tr>\n<td style=\"background-color: #f7f0f0\">\n<h4><a href=\"http:\/\/educacao.fau.com.br\/site\/inicio.php?area=52\">COREMU &#8211; Documentos<\/a><\/h4>\n<\/td>\n<td style=\"background-color: #f7f0f0\">\n<h4><a href=\"https:\/\/wp.ufpel.edu.br\/veterinaria\/\">Faculdade de Veterin\u00e1ria &#8211; UFPel<\/a><\/h4>\n<\/td>\n<\/tr>\n<tr>\n<td style=\"background-color: #f7f0f0\">\n<h3><a href=\"https:\/\/wp.ufpel.edu.br\/bioterio\/\">Biot\u00e9rio<\/a><\/h3>\n<\/td>\n<td style=\"background-color: #f7f0f0\">\n<h4>LRD<\/h4>\n<\/td>\n<\/tr>\n<tr>\n<td style=\"background-color: #f7f0f0\">\n<h4><a title=\"HCV\" href=\"https:\/\/wp.ufpel.edu.br\/hcv\/\" target=\"_blank\">HCV<\/a><\/h4>\n<\/td>\n<td style=\"background-color: #f7f0f0\">\n<h4><a title=\"CLiNeq\" href=\"http:\/\/www2.ufpel.edu.br\/fvet\/clineq\/\" target=\"_blank\">CLINeq<\/a><\/h4>\n<\/td>\n<\/tr>\n<tr>\n<td style=\"background-color: #f7f0f0\">\n<h4><a href=\"https:\/\/wp.ufpel.edu.br\/clinpet\/\" target=\"_blank\">CLINPET<\/a><\/h4>\n<\/td>\n<td style=\"background-color: #f7f0f0\">\n<h4><a title=\"LIPOA\" href=\"http:\/\/fvet.ufpel.tche.br\/inspleite\/\" target=\"_blank\">LIPOA<\/a><\/h4>\n<\/td>\n<\/tr>\n<tr>\n<td style=\"background-color: #f7f0f0\">\n<h4><a href=\"http:\/\/fvet.ufpel.edu.br\/micvet\/site\/\" target=\"_blank\">MICVET<\/a><\/h4>\n<\/td>\n<td style=\"background-color: #f7f0f0\">\n<h4><a href=\"http:\/\/www2.ufpel.edu.br\/nupeec\/index.php?page=nupeec\" target=\"_blank\">NUPEEC<\/a><\/h4>\n<\/td>\n<\/tr>\n<tr>\n<td style=\"background-color: #f7f0f0\">\n<h4><a href=\"https:\/\/wp.ufpel.edu.br\/repropel\/\" target=\"_blank\">REPROPEL<\/a><\/h4>\n<\/td>\n<td style=\"background-color: #f7f0f0\">\n<h4><a href=\"https:\/\/wp.ufpel.edu.br\/sovet\/\" target=\"_blank\">SOVET<\/a><\/h4>\n<\/td>\n<\/tr>\n<\/tbody>\n<\/table>\n<h4><\/h4>\n<h4><\/h4>\n","protected":false},"excerpt":{"rendered":"<p>Comiss\u00e3o Nacional de Resid\u00eancia Multiprofissional em Sa\u00fade &#8211; CNMRS COREMU &#8211; Documentos Faculdade de Veterin\u00e1ria &#8211; UFPel Biot\u00e9rio LRD HCV CLINeq CLINPET LIPOA MICVET NUPEEC REPROPEL SOVET<\/p>\n","protected":false},"author":500,"featured_media":0,"parent":0,"menu_order":0,"comment_status":"closed","ping_status":"closed","template":"","meta":{"footnotes":""},"class_list":["post-56","page","type-page","status-publish","hentry"],"jetpack_sharing_enabled":true,"_links":{"self":[{"href":"https:\/\/wp.ufpel.edu.br\/residenciavet\/wp-json\/wp\/v2\/pages\/56","targetHints":{"allow":["GET"]}}],"collection":[{"href":"https:\/\/wp.ufpel.edu.br\/residenciavet\/wp-json\/wp\/v2\/pages"}],"about":[{"href":"https:\/\/wp.ufpel.edu.br\/residenciavet\/wp-json\/wp\/v2\/types\/page"}],"author":[{"embeddable":true,"href":"https:\/\/wp.ufpel.edu.br\/residenciavet\/wp-json\/wp\/v2\/users\/500"}],"replies":[{"embeddable":true,"href":"https:\/\/wp.ufpel.edu.br\/residenciavet\/wp-json\/wp\/v2\/comments?post=56"}],"version-history":[{"count":5,"href":"https:\/\/wp.ufpel.edu.br\/residenciavet\/wp-json\/wp\/v2\/pages\/56\/revisions"}],"predecessor-version":[{"id":232,"href":"https:\/\/wp.ufpel.edu.br\/residenciavet\/wp-json\/wp\/v2\/pages\/56\/revisions\/232"}],"wp:attachment":[{"href":"https:\/\/wp.ufpel.edu.br\/residenciavet\/wp-json\/wp\/v2\/media?parent=56"}],"curies":[{"name":"wp","href":"https:\/\/api.w.org\/{rel}","templated":true}]}}