{"id":47,"date":"2015-03-29T23:37:22","date_gmt":"2015-03-30T02:37:22","guid":{"rendered":"https:\/\/wp.ufpel.edu.br\/residenciavet\/?page_id=47"},"modified":"2016-03-18T19:48:45","modified_gmt":"2016-03-18T22:48:45","slug":"r2-2015","status":"publish","type":"page","link":"https:\/\/wp.ufpel.edu.br\/residenciavet\/residentes\/r2-2015\/","title":{"rendered":"Turma 2014-2016"},"content":{"rendered":"<h2>Cl\u00ednica Cir\u00fargica\u00a0de Animais de Companhia<\/h2>\n<p>Diego Almeida Moncks<\/p>\n<p>Vanessa Milech<\/p>\n<hr \/>\n<p>&nbsp;<\/p>\n<h2>Cl\u00ednica M\u00e9dica\u00a0de Animais de Companhia<\/h2>\n<p>Ceres Cristina Tempel Nakasu<\/p>\n<p>Charles Silva de Lima<\/p>\n<hr \/>\n<p>&nbsp;<\/p>\n<h2>Cl\u00ednica M\u00e9dica de Equinos<\/h2>\n<p>Douglas Pacheco de Oliveira<\/p>\n<p>Ver\u00f4nica La Cruz Bueno<\/p>\n<hr \/>\n<p>&nbsp;<\/p>\n<h2>Cl\u00ednica M\u00e9dica em Ruminantes<\/h2>\n<p>Fabiane Pereira de Moraes<\/p>\n<hr \/>\n<p>&nbsp;<\/p>\n<h2>Doen\u00e7as e Zoonoses Parasit\u00e1rias<\/h2>\n<p>Fabiane Niedermeyer<\/p>\n<p>Francine Bretanha Ribeiro de Souza<\/p>\n<hr \/>\n<p>&nbsp;<\/p>\n<h2>Imagenologia<\/h2>\n<p>Luana Harz Durante<\/p>\n<hr \/>\n<p>&nbsp;<\/p>\n<h2>Med Vet Preventiva: Inspe\u00e7\u00e3o de Leite e Derivados<\/h2>\n<p>D\u00e9bora Rodrigues Silveira<\/p>\n<hr \/>\n<p>&nbsp;<\/p>\n<h2>Med Vet Preventiva:\u00a0Sa\u00fade Coletiva<\/h2>\n<p>Daiana Medeiros<\/p>\n<hr \/>\n<h2><\/h2>\n<h2>Patologia\u00a0Cl\u00ednica<\/h2>\n<p>P\u00e2mela Ayres Martinuzzi<\/p>\n","protected":false},"excerpt":{"rendered":"<p>Cl\u00ednica Cir\u00fargica\u00a0de Animais de Companhia Diego Almeida Moncks Vanessa Milech &nbsp; Cl\u00ednica M\u00e9dica\u00a0de Animais de Companhia Ceres Cristina Tempel Nakasu Charles Silva de Lima &nbsp; Cl\u00ednica M\u00e9dica de Equinos Douglas Pacheco de Oliveira Ver\u00f4nica La Cruz Bueno &nbsp; Cl\u00ednica M\u00e9dica em Ruminantes Fabiane Pereira de Moraes &nbsp; Doen\u00e7as e Zoonoses Parasit\u00e1rias Fabiane Niedermeyer Francine Bretanha [&hellip;]<\/p>\n","protected":false},"author":500,"featured_media":0,"parent":35,"menu_order":0,"comment_status":"closed","ping_status":"closed","template":"","meta":{"footnotes":""},"class_list":["post-47","page","type-page","status-publish","hentry"],"jetpack_sharing_enabled":true,"_links":{"self":[{"href":"https:\/\/wp.ufpel.edu.br\/residenciavet\/wp-json\/wp\/v2\/pages\/47","targetHints":{"allow":["GET"]}}],"collection":[{"href":"https:\/\/wp.ufpel.edu.br\/residenciavet\/wp-json\/wp\/v2\/pages"}],"about":[{"href":"https:\/\/wp.ufpel.edu.br\/residenciavet\/wp-json\/wp\/v2\/types\/page"}],"author":[{"embeddable":true,"href":"https:\/\/wp.ufpel.edu.br\/residenciavet\/wp-json\/wp\/v2\/users\/500"}],"replies":[{"embeddable":true,"href":"https:\/\/wp.ufpel.edu.br\/residenciavet\/wp-json\/wp\/v2\/comments?post=47"}],"version-history":[{"count":4,"href":"https:\/\/wp.ufpel.edu.br\/residenciavet\/wp-json\/wp\/v2\/pages\/47\/revisions"}],"predecessor-version":[{"id":450,"href":"https:\/\/wp.ufpel.edu.br\/residenciavet\/wp-json\/wp\/v2\/pages\/47\/revisions\/450"}],"up":[{"embeddable":true,"href":"https:\/\/wp.ufpel.edu.br\/residenciavet\/wp-json\/wp\/v2\/pages\/35"}],"wp:attachment":[{"href":"https:\/\/wp.ufpel.edu.br\/residenciavet\/wp-json\/wp\/v2\/media?parent=47"}],"curies":[{"name":"wp","href":"https:\/\/api.w.org\/{rel}","templated":true}]}}