{"id":456,"date":"2016-03-18T20:04:28","date_gmt":"2016-03-18T23:04:28","guid":{"rendered":"https:\/\/wp.ufpel.edu.br\/residenciavet\/?page_id=456"},"modified":"2016-03-18T20:47:38","modified_gmt":"2016-03-18T23:47:38","slug":"turma-2016-2018","status":"publish","type":"page","link":"https:\/\/wp.ufpel.edu.br\/residenciavet\/residentes\/turma-2016-2018\/","title":{"rendered":"Turma 2016 &#8211; 2018"},"content":{"rendered":"<h2>Anestesiologia<\/h2>\n<p>Heloisa Do Amaral Boanova<\/p>\n<p>Mariana Cardoso Sanches<\/p>\n<hr \/>\n<h2>Cl\u00ednica Cir\u00fargica\u00a0de Animais de Companhia<\/h2>\n<p>Beatriz Persici Maroneze<\/p>\n<p>Guilherme Cunha M\u00f6ller<\/p>\n<hr \/>\n<h2>Cl\u00ednica M\u00e9dica\u00a0de Animais de Companhia<\/h2>\n<p>Lianna Fernandes De Carvalho<\/p>\n<p>Marta Zielke<\/p>\n<hr \/>\n<h2>Cl\u00ednica M\u00e9dica de Equinos<\/h2>\n<p>Jemhally Dillenburg Hack<\/p>\n<p>Let\u00edcia da Silva Souza<\/p>\n<hr \/>\n<h2>Cl\u00ednica M\u00e9dica em Ruminantes<\/h2>\n<p>Daniela Aparecida Moreira<\/p>\n<hr \/>\n<h2>Doen\u00e7as e Zoonoses Parasit\u00e1rias<\/h2>\n<p>Alexsander Ferraz<\/p>\n<p>Marcelo Oliveira Centena<\/p>\n<hr \/>\n<h2>Imagenologia<\/h2>\n<p>Tatiane Schmitt Tavares Novo<\/p>\n<hr \/>\n<h2>Medicina de Animais Silvestres<\/h2>\n<p>Fernanda Rochedo Tages<\/p>\n<p>Larissa Calo Zitelli<\/p>\n<hr \/>\n<h2>Med Vet Preventiva: Inspe\u00e7\u00e3o de Leite e Derivados<\/h2>\n<p>Juliana Carolina Siebel<\/p>\n<hr \/>\n<h2>Med Vet Preventiva:\u00a0Sa\u00fade Coletiva<\/h2>\n<p>Bianca Conrad Bohm<\/p>\n<p>Fernando Missiaggia Eccker<\/p>\n<hr \/>\n<h2>Patologia Animal<\/h2>\n<p>Lucas De Souza Quevedo<\/p>\n<p>Taina Dos Santos Alberti<\/p>\n<hr \/>\n<h2>Patologia\u00a0Cl\u00ednica<\/h2>\n<p>Thaiane Albuquerque De Olivera<\/p>\n<hr \/>\n<h2>Pet Terapia<\/h2>\n<p>Fernanda Dagmar Martins Krug<\/p>\n","protected":false},"excerpt":{"rendered":"<p>Anestesiologia Heloisa Do Amaral Boanova Mariana Cardoso Sanches Cl\u00ednica Cir\u00fargica\u00a0de Animais de Companhia Beatriz Persici Maroneze Guilherme Cunha M\u00f6ller Cl\u00ednica M\u00e9dica\u00a0de Animais de Companhia Lianna Fernandes De Carvalho Marta Zielke Cl\u00ednica M\u00e9dica de Equinos Jemhally Dillenburg Hack Let\u00edcia da Silva Souza Cl\u00ednica M\u00e9dica em Ruminantes Daniela Aparecida Moreira Doen\u00e7as e Zoonoses Parasit\u00e1rias Alexsander Ferraz Marcelo [&hellip;]<\/p>\n","protected":false},"author":500,"featured_media":0,"parent":35,"menu_order":0,"comment_status":"closed","ping_status":"closed","template":"","meta":{"footnotes":""},"class_list":["post-456","page","type-page","status-publish","hentry"],"jetpack_sharing_enabled":true,"_links":{"self":[{"href":"https:\/\/wp.ufpel.edu.br\/residenciavet\/wp-json\/wp\/v2\/pages\/456","targetHints":{"allow":["GET"]}}],"collection":[{"href":"https:\/\/wp.ufpel.edu.br\/residenciavet\/wp-json\/wp\/v2\/pages"}],"about":[{"href":"https:\/\/wp.ufpel.edu.br\/residenciavet\/wp-json\/wp\/v2\/types\/page"}],"author":[{"embeddable":true,"href":"https:\/\/wp.ufpel.edu.br\/residenciavet\/wp-json\/wp\/v2\/users\/500"}],"replies":[{"embeddable":true,"href":"https:\/\/wp.ufpel.edu.br\/residenciavet\/wp-json\/wp\/v2\/comments?post=456"}],"version-history":[{"count":8,"href":"https:\/\/wp.ufpel.edu.br\/residenciavet\/wp-json\/wp\/v2\/pages\/456\/revisions"}],"predecessor-version":[{"id":465,"href":"https:\/\/wp.ufpel.edu.br\/residenciavet\/wp-json\/wp\/v2\/pages\/456\/revisions\/465"}],"up":[{"embeddable":true,"href":"https:\/\/wp.ufpel.edu.br\/residenciavet\/wp-json\/wp\/v2\/pages\/35"}],"wp:attachment":[{"href":"https:\/\/wp.ufpel.edu.br\/residenciavet\/wp-json\/wp\/v2\/media?parent=456"}],"curies":[{"name":"wp","href":"https:\/\/api.w.org\/{rel}","templated":true}]}}