{"id":37,"date":"2015-03-28T19:42:01","date_gmt":"2015-03-28T22:42:01","guid":{"rendered":"https:\/\/wp.ufpel.edu.br\/residenciavet\/?page_id=37"},"modified":"2016-03-18T19:23:19","modified_gmt":"2016-03-18T22:23:19","slug":"tccs-12-14","status":"publish","type":"page","link":"https:\/\/wp.ufpel.edu.br\/residenciavet\/tccs\/tccs-12-14\/","title":{"rendered":"TCCs Turma 2012-2014"},"content":{"rendered":"<table style=\"height: 1000px\" width=\"629\">\n<tbody>\n<tr>\n<td>Cl\u00ednica Cir\u00fargica em Animais de Companhia<\/p>\n<p style=\"padding-left: 30px\"><span style=\"color: #0000ff\"><a style=\"color: #0000ff\" href=\"https:\/\/wp.ufpel.edu.br\/residenciavet\/files\/2015\/04\/2012-13_CCAC-Alexandre_Correa.pdf\"><span style=\"text-decoration: underline\">Alexandre Correa<\/span>:\u00a0Avalia\u00e7\u00e3o do efeito analg\u00e9sico p\u00f3s-operat\u00f3rio da anestesia local tumescente em cadelas submetidas \u00e0 mastectomia (Orientador: MV Thomas Normanton Guim)<\/a><\/span><\/p>\n<p style=\"padding-left: 30px\"><span style=\"color: #0000ff\"><a style=\"color: #0000ff\" href=\"https:\/\/wp.ufpel.edu.br\/residenciavet\/files\/2015\/04\/2012-13_CCAC-Lucimara_Konflanz_Bergmann.pdf\"><span style=\"text-decoration: underline\">Lucimara Konflanz Bergmann<\/span>:\u00a0Avalia\u00e7\u00e3o da viabilidade do uso de parafusos de a\u00e7o inoxid\u00e1vel 304l em cirurgias e afec\u00e7\u00f5es ortop\u00e9dicas em c\u00e3es (Orientador:Prof Eduardo Ventura)<\/a><\/span><\/p>\n<\/td>\n<\/tr>\n<tr>\n<td>Cl\u00ednica M\u00e9dica em Animais de Companhia<\/p>\n<p style=\"padding-left: 30px\"><span style=\"color: #0000ff\"><a style=\"color: #0000ff\" href=\"https:\/\/wp.ufpel.edu.br\/residenciavet\/files\/2015\/04\/2012-13_CMAC-Cristiane_Lima_Athayde.pdf\"><span style=\"text-decoration: underline\">Cristiane Lima Athayde<\/span>: N\u00edveis s\u00e9ricos de creatinoquinase-MB em c\u00e3es com e sem sinais de cardiopatia (Orientadora: Prof\u00aa M\u00e1rcia de Oliveira Nobre)<\/a><\/span><\/p>\n<p style=\"padding-left: 30px\"><span style=\"color: #0000ff\"><a style=\"color: #0000ff\" href=\"https:\/\/wp.ufpel.edu.br\/residenciavet\/files\/2015\/04\/2012-13_CMAC-Cristine_Cioato_Silva.pdf\"><span style=\"text-decoration: underline\">Cristine Cioato da Silva<\/span>: Avalia\u00e7\u00e3o da intensidade da dor e da qualidade de vida de c\u00e3es com c\u00e2ncer (Orientador: MV Thomas Normanton Guim)<\/a><\/span><\/p>\n<\/td>\n<\/tr>\n<tr>\n<td>Cl\u00ednica M\u00e9dica em Equinos<\/p>\n<p style=\"padding-left: 30px\"><span style=\"color: #0000ff\"><a style=\"color: #0000ff\" href=\"https:\/\/wp.ufpel.edu.br\/residenciavet\/files\/2015\/04\/2012-13_CME-Luciana_Oliveira_Araujo.pdf\"><span style=\"text-decoration: underline\">Luciana Oliveira Araujo<\/span>: Utiliza\u00e7\u00e3o do Alopurinol na Terap\u00eautica de Potros Nascidos de \u00c9guas com Altera\u00e7\u00f5es Placent\u00e1rias (Prof\u00aa Bruna da Rosa Curcio)<\/a><\/span><\/p>\n<p style=\"padding-left: 30px\"><span style=\"color: #0000ff\"><a style=\"color: #0000ff\" href=\"https:\/\/wp.ufpel.edu.br\/residenciavet\/files\/2015\/04\/2012-13_CME-Tom\u00e1s_Vez_Bichueti.pdf\"><span style=\"text-decoration: underline\">Tom\u00e1s Vez Bichueti<\/span>: Biometria, perfil energ\u00e9tico e mensura\u00e7\u00e3o da gordura subcut\u00e2nea de potros de 18 meses da Ra\u00e7a Crioula (Orientador: Prof. Carlos Eduardo Wayne Nogueira)<\/a><\/span><\/p>\n<\/td>\n<\/tr>\n<tr>\n<td>Cl\u00ednica M\u00e9dica em Ruminantes<\/p>\n<p style=\"padding-left: 30px\"><span style=\"color: #0000ff\"><a style=\"color: #0000ff\" href=\"https:\/\/wp.ufpel.edu.br\/residenciavet\/files\/2015\/04\/2012-13_CMR-Barbara_Scherer.pdf\"><span style=\"text-decoration: underline\">Barbara Scherer<\/span>: Avalia\u00e7\u00e3o cl\u00ednica e zoot\u00e9cnica de bezerras suplementadas com Saccharomyces cerevisiae e metab\u00f3litos de fermenta\u00e7\u00e3o de levedura hidrolisada (Orientadora: Prof\u00aa Viviane Rohrig Rabassa)<\/a><\/span><\/p>\n<\/td>\n<\/tr>\n<tr>\n<td>Imagenologia<\/p>\n<p style=\"padding-left: 30px\"><span style=\"color: #0000ff\"><a style=\"color: #0000ff\" href=\"https:\/\/wp.ufpel.edu.br\/residenciavet\/files\/2015\/04\/2012-13_Imagenologia-Carolina_Decker_Lemos.pdf\"><span style=\"text-decoration: underline\">Carolina Decker Lemos<\/span>: Avalia\u00e7\u00e3o Cardiol\u00f3gica de C\u00e3es: Sinais Cl\u00ednicos, Radiografia Tor\u00e1cica e Ecocardiografia (Orientadora: Prof\u00aa M\u00e1rcia de Oliveira Nobre)<\/a><\/span><\/p>\n<\/td>\n<\/tr>\n<tr>\n<td>MVP: Inspe\u00e7\u00e3o de Leite<\/p>\n<p style=\"padding-left: 30px\"><span style=\"color: #0000ff\"><a style=\"color: #0000ff\" href=\"https:\/\/wp.ufpel.edu.br\/residenciavet\/files\/2015\/04\/2012-13_MVP-leite-Mariana-F.-Marinheiro.pdf\"><span style=\"text-decoration: underline\">Mariana F. Marinheiro<\/span>: Qualidade Microbiol\u00f3gica de Queijo Mussarela em Pe\u00e7a e Fatiado (Orientador: Prof. Claudio Dias Timm)<\/a><\/span><\/p>\n<\/td>\n<\/tr>\n<tr>\n<td>Patologia Cl\u00ednica<\/p>\n<p style=\"padding-left: 30px\"><span style=\"color: #0000ff\"><a style=\"color: #0000ff\" href=\"https:\/\/wp.ufpel.edu.br\/residenciavet\/files\/2015\/04\/2012-13_PC-Anelise_Bogartz.pdf\"><span style=\"text-decoration: underline\">Anelise Bogartz<\/span>: Par\u00e2metros Eritrocit\u00e1rios de Relev\u00e2ncia Cl\u00ednica nas Anemias de Caninos Atendidos no HCV &#8211; UFPel (Orientadora: Prof\u00aa Carmem Lucia Garcez Ribeiro)<\/a><\/span><\/p>\n<\/td>\n<\/tr>\n<\/tbody>\n<\/table>\n<p>&nbsp;<\/p>\n","protected":false},"excerpt":{"rendered":"<p>Cl\u00ednica Cir\u00fargica em Animais de Companhia Alexandre Correa:\u00a0Avalia\u00e7\u00e3o do efeito analg\u00e9sico p\u00f3s-operat\u00f3rio da anestesia local tumescente em cadelas submetidas \u00e0 mastectomia (Orientador: MV Thomas Normanton Guim) Lucimara Konflanz Bergmann:\u00a0Avalia\u00e7\u00e3o da viabilidade do uso de parafusos de a\u00e7o inoxid\u00e1vel 304l em cirurgias e afec\u00e7\u00f5es ortop\u00e9dicas em c\u00e3es (Orientador:Prof Eduardo Ventura) Cl\u00ednica M\u00e9dica em Animais de Companhia [&hellip;]<\/p>\n","protected":false},"author":500,"featured_media":0,"parent":155,"menu_order":0,"comment_status":"closed","ping_status":"closed","template":"","meta":{"footnotes":""},"class_list":["post-37","page","type-page","status-publish","hentry"],"jetpack_sharing_enabled":true,"_links":{"self":[{"href":"https:\/\/wp.ufpel.edu.br\/residenciavet\/wp-json\/wp\/v2\/pages\/37","targetHints":{"allow":["GET"]}}],"collection":[{"href":"https:\/\/wp.ufpel.edu.br\/residenciavet\/wp-json\/wp\/v2\/pages"}],"about":[{"href":"https:\/\/wp.ufpel.edu.br\/residenciavet\/wp-json\/wp\/v2\/types\/page"}],"author":[{"embeddable":true,"href":"https:\/\/wp.ufpel.edu.br\/residenciavet\/wp-json\/wp\/v2\/users\/500"}],"replies":[{"embeddable":true,"href":"https:\/\/wp.ufpel.edu.br\/residenciavet\/wp-json\/wp\/v2\/comments?post=37"}],"version-history":[{"count":15,"href":"https:\/\/wp.ufpel.edu.br\/residenciavet\/wp-json\/wp\/v2\/pages\/37\/revisions"}],"predecessor-version":[{"id":439,"href":"https:\/\/wp.ufpel.edu.br\/residenciavet\/wp-json\/wp\/v2\/pages\/37\/revisions\/439"}],"up":[{"embeddable":true,"href":"https:\/\/wp.ufpel.edu.br\/residenciavet\/wp-json\/wp\/v2\/pages\/155"}],"wp:attachment":[{"href":"https:\/\/wp.ufpel.edu.br\/residenciavet\/wp-json\/wp\/v2\/media?parent=37"}],"curies":[{"name":"wp","href":"https:\/\/api.w.org\/{rel}","templated":true}]}}