{"id":170,"date":"2015-04-12T02:15:08","date_gmt":"2015-04-12T05:15:08","guid":{"rendered":"https:\/\/wp.ufpel.edu.br\/residenciavet\/?page_id=170"},"modified":"2015-04-19T15:30:38","modified_gmt":"2015-04-19T18:30:38","slug":"ndae-2015","status":"publish","type":"page","link":"https:\/\/wp.ufpel.edu.br\/residenciavet\/equipe\/ndae-2015\/","title":{"rendered":"NDAE 2015"},"content":{"rendered":"<p><strong>Coordena\u00e7\u00e3o<\/strong><\/p>\n<p>Coordenador: Carlos Eduardo Wayne Nogueira<\/p>\n<p>Coordenadora Adjunta: Cristina Gevehr Fernandes<\/p>\n<hr \/>\n<p>&nbsp;<\/p>\n<p><strong>Cl\u00ednica C\u00edrurgica em Animais de Companhia<\/strong><\/p>\n<p style=\"padding-left: 30px\">Titular: Eduardo Santiago Ventura<\/p>\n<p style=\"padding-left: 30px\">Suplente: Thomas N. Guim<\/p>\n<p><strong>Cl\u00ednica M\u00e9dica em Animais de Companhia<\/strong><\/p>\n<p style=\"padding-left: 30px\">Titular:\u00a0 Luzia Cristina Sampaio<\/p>\n<p style=\"padding-left: 30px\">Suplente:\u00a0Luiz Fernando Jantzen Gaspar<\/p>\n<p><strong>Cl\u00ednica M\u00e9dica em Equinos<\/strong><\/p>\n<p style=\"padding-left: 30px\">Titular:\u00a0Carlos Eduardo Wayne Nogueira<\/p>\n<p style=\"padding-left: 30px\">Suplente:\u00a0Bruna da Rosa Curcio<\/p>\n<p><strong>Cl\u00ednica M\u00e9dica em Ruminantes<\/strong><\/p>\n<p style=\"padding-left: 30px\">Titular: Viviane Rohring Rabassa<\/p>\n<p style=\"padding-left: 30px\">Suplente: M\u00e1rcio Nunes Corr\u00eaa<\/p>\n<p><strong>Doen\u00e7as e Zoonoses Parasit\u00e1rias<\/strong><\/p>\n<p style=\"padding-left: 30px\">Titular: Diego Pinto<\/p>\n<p style=\"padding-left: 30px\">Suplente: Leandro Nizoli<\/p>\n<p><strong>Imagenologia<\/strong><\/p>\n<p style=\"padding-left: 30px\">Titular: Guilherme Cavalcanti<\/p>\n<p style=\"padding-left: 30px\">Suplente: Luiz Paiva Carapeto<\/p>\n<p><strong>MVP: Inspe\u00e7\u00e3o de Leite<\/strong><\/p>\n<p style=\"padding-left: 30px\">Titular: Cl\u00e1udio Dias Timm<\/p>\n<p style=\"padding-left: 30px\">Suplente: Helenice Gonzales de Lima<\/p>\n<p><strong>MVP: Sa\u00fade Coletiva<\/strong><\/p>\n<p style=\"padding-left: 30px\">Titular: Fernanda Pinto<\/p>\n<p style=\"padding-left: 30px\">Suplente: Luis Filipe Schuch<\/p>\n<p><strong>Patologia Animal<\/strong><\/p>\n<p style=\"padding-left: 30px\">Titular: Cristina Gevehr Fernandes<\/p>\n<p style=\"padding-left: 30px\">Suplente: Margarida Buss Raffi<\/p>\n<p><strong>Patologia Cl\u00ednica<\/strong><\/p>\n<p style=\"padding-left: 30px\">Titular: Carmen Lucia Garcez Ribeiro<\/p>\n<p style=\"padding-left: 30px\">Suplente: Ana Raquel M. Meinerz<\/p>\n<p><strong>Acad\u00eamicos<\/strong><\/p>\n<p style=\"padding-left: 30px\">Titular: Ver\u00f4nica La Cruz Bueno<\/p>\n<p style=\"padding-left: 30px\">Suplente: Felipe Cunha<\/p>\n<p><strong>Representante HCV<\/strong><\/p>\n<p style=\"padding-left: 30px\">Titular: Cristiano Silva da Rosa<\/p>\n","protected":false},"excerpt":{"rendered":"<p>Coordena\u00e7\u00e3o Coordenador: Carlos Eduardo Wayne Nogueira Coordenadora Adjunta: Cristina Gevehr Fernandes &nbsp; Cl\u00ednica C\u00edrurgica em Animais de Companhia Titular: Eduardo Santiago Ventura Suplente: Thomas N. Guim Cl\u00ednica M\u00e9dica em Animais de Companhia Titular:\u00a0 Luzia Cristina Sampaio Suplente:\u00a0Luiz Fernando Jantzen Gaspar Cl\u00ednica M\u00e9dica em Equinos Titular:\u00a0Carlos Eduardo Wayne Nogueira Suplente:\u00a0Bruna da Rosa Curcio Cl\u00ednica M\u00e9dica em [&hellip;]<\/p>\n","protected":false},"author":500,"featured_media":0,"parent":33,"menu_order":0,"comment_status":"closed","ping_status":"closed","template":"","meta":{"footnotes":""},"class_list":["post-170","page","type-page","status-publish","hentry"],"jetpack_sharing_enabled":true,"_links":{"self":[{"href":"https:\/\/wp.ufpel.edu.br\/residenciavet\/wp-json\/wp\/v2\/pages\/170","targetHints":{"allow":["GET"]}}],"collection":[{"href":"https:\/\/wp.ufpel.edu.br\/residenciavet\/wp-json\/wp\/v2\/pages"}],"about":[{"href":"https:\/\/wp.ufpel.edu.br\/residenciavet\/wp-json\/wp\/v2\/types\/page"}],"author":[{"embeddable":true,"href":"https:\/\/wp.ufpel.edu.br\/residenciavet\/wp-json\/wp\/v2\/users\/500"}],"replies":[{"embeddable":true,"href":"https:\/\/wp.ufpel.edu.br\/residenciavet\/wp-json\/wp\/v2\/comments?post=170"}],"version-history":[{"count":3,"href":"https:\/\/wp.ufpel.edu.br\/residenciavet\/wp-json\/wp\/v2\/pages\/170\/revisions"}],"predecessor-version":[{"id":200,"href":"https:\/\/wp.ufpel.edu.br\/residenciavet\/wp-json\/wp\/v2\/pages\/170\/revisions\/200"}],"up":[{"embeddable":true,"href":"https:\/\/wp.ufpel.edu.br\/residenciavet\/wp-json\/wp\/v2\/pages\/33"}],"wp:attachment":[{"href":"https:\/\/wp.ufpel.edu.br\/residenciavet\/wp-json\/wp\/v2\/media?parent=170"}],"curies":[{"name":"wp","href":"https:\/\/api.w.org\/{rel}","templated":true}]}}