{"id":152,"date":"2015-04-12T01:30:36","date_gmt":"2015-04-12T04:30:36","guid":{"rendered":"https:\/\/wp.ufpel.edu.br\/residenciavet\/?page_id=152"},"modified":"2016-03-18T19:42:12","modified_gmt":"2016-03-18T22:42:12","slug":"tccs-13-15","status":"publish","type":"page","link":"https:\/\/wp.ufpel.edu.br\/residenciavet\/tccs\/tccs-13-15\/","title":{"rendered":"TCCs Turma 2013-2015"},"content":{"rendered":"<p>Turma 2013-2015<\/p>\n<table style=\"height: 1000px\" width=\"629\">\n<tbody>\n<tr>\n<td>Cl\u00ednica Cir\u00fargica em Animais de Companhia<\/p>\n<p style=\"padding-left: 30px\"><span style=\"color: #0000ff\"><a style=\"color: #0000ff\" href=\"https:\/\/wp.ufpel.edu.br\/residenciavet\/files\/2015\/04\/2013-15_-AngelRipplingler.pdf\" rel=\"\">Angel Ripplingler: Recidiva de neoplasmas mam\u00e1rios em cadelas submetidas \u00e0 mastectomia (Orientador: Eduardo Santiago Ventura de Aguiar)<\/a><\/span><\/p>\n<\/td>\n<\/tr>\n<tr>\n<td>Cl\u00ednica M\u00e9dica em Animais de Companhia<\/p>\n<p style=\"padding-left: 30px\"><span style=\"color: #0000ff\">\u00a0<a style=\"color: #0000ff\" href=\"https:\/\/wp.ufpel.edu.br\/residenciavet\/files\/2015\/04\/2013-15_LeticiaMartins.pdf\" rel=\"\">Leticia Reginato Martins: Estudo Retrospectivo de Doen\u00e7as Zoon\u00f3ticas Atendidas no Hospital de Cl\u00ednicas Veterin\u00e1ria da Universidade Federal de Pelotas em um Per\u00edodo de Tr\u00eas Anos (2012 a 2014) (Orientador: Luiz Fernando Jantzen Gaspar)<\/a><\/span><\/p>\n<\/td>\n<\/tr>\n<tr>\n<td>Cl\u00ednica M\u00e9dica em Equinos<\/p>\n<p style=\"padding-left: 30px\"><span style=\"color: #0000ff\">\u00a0<a style=\"color: #0000ff\" href=\"https:\/\/wp.ufpel.edu.br\/residenciavet\/files\/2015\/04\/2013-15_AliceCorreaSantos.pdf\" rel=\"\">Alice Correa Santos: Altera\u00e7\u00f5es gastroent\u00e9ricas em equinos com \u00eanfase em enterolit\u00edase (Orientador: Carlos Eduardo Wayne Nogueira)<\/a><\/span><\/p>\n<p style=\"padding-left: 30px\"><span style=\"color: #0000ff\">\u00a0<a style=\"color: #0000ff\" href=\"https:\/\/wp.ufpel.edu.br\/residenciavet\/files\/2015\/04\/2013-15_PatriciaSoaresVieira.pdf\" rel=\"\">Patricia Soares Vieira: Gasterofilose em potros jovens na regi\u00e3o sul do Rio Grande do Sul &#8211; Relato de S\u00e9rie de Casos (Orientadora: Bruna da Rosa Curcio)<\/a><\/span><\/p>\n<\/td>\n<\/tr>\n<tr>\n<td>Cl\u00ednica M\u00e9dica em Ruminantes<\/p>\n<p style=\"padding-left: 30px\"><a style=\"color: #0000ff\" href=\"https:\/\/wp.ufpel.edu.br\/residenciavet\/files\/2015\/04\/2013-14_Camila-Pizoni.pdf\"><span style=\"text-decoration: underline\">Camila Pizoni<\/span>: Influ\u00eancia da dieta ani\u00f4nica sobre os par\u00e2metros cl\u00ednicos, hematol\u00f3gicos e bioqu\u00edmicos de novilhas leiteiras induzidas \u00e0 hipocalcemia subcl\u00ednica no pr\u00e9-parto (Orientadora: Prof\u00aa Viviane Rohrig Rabassa)<\/a><\/p>\n<\/td>\n<\/tr>\n<tr>\n<td>Imagenologia<\/p>\n<p style=\"padding-left: 30px\">\u00a0<span style=\"color: #0000ff\"><a style=\"color: #0000ff\" href=\"https:\/\/wp.ufpel.edu.br\/residenciavet\/files\/2015\/04\/2013-15_LeticiaPereira.pdf\" rel=\"\">Leticia Fernandes Pereira: Exostose Cartilaginosa M\u00faltipla \u2013 Revis\u00e3o Bibliogr\u00e1fica e Relato de Dois Casos (Orientador: Guilherme Albuquerque de Oliveira Cavalcanti)<\/a><\/span><\/p>\n<\/td>\n<\/tr>\n<tr>\n<td>MVP: Inspe\u00e7\u00e3o de Leite<\/p>\n<p style=\"padding-left: 30px\">\n<\/td>\n<\/tr>\n<tr>\n<td>MVP: Sa\u00fade Coletiva<\/p>\n<p style=\"padding-left: 30px\"><span style=\"color: #0000ff\">\u00a0<a style=\"color: #0000ff\" href=\"https:\/\/wp.ufpel.edu.br\/residenciavet\/files\/2015\/04\/2013-15_TassiaGomesGuimaraes.pdf\" rel=\"\">Tassia Gomes Guimar\u00e3es: Perfil epidemiol\u00f3gico da leptospirose humana no extremo sul do brasil nos anos de 2008 a 2012 (Orientador: Luiz Filipe Dam\u00e9 Schuch)<\/a><\/span><\/p>\n<\/td>\n<\/tr>\n<tr>\n<td>Patologia Cl\u00ednica<\/p>\n<p style=\"padding-left: 30px\">\n<\/td>\n<\/tr>\n<\/tbody>\n<\/table>\n<p>&nbsp;<\/p>\n","protected":false},"excerpt":{"rendered":"<p>Turma 2013-2015 Cl\u00ednica Cir\u00fargica em Animais de Companhia Angel Ripplingler: Recidiva de neoplasmas mam\u00e1rios em cadelas submetidas \u00e0 mastectomia (Orientador: Eduardo Santiago Ventura de Aguiar) Cl\u00ednica M\u00e9dica em Animais de Companhia \u00a0Leticia Reginato Martins: Estudo Retrospectivo de Doen\u00e7as Zoon\u00f3ticas Atendidas no Hospital de Cl\u00ednicas Veterin\u00e1ria da Universidade Federal de Pelotas em um Per\u00edodo de Tr\u00eas [&hellip;]<\/p>\n","protected":false},"author":500,"featured_media":0,"parent":155,"menu_order":0,"comment_status":"closed","ping_status":"closed","template":"","meta":{"footnotes":""},"class_list":["post-152","page","type-page","status-publish","hentry"],"jetpack_sharing_enabled":true,"_links":{"self":[{"href":"https:\/\/wp.ufpel.edu.br\/residenciavet\/wp-json\/wp\/v2\/pages\/152","targetHints":{"allow":["GET"]}}],"collection":[{"href":"https:\/\/wp.ufpel.edu.br\/residenciavet\/wp-json\/wp\/v2\/pages"}],"about":[{"href":"https:\/\/wp.ufpel.edu.br\/residenciavet\/wp-json\/wp\/v2\/types\/page"}],"author":[{"embeddable":true,"href":"https:\/\/wp.ufpel.edu.br\/residenciavet\/wp-json\/wp\/v2\/users\/500"}],"replies":[{"embeddable":true,"href":"https:\/\/wp.ufpel.edu.br\/residenciavet\/wp-json\/wp\/v2\/comments?post=152"}],"version-history":[{"count":20,"href":"https:\/\/wp.ufpel.edu.br\/residenciavet\/wp-json\/wp\/v2\/pages\/152\/revisions"}],"predecessor-version":[{"id":446,"href":"https:\/\/wp.ufpel.edu.br\/residenciavet\/wp-json\/wp\/v2\/pages\/152\/revisions\/446"}],"up":[{"embeddable":true,"href":"https:\/\/wp.ufpel.edu.br\/residenciavet\/wp-json\/wp\/v2\/pages\/155"}],"wp:attachment":[{"href":"https:\/\/wp.ufpel.edu.br\/residenciavet\/wp-json\/wp\/v2\/media?parent=152"}],"curies":[{"name":"wp","href":"https:\/\/api.w.org\/{rel}","templated":true}]}}