{"id":968,"date":"2023-09-12T21:47:21","date_gmt":"2023-09-13T00:47:21","guid":{"rendered":"https:\/\/wp.ufpel.edu.br\/residenciapedagogica\/?page_id=968"},"modified":"2023-12-08T11:41:18","modified_gmt":"2023-12-08T14:41:18","slug":"producoes-2022","status":"publish","type":"page","link":"https:\/\/wp.ufpel.edu.br\/residenciapedagogica\/producoes-2022\/","title":{"rendered":"Produ\u00e7\u00f5es"},"content":{"rendered":"<p style=\"text-align: center\"><img class=\"alignnone wp-image-960\" src=\"https:\/\/wp.ufpel.edu.br\/residenciapedagogica\/files\/2023\/09\/botton-producoes-400x400.png\" alt=\"\" width=\"211\" height=\"211\" srcset=\"https:\/\/wp.ufpel.edu.br\/residenciapedagogica\/files\/2023\/09\/botton-producoes-400x400.png 400w, https:\/\/wp.ufpel.edu.br\/residenciapedagogica\/files\/2023\/09\/botton-producoes-200x200.png 200w, https:\/\/wp.ufpel.edu.br\/residenciapedagogica\/files\/2023\/09\/botton-producoes.png 500w\" sizes=\"(max-width: 211px) 100vw, 211px\" \/><\/p>\n<p>&nbsp;<\/p>\n<p style=\"text-align: center\"><b>Apresenta\u00e7\u00e3o oral e Publica\u00e7\u00e3o de Resumo em Anais<\/b><\/p>\n<p style=\"text-align: center\"><b>\u00a0\u00a0Resid\u00eancia Pedag\u00f3gica Hist\u00f3ria &#8211; 2023<\/b><\/p>\n<table>\n<tbody>\n<tr>\n<td><span style=\"font-weight: 400\">Autor\/es<\/span><\/td>\n<td><span style=\"font-weight: 400\">T\u00edtulo da comunica\u00e7\u00e3o<\/span><\/td>\n<td><span style=\"font-weight: 400\">Evento &#8211; ano<\/span><\/td>\n<\/tr>\n<tr>\n<td><span style=\"font-weight: 400\">Rafaela May Amaral; Vit\u00f3ria Henzel<\/span><\/td>\n<td><b>Desafios da pr\u00e1tica docente e a Educa\u00e7\u00e3o Inclusiva: um relato de experi\u00eancia a partir das observa\u00e7\u00f5es no Programa Resid\u00eancia Pedag\u00f3gica<\/b><\/td>\n<td><span style=\"font-weight: 400\">XXVII Jornada de Ensino de Hist\u00f3ria e Educa\u00e7\u00e3o &#8211; UFPel &#8211; 2023<\/span><\/td>\n<\/tr>\n<tr>\n<td><span style=\"font-weight: 400\">Larissa Azevedo da Silva; Sofia Giglio Pires.<\/span><\/td>\n<td><b>O acervo de livros infantis da escola estadual e de ensino fundamental Nossa senhora dos Navegantes: possibilidades para o ensino de Hist\u00f3ria.<\/b><\/td>\n<td><span style=\"font-weight: 400\">XXVII Jornada de Ensino de Hist\u00f3ria e Educa\u00e7\u00e3o &#8211; UFPel &#8211; 2023<\/span><\/td>\n<\/tr>\n<tr>\n<td><span style=\"font-weight: 400\">Isadora Camargo; Let\u00edcia Felix.<\/span><\/td>\n<td><b>Educa\u00e7\u00e3o Inclusiva: a aprendizagem dos alunos autistas no Col\u00e9gio Municipal Pelotense.<\/b><\/td>\n<td><span style=\"font-weight: 400\">XXVII Jornada de Ensino de Hist\u00f3ria e Educa\u00e7\u00e3o &#8211; UFPel &#8211; 2023<\/span><\/td>\n<\/tr>\n<tr>\n<td><span style=\"font-weight: 400\">Diego Nunes; Patrick Colvara\u00a0<\/span><\/td>\n<td><b>O Canva para al\u00e9m do ensino remoto<\/b><\/td>\n<td><span style=\"font-weight: 400\">XXVII Jornada de Ensino de Hist\u00f3ria e Educa\u00e7\u00e3o &#8211; UFPel &#8211; 2023<\/span><\/td>\n<\/tr>\n<tr>\n<td><span style=\"font-weight: 400\">Silvia Aldrighi; Matheus Goulart<\/span><\/td>\n<td><b>Resid\u00eancia Pedag\u00f3gica: relato de ambienta\u00e7\u00e3o na escola-campo Ministro Fernando Os\u00f3rio\u00a0<\/b><\/td>\n<td><span style=\"font-weight: 400\">XXVII Jornada de Ensino de Hist\u00f3ria e Educa\u00e7\u00e3o &#8211; UFPel &#8211; 2023<\/span><\/td>\n<\/tr>\n<tr>\n<td><span style=\"font-weight: 400\">Ryan dos Santos Cardoso; Bruno Coutinho Lucas Pereira; Victoria Antunes Capella<\/span><\/td>\n<td><b>Oficinas na escola Nossa Senhora Dos Navegantes<\/b><\/td>\n<td><span style=\"font-weight: 400\">XXVII Jornada de Ensino de Hist\u00f3ria e Educa\u00e7\u00e3o -UFPel &#8211; 2023<\/span><\/td>\n<\/tr>\n<tr>\n<td><span style=\"font-weight: 400\">Larissa Azevedo da Silva; Sofia Giglio Pires.<\/span><\/td>\n<td>\n<p><b>Possibilidades para o ensino de Hist\u00f3ria dentro do Programa Resid\u00eancia Pedag\u00f3gica: o ensino de Hist\u00f3ria e a Literatura<\/b><\/p>\n<p><span style=\"font-weight: 400\">Acesso:<span style=\"color: #3366ff\"><a style=\"color: #3366ff\" href=\"https:\/\/wp.ufpel.edu.br\/iimostradeensinodehistoria\/caderno-de-resumos\/\">https:\/\/wp.ufpel.edu.br\/iimostradeensinodehistoria\/caderno-de-resumos\/<\/a><\/span><\/span><\/td>\n<td><span style=\"font-weight: 400\">II Mostra de ensino de Hist\u00f3ria &#8211; UFPel &#8211; 2023<\/span><\/td>\n<\/tr>\n<tr>\n<td><span style=\"font-weight: 400\">Isadora Lebedeff Camargo; Let\u00edcia Lopes Felix; Krisley Hepp Decker<\/span><\/td>\n<td>\n<p><b>Oficina: os vest\u00edgios da humanidade<\/b><span style=\"font-weight: 400\">\u00a0<\/span><\/p>\n<p><span style=\"font-weight: 400\">Acesso:<a href=\"https:\/\/wp.ufpel.edu.br\/iimostradeensinodehistoria\/caderno-de-resumos\/\"><span style=\"color: #3366ff\">https:\/\/wp.ufpel.edu.br\/iimostradeensinodehistoria\/caderno-de-resumos\/<\/span><\/a><\/span><\/td>\n<td><span style=\"font-weight: 400\">II Mostra de ensino de Hist\u00f3ria &#8211; UFPel &#8211; 2023<\/span><\/td>\n<\/tr>\n<tr>\n<td><span style=\"font-weight: 400\">Gabriela Muller; Krisley Hepp Decker\u00a0<\/span><\/td>\n<td>\n<p><b>Os Desafios da Educa\u00e7\u00e3o Inclusiva no Col\u00e9gio Municipal Pelotense<\/b><\/p>\n<p><span style=\"font-weight: 400\">Acesso:https:<span style=\"color: #3366ff\">\/\/wp.ufpel.edu.br\/iimostradeensinodehistoria\/caderno-de-resumos\/<\/span><\/span><\/td>\n<td><span style=\"font-weight: 400\">XXVII Jornada de ensino de hist\u00f3ria e Educa\u00e7\u00e3o &#8211; UFPel &#8211; 2023<\/span><\/td>\n<\/tr>\n<tr>\n<td>\n<p><span style=\"font-weight: 400\">Gabriela Muller Rubira;<\/span><\/p>\n<p><span style=\"font-weight: 400\">Leticia Trampuscki Pires;<\/span><\/td>\n<td>\n<p><b>A tradi\u00e7\u00e3o doceira como patrim\u00f4nio cultural e elemento identit\u00e1rio da popula\u00e7\u00e3o pelotense<\/b><\/p>\n<p><span style=\"font-weight: 400\">Acesso:<span style=\"color: #3366ff\"><a style=\"color: #3366ff\" href=\"https:\/\/wp.ufpel.edu.br\/iimostradeensinodehistoria\/caderno-de-resumos\/\">https:\/\/wp.ufpel.edu.br\/iimostradeensinodehistoria\/caderno-de-resumos\/<\/a><\/span><\/span><\/td>\n<td><span style=\"font-weight: 400\">II Mostra de ensino de Hist\u00f3ria &#8211; UFPel -2023<\/span><\/td>\n<\/tr>\n<tr>\n<td><span style=\"font-weight: 400\">Vict\u00f3ria Antunes Capella\u00a0<\/span><\/td>\n<td>\n<p><b>Oficina: Clubes de futebol da cidade de Pelotas\u00a0<\/b><\/p>\n<p><span style=\"font-weight: 400\">Acesso:<span style=\"color: #3366ff\"><a style=\"color: #3366ff\" href=\"https:\/\/wp.ufpel.edu.br\/iimostradeensinodehistoria\/caderno-de-resumos\/\">https:\/\/wp.ufpel.edu.br\/iimostradeensinodehistoria\/caderno-de-resumos\/<\/a><\/span><\/span><\/td>\n<td><span style=\"font-weight: 400\">II Mostra de ensino de Hist\u00f3ria -UFPel &#8211; 2023<\/span><\/td>\n<\/tr>\n<tr>\n<td><span style=\"font-weight: 400\">Rafaela May Amaral; Vit\u00f3ria Henzel Ferreira\u00a0<\/span><\/td>\n<td>\n<p><b>Desmistificando o processo de coloniza\u00e7\u00e3o da Am\u00e9rica: uma proposta recreativa a partir do jogo War: Colonization<\/b><\/p>\n<p><span style=\"font-weight: 400\">Acesso:<span style=\"color: #3366ff\">https:\/\/wp.ufpel.edu.br\/iimostradeensinodehistoria\/caderno-de-resumos\/<\/span><\/span><\/td>\n<td><span style=\"font-weight: 400\">II Mostra de Ensino de Hist\u00f3ria &#8211; UFPel &#8211; 2023<\/span><\/td>\n<\/tr>\n<tr>\n<td><span style=\"font-weight: 400\">Larissa Azevedo da Silva.<\/span><\/td>\n<td><b>A LITERATURA COMO POSSIBILIDADE PARA O ENSINO DE HIST\u00d3RIA: INVESTIGANDO OS MOVIMENTOS DA CONSCI\u00caNCIA HIST\u00d3RICA.<\/b><\/td>\n<td><span style=\"font-weight: 400\">III Jornada do GT Ensino de Hist\u00f3ria &amp; Educa\u00e7\u00e3o ANPUH GO.<\/span><\/td>\n<\/tr>\n<tr>\n<td><span style=\"font-weight: 400\">Larissa Azevedo da Silva.<\/span><\/td>\n<td><b>O ENSINO DE HIST\u00d3RIA DENTRO DO PROGRAMA RESID\u00caNCIA PEDAG\u00d3GICA: O ENSINO DE HIST\u00d3RIA E A LITERATURA.<\/b><\/td>\n<td><span style=\"font-weight: 400\">IV Semin\u00e1rio de Est\u00e1gio Supervisionado do Curso de Hist\u00f3ria (SESTHIS) e IV Semana Acad\u00eamica de Hist\u00f3ria: Ensino, diversidade e resist\u00eancia<\/span><\/td>\n<\/tr>\n<tr>\n<td><span style=\"font-weight: 400\">Larissa Azevedo da Silva.<\/span><\/td>\n<td><b>HIST\u00d3RIA DA BRUXARIA E SUAS REPRESENTA\u00c7\u00d5ES: OFICINAS OFERTADAS NO PROGRAMA DE RESID\u00caNCIA PEDAG\u00d3GICA<\/b><\/td>\n<td>\n<p><span style=\"font-weight: 400\">9\u00b0 SIIEPE\/UFPEL &#8211; CEG &#8211;\u00a0 2023<\/span><\/p>\n<p><b>Trabalho com Men\u00e7\u00e3o de Destaque<\/b><\/td>\n<\/tr>\n<tr>\n<td><span style=\"font-weight: 400\">Ryan dos Santos Cardoso<\/span><\/td>\n<td><b>O USO DA DISCOGRAFIA DOS RACIONAIS MC\u00b4S EM OFICINAS COMO CONTRIBUI\u00c7\u00c3O PARA O ENSINO DE HIST\u00d3RIA\u00a0<\/b><\/td>\n<td><span style=\"font-weight: 400\">9\u00b0 SIIEPE\/UFPEL &#8211; CEG &#8211;\u00a0 2023<\/span><\/td>\n<\/tr>\n<tr>\n<td><b>Sofia Giglio Pires<\/b><\/td>\n<td>\n<p><b>CARA A CARA:<\/b><\/p>\n<p><b>OS JOGOS E O ENSINO DE HIST\u00d3RIA<\/b><\/td>\n<td>\n<p><span style=\"font-weight: 400\">9\u00b0 SIIEPE\/UFPEL &#8211; CEG &#8211;\u00a0 2023<\/span><\/p>\n<p><b>Trabalho com Men\u00e7\u00e3o de Destaque<\/b><\/td>\n<\/tr>\n<\/tbody>\n<\/table>\n<p>&nbsp;<\/p>\n<p><b>Oficina Ministrada<\/b><\/p>\n<p>&nbsp;<\/p>\n<table>\n<tbody>\n<tr>\n<td><b>Ministrantes<\/b><\/td>\n<td><b>T\u00edtulo da Oficina<\/b><\/td>\n<td><b>Evento &#8211; Ano<\/b><\/td>\n<\/tr>\n<tr>\n<td><span style=\"font-weight: 400\">Bruno Pereira, Diego Nunes e Patrick Colvara<\/span><\/td>\n<td><span style=\"font-weight: 400\">Ferramentas digitais para ensinar Hist\u00f3ria<\/span><\/td>\n<td><span style=\"font-weight: 400\">XXVII &#8211; Jornada de Ensino de Hist\u00f3ria &#8211; 2023<\/span><\/td>\n<\/tr>\n<\/tbody>\n<\/table>\n<p>&nbsp;<\/p>\n","protected":false},"excerpt":{"rendered":"<p>&nbsp; Apresenta\u00e7\u00e3o oral e Publica\u00e7\u00e3o de Resumo em Anais \u00a0\u00a0Resid\u00eancia Pedag\u00f3gica Hist\u00f3ria &#8211; 2023 Autor\/es T\u00edtulo da comunica\u00e7\u00e3o Evento &#8211; ano Rafaela May Amaral; Vit\u00f3ria Henzel Desafios da pr\u00e1tica docente e a Educa\u00e7\u00e3o Inclusiva: um relato de experi\u00eancia a partir das observa\u00e7\u00f5es no Programa Resid\u00eancia Pedag\u00f3gica XXVII Jornada de Ensino de Hist\u00f3ria e Educa\u00e7\u00e3o &#8211; [&hellip;]<\/p>\n","protected":false},"author":1203,"featured_media":0,"parent":0,"menu_order":0,"comment_status":"closed","ping_status":"closed","template":"","meta":{"footnotes":""},"class_list":["post-968","page","type-page","status-publish","hentry"],"_links":{"self":[{"href":"https:\/\/wp.ufpel.edu.br\/residenciapedagogica\/wp-json\/wp\/v2\/pages\/968","targetHints":{"allow":["GET"]}}],"collection":[{"href":"https:\/\/wp.ufpel.edu.br\/residenciapedagogica\/wp-json\/wp\/v2\/pages"}],"about":[{"href":"https:\/\/wp.ufpel.edu.br\/residenciapedagogica\/wp-json\/wp\/v2\/types\/page"}],"author":[{"embeddable":true,"href":"https:\/\/wp.ufpel.edu.br\/residenciapedagogica\/wp-json\/wp\/v2\/users\/1203"}],"replies":[{"embeddable":true,"href":"https:\/\/wp.ufpel.edu.br\/residenciapedagogica\/wp-json\/wp\/v2\/comments?post=968"}],"version-history":[{"count":7,"href":"https:\/\/wp.ufpel.edu.br\/residenciapedagogica\/wp-json\/wp\/v2\/pages\/968\/revisions"}],"predecessor-version":[{"id":1156,"href":"https:\/\/wp.ufpel.edu.br\/residenciapedagogica\/wp-json\/wp\/v2\/pages\/968\/revisions\/1156"}],"wp:attachment":[{"href":"https:\/\/wp.ufpel.edu.br\/residenciapedagogica\/wp-json\/wp\/v2\/media?parent=968"}],"curies":[{"name":"wp","href":"https:\/\/api.w.org\/{rel}","templated":true}]}}