{"id":946,"date":"2023-08-25T09:41:14","date_gmt":"2023-08-25T12:41:14","guid":{"rendered":"https:\/\/wp.ufpel.edu.br\/residenciapedagogica\/?page_id=946"},"modified":"2023-11-22T14:17:44","modified_gmt":"2023-11-22T17:17:44","slug":"residencia-pedagogica-2022","status":"publish","type":"page","link":"https:\/\/wp.ufpel.edu.br\/residenciapedagogica\/residencia-pedagogica-2022\/","title":{"rendered":"Resid\u00eancia Pedag\u00f3gica 2022"},"content":{"rendered":"<p><span style=\"color: var(--cor-texto);font-family: var(--fonte-corpo)\">O Programa de Resid\u00eancia Pedag\u00f3gica da UFPel \u00e9 um projeto institucional, vinculado a CAPES, que visa a aprimorar a forma\u00e7\u00e3o inicial de professores com base no planejamento de atividades de ensino que estimulem a articula\u00e7\u00e3o entre teoria e pr\u00e1tica nos cursos de licenciatura, promovendo a imers\u00e3o do licenciando nas escolas de Educa\u00e7\u00e3o B\u00e1sica das redes p\u00fablicas de ensino. O n\u00facleo de Licenciatura em Hist\u00f3ria possui dentre os objetivos espec\u00edficos, do Edital 24\/2022, criar e promover a\u00e7\u00f5es pedag\u00f3gicas que contribuam para a aprendizagem hist\u00f3rica, tendo como premissa o desenvolvimento da capacidade de orienta\u00e7\u00e3o no tempo (passado) e sobre o tempo (presente), em di\u00e1logo com a cultura hist\u00f3rica que permeia a comunidade escolar; assim como, contribuir para forma\u00e7\u00e3o da consci\u00eancia hist\u00f3ria dos estudantes, a partir da promo\u00e7\u00e3o de a\u00e7\u00f5es que desenvolvam a compet\u00eancia leitora, atrav\u00e9s de estrat\u00e9gias de media\u00e7\u00e3o da leitura e da intera\u00e7\u00e3o com textos de diferentes formatos, g\u00eaneros e suportes.<\/span><\/p>\n<p><a href=\"https:\/\/wp.ufpel.edu.br\/residenciapedagogica\/quem-somos-2022\/\"><img class=\"alignnone wp-image-957\" src=\"https:\/\/wp.ufpel.edu.br\/residenciapedagogica\/files\/2023\/09\/botton-quem-somos-residencia-2022-400x400.png\" alt=\"\" width=\"163\" height=\"163\" srcset=\"https:\/\/wp.ufpel.edu.br\/residenciapedagogica\/files\/2023\/09\/botton-quem-somos-residencia-2022-400x400.png 400w, https:\/\/wp.ufpel.edu.br\/residenciapedagogica\/files\/2023\/09\/botton-quem-somos-residencia-2022-200x200.png 200w, https:\/\/wp.ufpel.edu.br\/residenciapedagogica\/files\/2023\/09\/botton-quem-somos-residencia-2022.png 500w\" sizes=\"(max-width: 163px) 100vw, 163px\" \/><\/a> <a href=\"https:\/\/wp.ufpel.edu.br\/residenciapedagogica\/producoes-2022\/\"><img class=\"alignnone wp-image-960\" src=\"https:\/\/wp.ufpel.edu.br\/residenciapedagogica\/files\/2023\/09\/botton-producoes-400x400.png\" alt=\"\" width=\"161\" height=\"161\" srcset=\"https:\/\/wp.ufpel.edu.br\/residenciapedagogica\/files\/2023\/09\/botton-producoes-400x400.png 400w, https:\/\/wp.ufpel.edu.br\/residenciapedagogica\/files\/2023\/09\/botton-producoes-200x200.png 200w, https:\/\/wp.ufpel.edu.br\/residenciapedagogica\/files\/2023\/09\/botton-producoes.png 500w\" sizes=\"(max-width: 161px) 100vw, 161px\" \/><\/a> <a href=\"https:\/\/wp.ufpel.edu.br\/residenciapedagogica\/residencia-pedagogica-2022-sequencia-didatica\/\"><img class=\"alignnone wp-image-958\" src=\"https:\/\/wp.ufpel.edu.br\/residenciapedagogica\/files\/2023\/09\/botton-sequencia-400x400.png\" alt=\"\" width=\"143\" height=\"143\" srcset=\"https:\/\/wp.ufpel.edu.br\/residenciapedagogica\/files\/2023\/09\/botton-sequencia-400x400.png 400w, https:\/\/wp.ufpel.edu.br\/residenciapedagogica\/files\/2023\/09\/botton-sequencia-200x200.png 200w, https:\/\/wp.ufpel.edu.br\/residenciapedagogica\/files\/2023\/09\/botton-sequencia.png 500w\" sizes=\"(max-width: 143px) 100vw, 143px\" \/><\/a><a href=\"https:\/\/wp.ufpel.edu.br\/residenciapedagogica\/2023\/11\/22\/galeria-de-fotos\/\"><img class=\"alignnone wp-image-1039\" src=\"https:\/\/wp.ufpel.edu.br\/residenciapedagogica\/files\/2023\/11\/botton-galeria-de-fotos-400x400.png\" alt=\"\" width=\"142\" height=\"142\" srcset=\"https:\/\/wp.ufpel.edu.br\/residenciapedagogica\/files\/2023\/11\/botton-galeria-de-fotos-400x400.png 400w, https:\/\/wp.ufpel.edu.br\/residenciapedagogica\/files\/2023\/11\/botton-galeria-de-fotos-200x200.png 200w, https:\/\/wp.ufpel.edu.br\/residenciapedagogica\/files\/2023\/11\/botton-galeria-de-fotos.png 500w\" sizes=\"(max-width: 142px) 100vw, 142px\" \/><\/a><\/p>\n<p>&nbsp;<\/p>\n","protected":false},"excerpt":{"rendered":"<p>O Programa de Resid\u00eancia Pedag\u00f3gica da UFPel \u00e9 um projeto institucional, vinculado a CAPES, que visa a aprimorar a forma\u00e7\u00e3o inicial de professores com base no planejamento de atividades de ensino que estimulem a articula\u00e7\u00e3o entre teoria e pr\u00e1tica nos cursos de licenciatura, promovendo a imers\u00e3o do licenciando nas escolas de Educa\u00e7\u00e3o B\u00e1sica das redes [&hellip;]<\/p>\n","protected":false},"author":1203,"featured_media":0,"parent":0,"menu_order":0,"comment_status":"closed","ping_status":"closed","template":"","meta":{"_crdt_document":"","footnotes":""},"class_list":["post-946","page","type-page","status-publish","hentry"],"_links":{"self":[{"href":"https:\/\/wp.ufpel.edu.br\/residenciapedagogica\/wp-json\/wp\/v2\/pages\/946","targetHints":{"allow":["GET"]}}],"collection":[{"href":"https:\/\/wp.ufpel.edu.br\/residenciapedagogica\/wp-json\/wp\/v2\/pages"}],"about":[{"href":"https:\/\/wp.ufpel.edu.br\/residenciapedagogica\/wp-json\/wp\/v2\/types\/page"}],"author":[{"embeddable":true,"href":"https:\/\/wp.ufpel.edu.br\/residenciapedagogica\/wp-json\/wp\/v2\/users\/1203"}],"replies":[{"embeddable":true,"href":"https:\/\/wp.ufpel.edu.br\/residenciapedagogica\/wp-json\/wp\/v2\/comments?post=946"}],"version-history":[{"count":6,"href":"https:\/\/wp.ufpel.edu.br\/residenciapedagogica\/wp-json\/wp\/v2\/pages\/946\/revisions"}],"predecessor-version":[{"id":1131,"href":"https:\/\/wp.ufpel.edu.br\/residenciapedagogica\/wp-json\/wp\/v2\/pages\/946\/revisions\/1131"}],"wp:attachment":[{"href":"https:\/\/wp.ufpel.edu.br\/residenciapedagogica\/wp-json\/wp\/v2\/media?parent=946"}],"curies":[{"name":"wp","href":"https:\/\/api.w.org\/{rel}","templated":true}]}}