{"id":867,"date":"2023-08-08T21:22:24","date_gmt":"2023-08-09T00:22:24","guid":{"rendered":"https:\/\/wp.ufpel.edu.br\/residenciapedagogica\/?page_id=867"},"modified":"2023-08-11T20:10:55","modified_gmt":"2023-08-11T23:10:55","slug":"publicacoes","status":"publish","type":"page","link":"https:\/\/wp.ufpel.edu.br\/residenciapedagogica\/publicacoes\/","title":{"rendered":"Publica\u00e7\u00f5es"},"content":{"rendered":"<p><span style=\"font-family: georgia, palatino, serif\"><strong><span style=\"color: #000000\">Cadernos Tem\u00e1ticos do LEH<\/span><\/strong><\/span><\/p>\n<p><span style=\"font-family: georgia, palatino, serif\"><span style=\"color: #000000\">\u00a0 \u00a0 \u00a0O Volume 2 da s\u00e9rie Cadernos Tem\u00e1ticos do LEH, Projeto do Laborat\u00f3rio de Ensino de Hist\u00f3ria (LEH\/UFPel), resultou de produ\u00e7\u00e3o did\u00e1tica desenvolvida no \u00e2mbito do Programa Resid\u00eancia Pedag\u00f3gica, sub\u00e1rea Hist\u00f3ria, da Universidade Federal de Pelotas. Trata-se de um Caderno Tem\u00e1tico alusivo ao Bicenten\u00e1rio da Independ\u00eancia do Brasil, que aproveita a oportunidade dessa efem\u00e9ride para propor outros olhares poss\u00edveis sobre a hist\u00f3ria do nosso pa\u00eds. <span style=\"color: #3366ff\">Clique aqui para acessar.<\/span><\/span><span style=\"color: #3366ff\">\u00a0<\/span><\/span><\/p>\n<hr \/>\n<p><span style=\"font-family: georgia, palatino, serif\"><strong><span style=\"color: #000000\"><u>Artigo Publicado<\/u><\/span><\/strong><\/span><\/p>\n<p><span style=\"color: #000000;font-family: georgia, palatino, serif\">DUTRA, Camila Gon\u00e7alves; BITTENCOURT, La\u00eds Neves; ROSA, Lucas Cantos da. CLUBE FICA AHI PRA IR DIZENDO: RESGATE DA MEM\u00d3RIA COMO METODOLOGIA ANTIRRACISTA NO ENSINO DE HIST\u00d3RIA. In: GASPAROTTO, Alessandra, et al. O que faz o ensino de hist\u00f3ria na luta antirracista? Anais da XXV Jornada de Ensino de Hist\u00f3ria e Educa\u00e7\u00e3o do GT Ensino de Hist\u00f3ria e Educa\u00e7\u00e3o da ANPUH-RS. [E-book]. S\u00e3o Leopoldo: Oikos, 2022. <\/span><\/p>\n<p><span style=\"color: #3366ff;font-family: georgia, palatino, serif\"><a style=\"color: #3366ff\" href=\"https:\/\/oikoseditora.com.br\/files\/O%20que%20faz%20o%20ensino%20de%20hist%C3%B3ria%20-%20E-book.pdf\">Clique aqui para acessar<\/a><\/span><\/p>\n<hr \/>\n<p><span style=\"font-family: georgia, palatino, serif\"><strong><span style=\"color: #000000\"><u>Apresenta\u00e7\u00e3o Oral em Evento e Publica\u00e7\u00e3o de Resumo<\/u><\/span><\/strong><\/span><\/p>\n<p><span style=\"color: #000000;font-family: georgia, palatino, serif\">TEIXEIRA, Jo\u00e3o Vitor de Armas. <strong>TENS\u00c3O, DOMINA\u00c7\u00c3O E SIL\u00caNCIO: UMA REFLEX\u00c3O PEDAG\u00d3GICA E CURRICULAR NO CONTEXTO DA PANDEMIA.<\/strong> 7\u00aa SIIEPE, UFPEL DE 18 A 22 DE OUTUBRO DE 2021, EM FORMATO REMOTO. CEG 2021. <span style=\"color: #3366ff\"><a style=\"color: #3366ff\" href=\"https:\/\/www.youtube.com\/watch?v=VHFqi4weySs\">Clique aqui para acessar.<\/a><\/span><\/span><\/p>\n<hr \/>\n<p><span style=\"color: #000000;font-family: georgia, palatino, serif\">DUARTE, Franc Islab\u00e3o; BENDER, Beatriz Barbosa. <strong>A produ\u00e7\u00e3o do texto no Ensino Remoto Emergencial.<\/strong> Caderno de Resumos do V Encontro Internacional Fronteiras e Identidades. PPGH\/UFPel, 2021. <span style=\"color: #3366ff\"><a style=\"color: #3366ff\" href=\"https:\/\/wp.ufpel.edu.br\/eifionline\/caderno-de-resumos\/\">Clique aqui para acessar.<\/a><\/span><\/span><\/p>\n<hr \/>\n<p><span style=\"color: #000000;font-family: georgia, palatino, serif\">BENDER, Beatriz Barbosa, DUARTE, Franc Islab\u00e3o. <strong>As ferramentas digitais no Ensino Remoto Emergencial<\/strong>. Caderno de Resumos do V Encontro Internacional Fronteiras e Identidades. PPGH\/UFPel, 2021.\u00a0<\/span><\/p>\n<p><span style=\"color: #000000;font-family: georgia, palatino, serif\"> <span style=\"color: #3366ff\"><a style=\"color: #3366ff\" href=\"https:\/\/wp.ufpel.edu.br\/residenciapedagogica\/files\/2023\/08\/tcc-final-franc-islaba\u0303o-duarte.pdf\">Clique aqui para acessar.<\/a><\/span><\/span><\/p>\n<hr \/>\n<p><span style=\"color: #000000;font-family: georgia, palatino, serif\">MACHADO, Jos\u00e9 Paulo. <strong>Quadro Novos desafios: Experi\u00eancias no ensino remoto de Hist\u00f3ria no Ensino M\u00e9dio.<\/strong> Caderno de Resumos do V Encontro Internacional Fronteiras e Identidades. PPGH\/UFPel, 2021. <\/span><\/p>\n<p><span style=\"color: #3366ff;font-family: georgia, palatino, serif\"><a style=\"color: #3366ff\" href=\"https:\/\/wp.ufpel.edu.br\/eifionline\/caderno-de-resumos\/\">Clique aqui para acessar.<\/a><\/span><\/p>\n<hr \/>\n<p><span style=\"color: #000000;font-family: georgia, palatino, serif\">DUARTE, Alesi Goulart; FERNANDES, Lucas Tunes. <strong>Porcos e Viagem no Tempo: a cria\u00e7\u00e3o de material did\u00e1tico de hist\u00f3ria para um aluno autista no ensino remoto.<\/strong> 7\u00aa SIIEPE, UFPEL DE 18 A 22 DE OUTUBRO DE 2021, EM FORMATO REMOTO. CEG 2021. <a href=\"https:\/\/www.youtube.com\/watch?v=7BKsun7KBjY\">Clique aqui para acessar.<\/a><\/span><\/p>\n<hr \/>\n<p><span style=\"color: #000000;font-family: georgia, palatino, serif\">ISNARDI, Ruan da Silveira; ZARNOTT, Eduarda Wille; CUNHA, Gustavo Fonseca da. <strong>Trabalhando as compet\u00eancias gerais da BNCC de Hist\u00f3ria por meio da Educa\u00e7\u00e3o Emergencial Remota com turmas de Ensino M\u00e9dio T\u00e9cnico Integrado do Instituto Federal Sul-rio-grandense (IFSUL) &#8211; C\u00c2MPUS PELOTAS-VISCONDE DA GRA\u00c7A<\/strong>. 7\u00aa SIIEPE, UFPEL DE 18 A 22 DE OUTUBRO DE 2021, EM FORMATO REMOTO. CEG 2021. <span style=\"color: #3366ff\"><a style=\"color: #3366ff\" href=\"https:\/\/www.youtube.com\/watch?v=OdzsqSJq2cE&amp;ab_channel=RuanIsnardi\">Clique aqui para acessar.<\/a><\/span><\/span><\/p>\n<hr \/>\n<p><span style=\"color: #000000;font-family: georgia, palatino, serif\">DUARTE, Franc Islab\u00e3o ; SILVA, Daniel Sias da; BENDER, Beatriz Barbosa; ROCHA, Rosana Ivanete Oliveira da.\u00a0 Escola Perif\u00e9rica: Ensino Remoto Emergencial para quem?. 7\u00aa SIIEPE, UFPEL DE 18 A 22 DE OUTUBRO DE 2021, EM FORMATO REMOTO. CEG 2021. <span style=\"color: #3366ff\"><a style=\"color: #3366ff\" href=\"https:\/\/www.youtube.com\/watch?v=vdFN-jFPfQU\">Clique aqui para acessar.\u00a0<\/a><\/span><\/span><\/p>\n<hr \/>\n<p>&nbsp;<\/p>\n","protected":false},"excerpt":{"rendered":"<p>Cadernos Tem\u00e1ticos do LEH \u00a0 \u00a0 \u00a0O Volume 2 da s\u00e9rie Cadernos Tem\u00e1ticos do LEH, Projeto do Laborat\u00f3rio de Ensino de Hist\u00f3ria (LEH\/UFPel), resultou de produ\u00e7\u00e3o did\u00e1tica desenvolvida no \u00e2mbito do Programa Resid\u00eancia Pedag\u00f3gica, sub\u00e1rea Hist\u00f3ria, da Universidade Federal de Pelotas. Trata-se de um Caderno Tem\u00e1tico alusivo ao Bicenten\u00e1rio da Independ\u00eancia do Brasil, que aproveita [&hellip;]<\/p>\n","protected":false},"author":1203,"featured_media":0,"parent":0,"menu_order":0,"comment_status":"closed","ping_status":"closed","template":"","meta":{"footnotes":""},"class_list":["post-867","page","type-page","status-publish","hentry"],"_links":{"self":[{"href":"https:\/\/wp.ufpel.edu.br\/residenciapedagogica\/wp-json\/wp\/v2\/pages\/867","targetHints":{"allow":["GET"]}}],"collection":[{"href":"https:\/\/wp.ufpel.edu.br\/residenciapedagogica\/wp-json\/wp\/v2\/pages"}],"about":[{"href":"https:\/\/wp.ufpel.edu.br\/residenciapedagogica\/wp-json\/wp\/v2\/types\/page"}],"author":[{"embeddable":true,"href":"https:\/\/wp.ufpel.edu.br\/residenciapedagogica\/wp-json\/wp\/v2\/users\/1203"}],"replies":[{"embeddable":true,"href":"https:\/\/wp.ufpel.edu.br\/residenciapedagogica\/wp-json\/wp\/v2\/comments?post=867"}],"version-history":[{"count":4,"href":"https:\/\/wp.ufpel.edu.br\/residenciapedagogica\/wp-json\/wp\/v2\/pages\/867\/revisions"}],"predecessor-version":[{"id":901,"href":"https:\/\/wp.ufpel.edu.br\/residenciapedagogica\/wp-json\/wp\/v2\/pages\/867\/revisions\/901"}],"wp:attachment":[{"href":"https:\/\/wp.ufpel.edu.br\/residenciapedagogica\/wp-json\/wp\/v2\/media?parent=867"}],"curies":[{"name":"wp","href":"https:\/\/api.w.org\/{rel}","templated":true}]}}