{"id":819,"date":"2023-08-04T15:04:30","date_gmt":"2023-08-04T18:04:30","guid":{"rendered":"https:\/\/wp.ufpel.edu.br\/residenciapedagogica\/?page_id=819"},"modified":"2023-08-23T21:10:03","modified_gmt":"2023-08-24T00:10:03","slug":"jogos-virtuais","status":"publish","type":"page","link":"https:\/\/wp.ufpel.edu.br\/residenciapedagogica\/jogos-virtuais\/","title":{"rendered":"Jogos virtuais"},"content":{"rendered":"<h2><img class=\"size-full wp-image-853 aligncenter\" src=\"https:\/\/wp.ufpel.edu.br\/residenciapedagogica\/files\/2023\/08\/botton_jogos_virtuais.png\" alt=\"\" width=\"163\" height=\"142\" \/><\/h2>\n<p style=\"text-align: center\"><span style=\"font-family: georgia, palatino, serif\">Jogos digitais produzidos pelos Residentes Pedag\u00f3gicos de Hist\u00f3ria (edi\u00e7\u00e3o 2020 ), para a realiza\u00e7\u00e3o da aulas remotas que ocorreram no per\u00edodo de isolamento social devido a pandemia de Covid-19.<\/span><\/p>\n<hr \/>\n<h2><strong><span style=\"font-size: 12pt;font-family: georgia, palatino, serif\">Forma\u00e7\u00e3o da Am\u00e9rica colonial\u00a0<\/span><\/strong><\/h2>\n<h2><strong><span style=\"font-size: 12pt;font-family: georgia, palatino, serif\"><img class=\"alignnone size-medium wp-image-824\" src=\"https:\/\/wp.ufpel.edu.br\/residenciapedagogica\/files\/2023\/08\/jogos-formacao-america-colonial-400x397.png\" alt=\"\" width=\"400\" height=\"397\" srcset=\"https:\/\/wp.ufpel.edu.br\/residenciapedagogica\/files\/2023\/08\/jogos-formacao-america-colonial-400x397.png 400w, https:\/\/wp.ufpel.edu.br\/residenciapedagogica\/files\/2023\/08\/jogos-formacao-america-colonial-200x200.png 200w, https:\/\/wp.ufpel.edu.br\/residenciapedagogica\/files\/2023\/08\/jogos-formacao-america-colonial.png 498w\" sizes=\"(max-width: 400px) 100vw, 400px\" \/><\/span><\/strong><\/h2>\n<h2><span style=\"color: #3366ff\"><strong><span style=\"font-size: 12pt;font-family: georgia, palatino, serif\"><a style=\"color: #3366ff\" href=\"https:\/\/wordwall.net\/play\/13660\/890\/835\">Clique aqui para acessar<\/a><\/span><\/strong><\/span><\/h2>\n<p>&nbsp;<\/p>\n<h2><strong><span style=\"font-size: 12pt;font-family: georgia, palatino, serif\">Escravid\u00e3o Africana no Brasil<\/span><\/strong><\/h2>\n<h2><strong><span style=\"font-size: 12pt;font-family: georgia, palatino, serif\"><img class=\"alignnone size-medium wp-image-823\" src=\"https:\/\/wp.ufpel.edu.br\/residenciapedagogica\/files\/2023\/08\/jogos-escravidao-africana-no-brasil-400x244-1.png\" alt=\"\" width=\"400\" height=\"244\" \/><\/span><\/strong><\/h2>\n<h2><span style=\"color: #3366ff\"><strong><span style=\"font-size: 12pt;font-family: georgia, palatino, serif\"><a style=\"color: #3366ff\" href=\"https:\/\/drive.google.com\/file\/d\/1VSvmzS_OXQQ4imHWhvDVNefdbzEoxEiM\/view?usp=sharing\">Clique aqui para acessar<\/a><\/span><\/strong><\/span><\/h2>\n<p>&nbsp;<\/p>\n<h2 style=\"text-align: center\"><strong><span style=\"font-size: 12pt;font-family: georgia, palatino, serif\">Ca\u00e7a-palavras: revis\u00e3o Renascimento cultural, <\/span><\/strong><strong style=\"color: var(--cor-texto);font-family: var(--fonte-corpo)\"><span style=\"font-size: 12pt;font-family: georgia, palatino, serif\">art\u00edstico e cient\u00edfico<\/span><\/strong><strong style=\"color: var(--cor-texto);font-family: var(--fonte-corpo)\"><span style=\"font-size: 12pt;font-family: georgia, palatino, serif\"> Italiano<\/span><\/strong><\/h2>\n<h2><strong><span style=\"font-size: 12pt;font-family: georgia, palatino, serif\"><img class=\"alignnone size-medium wp-image-822\" src=\"https:\/\/wp.ufpel.edu.br\/residenciapedagogica\/files\/2023\/08\/caca-palavras-renascimento-400x400-1.png\" alt=\"\" width=\"400\" height=\"400\" srcset=\"https:\/\/wp.ufpel.edu.br\/residenciapedagogica\/files\/2023\/08\/caca-palavras-renascimento-400x400-1.png 400w, https:\/\/wp.ufpel.edu.br\/residenciapedagogica\/files\/2023\/08\/caca-palavras-renascimento-400x400-1-200x200.png 200w\" sizes=\"(max-width: 400px) 100vw, 400px\" \/><\/span><\/strong><\/h2>\n<h2><span style=\"color: #3366ff\"><strong><span style=\"font-size: 12pt;font-family: georgia, palatino, serif\"><a style=\"color: #3366ff\" href=\"https:\/\/wordwall.net\/play\/19262\/394\/644\">Clique aqui para acessar<\/a><\/span><\/strong><\/span><\/h2>\n<p>&nbsp;<\/p>\n<h2><strong><span style=\"font-size: 12pt;font-family: georgia, palatino, serif\">Coloniza\u00e7\u00e3o espanhola x coloniza\u00e7\u00e3o inglesa<\/span><\/strong><\/h2>\n<h2><strong><span style=\"font-size: 12pt;font-family: georgia, palatino, serif\"><img class=\"alignnone size-full wp-image-821\" src=\"https:\/\/wp.ufpel.edu.br\/residenciapedagogica\/files\/2023\/08\/jogos_colonizacao-espanhola-400x200-1.jpg\" alt=\"\" width=\"400\" height=\"200\" \/><\/span><\/strong><\/h2>\n<h2><span style=\"font-family: georgia, palatino, serif;font-size: 12pt;color: #3366ff\"> <a style=\"color: #3366ff\" href=\"https:\/\/wordwall.net\/play\/13662\/159\/320\">Clique aqui para acessar<\/a><\/span><\/h2>\n","protected":false},"excerpt":{"rendered":"<p>Jogos digitais produzidos pelos Residentes Pedag\u00f3gicos de Hist\u00f3ria (edi\u00e7\u00e3o 2020 ), para a realiza\u00e7\u00e3o da aulas remotas que ocorreram no per\u00edodo de isolamento social devido a pandemia de Covid-19. Forma\u00e7\u00e3o da Am\u00e9rica colonial\u00a0 Clique aqui para acessar &nbsp; Escravid\u00e3o Africana no Brasil Clique aqui para acessar &nbsp; Ca\u00e7a-palavras: revis\u00e3o Renascimento cultural, art\u00edstico e cient\u00edfico Italiano [&hellip;]<\/p>\n","protected":false},"author":1203,"featured_media":0,"parent":0,"menu_order":0,"comment_status":"closed","ping_status":"closed","template":"","meta":{"footnotes":""},"class_list":["post-819","page","type-page","status-publish","hentry"],"_links":{"self":[{"href":"https:\/\/wp.ufpel.edu.br\/residenciapedagogica\/wp-json\/wp\/v2\/pages\/819","targetHints":{"allow":["GET"]}}],"collection":[{"href":"https:\/\/wp.ufpel.edu.br\/residenciapedagogica\/wp-json\/wp\/v2\/pages"}],"about":[{"href":"https:\/\/wp.ufpel.edu.br\/residenciapedagogica\/wp-json\/wp\/v2\/types\/page"}],"author":[{"embeddable":true,"href":"https:\/\/wp.ufpel.edu.br\/residenciapedagogica\/wp-json\/wp\/v2\/users\/1203"}],"replies":[{"embeddable":true,"href":"https:\/\/wp.ufpel.edu.br\/residenciapedagogica\/wp-json\/wp\/v2\/comments?post=819"}],"version-history":[{"count":2,"href":"https:\/\/wp.ufpel.edu.br\/residenciapedagogica\/wp-json\/wp\/v2\/pages\/819\/revisions"}],"predecessor-version":[{"id":932,"href":"https:\/\/wp.ufpel.edu.br\/residenciapedagogica\/wp-json\/wp\/v2\/pages\/819\/revisions\/932"}],"wp:attachment":[{"href":"https:\/\/wp.ufpel.edu.br\/residenciapedagogica\/wp-json\/wp\/v2\/media?parent=819"}],"curies":[{"name":"wp","href":"https:\/\/api.w.org\/{rel}","templated":true}]}}