{"id":816,"date":"2023-08-04T14:55:05","date_gmt":"2023-08-04T17:55:05","guid":{"rendered":"https:\/\/wp.ufpel.edu.br\/residenciapedagogica\/?page_id=816"},"modified":"2023-08-23T21:07:15","modified_gmt":"2023-08-24T00:07:15","slug":"videos","status":"publish","type":"page","link":"https:\/\/wp.ufpel.edu.br\/residenciapedagogica\/videos\/","title":{"rendered":"V\u00eddeos"},"content":{"rendered":"<p><img class=\"size-full wp-image-851 aligncenter\" src=\"https:\/\/wp.ufpel.edu.br\/residenciapedagogica\/files\/2023\/08\/botton_videos.png\" alt=\"\" width=\"158\" height=\"142\" \/><\/p>\n<p style=\"text-align: center\"><span style=\"font-family: georgia, palatino, serif\">V\u00eddeos produzidos pelos Residentes Pedag\u00f3gicos de Hist\u00f3ria (edi\u00e7\u00e3o 2020 ), para a realiza\u00e7\u00e3o da aulas remotas que ocorreram no per\u00edodo de isolamento social devido a pandemia de Covid-19.<\/span><\/p>\n<hr \/>\n<p style=\"text-align: left\"><span style=\"font-family: georgia, palatino, serif\"><strong>O Que \u00e9 Hist\u00f3ria<\/strong><\/span><\/p>\n<p><iframe title=\"O que \u00e9 a Hist\u00f3ria?\" width=\"500\" height=\"281\" src=\"https:\/\/www.youtube.com\/embed\/VZmWMd1wS7w?feature=oembed\" frameborder=\"0\" allow=\"accelerometer; autoplay; clipboard-write; encrypted-media; gyroscope; picture-in-picture; web-share\" referrerpolicy=\"strict-origin-when-cross-origin\" allowfullscreen><\/iframe><\/p>\n<p style=\"text-align: left\"><span style=\"font-family: georgia, palatino, serif\"><strong>Como\u00a0 a hist\u00f3ria se divide?<\/strong><\/span><\/p>\n<p><iframe title=\"Como a hist\u00f3ria se divide?\" width=\"500\" height=\"281\" src=\"https:\/\/www.youtube.com\/embed\/BFnWbT-m2Nc?feature=oembed\" frameborder=\"0\" allow=\"accelerometer; autoplay; clipboard-write; encrypted-media; gyroscope; picture-in-picture; web-share\" referrerpolicy=\"strict-origin-when-cross-origin\" allowfullscreen><\/iframe><\/p>\n<p style=\"text-align: left\"><span style=\"font-family: georgia, palatino, serif\"><strong>Quem Faz a Hist\u00f3ria<\/strong><\/span><\/p>\n<p><iframe title=\"Quem faz a hist\u00f3ria?\" width=\"500\" height=\"281\" src=\"https:\/\/www.youtube.com\/embed\/yjU25ia9lJY?feature=oembed\" frameborder=\"0\" allow=\"accelerometer; autoplay; clipboard-write; encrypted-media; gyroscope; picture-in-picture; web-share\" referrerpolicy=\"strict-origin-when-cross-origin\" allowfullscreen><\/iframe><\/p>\n<p style=\"text-align: left\"><span style=\"font-family: georgia, palatino, serif\"><strong>Hist\u00f3ria e Mem\u00f3ria<\/strong><\/span><\/p>\n<p><iframe title=\"Hist\u00f3ria e Mem\u00f3ria - Ci\u00eancia\" width=\"500\" height=\"281\" src=\"https:\/\/www.youtube.com\/embed\/5VqGgVUYXKc?feature=oembed\" frameborder=\"0\" allow=\"accelerometer; autoplay; clipboard-write; encrypted-media; gyroscope; picture-in-picture; web-share\" referrerpolicy=\"strict-origin-when-cross-origin\" allowfullscreen><\/iframe><\/p>\n<p><iframe title=\"Hist\u00f3ria e Mem\u00f3ria - o Tempo\" width=\"500\" height=\"281\" src=\"https:\/\/www.youtube.com\/embed\/lJJYoFqBKFA?feature=oembed\" frameborder=\"0\" allow=\"accelerometer; autoplay; clipboard-write; encrypted-media; gyroscope; picture-in-picture; web-share\" referrerpolicy=\"strict-origin-when-cross-origin\" allowfullscreen><\/iframe><\/p>\n<p style=\"text-align: left\"><span style=\"font-family: georgia, palatino, serif\"><strong>Hist\u00f3ria e Identidade<\/strong><\/span><\/p>\n<p><iframe title=\"Hist\u00f3ria e Identidade - Conceito\" width=\"500\" height=\"281\" src=\"https:\/\/www.youtube.com\/embed\/j2VW9mqpu1s?feature=oembed\" frameborder=\"0\" allow=\"accelerometer; autoplay; clipboard-write; encrypted-media; gyroscope; picture-in-picture; web-share\" referrerpolicy=\"strict-origin-when-cross-origin\" allowfullscreen><\/iframe><\/p>\n<p><iframe title=\"Hist\u00f3ria da Identidade\" width=\"500\" height=\"281\" src=\"https:\/\/www.youtube.com\/embed\/nYfB1hhi3RA?feature=oembed\" frameborder=\"0\" allow=\"accelerometer; autoplay; clipboard-write; encrypted-media; gyroscope; picture-in-picture; web-share\" referrerpolicy=\"strict-origin-when-cross-origin\" allowfullscreen><\/iframe><\/p>\n<p style=\"text-align: left\"><span style=\"font-family: georgia, palatino, serif\"><strong>E se\u2026 <\/strong><\/span><\/p>\n<p><iframe title=\"T\u00f3pico 2: E se... homin\u00eddeo mais antigo.\" width=\"500\" height=\"281\" src=\"https:\/\/www.youtube.com\/embed\/_Cowb4403_U?feature=oembed\" frameborder=\"0\" allow=\"accelerometer; autoplay; clipboard-write; encrypted-media; gyroscope; picture-in-picture; web-share\" referrerpolicy=\"strict-origin-when-cross-origin\" allowfullscreen><\/iframe><\/p>\n<p><iframe title=\"T\u00f3pico 2: E se... Stonehenge.\" width=\"500\" height=\"281\" src=\"https:\/\/www.youtube.com\/embed\/gmxLSicrNsw?feature=oembed\" frameborder=\"0\" allow=\"accelerometer; autoplay; clipboard-write; encrypted-media; gyroscope; picture-in-picture; web-share\" referrerpolicy=\"strict-origin-when-cross-origin\" allowfullscreen><\/iframe><\/p>\n<p style=\"text-align: left\">\n","protected":false},"excerpt":{"rendered":"<p>V\u00eddeos produzidos pelos Residentes Pedag\u00f3gicos de Hist\u00f3ria (edi\u00e7\u00e3o 2020 ), para a realiza\u00e7\u00e3o da aulas remotas que ocorreram no per\u00edodo de isolamento social devido a pandemia de Covid-19. O Que \u00e9 Hist\u00f3ria Como\u00a0 a hist\u00f3ria se divide? Quem Faz a Hist\u00f3ria Hist\u00f3ria e Mem\u00f3ria Hist\u00f3ria e Identidade E se\u2026<\/p>\n","protected":false},"author":1203,"featured_media":0,"parent":0,"menu_order":0,"comment_status":"closed","ping_status":"closed","template":"","meta":{"footnotes":""},"class_list":["post-816","page","type-page","status-publish","hentry"],"_links":{"self":[{"href":"https:\/\/wp.ufpel.edu.br\/residenciapedagogica\/wp-json\/wp\/v2\/pages\/816","targetHints":{"allow":["GET"]}}],"collection":[{"href":"https:\/\/wp.ufpel.edu.br\/residenciapedagogica\/wp-json\/wp\/v2\/pages"}],"about":[{"href":"https:\/\/wp.ufpel.edu.br\/residenciapedagogica\/wp-json\/wp\/v2\/types\/page"}],"author":[{"embeddable":true,"href":"https:\/\/wp.ufpel.edu.br\/residenciapedagogica\/wp-json\/wp\/v2\/users\/1203"}],"replies":[{"embeddable":true,"href":"https:\/\/wp.ufpel.edu.br\/residenciapedagogica\/wp-json\/wp\/v2\/comments?post=816"}],"version-history":[{"count":6,"href":"https:\/\/wp.ufpel.edu.br\/residenciapedagogica\/wp-json\/wp\/v2\/pages\/816\/revisions"}],"predecessor-version":[{"id":930,"href":"https:\/\/wp.ufpel.edu.br\/residenciapedagogica\/wp-json\/wp\/v2\/pages\/816\/revisions\/930"}],"wp:attachment":[{"href":"https:\/\/wp.ufpel.edu.br\/residenciapedagogica\/wp-json\/wp\/v2\/media?parent=816"}],"curies":[{"name":"wp","href":"https:\/\/api.w.org\/{rel}","templated":true}]}}