{"id":805,"date":"2023-07-31T21:18:43","date_gmt":"2023-08-01T00:18:43","guid":{"rendered":"https:\/\/wp.ufpel.edu.br\/residenciapedagogica\/?page_id=805"},"modified":"2023-12-08T12:14:36","modified_gmt":"2023-12-08T15:14:36","slug":"residencia-pedagogica-2022-sequencia-didatica","status":"publish","type":"page","link":"https:\/\/wp.ufpel.edu.br\/residenciapedagogica\/residencia-pedagogica-2022-sequencia-didatica\/","title":{"rendered":"Resid\u00eancia Pedag\u00f3gica 2022 &#8211; Sequ\u00eancia did\u00e1tica"},"content":{"rendered":"<p><img class=\"wp-image-958 aligncenter\" src=\"https:\/\/wp.ufpel.edu.br\/residenciapedagogica\/files\/2023\/09\/botton-sequencia-400x400.png\" alt=\"\" width=\"153\" height=\"153\" srcset=\"https:\/\/wp.ufpel.edu.br\/residenciapedagogica\/files\/2023\/09\/botton-sequencia-400x400.png 400w, https:\/\/wp.ufpel.edu.br\/residenciapedagogica\/files\/2023\/09\/botton-sequencia-200x200.png 200w, https:\/\/wp.ufpel.edu.br\/residenciapedagogica\/files\/2023\/09\/botton-sequencia.png 500w\" sizes=\"(max-width: 153px) 100vw, 153px\" \/><\/p>\n<hr \/>\n<p>Rafaela May Amaral; Vit\u00f3ria Henzel.<strong> Processos de coloniza\u00e7\u00e3o: conquista ou descobrimento?:<\/strong>\u00a0EMEF. Ministro Fernando Os\u00f3rio.\u00a0 <span style=\"color: #3366ff\"><a style=\"color: #3366ff\" href=\"https:\/\/wp.ufpel.edu.br\/residenciapedagogica\/files\/2023\/08\/Sequencia-Didatica-RafaelaVitoria.pdf\">Clique aqui para acessar.<\/a><\/span><\/p>\n<p>&nbsp;<\/p>\n<p>Silvia Aldrighi; Matheus Goulart. <strong>O Livro dos Mortos e o mundo eg\u00edpcio<\/strong>: EMEF. Ministro Fernando Os\u00f3rio. <span style=\"color: #3366ff\"><a style=\"color: #3366ff\" href=\"https:\/\/wp.ufpel.edu.br\/residenciapedagogica\/files\/2023\/08\/Sequencia-Didatica-Silvia_Matheus.pdf\">Clique aqui para acessar.<\/a><\/span><\/p>\n<p>&nbsp;<\/p>\n<p>Patrick Colvara e Diego Nunes.<strong> A Evolu\u00e7\u00e3o do Trabalho ao longo da Hist\u00f3ria<\/strong>: EMEF. Ministro Fernando Os\u00f3rio. <span style=\"color: #3366ff\"><a style=\"color: #3366ff\" href=\"https:\/\/wp.ufpel.edu.br\/residenciapedagogica\/files\/2023\/08\/Sequencia-Didatica-Patrick_Diego.pdf\">Clique aqui para acessar.<\/a><\/span><\/p>\n<p>&nbsp;<\/p>\n<p>Isadora Camargo; Let\u00edcia Felix; Krisley Hepp Decker. <strong>Os vest\u00edgios da humanidade<\/strong>: Col\u00e9gio Municipal Pelotense. <span style=\"color: #3366ff\"><a style=\"color: #3366ff\" href=\"https:\/\/wp.ufpel.edu.br\/residenciapedagogica\/files\/2023\/08\/Sequencia-Didatica_-LeticiaIsadoraKrisley.pdf\">Clique aqui para acessar.<\/a><\/span><\/p>\n<p>&nbsp;<\/p>\n<p>Gabriela Muller Rubira e Let\u00edcia Trampuscki. <strong>A tradi\u00e7\u00e3o doceira como patrim\u00f4nio cultural e elemento identit\u00e1rio da popula\u00e7\u00e3o pelotense<\/strong>: Col\u00e9gio Municipal Pelotense. <span style=\"color: #3366ff\"><a style=\"color: #3366ff\" href=\"https:\/\/wp.ufpel.edu.br\/residenciapedagogica\/files\/2023\/08\/Sequencia-Didatica.LeticiaT.pdf\">Clique aqui para acessar.<\/a><\/span><\/p>\n<p>&nbsp;<\/p>\n<p>Larissa Azevedo da Silva; Sofia Giglio Pires.\u00a0<strong>Hist\u00f3ria da bruxaria e suas representa\u00e7\u00f5es: <\/strong>Nossa Senhora dos Navegantes. <span style=\"color: #3366ff\"><a style=\"color: #3366ff\" href=\"https:\/\/wp.ufpel.edu.br\/residenciapedagogica\/files\/2023\/08\/Sequencia-Didatica_Larissa-e-Sofia.pdf\">Clique aqui para acessar.<\/a><\/span><\/p>\n<p>&nbsp;<\/p>\n<p>Ryan dos Santos e Bruno Pereira.<strong> A Hist\u00f3ria do Rap no Brasil<\/strong>: Nossa Senhora dos Navegantes. <span style=\"color: #3366ff\"><a style=\"color: #3366ff\" href=\"https:\/\/wp.ufpel.edu.br\/residenciapedagogica\/files\/2023\/12\/Sequencia-Didatica-Bruno-Ryan.pdf\">Clique aqui para acessar.<\/a><\/span><\/p>\n<p>&nbsp;<\/p>\n<p>Vict\u00f3ria Antunes Capella. <strong>Clubes de futebol da cidade de Pelotas:<\/strong> EEEF. Nossa Senhora dos Navegantes. <span style=\"color: #3366ff\"><a style=\"color: #3366ff\" href=\"https:\/\/wp.ufpel.edu.br\/residenciapedagogica\/files\/2023\/08\/Victoria-sequencia-didatica-site.pdf\">Clique aqui para acessar.<\/a><\/span><\/p>\n<p>&nbsp;<\/p>\n<p>&nbsp;<\/p>\n<p>&nbsp;<\/p>\n","protected":false},"excerpt":{"rendered":"<p>Rafaela May Amaral; Vit\u00f3ria Henzel. Processos de coloniza\u00e7\u00e3o: conquista ou descobrimento?:\u00a0EMEF. Ministro Fernando Os\u00f3rio.\u00a0 Clique aqui para acessar. &nbsp; Silvia Aldrighi; Matheus Goulart. O Livro dos Mortos e o mundo eg\u00edpcio: EMEF. Ministro Fernando Os\u00f3rio. Clique aqui para acessar. &nbsp; Patrick Colvara e Diego Nunes. A Evolu\u00e7\u00e3o do Trabalho ao longo da Hist\u00f3ria: EMEF. Ministro [&hellip;]<\/p>\n","protected":false},"author":1203,"featured_media":0,"parent":0,"menu_order":0,"comment_status":"closed","ping_status":"closed","template":"","meta":{"footnotes":""},"class_list":["post-805","page","type-page","status-publish","hentry"],"_links":{"self":[{"href":"https:\/\/wp.ufpel.edu.br\/residenciapedagogica\/wp-json\/wp\/v2\/pages\/805","targetHints":{"allow":["GET"]}}],"collection":[{"href":"https:\/\/wp.ufpel.edu.br\/residenciapedagogica\/wp-json\/wp\/v2\/pages"}],"about":[{"href":"https:\/\/wp.ufpel.edu.br\/residenciapedagogica\/wp-json\/wp\/v2\/types\/page"}],"author":[{"embeddable":true,"href":"https:\/\/wp.ufpel.edu.br\/residenciapedagogica\/wp-json\/wp\/v2\/users\/1203"}],"replies":[{"embeddable":true,"href":"https:\/\/wp.ufpel.edu.br\/residenciapedagogica\/wp-json\/wp\/v2\/comments?post=805"}],"version-history":[{"count":7,"href":"https:\/\/wp.ufpel.edu.br\/residenciapedagogica\/wp-json\/wp\/v2\/pages\/805\/revisions"}],"predecessor-version":[{"id":1160,"href":"https:\/\/wp.ufpel.edu.br\/residenciapedagogica\/wp-json\/wp\/v2\/pages\/805\/revisions\/1160"}],"wp:attachment":[{"href":"https:\/\/wp.ufpel.edu.br\/residenciapedagogica\/wp-json\/wp\/v2\/media?parent=805"}],"curies":[{"name":"wp","href":"https:\/\/api.w.org\/{rel}","templated":true}]}}