{"id":800,"date":"2023-07-31T21:08:33","date_gmt":"2023-08-01T00:08:33","guid":{"rendered":"https:\/\/wp.ufpel.edu.br\/residenciapedagogica\/?page_id=800"},"modified":"2023-08-23T21:04:30","modified_gmt":"2023-08-24T00:04:30","slug":"quem-somos","status":"publish","type":"page","link":"https:\/\/wp.ufpel.edu.br\/residenciapedagogica\/quem-somos\/","title":{"rendered":"Quem somos"},"content":{"rendered":"<p id=\"E77\"><span id=\"E78\">\u00a0 \u00a0 <img class=\"size-full wp-image-927 aligncenter\" src=\"https:\/\/wp.ufpel.edu.br\/residenciapedagogica\/files\/2023\/08\/botton_quem_somos.png\" alt=\"\" width=\"163\" height=\"142\" \/><\/span><\/p>\n<p><span id=\"E78\">O <\/span><span id=\"E79\">Progra<\/span><span id=\"E80\">ma de Resid\u00eancia Pedag\u00f3gica da\u00a0<\/span><span id=\"E82\">UFPel<\/span><span id=\"E84\">\u00a0\u00e9 um projeto institucional, vinculado a CAPES, que\u00a0<\/span><span id=\"E85\">visa a aprimorar a forma\u00e7\u00e3o<\/span><span id=\"E86\">\u00a0<\/span><span id=\"E87\">inicial de professores com base no planejamento de atividades de ensino que estimulem a articula\u00e7\u00e3o entre teoria e pr\u00e1tica nos cursos de<\/span><span id=\"E88\">\u00a0<\/span><span id=\"E89\">licenciatura, promovendo a imers\u00e3o<\/span><span id=\"E90\">\u00a0do licenciando nas escolas de Educa\u00e7\u00e3o B<\/span><span id=\"E91\">\u00e1sica das re<\/span><span id=\"E92\">des p\u00fablicas de ensino.<\/span><span id=\"E93\">\u00a0O n\u00facleo\u00a0<\/span><span id=\"E94\">de Licenciatura em H<\/span><span id=\"E95\">ist\u00f3ria<\/span><span id=\"E96\">\u00a0possui<\/span><span id=\"E97\">\u00a0dent<\/span><span id=\"E98\">re os objetivos espec\u00edficos, p<\/span><span id=\"E99\">ro<\/span><span id=\"E100\">mover estudo e reflex\u00e3o sobre a\u00a0<\/span><span id=\"E101\">import\u00e2ncia da forma\u00e7\u00e3o da consci\u00eancia hist\u00f3rica\u00a0<\/span><span id=\"E102\">dos jovens\u00a0<\/span><span id=\"E103\">para o exerc\u00edcio pleno da<\/span><span id=\"E104\">\u00a0cidadania. Para tanto, busca d<\/span><span id=\"E105\">esenvolver a\u00e7\u00f5es\u00a0<\/span><span id=\"E106\">pedag\u00f3gicas inovadoras, aliadas as novas tecnologias da informa\u00e7\u00e3o, v<\/span><span id=\"E107\">isando motivar\u00a0<\/span><span id=\"E108\">os\u00a0<\/span><span id=\"E109\">estudantes para as aprendizagens\u00a0<\/span><span id=\"E110\">do componente curricular de hist\u00f3ria.<\/span><\/p>\n<p id=\"E111\"><span id=\"E112\">O\u00a0<\/span><span id=\"E112\">Programa Resid\u00eancia Pedag\u00f3gica, n\u00facleo hist\u00f3ria,\u00a0<\/span><span id=\"E113\">coordenado pela Profa.\u00a0<\/span><span id=\"E115\">Lisiane\u00a0<\/span><span id=\"E117\">Sias\u00a0<\/span><span id=\"E119\">Manke<\/span><span id=\"E121\">,\u00a0<\/span><span id=\"E122\">atua em tr\u00eas escolas p\u00fablicas de Pelotas:<\/span><\/p>\n<hr \/>\n<h2 id=\"E123\"><span id=\"E124\">E.E.E.F. Nossa Senhora dos Navegantes<\/span><span id=\"E125\"><\/span><\/h2>\n<p id=\"E126\"><span id=\"E127\"><strong>V\u00eddeo sobre a escola:<\/strong>\u00a0<a href=\"https:\/\/drive.google.com\/file\/d\/17m92feSqDFNhkwcVurrWrRVGwWoFVBAX\/view\">clique aqui<\/a><\/span><span id=\"E128\"><\/span><\/p>\n<p id=\"E132\"><strong><span id=\"E133\">Preceptor<\/span><span id=\"E134\">:\u00a0<\/span><\/strong><span id=\"E134\">Prof. Daniel Sias da Silva<\/span><\/p>\n<p><span id=\"E136\"><strong>Residentes:<\/strong>\u00a0\u00a0<\/span><span id=\"E138\">Alesi Goulart Duarte,\u00a0<\/span><span id=\"E140\">Beatriz Barbosa\u00a0<\/span><span id=\"E142\">Bender, Cassio Lilge,\u00a0<\/span><span id=\"E145\"><\/span><span id=\"E145\">Camila Rosa da Silva,\u00a0<\/span><span id=\"E147\">Edward Dutra dos Anjos,\u00a0<\/span><span id=\"E150\">Franc<\/span><span id=\"E152\">\u00a0<\/span><span id=\"E154\">Islab\u00e3o<\/span><span id=\"E156\">\u00a0Duarte,\u00a0<\/span><span id=\"E158\">J\u00e9ssica Renata Santos Silva,\u00a0<\/span><span id=\"E160\">Lucas Tunes\u00a0<\/span>Fernandes, Leticia Trampuscki Pires.<\/p>\n<hr \/>\n<h2 id=\"E163\"><span id=\"E164\">E.E.E.F. Francisco Sim\u00f5es<\/span><\/h2>\n<p id=\"E165\"><strong><span id=\"E166\">V\u00eddeo sobre a escola<\/span><\/strong><span id=\"E167\"><strong>:<\/strong>\u00a0<a href=\"https:\/\/drive.google.com\/file\/d\/1UkTXI2F7EndOTxjD0Y-WG1hqyRCzqEEn\/view?usp=sharing\">clique aqui<\/a><br \/>\n<\/span><\/p>\n<p><strong><span id=\"E172\">Preceptora<\/span><\/strong><span id=\"E173\"><strong>:<\/strong>\u00a0Profa. Tamara Oswald<\/span><\/p>\n<p id=\"E197\"><strong><span id=\"E175\">Residentes<\/span><span id=\"E176\">:\u00a0<\/span><\/strong><span id=\"E176\">Alice Rosinha Nunes Barcelos,\u00a0<\/span><span id=\"E178\">Camila Dutra,\u00a0<\/span><span id=\"E180\">Douglas\u00a0<\/span><span id=\"E182\">Reisdorfer,\u00a0<\/span>Eliza de Mello Silva,\u00a0<span id=\"E185\">Jo\u00e3o Vitor de Armas Teixeira, Jos\u00e9 Paulo Quadro Machado,\u00a0<\/span><span id=\"E188\">Kauane<\/span><span id=\"E190\">\u00a0Vieira Motta,\u00a0<\/span><span id=\"E192\">La\u00eds Neves Bittencou<\/span><span id=\"E193\">rt,\u00a0<\/span><span id=\"E195\">Lucas Cantos da Rosa.<\/span><\/p>\n<hr \/>\n<h2 id=\"E199\"><span id=\"E198\">IF Sul \u2013 Campus Visconde da Gra\u00e7a<\/span><\/h2>\n<p><span id=\"E200\"><strong>V\u00eddeo sobre a escola:<\/strong>\u00a0<a href=\"https:\/\/www.youtube.com\/watch?v=B-j6isaplBY&amp;t=1s\">clique aqui<\/a><\/span><span id=\"E200\"><\/span><span id=\"E200\"><\/span><span id=\"E202\"><\/span><\/p>\n<p><strong><span id=\"E202\">Preceptor:<\/span><\/strong><span id=\"E203\">\u00a0Prof. Rafael Peter de Lima<\/span><\/p>\n<div id=\"contentsContainer\">\n<div id=\"contents\">\n<p id=\"E204\"><strong><span id=\"E205\">Residente<\/span><\/strong><span id=\"E208\"><strong>s:<\/strong>\u00a0<\/span><span id=\"E210\">Bruna A.\u00a0<\/span><span id=\"E213\">Tomazi,\u00a0<\/span><span id=\"E216\">Eduarda\u00a0<\/span><span id=\"E218\">Zarnott,\u00a0<\/span><span id=\"E221\">Gustavo Cunha,\u00a0<\/span><span id=\"E223\">J\u00e9ssica Camargo\u00a0<\/span><span id=\"E225\">Trisch,\u00a0<\/span><span id=\"E228\"><\/span><span id=\"E231\">Krisley<\/span><span id=\"E233\">\u00a0<\/span><span id=\"E235\">Hepp<\/span><span id=\"E237\">\u00a0<\/span><span id=\"E239\">Decker, Maria Laura Almeida Pereira, Ruan da Silveira Isnardi,\u00a0<\/span><span id=\"E241\"><\/span><span id=\"E244\">Su\u00e9len<\/span><span id=\"E246\">\u00a0dos Reis Andrade.<\/span><\/p>\n<\/div>\n<\/div>\n","protected":false},"excerpt":{"rendered":"<p>\u00a0 \u00a0 O Programa de Resid\u00eancia Pedag\u00f3gica da\u00a0UFPel\u00a0\u00e9 um projeto institucional, vinculado a CAPES, que\u00a0visa a aprimorar a forma\u00e7\u00e3o\u00a0inicial de professores com base no planejamento de atividades de ensino que estimulem a articula\u00e7\u00e3o entre teoria e pr\u00e1tica nos cursos de\u00a0licenciatura, promovendo a imers\u00e3o\u00a0do licenciando nas escolas de Educa\u00e7\u00e3o B\u00e1sica das redes p\u00fablicas de ensino.\u00a0O n\u00facleo\u00a0de [&hellip;]<\/p>\n","protected":false},"author":1203,"featured_media":0,"parent":0,"menu_order":0,"comment_status":"closed","ping_status":"closed","template":"","meta":{"footnotes":""},"class_list":["post-800","page","type-page","status-publish","hentry"],"_links":{"self":[{"href":"https:\/\/wp.ufpel.edu.br\/residenciapedagogica\/wp-json\/wp\/v2\/pages\/800","targetHints":{"allow":["GET"]}}],"collection":[{"href":"https:\/\/wp.ufpel.edu.br\/residenciapedagogica\/wp-json\/wp\/v2\/pages"}],"about":[{"href":"https:\/\/wp.ufpel.edu.br\/residenciapedagogica\/wp-json\/wp\/v2\/types\/page"}],"author":[{"embeddable":true,"href":"https:\/\/wp.ufpel.edu.br\/residenciapedagogica\/wp-json\/wp\/v2\/users\/1203"}],"replies":[{"embeddable":true,"href":"https:\/\/wp.ufpel.edu.br\/residenciapedagogica\/wp-json\/wp\/v2\/comments?post=800"}],"version-history":[{"count":2,"href":"https:\/\/wp.ufpel.edu.br\/residenciapedagogica\/wp-json\/wp\/v2\/pages\/800\/revisions"}],"predecessor-version":[{"id":928,"href":"https:\/\/wp.ufpel.edu.br\/residenciapedagogica\/wp-json\/wp\/v2\/pages\/800\/revisions\/928"}],"wp:attachment":[{"href":"https:\/\/wp.ufpel.edu.br\/residenciapedagogica\/wp-json\/wp\/v2\/media?parent=800"}],"curies":[{"name":"wp","href":"https:\/\/api.w.org\/{rel}","templated":true}]}}