{"id":795,"date":"2023-07-31T21:10:58","date_gmt":"2023-08-01T00:10:58","guid":{"rendered":"https:\/\/wp.ufpel.edu.br\/residenciapedagogica\/?page_id=795"},"modified":"2023-08-25T09:41:23","modified_gmt":"2023-08-25T12:41:23","slug":"programa2020","status":"publish","type":"page","link":"https:\/\/wp.ufpel.edu.br\/residenciapedagogica\/programa2020\/","title":{"rendered":"Programa Resid\u00eancia Pedag\u00f3gica 2020"},"content":{"rendered":"<p style=\"text-align: justify\"><span style=\"font-size: 10pt\"><span id=\"E78\">\u00a0 \u00a0 \u00a0<span style=\"color: #000000\"> O <\/span><\/span><span style=\"color: #000000\"><span id=\"E79\">Progra<\/span><span id=\"E80\">ma de Resid\u00eancia Pedag\u00f3gica da\u00a0<\/span><span id=\"E82\">UFPel<\/span><span id=\"E84\">\u00a0\u00e9 um projeto institucional, vinculado a CAPES, que\u00a0<\/span><span id=\"E85\">visa a aprimorar a forma\u00e7\u00e3o<\/span><span id=\"E86\">\u00a0<\/span><span id=\"E87\">inicial de professores com base no planejamento de atividades de ensino que estimulem a articula\u00e7\u00e3o entre teoria e pr\u00e1tica nos cursos de<\/span><span id=\"E88\">\u00a0<\/span><span id=\"E89\">licenciatura, promovendo a imers\u00e3o<\/span><span id=\"E90\">\u00a0do licenciando nas escolas de Educa\u00e7\u00e3o B<\/span><span id=\"E91\">\u00e1sica das re<\/span><span id=\"E92\">des p\u00fablicas de ensino.<\/span><span id=\"E93\">\u00a0O n\u00facleo\u00a0<\/span><span id=\"E94\">de Licenciatura em H<\/span><span id=\"E95\">ist\u00f3ria<\/span><span id=\"E96\">\u00a0possui<\/span><span id=\"E97\">\u00a0dent<\/span><span id=\"E98\">re os objetivos espec\u00edficos, p<\/span><span id=\"E99\">ro<\/span><span id=\"E100\">mover estudo e reflex\u00e3o sobre a\u00a0<\/span><span id=\"E101\">import\u00e2ncia da forma\u00e7\u00e3o da consci\u00eancia hist\u00f3rica\u00a0<\/span><span id=\"E102\">dos jovens\u00a0<\/span><span id=\"E103\">para o exerc\u00edcio pleno da<\/span><span id=\"E104\">\u00a0cidadania. Para tanto, busca d<\/span><span id=\"E105\">esenvolver a\u00e7\u00f5es\u00a0<\/span><span id=\"E106\">pedag\u00f3gicas inovadoras, aliadas as novas tecnologias da informa\u00e7\u00e3o, v<\/span><span id=\"E107\">isando motivar\u00a0<\/span><span id=\"E108\">os\u00a0<\/span><span id=\"E109\">estudantes para as aprendizagens\u00a0<\/span><span id=\"E110\">do componente curricular de hist\u00f3ria.<\/span><\/span><\/span><\/p>\n<p>&nbsp;<\/p>\n<p style=\"text-align: justify\">\u00a0 \u00a0 \u00a0 <a href=\"https:\/\/wp.ufpel.edu.br\/residenciapedagogica\/quem-somos\/\"><img class=\"alignnone wp-image-927\" src=\"https:\/\/wp.ufpel.edu.br\/residenciapedagogica\/files\/2023\/08\/botton_quem_somos.png\" alt=\"\" width=\"122\" height=\"106\" \/><\/a>\u00a0 <a href=\"https:\/\/wp.ufpel.edu.br\/residenciapedagogica\/videos\/\"><img class=\"alignnone wp-image-851\" src=\"https:\/\/wp.ufpel.edu.br\/residenciapedagogica\/files\/2023\/08\/botton_videos.png\" alt=\"\" width=\"117\" height=\"105\" \/><\/a><a href=\"https:\/\/wp.ufpel.edu.br\/residenciapedagogica\/textos-didaticos\/\"><img class=\"alignnone wp-image-852\" src=\"https:\/\/wp.ufpel.edu.br\/residenciapedagogica\/files\/2023\/08\/botton_textos_didaticos.png\" alt=\"\" width=\"114\" height=\"100\" \/><\/a><a href=\"https:\/\/wp.ufpel.edu.br\/residenciapedagogica\/jogos-virtuais\/\"><img class=\"alignnone wp-image-853\" src=\"https:\/\/wp.ufpel.edu.br\/residenciapedagogica\/files\/2023\/08\/botton_jogos_virtuais.png\" alt=\"\" width=\"112\" height=\"97\" \/><\/a>\u00a0<a href=\"https:\/\/wp.ufpel.edu.br\/residenciapedagogica\/publicacoes\/\"><img class=\"alignnone wp-image-850\" src=\"https:\/\/wp.ufpel.edu.br\/residenciapedagogica\/files\/2023\/08\/botton_publicacoes.png\" alt=\"\" width=\"104\" height=\"92\" \/><\/a><\/p>\n","protected":false},"excerpt":{"rendered":"<p>\u00a0 \u00a0 \u00a0 O Programa de Resid\u00eancia Pedag\u00f3gica da\u00a0UFPel\u00a0\u00e9 um projeto institucional, vinculado a CAPES, que\u00a0visa a aprimorar a forma\u00e7\u00e3o\u00a0inicial de professores com base no planejamento de atividades de ensino que estimulem a articula\u00e7\u00e3o entre teoria e pr\u00e1tica nos cursos de\u00a0licenciatura, promovendo a imers\u00e3o\u00a0do licenciando nas escolas de Educa\u00e7\u00e3o B\u00e1sica das redes p\u00fablicas de ensino.\u00a0O [&hellip;]<\/p>\n","protected":false},"author":1203,"featured_media":0,"parent":0,"menu_order":0,"comment_status":"closed","ping_status":"closed","template":"","meta":{"footnotes":""},"class_list":["post-795","page","type-page","status-publish","hentry"],"_links":{"self":[{"href":"https:\/\/wp.ufpel.edu.br\/residenciapedagogica\/wp-json\/wp\/v2\/pages\/795","targetHints":{"allow":["GET"]}}],"collection":[{"href":"https:\/\/wp.ufpel.edu.br\/residenciapedagogica\/wp-json\/wp\/v2\/pages"}],"about":[{"href":"https:\/\/wp.ufpel.edu.br\/residenciapedagogica\/wp-json\/wp\/v2\/types\/page"}],"author":[{"embeddable":true,"href":"https:\/\/wp.ufpel.edu.br\/residenciapedagogica\/wp-json\/wp\/v2\/users\/1203"}],"replies":[{"embeddable":true,"href":"https:\/\/wp.ufpel.edu.br\/residenciapedagogica\/wp-json\/wp\/v2\/comments?post=795"}],"version-history":[{"count":23,"href":"https:\/\/wp.ufpel.edu.br\/residenciapedagogica\/wp-json\/wp\/v2\/pages\/795\/revisions"}],"predecessor-version":[{"id":944,"href":"https:\/\/wp.ufpel.edu.br\/residenciapedagogica\/wp-json\/wp\/v2\/pages\/795\/revisions\/944"}],"wp:attachment":[{"href":"https:\/\/wp.ufpel.edu.br\/residenciapedagogica\/wp-json\/wp\/v2\/media?parent=795"}],"curies":[{"name":"wp","href":"https:\/\/api.w.org\/{rel}","templated":true}]}}