{"id":67,"date":"2020-08-05T15:35:46","date_gmt":"2020-08-05T18:35:46","guid":{"rendered":"https:\/\/wp.ufpel.edu.br\/residenciapedagogica\/?page_id=67"},"modified":"2023-03-13T12:33:14","modified_gmt":"2023-03-13T15:33:14","slug":"documentos","status":"publish","type":"page","link":"https:\/\/wp.ufpel.edu.br\/residenciapedagogica\/documentos\/","title":{"rendered":"Documentos"},"content":{"rendered":"<p><strong><span style=\"color: #ff0000;\">NOVO Edital e Regulamento do Programa Resid\u00eancia Pedag\u00f3gica &#8211; Edi\u00e7\u00e3o 2022<\/span><\/strong><\/p>\n<p><a href=\"https:\/\/wp.ufpel.edu.br\/residenciapedagogica\/files\/2022\/06\/EDITAL_24_2022-PRP_e-ANEXOS.pdf\">EDITAL_24\/2022 da CAPES &#8211; Programa Resid\u00eancia Pedag\u00f3gica, com anexos<\/a><\/p>\n<p><a href=\"https:\/\/wp.ufpel.edu.br\/residenciapedagogica\/files\/2022\/06\/05052022_Edital_1699419_SEI_CAPES___1697741___Edital_24_2022_alteracao.pdf\">Edital_24\/2022_Alterac\u00e3o\/Retifica\u00e7\u00e3o<\/a><\/p>\n<p><a href=\"https:\/\/wp.ufpel.edu.br\/residenciapedagogica\/files\/2022\/06\/EDITAL-24_2022-Prorrogacao-DOU-Imprensa-Nacional.pdf\">EDITAL 24\/2022 &#8211; Prorroga\u00e7\u00e3o Cronograma<\/a><\/p>\n<p><a href=\"https:\/\/wp.ufpel.edu.br\/residenciapedagogica\/files\/2022\/04\/PORTARIA-No-82-DE-26-DE-ABRIL-DE-2022-PRP.pdf\">PORTARIA N\u00ba 82, DE 26 DE ABRIL DE 2022 &#8211; Regulamento do PRP<\/a><\/p>\n<p><a href=\"https:\/\/wp.ufpel.edu.br\/residenciapedagogica\/files\/2022\/06\/ManualSicapes-PRP2022.pdf\">Manual Sicapes &#8211; PRP &#8211; 2022\u00a0<\/a><\/p>\n<p><a href=\"https:\/\/wp.ufpel.edu.br\/residenciapedagogica\/files\/2023\/03\/SCBA_Manual_Participante-Principal-RP2022-2.docx\">Manual SCBA<\/a>\u00a0e <a href=\"https:\/\/wp.ufpel.edu.br\/residenciapedagogica\/files\/2023\/03\/PLATAFORMA_Manual_Cadastro-de-Participante_RP2022.docx\">Manual Plataforma Capes de Educa\u00e7\u00e3o B\u00e1sica &#8211; Curr\u00edculo Freire<\/a><\/p>\n<p>Modelo de <a href=\"https:\/\/wp.ufpel.edu.br\/residenciapedagogica\/files\/2023\/01\/II-Modelo-Relato-Residente_2022.doc\">Relato para Residentes (2022-2024)<\/a> e <a href=\"https:\/\/wp.ufpel.edu.br\/residenciapedagogica\/files\/2023\/01\/OficioCircular_01-2023-CVAL-1.pdf\">Of\u00edcio Circular<\/a> explicando.<\/p>\n<p>&nbsp;<\/p>\n<p><strong><span style=\"color: #ff0000;\">Edital e Portarias de orienta\u00e7\u00e3o do Programa Resid\u00eancia Pedag\u00f3gica &#8211; Edi\u00e7\u00e3o novembro de 2020 a abril de 2022<\/span><\/strong><\/p>\n<p><span style=\"color: #003366;\"><a style=\"color: #003366;\" href=\"https:\/\/wp.ufpel.edu.br\/residenciapedagogica\/files\/2020\/08\/Edital-1-2020-Resid\u00eancia-Pedag\u00f3gica.pdf\">PROGRAMA DE RESID\u00caNCIA PEDAG\u00d3GICA &#8211; EDITAL N\u00ba 1\/2020 da CAPES<\/a> <\/span><\/p>\n<p><span style=\"color: #003366;\"><a style=\"color: #003366;\" href=\"https:\/\/wp.ufpel.edu.br\/residenciapedagogica\/files\/2020\/08\/19122019_Portaria_259_Regulamento-PIBID-e-Resid\u00eancia.pdf\">PORTARIA GAB N\u00ba 259, DE 17 DE DEZEMBRO DE 2019 &#8211; Disp\u00f5e sobre o regulamento do Programa de Resid\u00eancia Pedag\u00f3gica e do Programa Institucional de Bolsa de Inicia\u00e7\u00e3o \u00e0 Doc\u00eancia (PIBID)<\/a><\/span><\/p>\n<p><span style=\"color: #003366;\"><a style=\"color: #003366;\" href=\"https:\/\/wp.ufpel.edu.br\/residenciapedagogica\/files\/2021\/04\/Portaria-Capes-114-2020-novas-datas.pdf\">PORTARIA N\u00ba 114, DE 6 DE AGOSTO DE 2020 &#8211; Estabelece cronograma estendido e regras para o in\u00edcio das atividades dos Projetos Institucionais do Programa de Resid\u00eancia Pedag\u00f3gica e do Programa de Bolsas de Inicia\u00e7\u00e3o \u00e0 Doc\u00eancia (Pibid), com orienta\u00e7\u00e3o Ensino Remoto<\/a><\/span><\/p>\n<p><a href=\"https:\/\/wp.ufpel.edu.br\/residenciapedagogica\/files\/2021\/09\/SCBA_Manual_Participante-Principal-RP2020-1-1.docx\">Manual_ SCBA &#8211; Sistema de Controle de Bolsas e Aux\u00edlios da CAPES<\/a><\/p>\n<p><a href=\"https:\/\/wp.ufpel.edu.br\/residenciapedagogica\/files\/2021\/09\/PLATAFORMA_Manual_RP2020.docx\">Manual da PLATAFORMA CAPES DE EDUCA\u00c7\u00c3O B\u00c1SICA &#8211; Plataforma Freire<\/a><\/p>\n<p>&nbsp;<\/p>\n<p><strong><span style=\"color: #ff0000;\">Relato de experi\u00eancia:<\/span><\/strong>\u00a0<a href=\"https:\/\/wp.ufpel.edu.br\/residenciapedagogica\/files\/2021\/04\/modelo-de-relato-versao-OFICIAL-RP.doc\">Modelo da vers\u00e3o de Relato de experi\u00eancia da Capes, para finaliza\u00e7\u00e3o do M\u00f3dulo\/Programa<\/a> e <a href=\"https:\/\/wp.ufpel.edu.br\/residenciapedagogica\/files\/2021\/04\/SEI_23038.000073_2021_11-Oficio-explicando-relato-de-residentes.pdf\">Oficio da Capes explicando o relato de residentes<\/a>.<\/p>\n<p>&nbsp;<\/p>\n<p>RESOLU\u00c7\u00c3O N\u00ba 08 DO COCEPE, DE 20 DE MAIO DE 2021 &#8211; Disp\u00f5e sobre o aproveitamento de estudos realizados no \u00e2mbito do Programa de Resid\u00eancia Pedag\u00f3gica para c\u00f4mputo de carga hor\u00e1ria dos est\u00e1gios curriculares supervisionados e\/ou estudos integradores dos cursos de licenciatura da Universidade Federal de Pelotas &#8211;\u00a0<a href=\"https:\/\/wp.ufpel.edu.br\/residenciapedagogica\/files\/2021\/08\/SEI_23110.011843_2021_22-Resolucao-Aproveitamento-carga-horaria-RP-UFPel.pdf\">SEI_23110.011843_2021_22 Resolu\u00e7\u00e3o Aproveitamento carga hor\u00e1ria RP UFPel<\/a><\/p>\n<p>&nbsp;<\/p>\n<p>Logos: Programa Resid\u00eancia Pedag\u00f3gica da UFPel: Capes; e RP-CAPES<\/p>\n<p><img class=\"alignnone wp-image-310\" src=\"https:\/\/wp.ufpel.edu.br\/residenciapedagogica\/files\/2021\/08\/Logo-Residencia-Pedagogica-UFPel-sem-fundo-branco-png-400x400.png\" alt=\"\" width=\"232\" height=\"232\" srcset=\"https:\/\/wp.ufpel.edu.br\/residenciapedagogica\/files\/2021\/08\/Logo-Residencia-Pedagogica-UFPel-sem-fundo-branco-png-400x400.png 400w, https:\/\/wp.ufpel.edu.br\/residenciapedagogica\/files\/2021\/08\/Logo-Residencia-Pedagogica-UFPel-sem-fundo-branco-png-200x200.png 200w, https:\/\/wp.ufpel.edu.br\/residenciapedagogica\/files\/2021\/08\/Logo-Residencia-Pedagogica-UFPel-sem-fundo-branco-png.png 500w\" sizes=\"(max-width: 232px) 100vw, 232px\" \/> <img class=\"alignnone wp-image-317\" src=\"https:\/\/wp.ufpel.edu.br\/residenciapedagogica\/files\/2021\/08\/capes-72012-RGB-1024x939-1-400x367.png\" alt=\"\" width=\"209\" height=\"191\" srcset=\"https:\/\/wp.ufpel.edu.br\/residenciapedagogica\/files\/2021\/08\/capes-72012-RGB-1024x939-1-400x367.png 400w, https:\/\/wp.ufpel.edu.br\/residenciapedagogica\/files\/2021\/08\/capes-72012-RGB-1024x939-1-768x704.png 768w, https:\/\/wp.ufpel.edu.br\/residenciapedagogica\/files\/2021\/08\/capes-72012-RGB-1024x939-1.png 1024w\" sizes=\"(max-width: 209px) 100vw, 209px\" \/><img class=\"alignnone wp-image-318\" src=\"https:\/\/wp.ufpel.edu.br\/residenciapedagogica\/files\/2021\/08\/logo-residencia-pedagogica-cAPES-400x337.png\" alt=\"\" width=\"256\" height=\"215\" srcset=\"https:\/\/wp.ufpel.edu.br\/residenciapedagogica\/files\/2021\/08\/logo-residencia-pedagogica-cAPES-400x337.png 400w, https:\/\/wp.ufpel.edu.br\/residenciapedagogica\/files\/2021\/08\/logo-residencia-pedagogica-cAPES-1024x863.png 1024w, https:\/\/wp.ufpel.edu.br\/residenciapedagogica\/files\/2021\/08\/logo-residencia-pedagogica-cAPES-768x647.png 768w, https:\/\/wp.ufpel.edu.br\/residenciapedagogica\/files\/2021\/08\/logo-residencia-pedagogica-cAPES-1536x1294.png 1536w, https:\/\/wp.ufpel.edu.br\/residenciapedagogica\/files\/2021\/08\/logo-residencia-pedagogica-cAPES-2048x1725.png 2048w\" sizes=\"(max-width: 256px) 100vw, 256px\" \/><\/p>\n","protected":false},"excerpt":{"rendered":"<p>NOVO Edital e Regulamento do Programa Resid\u00eancia Pedag\u00f3gica &#8211; Edi\u00e7\u00e3o 2022 EDITAL_24\/2022 da CAPES &#8211; Programa Resid\u00eancia Pedag\u00f3gica, com anexos Edital_24\/2022_Alterac\u00e3o\/Retifica\u00e7\u00e3o EDITAL 24\/2022 &#8211; Prorroga\u00e7\u00e3o Cronograma PORTARIA N\u00ba 82, DE 26 DE ABRIL DE 2022 &#8211; Regulamento do PRP Manual Sicapes &#8211; PRP &#8211; 2022\u00a0 Manual SCBA\u00a0e Manual Plataforma Capes de Educa\u00e7\u00e3o B\u00e1sica &#8211; Curr\u00edculo [&hellip;]<\/p>\n","protected":false},"author":1039,"featured_media":0,"parent":0,"menu_order":0,"comment_status":"closed","ping_status":"closed","template":"","meta":{"footnotes":""},"class_list":["post-67","page","type-page","status-publish","hentry"],"_links":{"self":[{"href":"https:\/\/wp.ufpel.edu.br\/residenciapedagogica\/wp-json\/wp\/v2\/pages\/67","targetHints":{"allow":["GET"]}}],"collection":[{"href":"https:\/\/wp.ufpel.edu.br\/residenciapedagogica\/wp-json\/wp\/v2\/pages"}],"about":[{"href":"https:\/\/wp.ufpel.edu.br\/residenciapedagogica\/wp-json\/wp\/v2\/types\/page"}],"author":[{"embeddable":true,"href":"https:\/\/wp.ufpel.edu.br\/residenciapedagogica\/wp-json\/wp\/v2\/users\/1039"}],"replies":[{"embeddable":true,"href":"https:\/\/wp.ufpel.edu.br\/residenciapedagogica\/wp-json\/wp\/v2\/comments?post=67"}],"version-history":[{"count":20,"href":"https:\/\/wp.ufpel.edu.br\/residenciapedagogica\/wp-json\/wp\/v2\/pages\/67\/revisions"}],"predecessor-version":[{"id":696,"href":"https:\/\/wp.ufpel.edu.br\/residenciapedagogica\/wp-json\/wp\/v2\/pages\/67\/revisions\/696"}],"wp:attachment":[{"href":"https:\/\/wp.ufpel.edu.br\/residenciapedagogica\/wp-json\/wp\/v2\/media?parent=67"}],"curies":[{"name":"wp","href":"https:\/\/api.w.org\/{rel}","templated":true}]}}