{"id":397,"date":"2021-11-29T13:36:28","date_gmt":"2021-11-29T16:36:28","guid":{"rendered":"https:\/\/wp.ufpel.edu.br\/residenciapedagogica\/?page_id=397"},"modified":"2023-08-25T09:46:55","modified_gmt":"2023-08-25T12:46:55","slug":"historia","status":"publish","type":"page","link":"https:\/\/wp.ufpel.edu.br\/residenciapedagogica\/historia\/","title":{"rendered":"historia"},"content":{"rendered":"<p style=\"text-align: center\"><strong>Programa Resid\u00eancia Pedag\u00f3gica<\/strong><\/p>\n<p style=\"text-align: center\">Edital 01\/2020 &#8211; Capes<\/p>\n<p style=\"text-align: center\">Sub\u00e1rea HIST\u00d3RIA<\/p>\n<p style=\"text-align: center\"><a href=\"https:\/\/wp.ufpel.edu.br\/residenciapedagogica\/programa2020\/\"><strong>CLIQUE PARA ACESSAR A PRODU\u00c7\u00c3O<\/strong><\/a><\/p>\n<hr \/>\n<p style=\"text-align: center\"><strong>Programa Resid\u00eancia Pedag\u00f3gica<\/strong><\/p>\n<p style=\"text-align: center\">Edital 24\/2022 &#8211; Capes<\/p>\n<p style=\"text-align: center\">Sub\u00e1rea HIST\u00d3RIA<\/p>\n<p style=\"text-align: center\"><strong><a href=\"https:\/\/wp.ufpel.edu.br\/residenciapedagogica\/residencia-pedagogica-2022\/\">CLIQUE PARA ACESSAR A PRODU\u00c7\u00c3O<\/a><\/strong><\/p>\n","protected":false},"excerpt":{"rendered":"<p>Programa Resid\u00eancia Pedag\u00f3gica Edital 01\/2020 &#8211; Capes Sub\u00e1rea HIST\u00d3RIA CLIQUE PARA ACESSAR A PRODU\u00c7\u00c3O Programa Resid\u00eancia Pedag\u00f3gica Edital 24\/2022 &#8211; Capes Sub\u00e1rea HIST\u00d3RIA CLIQUE PARA ACESSAR A PRODU\u00c7\u00c3O<\/p>\n","protected":false},"author":1203,"featured_media":0,"parent":0,"menu_order":0,"comment_status":"closed","ping_status":"closed","template":"","meta":{"footnotes":""},"class_list":["post-397","page","type-page","status-publish","hentry"],"_links":{"self":[{"href":"https:\/\/wp.ufpel.edu.br\/residenciapedagogica\/wp-json\/wp\/v2\/pages\/397","targetHints":{"allow":["GET"]}}],"collection":[{"href":"https:\/\/wp.ufpel.edu.br\/residenciapedagogica\/wp-json\/wp\/v2\/pages"}],"about":[{"href":"https:\/\/wp.ufpel.edu.br\/residenciapedagogica\/wp-json\/wp\/v2\/types\/page"}],"author":[{"embeddable":true,"href":"https:\/\/wp.ufpel.edu.br\/residenciapedagogica\/wp-json\/wp\/v2\/users\/1203"}],"replies":[{"embeddable":true,"href":"https:\/\/wp.ufpel.edu.br\/residenciapedagogica\/wp-json\/wp\/v2\/comments?post=397"}],"version-history":[{"count":9,"href":"https:\/\/wp.ufpel.edu.br\/residenciapedagogica\/wp-json\/wp\/v2\/pages\/397\/revisions"}],"predecessor-version":[{"id":949,"href":"https:\/\/wp.ufpel.edu.br\/residenciapedagogica\/wp-json\/wp\/v2\/pages\/397\/revisions\/949"}],"wp:attachment":[{"href":"https:\/\/wp.ufpel.edu.br\/residenciapedagogica\/wp-json\/wp\/v2\/media?parent=397"}],"curies":[{"name":"wp","href":"https:\/\/api.w.org\/{rel}","templated":true}]}}