{"id":2,"date":"2020-07-07T13:50:29","date_gmt":"2020-07-07T16:50:29","guid":{"rendered":"https:\/\/wp.ufpel.edu.br\/residenciapedagogica\/?page_id=2"},"modified":"2025-03-06T11:10:22","modified_gmt":"2025-03-06T14:10:22","slug":"pagina-exemplo","status":"publish","type":"page","link":"https:\/\/wp.ufpel.edu.br\/residenciapedagogica\/pagina-exemplo\/","title":{"rendered":"O Programa na UFPel"},"content":{"rendered":"\r\n<p style=\"text-align: justify;\">A Universidade Federal de Pelotas (UFPel) participa do Programa Resid\u00eancia Pedag\u00f3gica desde a aprova\u00e7\u00e3o do Projeto Institucional no Edital 01\/2020 da CAPES (Coordena\u00e7\u00e3o de Aperfei\u00e7oamento de Pessoal de N\u00edvel Superior), tendo a sua segunda edi\u00e7\u00e3o no Edital 24\/2022 da Capes.\u00a0<\/p>\r\n<p style=\"text-align: justify;\">Na primeira Edi\u00e7\u00e3o, do Edital 01\/2020 da Capes (de 11\/2022 a 04\/2022): A UFPel foi contemplada com 288 bolsas de residentes no Programa de Resid\u00eancia Pedag\u00f3gica, distribu\u00eddas entre os diferentes cursos de Licenciatura: Artes Visuais; Ci\u00eancias Biol\u00f3gicas; Ci\u00eancias Sociais; Dan\u00e7a; Educa\u00e7\u00e3o F\u00edsica; Filosofia; F\u00edsica; Geografia; Hist\u00f3ria; Letras \u2013 Portugu\u00eas e Ingl\u00eas; Letras \u2013 Portugu\u00eas; Matem\u00e1tica; M\u00fasica; Pedagogia; Qu\u00edmica; e Teatro. O programa teve a dura\u00e7\u00e3o de 18 meses, sendo o valor de R$ 400 para estudantes dos cursos de licenciatura (bolsas de residentes) e de R$ 765 para o professor da educa\u00e7\u00e3o b\u00e1sica (bolsas de preceptores) que acompanha os projetos nas escolas. Ap\u00f3s ajustes e regras para implementa\u00e7\u00e3o do Programa pela Capes, a UFPel contou com as seguintes vagas\/cotas para bolsistas: 240 Residentes; 60 Preceptores; 10 Professores Orientadores; e 01 Coordenador Institucional. As bolsas CAPES tem in\u00edcio em novembro de 2020 e finaliza\u00e7\u00e3o em abril de 2022. Ainda, o Programa contou com a possibilidade de ter at\u00e9 60 Residentes volunt\u00e1rios, al\u00e9m da atua\u00e7\u00e3o de Preceptores e Professores Orientadores como volunt\u00e1rios.<\/p>\r\n<p style=\"text-align: justify;\">O Projeto institucional do Programa de Resid\u00eancia Pedag\u00f3gica na UFPel (do Edital 01\/2020 da Capes) visou a aprimorar a forma\u00e7\u00e3o inicial de professores com base no planejamento de atividades de ensino que estimulem a articula\u00e7\u00e3o entre teoria e pr\u00e1tica nos cursos de licenciatura, promovendo a imers\u00e3o do licenciando nas escolas de educa\u00e7\u00e3o b\u00e1sica das redes p\u00fablicas de educa\u00e7\u00e3o b\u00e1sica. A atua\u00e7\u00e3o contou com a resid\u00eancia de licenciados matriculados a partir do 5\u00ba semestre do Curso. O Programa de Resid\u00eancia Pedag\u00f3gica ser\u00e1 implementado com base nas seguintes a\u00e7\u00f5es: i) prepara\u00e7\u00e3o da equipe, estudo sobre os conte\u00fados da \u00e1rea e sobre metodologias de ensino, familiariza\u00e7\u00e3o com a atividade docente por meio da ambienta\u00e7\u00e3o na escola e da observa\u00e7\u00e3o semiestruturada em sala de aula, elabora\u00e7\u00e3o de relat\u00f3rio do residente juntamente com o preceptor e o docente orientador, avalia\u00e7\u00e3o da experi\u00eancia, entre outras atividades; ii) elabora\u00e7\u00e3o de planos de aula; e iii) reg\u00eancia com acompanhamento do preceptor (ele deve tamb\u00e9m estar presente em sala de aula). Al\u00e9m dessas a\u00e7\u00f5es de car\u00e1ter geral, cada subprojeto apresentar\u00e1 atividades e trabalhos espec\u00edficos com a finalidade de direcionar e suplementar as peculiaridades de cada \u00e1rea de atua\u00e7\u00e3o. O Projeto contemplou o Ensino Fundamental e o Ensino M\u00e9dio, em escolas p\u00fablicas estaduais e municipais, a partir de atividades vinculadas aos Cursos de Licenciatura em: Artes Visuais; Ci\u00eancias Biol\u00f3gicas; Ci\u00eancias Sociais; Dan\u00e7a; Educa\u00e7\u00e3o F\u00edsica; Filosofia; F\u00edsica; Geografia; Hist\u00f3ria; Letras &#8211; Portugu\u00eas e Ingl\u00eas; Letras &#8211; Portugu\u00eas; Matem\u00e1tica; M\u00fasica; Pedagogia; Qu\u00edmica; e Teatro.<\/p>\r\n<p>Na segunda Edi\u00e7\u00e3o, do Edital 24\/2022 da Capes (de 11\/2022 a 04\/2024): O Programa atuou no contexto do Ensino Fundamental e do Ensino M\u00e9dio, e contemplar\u00e1 a participa\u00e7\u00e3o em <a href=\"https:\/\/wp.ufpel.edu.br\/residenciapedagogica\/equipe\/\">22 escolas p\u00fablicas da Educa\u00e7\u00e3o B\u00e1sica, com a participa\u00e7\u00e3o de 18 Docentes orientadores, 39 Preceptores<\/a>, 195 Residentes bolsistas e at\u00e9 39 Residentes volunt\u00e1rios dos Cursos de Licenciatura em: Artes Visuais; Ci\u00eancias Biol\u00f3gicas; Ci\u00eancias Sociais; Dan\u00e7a; Educa\u00e7\u00e3o F\u00edsica; Filosofia; F\u00edsica; Geografia; Hist\u00f3ria; L\u00edngua Inglesa; L\u00edngua Portuguesa; Matem\u00e1tica; M\u00fasica; Pedagogia; Qu\u00edmica; e Teatro. Outras informa\u00e7\u00f5es est\u00e3o apresentadas no <a href=\"https:\/\/wp.ufpel.edu.br\/residenciapedagogica\/2022\/11\/07\/inicio-das-atividades-do-programa-residencia-pedagogica-da-upfel-edicao-2022-2024\">v\u00eddeo de boas-vindas e de apresenta\u00e7\u00e3o no PRP\/UFPel<\/a><\/p>\r\n<p>O Projeto institucional do Programa de Resid\u00eancia Pedag\u00f3gica (do Edital 24\/2022) na Universidade Federal de Pelotas (PRP\/UFPel) teve o objetivo de aprimorar a forma\u00e7\u00e3o inicial de licenciandos da UFPel, no di\u00e1logo com Preceptores e Docentes Orientadores, ao planejar atividades de ensino, por meio de estudos e de atividades que estimulem a articula\u00e7\u00e3o entre a teoria e a pr\u00e1tica, promovendo a imers\u00e3o do licenciando nas escolas e nas Redes p\u00fablicas de Educa\u00e7\u00e3o B\u00e1sica. A atua\u00e7\u00e3o contou com a resid\u00eancia de licenciados matriculados a partir do 5\u00ba semestre do Curso. O PRP ser\u00e1 implementado com base nas seguintes a\u00e7\u00f5es: I) Estudo; II) Planejamento; III) Reg\u00eancia; e IV) Pesquisa, divididos em 3 m\u00f3dulos, cada um com 6 meses de vig\u00eancia.\u00a0Descri\u00e7\u00e3o de atividades: I) Estudo: prepara\u00e7\u00e3o da equipe, com reuni\u00f5es, a forma\u00e7\u00e3o de Preceptores, estudo sobre documentos oficiais, de conte\u00fados da \u00e1rea disciplinar e\/ou interdisciplinar, sobre metodologias e concep\u00e7\u00f5es de ensino inovadoras, familiariza\u00e7\u00e3o com a atividade docente da ambienta\u00e7\u00e3o na escola, por meio de observa\u00e7\u00f5es, registros, relatos e estudo do e no contexto escolar (de Preceptores e, em especial, dos Residentes); II) Planejamento: elabora\u00e7\u00e3o de atividades de ensino, semin\u00e1rios, oficinas, planos de aula, eventos, materiais did\u00e1ticos, etc., articulado a demandas da escola e dos professores, do estudo do contexto escolar, de temas e de conte\u00fados que constituem a escola e as disciplinas acompanhadas; III) Reg\u00eancia: atividades de reg\u00eancia de classe, de forma individual e\/ou coletiva, ministrando conte\u00fados em sala de aula ou realizando atividades de interven\u00e7\u00e3o pedag\u00f3gica, projetos de ensino, semin\u00e1rios, oficinas, exerc\u00edcios e orienta\u00e7\u00f5es de atividades extraclasse, de temas e conte\u00fados, com uso de diferentes metodologias, tecnologias e recursos educacionais, com acompanhamento e orienta\u00e7\u00e3o do Preceptor e Docente Orientador(DO); e IV) Pesquisa: registros, elabora\u00e7\u00e3o de di\u00e1rios, relatos de experi\u00eancia e\/ou relat\u00f3rios, com a avalia\u00e7\u00e3o das experi\u00eancias, com escrita cr\u00edtica dos materiais e das atividades realizadas, ao articular teoria e pr\u00e1tica, sinalizando \u00e0 constitui\u00e7\u00e3o da identidade profissional e a compreens\u00e3o da complexidade escolar, com socializa\u00e7\u00f5es no \u00e2mbito dos N\u00facleos, do grupo do PRP e\/ou dos cursos de licenciatura da UFPel, e com escritas de trabalhos em eventos, revistas, entre outros.<\/p>\r\n<p>O evento de encerramento do Programa (Edital 24\/2022) est\u00e1 dispon\u00edvel na aba de Not\u00edcias, assim como as produ\u00e7\u00f5es do programa podem ser acessadas na aba dos Subprojetos.\u00a0O Programa foi encerrado pela Capes, sendo reagrupado ao Programa de inicia\u00e7\u00e3o \u00e0 doc\u00eancia &#8211; PIBID.<\/p>\r\n<p>Outras informa\u00e7\u00f5es sobre o Programa podem ser acessadas em <a href=\"https:\/\/institucional.ufpel.edu.br\/projetos\/id\/u2247\">https:\/\/institucional.ufpel.edu.br\/projetos\/id\/u2247<\/a> e <a href=\"https:\/\/capes.gov.br\/educacao-basica\/programa-residencia-pedagogica\">https:\/\/capes.gov.br\/educacao-basica\/programa-residencia-pedagogica<\/a>.<\/p>\r\n","protected":false},"excerpt":{"rendered":"<p>A Universidade Federal de Pelotas (UFPel) participa do Programa Resid\u00eancia Pedag\u00f3gica desde a aprova\u00e7\u00e3o do Projeto Institucional no Edital 01\/2020 da CAPES (Coordena\u00e7\u00e3o de Aperfei\u00e7oamento de Pessoal de N\u00edvel Superior), tendo a sua segunda edi\u00e7\u00e3o no Edital 24\/2022 da Capes.\u00a0 Na primeira Edi\u00e7\u00e3o, do Edital 01\/2020 da Capes (de 11\/2022 a 04\/2022): A UFPel foi [&hellip;]<\/p>\n","protected":false},"author":1039,"featured_media":0,"parent":0,"menu_order":0,"comment_status":"closed","ping_status":"closed","template":"","meta":{"footnotes":""},"class_list":["post-2","page","type-page","status-publish","hentry"],"_links":{"self":[{"href":"https:\/\/wp.ufpel.edu.br\/residenciapedagogica\/wp-json\/wp\/v2\/pages\/2","targetHints":{"allow":["GET"]}}],"collection":[{"href":"https:\/\/wp.ufpel.edu.br\/residenciapedagogica\/wp-json\/wp\/v2\/pages"}],"about":[{"href":"https:\/\/wp.ufpel.edu.br\/residenciapedagogica\/wp-json\/wp\/v2\/types\/page"}],"author":[{"embeddable":true,"href":"https:\/\/wp.ufpel.edu.br\/residenciapedagogica\/wp-json\/wp\/v2\/users\/1039"}],"replies":[{"embeddable":true,"href":"https:\/\/wp.ufpel.edu.br\/residenciapedagogica\/wp-json\/wp\/v2\/comments?post=2"}],"version-history":[{"count":12,"href":"https:\/\/wp.ufpel.edu.br\/residenciapedagogica\/wp-json\/wp\/v2\/pages\/2\/revisions"}],"predecessor-version":[{"id":1256,"href":"https:\/\/wp.ufpel.edu.br\/residenciapedagogica\/wp-json\/wp\/v2\/pages\/2\/revisions\/1256"}],"wp:attachment":[{"href":"https:\/\/wp.ufpel.edu.br\/residenciapedagogica\/wp-json\/wp\/v2\/media?parent=2"}],"curies":[{"name":"wp","href":"https:\/\/api.w.org\/{rel}","templated":true}]}}