{"id":74,"date":"2014-06-06T13:02:09","date_gmt":"2014-06-06T16:02:09","guid":{"rendered":"https:\/\/wp.ufpel.edu.br\/repropel\/?page_id=74"},"modified":"2018-05-05T19:49:06","modified_gmt":"2018-05-05T22:49:06","slug":"colaboradores","status":"publish","type":"page","link":"https:\/\/wp.ufpel.edu.br\/repropel\/?page_id=74","title":{"rendered":"Pesquisadores colaboradores externos"},"content":{"rendered":"<p style=\"text-align: center\">Antonio S\u00e9rgio Varela<\/p>\n<p style=\"text-align: center\">M\u00e9dico Veterin\u00e1rio, Dr. &#8211; Professor Adjunto FURG<\/p>\n<p style=\"text-align: center\"><a href=\"mailto:antoniovarela@furg.br\"><span style=\"color: #000080\">antoniovarela@furg.br<\/span><\/a><\/p>\n<p style=\"text-align: center\"><span style=\"color: #000080\"><a style=\"color: #000080\" title=\"Lattes\" href=\"http:\/\/lattes.cnpq.br\/8041711996066835\" target=\"_blank\" rel=\"noopener\">Lattes<\/a><\/span><\/p>\n<p style=\"text-align: center\">__________________________________________________________________<\/p>\n<p style=\"text-align: center\"><a href=\"https:\/\/wp.ufpel.edu.br\/repropel\/files\/2014\/06\/unnamed.jpg\"><img loading=\"lazy\" decoding=\"async\" class=\"aligncenter size-thumbnail wp-image-398\" src=\"https:\/\/wp.ufpel.edu.br\/repropel\/files\/2014\/06\/unnamed-145x159.jpg\" alt=\"unnamed\" width=\"145\" height=\"159\" srcset=\"https:\/\/wp.ufpel.edu.br\/repropel\/files\/2014\/06\/unnamed-145x159.jpg 145w, https:\/\/wp.ufpel.edu.br\/repropel\/files\/2014\/06\/unnamed-291x318.jpg 291w, https:\/\/wp.ufpel.edu.br\/repropel\/files\/2014\/06\/unnamed.jpg 483w\" sizes=\"auto, (max-width: 145px) 100vw, 145px\" \/><\/a><\/p>\n<p style=\"text-align: center\">Rafael Gianella Mondadori<\/p>\n<p style=\"text-align: center\">M\u00e9dico Veterin\u00e1rio, Dr. &#8211; Professor Adjunto UFPel<\/p>\n<p style=\"text-align: center\"><a href=\"mailto:rgmondadori@gmail.com\"><span style=\"color: #000080\">rgmondadori@gmail.com<\/span><\/a><\/p>\n<p style=\"text-align: center\"><span style=\"color: #000080\"><a style=\"color: #000080\" title=\"Lattes\" href=\"http:\/\/lattes.cnpq.br\/8612494494829912\" target=\"_blank\" rel=\"noopener\">Lattes<\/a><\/span><\/p>\n","protected":false},"excerpt":{"rendered":"<p>Antonio S\u00e9rgio Varela M\u00e9dico Veterin\u00e1rio, Dr. &#8211; Professor Adjunto FURG antoniovarela@furg.br Lattes __________________________________________________________________ Rafael Gianella Mondadori M\u00e9dico Veterin\u00e1rio, Dr. &#8211; Professor Adjunto UFPel rgmondadori@gmail.com Lattes<\/p>\n","protected":false},"author":378,"featured_media":0,"parent":27,"menu_order":3,"comment_status":"closed","ping_status":"closed","template":"","meta":{"footnotes":""},"class_list":["post-74","page","type-page","status-publish","hentry"],"_links":{"self":[{"href":"https:\/\/wp.ufpel.edu.br\/repropel\/index.php?rest_route=\/wp\/v2\/pages\/74","targetHints":{"allow":["GET"]}}],"collection":[{"href":"https:\/\/wp.ufpel.edu.br\/repropel\/index.php?rest_route=\/wp\/v2\/pages"}],"about":[{"href":"https:\/\/wp.ufpel.edu.br\/repropel\/index.php?rest_route=\/wp\/v2\/types\/page"}],"author":[{"embeddable":true,"href":"https:\/\/wp.ufpel.edu.br\/repropel\/index.php?rest_route=\/wp\/v2\/users\/378"}],"replies":[{"embeddable":true,"href":"https:\/\/wp.ufpel.edu.br\/repropel\/index.php?rest_route=%2Fwp%2Fv2%2Fcomments&post=74"}],"version-history":[{"count":8,"href":"https:\/\/wp.ufpel.edu.br\/repropel\/index.php?rest_route=\/wp\/v2\/pages\/74\/revisions"}],"predecessor-version":[{"id":520,"href":"https:\/\/wp.ufpel.edu.br\/repropel\/index.php?rest_route=\/wp\/v2\/pages\/74\/revisions\/520"}],"up":[{"embeddable":true,"href":"https:\/\/wp.ufpel.edu.br\/repropel\/index.php?rest_route=\/wp\/v2\/pages\/27"}],"wp:attachment":[{"href":"https:\/\/wp.ufpel.edu.br\/repropel\/index.php?rest_route=%2Fwp%2Fv2%2Fmedia&parent=74"}],"curies":[{"name":"wp","href":"https:\/\/api.w.org\/{rel}","templated":true}]}}