{"id":466,"date":"2018-04-30T14:24:22","date_gmt":"2018-04-30T17:24:22","guid":{"rendered":"https:\/\/wp.ufpel.edu.br\/repropel\/?page_id=466"},"modified":"2018-05-07T19:49:54","modified_gmt":"2018-05-07T22:49:54","slug":"graduandos","status":"publish","type":"page","link":"https:\/\/wp.ufpel.edu.br\/repropel\/?page_id=466","title":{"rendered":"Graduandos"},"content":{"rendered":"<p style=\"text-align: center\">___________________________________________________<a href=\"https:\/\/wp.ufpel.edu.br\/repropel\/files\/2018\/04\/IMG_20180406_110914_369.jpg\"><br \/>\n<img loading=\"lazy\" decoding=\"async\" class=\"aligncenter size-thumbnail wp-image-468\" src=\"https:\/\/wp.ufpel.edu.br\/repropel\/files\/2018\/04\/IMG_20180406_110914_369-159x159.jpg\" alt=\"\" width=\"159\" height=\"159\" srcset=\"https:\/\/wp.ufpel.edu.br\/repropel\/files\/2018\/04\/IMG_20180406_110914_369-159x159.jpg 159w, https:\/\/wp.ufpel.edu.br\/repropel\/files\/2018\/04\/IMG_20180406_110914_369-318x318.jpg 318w, https:\/\/wp.ufpel.edu.br\/repropel\/files\/2018\/04\/IMG_20180406_110914_369-768x767.jpg 768w, https:\/\/wp.ufpel.edu.br\/repropel\/files\/2018\/04\/IMG_20180406_110914_369.jpg 1195w\" sizes=\"auto, (max-width: 159px) 100vw, 159px\" \/>Betina Capeletti<\/a><\/p>\n<p style=\"text-align: center\">Medicina Veterin\u00e1ria<\/p>\n<p style=\"text-align: center\"><span style=\"color: #000080\"><a style=\"color: #000080\" href=\"http:\/\/lattes.cnpq.br\/9864422946765554\">Lattes<\/a><\/span><\/p>\n<p style=\"text-align: center\">_______________________________________________________<a href=\"https:\/\/wp.ufpel.edu.br\/repropel\/files\/2018\/05\/28379591_1878765775502187_6767460946942661425_n.jpg\"><img loading=\"lazy\" decoding=\"async\" class=\"aligncenter size-thumbnail wp-image-471\" src=\"https:\/\/wp.ufpel.edu.br\/repropel\/files\/2018\/05\/28379591_1878765775502187_6767460946942661425_n-159x159.jpg\" alt=\"\" width=\"159\" height=\"159\" srcset=\"https:\/\/wp.ufpel.edu.br\/repropel\/files\/2018\/05\/28379591_1878765775502187_6767460946942661425_n-159x159.jpg 159w, https:\/\/wp.ufpel.edu.br\/repropel\/files\/2018\/05\/28379591_1878765775502187_6767460946942661425_n-318x318.jpg 318w, https:\/\/wp.ufpel.edu.br\/repropel\/files\/2018\/05\/28379591_1878765775502187_6767460946942661425_n-768x768.jpg 768w, https:\/\/wp.ufpel.edu.br\/repropel\/files\/2018\/05\/28379591_1878765775502187_6767460946942661425_n.jpg 852w\" sizes=\"auto, (max-width: 159px) 100vw, 159px\" \/><\/a><\/p>\n<p style=\"text-align: center\">Carolina Pinheiro<\/p>\n<p style=\"text-align: center\">Medicina Veterin\u00e1ria<\/p>\n<p style=\"text-align: center\"><span style=\"color: #000080\"><a style=\"color: #000080\" href=\"http:\/\/lattes.cnpq.br\/3461188032049599\">Lattes<\/a><\/span><\/p>\n<p style=\"text-align: center\"><span style=\"color: #000000\">__________________________________________________________<\/span><a href=\"https:\/\/wp.ufpel.edu.br\/repropel\/files\/2018\/05\/28619325_1592471377538988_5049184625796866847_o.jpg\"><img loading=\"lazy\" decoding=\"async\" class=\"aligncenter size-thumbnail wp-image-472\" src=\"https:\/\/wp.ufpel.edu.br\/repropel\/files\/2018\/05\/28619325_1592471377538988_5049184625796866847_o-159x159.jpg\" alt=\"\" width=\"159\" height=\"159\" srcset=\"https:\/\/wp.ufpel.edu.br\/repropel\/files\/2018\/05\/28619325_1592471377538988_5049184625796866847_o-159x159.jpg 159w, https:\/\/wp.ufpel.edu.br\/repropel\/files\/2018\/05\/28619325_1592471377538988_5049184625796866847_o-318x318.jpg 318w, https:\/\/wp.ufpel.edu.br\/repropel\/files\/2018\/05\/28619325_1592471377538988_5049184625796866847_o-768x768.jpg 768w, https:\/\/wp.ufpel.edu.br\/repropel\/files\/2018\/05\/28619325_1592471377538988_5049184625796866847_o.jpg 1152w\" sizes=\"auto, (max-width: 159px) 100vw, 159px\" \/><\/a><\/p>\n<p style=\"text-align: center\">Gustavo Jaco Hartmann<\/p>\n<p style=\"text-align: center\">Medicina Veterin\u00e1ria<\/p>\n<p style=\"text-align: center\"><span style=\"color: #000080\"><a style=\"color: #000080\" href=\"http:\/\/lattes.cnpq.br\/5827987471471727\">Lattes<\/a><\/span><\/p>\n<p style=\"text-align: center\"><span style=\"color: #000000\">__________________________________________________________<\/span><a href=\"https:\/\/wp.ufpel.edu.br\/repropel\/files\/2018\/05\/WhatsApp-Image-2018-05-01-at-19.35.07-1.jpeg\"><img loading=\"lazy\" decoding=\"async\" class=\"size-thumbnail wp-image-492 aligncenter\" src=\"https:\/\/wp.ufpel.edu.br\/repropel\/files\/2018\/05\/WhatsApp-Image-2018-05-01-at-19.35.07-1-106x159.jpeg\" alt=\"\" width=\"106\" height=\"159\" srcset=\"https:\/\/wp.ufpel.edu.br\/repropel\/files\/2018\/05\/WhatsApp-Image-2018-05-01-at-19.35.07-1-106x159.jpeg 106w, https:\/\/wp.ufpel.edu.br\/repropel\/files\/2018\/05\/WhatsApp-Image-2018-05-01-at-19.35.07-1-212x318.jpeg 212w, https:\/\/wp.ufpel.edu.br\/repropel\/files\/2018\/05\/WhatsApp-Image-2018-05-01-at-19.35.07-1-200x300.jpeg 200w, https:\/\/wp.ufpel.edu.br\/repropel\/files\/2018\/05\/WhatsApp-Image-2018-05-01-at-19.35.07-1.jpeg 264w\" sizes=\"auto, (max-width: 106px) 100vw, 106px\" \/><\/a><\/p>\n<p style=\"text-align: center\">Bianca da Silva Amaral<\/p>\n<p style=\"text-align: center\">Medicina Veterin\u00e1ria<\/p>\n<p style=\"text-align: center\"><span style=\"color: #000080\"><a style=\"color: #000080\" href=\"http:\/\/lattes.cnpq.br\/7940518960073104\">Lattes<\/a><\/span><\/p>\n<p style=\"text-align: center\"><span style=\"color: #000000\">__________________________________________________________<\/span><a href=\"https:\/\/wp.ufpel.edu.br\/repropel\/files\/2018\/05\/IMG_3796.jpg\"><img loading=\"lazy\" decoding=\"async\" class=\"aligncenter size-thumbnail wp-image-493\" src=\"https:\/\/wp.ufpel.edu.br\/repropel\/files\/2018\/05\/IMG_3796-159x159.jpg\" alt=\"\" width=\"159\" height=\"159\" srcset=\"https:\/\/wp.ufpel.edu.br\/repropel\/files\/2018\/05\/IMG_3796-159x159.jpg 159w, https:\/\/wp.ufpel.edu.br\/repropel\/files\/2018\/05\/IMG_3796-318x318.jpg 318w, https:\/\/wp.ufpel.edu.br\/repropel\/files\/2018\/05\/IMG_3796.jpg 640w, https:\/\/wp.ufpel.edu.br\/repropel\/files\/2018\/05\/IMG_3796-300x300.jpg 300w\" sizes=\"auto, (max-width: 159px) 100vw, 159px\" \/><\/a><\/p>\n<p style=\"text-align: center\">Fernanda Aguiar Machado<\/p>\n<p style=\"text-align: center\">Medicina Veterin\u00e1ria<\/p>\n<p style=\"text-align: center\"><a href=\"http:\/\/lattes.cnpq.br\/7004627794114178\"><span style=\"color: #000080\">Lattes<\/span><\/a><\/p>\n<p style=\"text-align: center\"><span style=\"color: #000000\">__________________________________________________________<\/span><a href=\"https:\/\/wp.ufpel.edu.br\/repropel\/files\/2018\/05\/WhatsApp-Image-2018-05-04-at-13.13.19.jpeg\"><img loading=\"lazy\" decoding=\"async\" class=\"size-thumbnail wp-image-494 aligncenter\" src=\"https:\/\/wp.ufpel.edu.br\/repropel\/files\/2018\/05\/WhatsApp-Image-2018-05-04-at-13.13.19-159x159.jpeg\" alt=\"\" width=\"159\" height=\"159\" srcset=\"https:\/\/wp.ufpel.edu.br\/repropel\/files\/2018\/05\/WhatsApp-Image-2018-05-04-at-13.13.19-159x159.jpeg 159w, https:\/\/wp.ufpel.edu.br\/repropel\/files\/2018\/05\/WhatsApp-Image-2018-05-04-at-13.13.19-319x318.jpeg 319w, https:\/\/wp.ufpel.edu.br\/repropel\/files\/2018\/05\/WhatsApp-Image-2018-05-04-at-13.13.19-301x300.jpeg 301w, https:\/\/wp.ufpel.edu.br\/repropel\/files\/2018\/05\/WhatsApp-Image-2018-05-04-at-13.13.19.jpeg 474w\" sizes=\"auto, (max-width: 159px) 100vw, 159px\" \/><\/a><\/p>\n<p style=\"text-align: center\">Eug\u00eania Tavares Barwaldt<\/p>\n<p style=\"text-align: center\">Medicina Veterin\u00e1ria<\/p>\n<p style=\"text-align: center\"><a href=\"http:\/\/lattes.cnpq.br\/4970989236096941\"><span style=\"color: #000080\">Lattes<\/span><\/a><\/p>\n<p style=\"text-align: center\"><span style=\"color: #000000\">__________________________________________________________<\/span><a href=\"https:\/\/wp.ufpel.edu.br\/repropel\/files\/2018\/05\/WhatsApp-Image-2018-05-05-at-11.35.27.jpeg\"><img loading=\"lazy\" decoding=\"async\" class=\"aligncenter size-thumbnail wp-image-497\" src=\"https:\/\/wp.ufpel.edu.br\/repropel\/files\/2018\/05\/WhatsApp-Image-2018-05-05-at-11.35.27-127x159.jpeg\" alt=\"\" width=\"127\" height=\"159\" srcset=\"https:\/\/wp.ufpel.edu.br\/repropel\/files\/2018\/05\/WhatsApp-Image-2018-05-05-at-11.35.27-127x159.jpeg 127w, https:\/\/wp.ufpel.edu.br\/repropel\/files\/2018\/05\/WhatsApp-Image-2018-05-05-at-11.35.27-254x318.jpeg 254w, https:\/\/wp.ufpel.edu.br\/repropel\/files\/2018\/05\/WhatsApp-Image-2018-05-05-at-11.35.27-240x300.jpeg 240w, https:\/\/wp.ufpel.edu.br\/repropel\/files\/2018\/05\/WhatsApp-Image-2018-05-05-at-11.35.27.jpeg 510w\" sizes=\"auto, (max-width: 127px) 100vw, 127px\" \/><\/a><\/p>\n<p style=\"text-align: center\">Nathalia Wacholz Knabah<\/p>\n<p style=\"text-align: center\">Medicina Veterin\u00e1ria<\/p>\n<p style=\"text-align: center\"><a href=\"http:\/\/lattes.cnpq.br\/4533408357700054\"><span style=\"color: #000080\">Lattes<\/span><\/a><\/p>\n<p style=\"text-align: center\"><span style=\"color: #000000\">__________________________________________________________<\/span><a href=\"https:\/\/wp.ufpel.edu.br\/repropel\/files\/2018\/05\/WhatsApp-Image-2018-05-05-at-14.38.36.jpeg\"><img loading=\"lazy\" decoding=\"async\" class=\"aligncenter size-thumbnail wp-image-505\" src=\"https:\/\/wp.ufpel.edu.br\/repropel\/files\/2018\/05\/WhatsApp-Image-2018-05-05-at-14.38.36-159x159.jpeg\" alt=\"\" width=\"159\" height=\"159\" srcset=\"https:\/\/wp.ufpel.edu.br\/repropel\/files\/2018\/05\/WhatsApp-Image-2018-05-05-at-14.38.36-159x159.jpeg 159w, https:\/\/wp.ufpel.edu.br\/repropel\/files\/2018\/05\/WhatsApp-Image-2018-05-05-at-14.38.36-318x318.jpeg 318w, https:\/\/wp.ufpel.edu.br\/repropel\/files\/2018\/05\/WhatsApp-Image-2018-05-05-at-14.38.36-768x768.jpeg 768w, https:\/\/wp.ufpel.edu.br\/repropel\/files\/2018\/05\/WhatsApp-Image-2018-05-05-at-14.38.36-300x300.jpeg 300w, https:\/\/wp.ufpel.edu.br\/repropel\/files\/2018\/05\/WhatsApp-Image-2018-05-05-at-14.38.36.jpeg 1080w\" sizes=\"auto, (max-width: 159px) 100vw, 159px\" \/><\/a><\/p>\n<p style=\"text-align: center\">Andreza Bernardi da Silva<\/p>\n<p style=\"text-align: center\">Medicina Veterin\u00e1ria<\/p>\n<p style=\"text-align: center\"><a href=\"http:\/\/lattes.cnpq.br\/5023075283556670\"><span style=\"color: #000080\">Lattes<\/span><\/a><\/p>\n<p style=\"text-align: center\"><span style=\"color: #000000\">__________________________________________________________<a href=\"https:\/\/wp.ufpel.edu.br\/repropel\/files\/2018\/05\/WhatsApp-Image-2018-05-05-at-11.37.38.jpeg\"><img loading=\"lazy\" decoding=\"async\" class=\"aligncenter size-thumbnail wp-image-528\" src=\"https:\/\/wp.ufpel.edu.br\/repropel\/files\/2018\/05\/WhatsApp-Image-2018-05-05-at-11.37.38-89x159.jpeg\" alt=\"\" width=\"89\" height=\"159\" srcset=\"https:\/\/wp.ufpel.edu.br\/repropel\/files\/2018\/05\/WhatsApp-Image-2018-05-05-at-11.37.38-89x159.jpeg 89w, https:\/\/wp.ufpel.edu.br\/repropel\/files\/2018\/05\/WhatsApp-Image-2018-05-05-at-11.37.38-179x318.jpeg 179w, https:\/\/wp.ufpel.edu.br\/repropel\/files\/2018\/05\/WhatsApp-Image-2018-05-05-at-11.37.38.jpeg 720w, https:\/\/wp.ufpel.edu.br\/repropel\/files\/2018\/05\/WhatsApp-Image-2018-05-05-at-11.37.38-169x300.jpeg 169w\" sizes=\"auto, (max-width: 89px) 100vw, 89px\" \/><\/a><\/span><\/p>\n<p style=\"text-align: center\">Olenka Rocha Paiva<\/p>\n<p style=\"text-align: center\">Medicina Veterin\u00e1ria<\/p>\n<p style=\"text-align: center\"><span style=\"color: #000080\"><a style=\"color: #000080\" href=\"http:\/\/lattes.cnpq.br\/3704583752940508\">Lattes<\/a><\/span><\/p>\n<p style=\"text-align: center\">___________________________________________________<a href=\"https:\/\/wp.ufpel.edu.br\/repropel\/files\/2018\/05\/WhatsApp-Image-2018-05-07-at-07.48.27.jpeg\"><img loading=\"lazy\" decoding=\"async\" class=\"aligncenter size-thumbnail wp-image-530\" src=\"https:\/\/wp.ufpel.edu.br\/repropel\/files\/2018\/05\/WhatsApp-Image-2018-05-07-at-07.48.27-119x159.jpeg\" alt=\"\" width=\"119\" height=\"159\" srcset=\"https:\/\/wp.ufpel.edu.br\/repropel\/files\/2018\/05\/WhatsApp-Image-2018-05-07-at-07.48.27-119x159.jpeg 119w, https:\/\/wp.ufpel.edu.br\/repropel\/files\/2018\/05\/WhatsApp-Image-2018-05-07-at-07.48.27-238x318.jpeg 238w, https:\/\/wp.ufpel.edu.br\/repropel\/files\/2018\/05\/WhatsApp-Image-2018-05-07-at-07.48.27-225x300.jpeg 225w, https:\/\/wp.ufpel.edu.br\/repropel\/files\/2018\/05\/WhatsApp-Image-2018-05-07-at-07.48.27.jpeg 307w\" sizes=\"auto, (max-width: 119px) 100vw, 119px\" \/><\/a><\/p>\n<p style=\"text-align: center\">Rafael Mielke Barbosa<\/p>\n<p style=\"text-align: center\">Medicina Veterin\u00e1ria<\/p>\n<p style=\"text-align: center\"><a href=\"http:\/\/lattes.cnpq.br\/0578449673557095\"><span style=\"color: #000080\">Lattes<\/span><\/a><\/p>\n","protected":false},"excerpt":{"rendered":"<p>___________________________________________________ Betina Capeletti Medicina Veterin\u00e1ria Lattes _______________________________________________________ Carolina Pinheiro Medicina Veterin\u00e1ria Lattes __________________________________________________________ Gustavo Jaco Hartmann Medicina Veterin\u00e1ria Lattes __________________________________________________________ Bianca da Silva Amaral Medicina Veterin\u00e1ria Lattes __________________________________________________________ Fernanda Aguiar Machado Medicina Veterin\u00e1ria Lattes __________________________________________________________ Eug\u00eania Tavares Barwaldt Medicina Veterin\u00e1ria Lattes __________________________________________________________ Nathalia Wacholz Knabah Medicina Veterin\u00e1ria Lattes __________________________________________________________ Andreza Bernardi da Silva Medicina Veterin\u00e1ria&#8230; <\/p>\n<div class=\"link-more\"><a href=\"https:\/\/wp.ufpel.edu.br\/repropel\/?page_id=466\">Leia mais<\/a><\/div>\n","protected":false},"author":378,"featured_media":0,"parent":27,"menu_order":6,"comment_status":"closed","ping_status":"closed","template":"","meta":{"footnotes":""},"class_list":["post-466","page","type-page","status-publish","hentry"],"_links":{"self":[{"href":"https:\/\/wp.ufpel.edu.br\/repropel\/index.php?rest_route=\/wp\/v2\/pages\/466","targetHints":{"allow":["GET"]}}],"collection":[{"href":"https:\/\/wp.ufpel.edu.br\/repropel\/index.php?rest_route=\/wp\/v2\/pages"}],"about":[{"href":"https:\/\/wp.ufpel.edu.br\/repropel\/index.php?rest_route=\/wp\/v2\/types\/page"}],"author":[{"embeddable":true,"href":"https:\/\/wp.ufpel.edu.br\/repropel\/index.php?rest_route=\/wp\/v2\/users\/378"}],"replies":[{"embeddable":true,"href":"https:\/\/wp.ufpel.edu.br\/repropel\/index.php?rest_route=%2Fwp%2Fv2%2Fcomments&post=466"}],"version-history":[{"count":10,"href":"https:\/\/wp.ufpel.edu.br\/repropel\/index.php?rest_route=\/wp\/v2\/pages\/466\/revisions"}],"predecessor-version":[{"id":531,"href":"https:\/\/wp.ufpel.edu.br\/repropel\/index.php?rest_route=\/wp\/v2\/pages\/466\/revisions\/531"}],"up":[{"embeddable":true,"href":"https:\/\/wp.ufpel.edu.br\/repropel\/index.php?rest_route=\/wp\/v2\/pages\/27"}],"wp:attachment":[{"href":"https:\/\/wp.ufpel.edu.br\/repropel\/index.php?rest_route=%2Fwp%2Fv2%2Fmedia&parent=466"}],"curies":[{"name":"wp","href":"https:\/\/api.w.org\/{rel}","templated":true}]}}