{"id":369,"date":"2015-04-19T10:38:12","date_gmt":"2015-04-19T13:38:12","guid":{"rendered":"https:\/\/wp.ufpel.edu.br\/repropel\/?page_id=369"},"modified":"2018-05-05T19:55:28","modified_gmt":"2018-05-05T22:55:28","slug":"programa-de-pos-graduacao-em-medicina-veterinaria","status":"publish","type":"page","link":"https:\/\/wp.ufpel.edu.br\/repropel\/?page_id=369","title":{"rendered":"Programa de p\u00f3s-gradua\u00e7\u00e3o em Medicina Veterin\u00e1ria"},"content":{"rendered":"<p style=\"text-align: center\">___________________________________________________<a href=\"https:\/\/wp.ufpel.edu.br\/repropel\/files\/2018\/05\/IMG_0428.jpg\"><img loading=\"lazy\" decoding=\"async\" class=\"aligncenter size-thumbnail wp-image-508\" src=\"https:\/\/wp.ufpel.edu.br\/repropel\/files\/2018\/05\/IMG_0428-54x159.jpg\" alt=\"\" width=\"54\" height=\"159\" srcset=\"https:\/\/wp.ufpel.edu.br\/repropel\/files\/2018\/05\/IMG_0428-54x159.jpg 54w, https:\/\/wp.ufpel.edu.br\/repropel\/files\/2018\/05\/IMG_0428-108x318.jpg 108w, https:\/\/wp.ufpel.edu.br\/repropel\/files\/2018\/05\/IMG_0428-102x300.jpg 102w, https:\/\/wp.ufpel.edu.br\/repropel\/files\/2018\/05\/IMG_0428.jpg 421w\" sizes=\"auto, (max-width: 54px) 100vw, 54px\" \/><\/a><\/p>\n<p style=\"text-align: center\">Andrez\u00a0Pastorello Bohn<\/p>\n<p style=\"text-align: center\">M\u00e9dico Veterin\u00e1rio &#8211; Mestrando em Medicina Veterin\u00e1ria<\/p>\n<p style=\"text-align: center\">Orienta\u00e7\u00e3o: Rafael Gianella Mondadori<\/p>\n<p style=\"text-align: center\"><span style=\"color: #000080\"><a style=\"color: #000080\" href=\"mailto:andrezbohn@gmail.com\" target=\"_blank\" rel=\"noopener\">andrezbohn@gmail.com<\/a><\/span><\/p>\n<p style=\"text-align: center\"><span style=\"color: #000080\"><a style=\"color: #000080\" href=\"http:\/\/lattes.cnpq.br\/3616106436412793\">Lattes<\/a><\/span><\/p>\n<p style=\"text-align: center\">___________________________________________________<a href=\"https:\/\/wp.ufpel.edu.br\/repropel\/files\/2018\/05\/20800355_1657339217634275_6621219816337558541_n.jpg\"><img loading=\"lazy\" decoding=\"async\" class=\"aligncenter size-thumbnail wp-image-509\" src=\"https:\/\/wp.ufpel.edu.br\/repropel\/files\/2018\/05\/20800355_1657339217634275_6621219816337558541_n-159x159.jpg\" alt=\"\" width=\"159\" height=\"159\" srcset=\"https:\/\/wp.ufpel.edu.br\/repropel\/files\/2018\/05\/20800355_1657339217634275_6621219816337558541_n-159x159.jpg 159w, https:\/\/wp.ufpel.edu.br\/repropel\/files\/2018\/05\/20800355_1657339217634275_6621219816337558541_n-318x318.jpg 318w, https:\/\/wp.ufpel.edu.br\/repropel\/files\/2018\/05\/20800355_1657339217634275_6621219816337558541_n-300x300.jpg 300w, https:\/\/wp.ufpel.edu.br\/repropel\/files\/2018\/05\/20800355_1657339217634275_6621219816337558541_n.jpg 396w\" sizes=\"auto, (max-width: 159px) 100vw, 159px\" \/><\/a><\/p>\n<p style=\"text-align: center\">Camila Amaral D&#8217;Avila<\/p>\n<p style=\"text-align: center\">M\u00e9dica Veterin\u00e1ria &#8211; Mestranda em Medicina Veterin\u00e1ria<\/p>\n<p style=\"text-align: center\">Orienta\u00e7\u00e3o: Thomaz Lucia Jr<\/p>\n<p style=\"text-align: center\"><span style=\"color: #000080\"><a style=\"color: #000080\" href=\"mailto:camila.amaral.davila@hotmail.com\">camila.amaral.davila@hotmail.com<\/a><\/span><\/p>\n<p style=\"text-align: center\"><span style=\"color: #000080\"><a style=\"color: #000080\" href=\"http:\/\/lattes.cnpq.br\/3474074767982253\">Lattes<\/a><\/span><\/p>\n<p style=\"text-align: center\">___________________________________________________<a href=\"https:\/\/wp.ufpel.edu.br\/repropel\/files\/2018\/05\/20170626_085906.jpg\"><img loading=\"lazy\" decoding=\"async\" class=\"aligncenter size-thumbnail wp-image-510\" src=\"https:\/\/wp.ufpel.edu.br\/repropel\/files\/2018\/05\/20170626_085906-119x159.jpg\" alt=\"\" width=\"119\" height=\"159\" srcset=\"https:\/\/wp.ufpel.edu.br\/repropel\/files\/2018\/05\/20170626_085906-119x159.jpg 119w, https:\/\/wp.ufpel.edu.br\/repropel\/files\/2018\/05\/20170626_085906-239x318.jpg 239w, https:\/\/wp.ufpel.edu.br\/repropel\/files\/2018\/05\/20170626_085906-768x1024.jpg 768w, https:\/\/wp.ufpel.edu.br\/repropel\/files\/2018\/05\/20170626_085906-630x840.jpg 630w, https:\/\/wp.ufpel.edu.br\/repropel\/files\/2018\/05\/20170626_085906-960x1280.jpg 960w, https:\/\/wp.ufpel.edu.br\/repropel\/files\/2018\/05\/20170626_085906-225x300.jpg 225w\" sizes=\"auto, (max-width: 119px) 100vw, 119px\" \/><\/a><\/p>\n<p style=\"text-align: center\">Camila Ribeiro Carvalho de Brito<\/p>\n<p style=\"text-align: center\">M\u00e9dica Veterin\u00e1ria &#8211; Mestranda em Medicina Veterin\u00e1ria<\/p>\n<p style=\"text-align: center\">Orienta\u00e7\u00e3o: Carine Dahl Corcini<\/p>\n<p style=\"text-align: center\"><span style=\"color: #000080\"><a style=\"color: #000080\" href=\"mailto:camilarcb@gmail.com\" target=\"_blank\" rel=\"noopener\">camilarcb@gmail.com<\/a><\/span><\/p>\n<p style=\"text-align: center\"><span style=\"color: #000080\"><a style=\"color: #000080\" href=\"http:\/\/lattes.cnpq.br\/5375315564418977\">Lattes<\/a><\/span><\/p>\n<p style=\"text-align: center\">___________________________________________________<a href=\"https:\/\/wp.ufpel.edu.br\/repropel\/files\/2018\/05\/perfil.jpg\"><img loading=\"lazy\" decoding=\"async\" class=\"aligncenter size-thumbnail wp-image-511\" src=\"https:\/\/wp.ufpel.edu.br\/repropel\/files\/2018\/05\/perfil-104x159.jpg\" alt=\"\" width=\"104\" height=\"159\" srcset=\"https:\/\/wp.ufpel.edu.br\/repropel\/files\/2018\/05\/perfil-104x159.jpg 104w, https:\/\/wp.ufpel.edu.br\/repropel\/files\/2018\/05\/perfil.jpg 143w\" sizes=\"auto, (max-width: 104px) 100vw, 104px\" \/><\/a><\/p>\n<p style=\"text-align: center\">Diego Corr\u00eaa Silveira<\/p>\n<p style=\"text-align: center\">M\u00e9dico Veterin\u00e1rio &#8211; Mestrando em Medicina Veterin\u00e1ria<\/p>\n<p style=\"text-align: center\">Orienta\u00e7\u00e3o: Thomaz Luc\u00eda Jr.<\/p>\n<p style=\"text-align: center\"><span style=\"color: #000080\"><a style=\"color: #000080\" href=\"mailto:dcsilveira12@gmail.com\">dcsilveira12@gmail.com<\/a><\/span><\/p>\n<p style=\"text-align: center\"><span style=\"color: #000080\"><a style=\"color: #000080\" href=\"http:\/\/lattes.cnpq.br\/4138019322469402\">Lattes<\/a><\/span><\/p>\n<p style=\"text-align: center\">___________________________________________________<a href=\"https:\/\/wp.ufpel.edu.br\/repropel\/files\/2018\/05\/WhatsApp-Image-2018-05-05-at-19.50.01.jpeg\"><img loading=\"lazy\" decoding=\"async\" class=\"aligncenter wp-image-523 size-thumbnail\" src=\"https:\/\/wp.ufpel.edu.br\/repropel\/files\/2018\/05\/WhatsApp-Image-2018-05-05-at-19.50.01-125x159.jpeg\" alt=\"\" width=\"125\" height=\"159\" srcset=\"https:\/\/wp.ufpel.edu.br\/repropel\/files\/2018\/05\/WhatsApp-Image-2018-05-05-at-19.50.01-125x159.jpeg 125w, https:\/\/wp.ufpel.edu.br\/repropel\/files\/2018\/05\/WhatsApp-Image-2018-05-05-at-19.50.01-249x318.jpeg 249w, https:\/\/wp.ufpel.edu.br\/repropel\/files\/2018\/05\/WhatsApp-Image-2018-05-05-at-19.50.01-235x300.jpeg 235w, https:\/\/wp.ufpel.edu.br\/repropel\/files\/2018\/05\/WhatsApp-Image-2018-05-05-at-19.50.01.jpeg 349w\" sizes=\"auto, (max-width: 125px) 100vw, 125px\" \/><\/a><\/p>\n<p style=\"text-align: center\">Edenara Anast\u00e1cio da Silva<\/p>\n<p style=\"text-align: center\">M\u00e9dica Veterin\u00e1ria &#8211; Mestranda em Medicina Veterin\u00e1ria<\/p>\n<p style=\"text-align: center\">Orienta\u00e7\u00e3o: Carine Ant\u00f4nio S\u00e9rgio Varela Jr.<\/p>\n<p style=\"text-align: center\"><span style=\"color: #000080\"><a style=\"color: #000080\" href=\"mailto:edenara_anastacio@hotmail.com\">edenara_anastacio@hotmail.com<\/a><\/span><\/p>\n<p style=\"text-align: center\"><span style=\"color: #000080\"><a style=\"color: #000080\" href=\"http:\/\/lattes.cnpq.br\/9596143765263671\">Lattes<\/a><\/span><\/p>\n<p style=\"text-align: center\">___________________________________________________<a href=\"https:\/\/wp.ufpel.edu.br\/repropel\/files\/2018\/05\/img1508957188414.jpg\"><img loading=\"lazy\" decoding=\"async\" class=\"size-thumbnail wp-image-513 aligncenter\" src=\"https:\/\/wp.ufpel.edu.br\/repropel\/files\/2018\/05\/img1508957188414-119x159.jpg\" alt=\"\" width=\"119\" height=\"159\" srcset=\"https:\/\/wp.ufpel.edu.br\/repropel\/files\/2018\/05\/img1508957188414-119x159.jpg 119w, https:\/\/wp.ufpel.edu.br\/repropel\/files\/2018\/05\/img1508957188414-239x318.jpg 239w, https:\/\/wp.ufpel.edu.br\/repropel\/files\/2018\/05\/img1508957188414-768x1024.jpg 768w, https:\/\/wp.ufpel.edu.br\/repropel\/files\/2018\/05\/img1508957188414-630x840.jpg 630w, https:\/\/wp.ufpel.edu.br\/repropel\/files\/2018\/05\/img1508957188414-225x300.jpg 225w, https:\/\/wp.ufpel.edu.br\/repropel\/files\/2018\/05\/img1508957188414.jpg 960w\" sizes=\"auto, (max-width: 119px) 100vw, 119px\" \/><\/a><\/p>\n<p style=\"text-align: center\">Fabiane Pereira de Moraes<\/p>\n<p style=\"text-align: center\">M\u00e9dica Veterin\u00e1ria &#8211; Mestranda em Medicina Veterin\u00e1ria<\/p>\n<p style=\"text-align: center\">Orienta\u00e7\u00e3o: Bernardo Garziera Gasperin<\/p>\n<p style=\"text-align: center\"><a href=\"mailto:fabypmoraes@gmail.com\"><span style=\"color: #000080\">fabypmoraes@gmail.com<\/span><\/a><\/p>\n<p style=\"text-align: center\"><a href=\"http:\/\/lattes.cnpq.br\/0200857900142235\"><span style=\"color: #000080\">Lattes<\/span><\/a><\/p>\n<p style=\"text-align: center\">___________________________________________________<a href=\"https:\/\/wp.ufpel.edu.br\/repropel\/files\/2018\/05\/18582233_1350942838318336_1681740743201270172_n.jpg\"><img loading=\"lazy\" decoding=\"async\" class=\"aligncenter size-thumbnail wp-image-514\" src=\"https:\/\/wp.ufpel.edu.br\/repropel\/files\/2018\/05\/18582233_1350942838318336_1681740743201270172_n-159x159.jpg\" alt=\"\" width=\"159\" height=\"159\" srcset=\"https:\/\/wp.ufpel.edu.br\/repropel\/files\/2018\/05\/18582233_1350942838318336_1681740743201270172_n-159x159.jpg 159w, https:\/\/wp.ufpel.edu.br\/repropel\/files\/2018\/05\/18582233_1350942838318336_1681740743201270172_n-317x318.jpg 317w, https:\/\/wp.ufpel.edu.br\/repropel\/files\/2018\/05\/18582233_1350942838318336_1681740743201270172_n-299x300.jpg 299w, https:\/\/wp.ufpel.edu.br\/repropel\/files\/2018\/05\/18582233_1350942838318336_1681740743201270172_n.jpg 580w\" sizes=\"auto, (max-width: 159px) 100vw, 159px\" \/><\/a><\/p>\n<p style=\"text-align: center\">Jos\u00e9 Victor Cardoso Braga<\/p>\n<p style=\"text-align: center\">Biotecnologista &#8211; Mestrando em Medicina Veterin\u00e1ria<\/p>\n<p style=\"text-align: center\">Orienta\u00e7\u00e3o: Rafael Gianella Mondadori<\/p>\n<p style=\"text-align: center\"><span style=\"color: #000080\"><a style=\"color: #000080\" href=\"mailto:bragavictor93@gmail.com\">bragavictor93@gmail.com<\/a><\/span><\/p>\n<p style=\"text-align: center\"><span style=\"color: #000080\"><a style=\"color: #000080\" href=\"http:\/\/lattes.cnpq.br\/9234579584671794\">Lattes<\/a><\/span><\/p>\n<p style=\"text-align: center\">___________________________________________________<a href=\"https:\/\/wp.ufpel.edu.br\/repropel\/files\/2018\/05\/IMG_E9855.jpg\"><img loading=\"lazy\" decoding=\"async\" class=\"aligncenter size-thumbnail wp-image-515\" src=\"https:\/\/wp.ufpel.edu.br\/repropel\/files\/2018\/05\/IMG_E9855-98x159.jpg\" alt=\"\" width=\"98\" height=\"159\" srcset=\"https:\/\/wp.ufpel.edu.br\/repropel\/files\/2018\/05\/IMG_E9855-98x159.jpg 98w, https:\/\/wp.ufpel.edu.br\/repropel\/files\/2018\/05\/IMG_E9855-195x318.jpg 195w, https:\/\/wp.ufpel.edu.br\/repropel\/files\/2018\/05\/IMG_E9855-768x1249.jpg 768w, https:\/\/wp.ufpel.edu.br\/repropel\/files\/2018\/05\/IMG_E9855-184x300.jpg 184w, https:\/\/wp.ufpel.edu.br\/repropel\/files\/2018\/05\/IMG_E9855.jpg 1238w\" sizes=\"auto, (max-width: 98px) 100vw, 98px\" \/><\/a><\/p>\n<p style=\"text-align: center\">Maria Isabel dos Santos<\/p>\n<p style=\"text-align: center\">M\u00e9dica Veterin\u00e1ria &#8211; Mestranda em Medicina Veterin\u00e1ria<\/p>\n<p style=\"text-align: center\">Orienta\u00e7\u00e3o: Carine Dahl Corcini<\/p>\n<p style=\"text-align: center\"><span style=\"color: #000080\"><a style=\"color: #000080\" href=\"mailto:mariaisabelvet@hotmail.com\">mariaisabelvet@hotmail.com<\/a><\/span><\/p>\n<p style=\"text-align: center\"><span style=\"color: #000080\"><a style=\"color: #000080\" href=\"http:\/\/lattes.cnpq.br\/7412008050225411\">Lattes<\/a><\/span><\/p>\n","protected":false},"excerpt":{"rendered":"<p>___________________________________________________ Andrez\u00a0Pastorello Bohn M\u00e9dico Veterin\u00e1rio &#8211; Mestrando em Medicina Veterin\u00e1ria Orienta\u00e7\u00e3o: Rafael Gianella Mondadori andrezbohn@gmail.com Lattes ___________________________________________________ Camila Amaral D&#8217;Avila M\u00e9dica Veterin\u00e1ria &#8211; Mestranda em Medicina Veterin\u00e1ria Orienta\u00e7\u00e3o: Thomaz Lucia Jr camila.amaral.davila@hotmail.com Lattes ___________________________________________________ Camila Ribeiro Carvalho de Brito M\u00e9dica Veterin\u00e1ria &#8211; Mestranda em Medicina Veterin\u00e1ria Orienta\u00e7\u00e3o: Carine Dahl Corcini camilarcb@gmail.com Lattes ___________________________________________________ Diego Corr\u00eaa&#8230; <\/p>\n<div class=\"link-more\"><a href=\"https:\/\/wp.ufpel.edu.br\/repropel\/?page_id=369\">Leia mais<\/a><\/div>\n","protected":false},"author":378,"featured_media":0,"parent":367,"menu_order":1,"comment_status":"closed","ping_status":"closed","template":"","meta":{"footnotes":""},"class_list":["post-369","page","type-page","status-publish","hentry"],"_links":{"self":[{"href":"https:\/\/wp.ufpel.edu.br\/repropel\/index.php?rest_route=\/wp\/v2\/pages\/369","targetHints":{"allow":["GET"]}}],"collection":[{"href":"https:\/\/wp.ufpel.edu.br\/repropel\/index.php?rest_route=\/wp\/v2\/pages"}],"about":[{"href":"https:\/\/wp.ufpel.edu.br\/repropel\/index.php?rest_route=\/wp\/v2\/types\/page"}],"author":[{"embeddable":true,"href":"https:\/\/wp.ufpel.edu.br\/repropel\/index.php?rest_route=\/wp\/v2\/users\/378"}],"replies":[{"embeddable":true,"href":"https:\/\/wp.ufpel.edu.br\/repropel\/index.php?rest_route=%2Fwp%2Fv2%2Fcomments&post=369"}],"version-history":[{"count":11,"href":"https:\/\/wp.ufpel.edu.br\/repropel\/index.php?rest_route=\/wp\/v2\/pages\/369\/revisions"}],"predecessor-version":[{"id":526,"href":"https:\/\/wp.ufpel.edu.br\/repropel\/index.php?rest_route=\/wp\/v2\/pages\/369\/revisions\/526"}],"up":[{"embeddable":true,"href":"https:\/\/wp.ufpel.edu.br\/repropel\/index.php?rest_route=\/wp\/v2\/pages\/367"}],"wp:attachment":[{"href":"https:\/\/wp.ufpel.edu.br\/repropel\/index.php?rest_route=%2Fwp%2Fv2%2Fmedia&parent=369"}],"curies":[{"name":"wp","href":"https:\/\/api.w.org\/{rel}","templated":true}]}}