{"id":364,"date":"2015-04-19T10:21:39","date_gmt":"2015-04-19T13:21:39","guid":{"rendered":"https:\/\/wp.ufpel.edu.br\/repropel\/?page_id=364"},"modified":"2018-05-05T15:04:10","modified_gmt":"2018-05-05T18:04:10","slug":"programa-de-pos-graduacao-em-biotecnologia","status":"publish","type":"page","link":"https:\/\/wp.ufpel.edu.br\/repropel\/?page_id=364","title":{"rendered":"Programa de p\u00f3s-gradua\u00e7\u00e3o em Biotecnologia"},"content":{"rendered":"<p style=\"text-align: center\">Kau\u00ea Rodriguez Martins<\/p>\n<p style=\"text-align: center\">Bi\u00f3logo, Mestre &#8211; Doutorando em Biotecnologia<\/p>\n<p style=\"text-align: center\">Orienta\u00e7\u00e3o: Thomaz Lucia Jr.<\/p>\n<p style=\"text-align: center\">kauerodriguez@gmail.com<\/p>\n<p style=\"text-align: center\"><span style=\"color: #000080\"><a style=\"color: #000080\" href=\"http:\/\/lattes.cnpq.br\/7793098173274177\" target=\"_blank\" rel=\"noopener\">Lattes<\/a><\/span><\/p>\n<p style=\"text-align: center\">__________________________________________________________________<\/p>\n<p style=\"text-align: center\">Sara Lorandi<\/p>\n<p style=\"text-align: center\">M\u00e9dica Veterin\u00e1ria, Mestre &#8211; Doutoranda em Biotecnologia<\/p>\n<p style=\"text-align: center\">Orienta\u00e7\u00e3o: Thomaz Lucia Jr.<\/p>\n<p style=\"text-align: center\">sara.lorandi@yahoo.com.br<\/p>\n<p style=\"text-align: center\"><span style=\"color: #000080\"><a style=\"color: #000080\" href=\"http:\/\/lattes.cnpq.br\/3800454209594557\" target=\"_blank\" rel=\"noopener\">Lattes<\/a><\/span><\/p>\n<p style=\"text-align: center\">__________________________________________________________________<\/p>\n<p style=\"text-align: center\"><a href=\"https:\/\/wp.ufpel.edu.br\/repropel\/files\/2014\/06\/Grado001-copia.jpg\"><img loading=\"lazy\" decoding=\"async\" class=\"aligncenter size-thumbnail wp-image-395\" src=\"https:\/\/wp.ufpel.edu.br\/repropel\/files\/2014\/06\/Grado001-copia-118x159.jpg\" alt=\"Grado001 - copia\" width=\"118\" height=\"159\" srcset=\"https:\/\/wp.ufpel.edu.br\/repropel\/files\/2014\/06\/Grado001-copia-118x159.jpg 118w, https:\/\/wp.ufpel.edu.br\/repropel\/files\/2014\/06\/Grado001-copia-235x318.jpg 235w, https:\/\/wp.ufpel.edu.br\/repropel\/files\/2014\/06\/Grado001-copia.jpg 356w\" sizes=\"auto, (max-width: 118px) 100vw, 118px\" \/><\/a><\/p>\n<p style=\"text-align: center\">Veronica Hoyos Marulanda<\/p>\n<p style=\"text-align: center\">Zootecnista, Mestre &#8211; Doutoranda em Biotecnologia<\/p>\n<p style=\"text-align: center\">Orienta\u00e7\u00e3o: Thomaz Lucia Jr.<\/p>\n<p style=\"text-align: center\">vhoyos@unal.edu.co<\/p>\n<p style=\"text-align: center\"><span style=\"color: #000080\"><a style=\"color: #000080\" href=\"http:\/\/lattes.cnpq.br\/7556472165570453\" target=\"_blank\" rel=\"noopener\">Lattes<\/a><\/span><\/p>\n","protected":false},"excerpt":{"rendered":"<p>Kau\u00ea Rodriguez Martins Bi\u00f3logo, Mestre &#8211; Doutorando em Biotecnologia Orienta\u00e7\u00e3o: Thomaz Lucia Jr. kauerodriguez@gmail.com Lattes __________________________________________________________________ Sara Lorandi M\u00e9dica Veterin\u00e1ria, Mestre &#8211; Doutoranda em Biotecnologia Orienta\u00e7\u00e3o: Thomaz Lucia Jr. sara.lorandi@yahoo.com.br Lattes __________________________________________________________________ Veronica Hoyos Marulanda Zootecnista, Mestre &#8211; Doutoranda em Biotecnologia Orienta\u00e7\u00e3o: Thomaz Lucia Jr. vhoyos@unal.edu.co Lattes<\/p>\n","protected":false},"author":378,"featured_media":0,"parent":358,"menu_order":2,"comment_status":"closed","ping_status":"closed","template":"","meta":{"footnotes":""},"class_list":["post-364","page","type-page","status-publish","hentry"],"_links":{"self":[{"href":"https:\/\/wp.ufpel.edu.br\/repropel\/index.php?rest_route=\/wp\/v2\/pages\/364","targetHints":{"allow":["GET"]}}],"collection":[{"href":"https:\/\/wp.ufpel.edu.br\/repropel\/index.php?rest_route=\/wp\/v2\/pages"}],"about":[{"href":"https:\/\/wp.ufpel.edu.br\/repropel\/index.php?rest_route=\/wp\/v2\/types\/page"}],"author":[{"embeddable":true,"href":"https:\/\/wp.ufpel.edu.br\/repropel\/index.php?rest_route=\/wp\/v2\/users\/378"}],"replies":[{"embeddable":true,"href":"https:\/\/wp.ufpel.edu.br\/repropel\/index.php?rest_route=%2Fwp%2Fv2%2Fcomments&post=364"}],"version-history":[{"count":4,"href":"https:\/\/wp.ufpel.edu.br\/repropel\/index.php?rest_route=\/wp\/v2\/pages\/364\/revisions"}],"predecessor-version":[{"id":507,"href":"https:\/\/wp.ufpel.edu.br\/repropel\/index.php?rest_route=\/wp\/v2\/pages\/364\/revisions\/507"}],"up":[{"embeddable":true,"href":"https:\/\/wp.ufpel.edu.br\/repropel\/index.php?rest_route=\/wp\/v2\/pages\/358"}],"wp:attachment":[{"href":"https:\/\/wp.ufpel.edu.br\/repropel\/index.php?rest_route=%2Fwp%2Fv2%2Fmedia&parent=364"}],"curies":[{"name":"wp","href":"https:\/\/api.w.org\/{rel}","templated":true}]}}