{"id":343,"date":"2014-11-25T15:44:30","date_gmt":"2014-11-25T17:44:30","guid":{"rendered":"https:\/\/wp.ufpel.edu.br\/repropel\/?page_id=343"},"modified":"2014-11-25T15:44:30","modified_gmt":"2014-11-25T17:44:30","slug":"grupo-de-pesquisa-repropel-ira-selecionar-profissional-para-o-programa-nacional-de-pos-doutorado-pnpdcapes","status":"publish","type":"page","link":"https:\/\/wp.ufpel.edu.br\/repropel\/?page_id=343","title":{"rendered":"Grupo de pesquisa ReproPel ir\u00e1 selecionar profissional para o Programa Nacional de P\u00f3s-Doutorado (PNPD\/CAPES)"},"content":{"rendered":"<p>O grupo de pesquisa ReproPel, da Faculdade de Veterin\u00e1ria da UFPel foi contemplado com uma cota de bolsa\u00a0PNPD junto ao Programa de P\u00f3s-Gradua\u00e7\u00e3o em Veterin\u00e1ria.<\/p>\n<p>&nbsp;<\/p>\n<p>O profissional (M\u00e9dico Veterin\u00e1rio, Doutor) ser\u00e1 selecionado at\u00e9 o dia 02\/12\/14, para atuar em projetos de pesquisa e diversas atividades de ensino, sob a coordena\u00e7\u00e3o do Prof. Thomaz Lucia Jr., juntamente com os demais docentes colaboradores que integram o grupo de pesquisa.<\/p>\n<p>&nbsp;<\/p>\n<p>E-mail para contato: <a href=\"mailto:tluciajr@gmail.com\">tluciajr@gmail.com<\/a><\/p>\n","protected":false},"excerpt":{"rendered":"<p>O grupo de pesquisa ReproPel, da Faculdade de Veterin\u00e1ria da UFPel foi contemplado com uma cota de bolsa\u00a0PNPD junto ao Programa de P\u00f3s-Gradua\u00e7\u00e3o em Veterin\u00e1ria. &nbsp; O profissional (M\u00e9dico Veterin\u00e1rio, Doutor) ser\u00e1 selecionado at\u00e9 o dia 02\/12\/14, para atuar em projetos de pesquisa e diversas atividades de ensino, sob a coordena\u00e7\u00e3o do Prof. Thomaz Lucia&#8230; <\/p>\n<div class=\"link-more\"><a href=\"https:\/\/wp.ufpel.edu.br\/repropel\/?page_id=343\">Leia mais<\/a><\/div>\n","protected":false},"author":378,"featured_media":0,"parent":31,"menu_order":0,"comment_status":"closed","ping_status":"closed","template":"","meta":{"footnotes":""},"class_list":["post-343","page","type-page","status-publish","hentry"],"_links":{"self":[{"href":"https:\/\/wp.ufpel.edu.br\/repropel\/index.php?rest_route=\/wp\/v2\/pages\/343","targetHints":{"allow":["GET"]}}],"collection":[{"href":"https:\/\/wp.ufpel.edu.br\/repropel\/index.php?rest_route=\/wp\/v2\/pages"}],"about":[{"href":"https:\/\/wp.ufpel.edu.br\/repropel\/index.php?rest_route=\/wp\/v2\/types\/page"}],"author":[{"embeddable":true,"href":"https:\/\/wp.ufpel.edu.br\/repropel\/index.php?rest_route=\/wp\/v2\/users\/378"}],"replies":[{"embeddable":true,"href":"https:\/\/wp.ufpel.edu.br\/repropel\/index.php?rest_route=%2Fwp%2Fv2%2Fcomments&post=343"}],"version-history":[{"count":1,"href":"https:\/\/wp.ufpel.edu.br\/repropel\/index.php?rest_route=\/wp\/v2\/pages\/343\/revisions"}],"predecessor-version":[{"id":344,"href":"https:\/\/wp.ufpel.edu.br\/repropel\/index.php?rest_route=\/wp\/v2\/pages\/343\/revisions\/344"}],"up":[{"embeddable":true,"href":"https:\/\/wp.ufpel.edu.br\/repropel\/index.php?rest_route=\/wp\/v2\/pages\/31"}],"wp:attachment":[{"href":"https:\/\/wp.ufpel.edu.br\/repropel\/index.php?rest_route=%2Fwp%2Fv2%2Fmedia&parent=343"}],"curies":[{"name":"wp","href":"https:\/\/api.w.org\/{rel}","templated":true}]}}