{"id":336,"date":"2014-10-31T12:42:46","date_gmt":"2014-10-31T14:42:46","guid":{"rendered":"https:\/\/wp.ufpel.edu.br\/repropel\/?page_id=336"},"modified":"2014-10-31T12:53:22","modified_gmt":"2014-10-31T14:53:22","slug":"estao-abertos-os-editais-para-selecao-de-alunos-para-mestrado-e-doutorado-em-medicina-veterinaria-e-biotecnologia","status":"publish","type":"page","link":"https:\/\/wp.ufpel.edu.br\/repropel\/?page_id=336","title":{"rendered":"Est\u00e3o abertos os editais para sele\u00e7\u00e3o de alunos para Mestrado e Doutorado em Medicina Veterin\u00e1ria e Biotecnologia."},"content":{"rendered":"<p>O N\u00facleo de Ensino e Pesquisa em Reprodu\u00e7\u00e3o animal informa que j\u00e1 foram lan\u00e7ados os editais de sele\u00e7\u00e3o para alunos de Mestrado e Doutorado 2015 dos Programas de P\u00f3s-gradua\u00e7\u00e3o da Medicina Veterin\u00e1ria e Biotecnologia. Nosso grupo, que contempla aproximadamente 20 graduandos e 12 p\u00f3s-graduandos, divulga que h\u00e1 5 vagas para alunos de mestrado e 3 vagas para alunos de doutorado em Medicina Veterin\u00e1ria. Constam, ainda, 2 vagas para mestrado e 2 para doutorado em Biotecnologia. Seguem os editais, anexados.<\/p>\n<p><a href=\"https:\/\/wp.ufpel.edu.br\/repropel\/files\/2014\/10\/Edital-de-Selecao-PPG-Biotecnologia-2015.pdf\">Edital de Sele\u00e7\u00e3o PPG Biotecnologia 2015<\/a><\/p>\n<p><a href=\"https:\/\/wp.ufpel.edu.br\/repropel\/files\/2014\/10\/Edital-Selecao-PPG-Veterinaria-2015.pdf\">Edital Sele\u00e7\u00e3o PPG Veterin\u00e1ria 2015<\/a><\/p>\n<p>&nbsp;<\/p>\n","protected":false},"excerpt":{"rendered":"<p>O N\u00facleo de Ensino e Pesquisa em Reprodu\u00e7\u00e3o animal informa que j\u00e1 foram lan\u00e7ados os editais de sele\u00e7\u00e3o para alunos de Mestrado e Doutorado 2015 dos Programas de P\u00f3s-gradua\u00e7\u00e3o da Medicina Veterin\u00e1ria e Biotecnologia. Nosso grupo, que contempla aproximadamente 20 graduandos e 12 p\u00f3s-graduandos, divulga que h\u00e1 5 vagas para alunos de mestrado e 3&#8230; <\/p>\n<div class=\"link-more\"><a href=\"https:\/\/wp.ufpel.edu.br\/repropel\/?page_id=336\">Leia mais<\/a><\/div>\n","protected":false},"author":378,"featured_media":0,"parent":31,"menu_order":0,"comment_status":"closed","ping_status":"closed","template":"","meta":{"footnotes":""},"class_list":["post-336","page","type-page","status-publish","hentry"],"_links":{"self":[{"href":"https:\/\/wp.ufpel.edu.br\/repropel\/index.php?rest_route=\/wp\/v2\/pages\/336","targetHints":{"allow":["GET"]}}],"collection":[{"href":"https:\/\/wp.ufpel.edu.br\/repropel\/index.php?rest_route=\/wp\/v2\/pages"}],"about":[{"href":"https:\/\/wp.ufpel.edu.br\/repropel\/index.php?rest_route=\/wp\/v2\/types\/page"}],"author":[{"embeddable":true,"href":"https:\/\/wp.ufpel.edu.br\/repropel\/index.php?rest_route=\/wp\/v2\/users\/378"}],"replies":[{"embeddable":true,"href":"https:\/\/wp.ufpel.edu.br\/repropel\/index.php?rest_route=%2Fwp%2Fv2%2Fcomments&post=336"}],"version-history":[{"count":2,"href":"https:\/\/wp.ufpel.edu.br\/repropel\/index.php?rest_route=\/wp\/v2\/pages\/336\/revisions"}],"predecessor-version":[{"id":340,"href":"https:\/\/wp.ufpel.edu.br\/repropel\/index.php?rest_route=\/wp\/v2\/pages\/336\/revisions\/340"}],"up":[{"embeddable":true,"href":"https:\/\/wp.ufpel.edu.br\/repropel\/index.php?rest_route=\/wp\/v2\/pages\/31"}],"wp:attachment":[{"href":"https:\/\/wp.ufpel.edu.br\/repropel\/index.php?rest_route=%2Fwp%2Fv2%2Fmedia&parent=336"}],"curies":[{"name":"wp","href":"https:\/\/api.w.org\/{rel}","templated":true}]}}