{"id":328,"date":"2014-08-19T11:49:57","date_gmt":"2014-08-19T14:49:57","guid":{"rendered":"https:\/\/wp.ufpel.edu.br\/repropel\/?page_id=328"},"modified":"2014-08-19T11:49:57","modified_gmt":"2014-08-19T14:49:57","slug":"integrantes-do-grupo-realizam-atualizacao-em-exame-andrologico-no-uruguai","status":"publish","type":"page","link":"https:\/\/wp.ufpel.edu.br\/repropel\/?page_id=328","title":{"rendered":"Integrantes do grupo realizam Atualiza\u00e7\u00e3o em Exame Androl\u00f3gico no Uruguai"},"content":{"rendered":"<p><span style=\"color: #222222\">Na \u00faltima semana, integrantes do grupo ReproPEL realizaram um treinamento sobre Exame Androl\u00f3gico na Est\u00e2ncia El Rinc\u00f3n, em Ram\u00f3n Trigo \u2013 Uruguai. \u00a0O doutorando Carlos Eduardo Ranquetat, o coordenador Arnaldo Vieira e o colaborador Rafael Mondadori almejaram, com esta Atualiza\u00e7\u00e3o, treinar dois veterin\u00e1rios da propriedade em n\u00edvel de avalia\u00e7\u00e3o dos fatores que contribuem para a fun\u00e7\u00e3o reprodutiva normal de um macho. Confira as fotos abaixo.<\/span><\/p>\n<p><img loading=\"lazy\" decoding=\"async\" class=\"aligncenter\" src=\"https:\/\/fbcdn-sphotos-d-a.akamaihd.net\/hphotos-ak-xfp1\/v\/t1.0-9\/10590557_809797379073057_4020449924647310098_n.jpg?oh=621617c25096aa7d2da00a4f97dd8620&amp;oe=547BBF1A&amp;__gda__=1417713043_c778d648799f4f045ed8ecdbd9b8181e\" alt=\"\" width=\"960\" height=\"540\" \/><\/p>\n<p>&nbsp;<\/p>\n<p><img loading=\"lazy\" decoding=\"async\" class=\"aligncenter\" src=\"https:\/\/scontent-b.xx.fbcdn.net\/hphotos-xap1\/v\/t1.0-9\/10629828_809797215739740_4667201748583131654_n.jpg?oh=5c896bdb46048a2918c8911f7caa24cd&amp;oe=546A3833\" alt=\"\" width=\"960\" height=\"540\" \/><\/p>\n<p><img loading=\"lazy\" decoding=\"async\" class=\"aligncenter\" src=\"https:\/\/fbcdn-sphotos-d-a.akamaihd.net\/hphotos-ak-xpf1\/t1.0-9\/10561617_809797219073073_4740973669816630734_n.jpg\" alt=\"\" width=\"960\" height=\"540\" \/><img loading=\"lazy\" decoding=\"async\" class=\"aligncenter\" src=\"https:\/\/fbcdn-sphotos-e-a.akamaihd.net\/hphotos-ak-xaf1\/t1.0-9\/10593030_809797359073059_6906666244164675365_n.jpg\" alt=\"\" width=\"960\" height=\"720\" \/><img loading=\"lazy\" decoding=\"async\" class=\"alignnone\" src=\"https:\/\/fbcdn-sphotos-c-a.akamaihd.net\/hphotos-ak-xfa1\/t1.0-9\/10441244_809797339073061_694072350711712305_n.jpg\" alt=\"\" width=\"960\" height=\"720\" \/><\/p>\n","protected":false},"excerpt":{"rendered":"<p>Na \u00faltima semana, integrantes do grupo ReproPEL realizaram um treinamento sobre Exame Androl\u00f3gico na Est\u00e2ncia El Rinc\u00f3n, em Ram\u00f3n Trigo \u2013 Uruguai. \u00a0O doutorando Carlos Eduardo Ranquetat, o coordenador Arnaldo Vieira e o colaborador Rafael Mondadori almejaram, com esta Atualiza\u00e7\u00e3o, treinar dois veterin\u00e1rios da propriedade em n\u00edvel de avalia\u00e7\u00e3o dos fatores que contribuem para a&#8230; <\/p>\n<div class=\"link-more\"><a href=\"https:\/\/wp.ufpel.edu.br\/repropel\/?page_id=328\">Leia mais<\/a><\/div>\n","protected":false},"author":378,"featured_media":0,"parent":31,"menu_order":0,"comment_status":"closed","ping_status":"closed","template":"","meta":{"footnotes":""},"class_list":["post-328","page","type-page","status-publish","hentry"],"_links":{"self":[{"href":"https:\/\/wp.ufpel.edu.br\/repropel\/index.php?rest_route=\/wp\/v2\/pages\/328","targetHints":{"allow":["GET"]}}],"collection":[{"href":"https:\/\/wp.ufpel.edu.br\/repropel\/index.php?rest_route=\/wp\/v2\/pages"}],"about":[{"href":"https:\/\/wp.ufpel.edu.br\/repropel\/index.php?rest_route=\/wp\/v2\/types\/page"}],"author":[{"embeddable":true,"href":"https:\/\/wp.ufpel.edu.br\/repropel\/index.php?rest_route=\/wp\/v2\/users\/378"}],"replies":[{"embeddable":true,"href":"https:\/\/wp.ufpel.edu.br\/repropel\/index.php?rest_route=%2Fwp%2Fv2%2Fcomments&post=328"}],"version-history":[{"count":1,"href":"https:\/\/wp.ufpel.edu.br\/repropel\/index.php?rest_route=\/wp\/v2\/pages\/328\/revisions"}],"predecessor-version":[{"id":332,"href":"https:\/\/wp.ufpel.edu.br\/repropel\/index.php?rest_route=\/wp\/v2\/pages\/328\/revisions\/332"}],"up":[{"embeddable":true,"href":"https:\/\/wp.ufpel.edu.br\/repropel\/index.php?rest_route=\/wp\/v2\/pages\/31"}],"wp:attachment":[{"href":"https:\/\/wp.ufpel.edu.br\/repropel\/index.php?rest_route=%2Fwp%2Fv2%2Fmedia&parent=328"}],"curies":[{"name":"wp","href":"https:\/\/api.w.org\/{rel}","templated":true}]}}